{"id":6805,"date":"2024-10-29T03:13:26","date_gmt":"2024-10-29T03:13:26","guid":{"rendered":"https:\/\/jinhuaceramic.com\/?post_type=product&#038;p=6805"},"modified":"2025-03-10T08:51:41","modified_gmt":"2025-03-10T08:51:41","slug":"bakeware-wholesale","status":"publish","type":"product","link":"https:\/\/jinhuaceramic.com\/fr\/product\/bakeware-wholesale\/","title":{"rendered":"C\u00e9ramique pour p\u00e2tisserie en gros, moules \u00e0 p\u00e2tisserie avec couvercles en vrac"},"content":{"rendered":"<div class=\"wp-block-columns is-layout-flex wp-container-core-columns-is-layout-9d6595d7 wp-block-columns-is-layout-flex\">\n<div class=\"wp-block-column is-layout-flow wp-block-column-is-layout-flow\">\n<h3 class=\"wp-block-heading\">Produits de boulangerie en c\u00e9ramique de premi\u00e8re qualit\u00e9 Caract\u00e9ristiques en gros :<\/h3>\n\n\n\n<ul class=\"wp-block-list\">\n<li><strong>Design d'apparence unique : <\/strong>Ces ustensiles de cuisson en c\u00e9ramique sont assortis aux couleurs classiques bleu et blanc, ce qui leur conf\u00e8re une impression de fra\u00eecheur et d'\u00e9l\u00e9gance. La surface du plat de cuisson est recouverte d'une gla\u00e7ure irr\u00e9guli\u00e8re, produite par le proc\u00e9d\u00e9 sp\u00e9cial de c\u00e9ramique \"changement de four impr\u00e9visible\", formant une variation accidentelle de la gla\u00e7ure, une riche stratification, unique et belle.<\/li>\n\n\n\n<li><strong>Mat\u00e9riau de haute qualit\u00e9 : <\/strong>Ces moules \u00e0 p\u00e2tisserie en vrac avec couvercle sont fabriqu\u00e9s en c\u00e9ramique de haute qualit\u00e9 cuite \u00e0 haute temp\u00e9rature. Ils pr\u00e9sentent une bonne r\u00e9sistance aux temp\u00e9ratures \u00e9lev\u00e9es et peuvent \u00eatre utilis\u00e9s en toute s\u00e9curit\u00e9 dans les fours, les micro-ondes, les lave-vaisselle et les r\u00e9frig\u00e9rateurs. En outre, les c\u00e9ramiques ont une conduction thermique uniforme, ce qui permet de chauffer les aliments de mani\u00e8re homog\u00e8ne et d'\u00e9viter les situations de br\u00fblure \u00e0 l'ext\u00e9rieur et de cuisson \u00e0 l'int\u00e9rieur.<\/li>\n\n\n\n<li><strong>Poign\u00e9e et couvercle antid\u00e9rapants : <\/strong>Ces plats de cuisson en c\u00e9ramique sont munis de poign\u00e9es antid\u00e9rapantes des deux c\u00f4t\u00e9s pour une prise en main facile et un retrait en toute s\u00e9curit\u00e9, m\u00eame lorsque le plat est chaud. Le couvercle assorti est de la m\u00eame couleur et du m\u00eame mat\u00e9riau que le plat. Il est dot\u00e9 d'une poign\u00e9e carr\u00e9e pour faciliter l'ouverture et la fermeture. Le couvercle s'adapte parfaitement au plateau, ce qui permet de conserver l'humidit\u00e9 et de garder les aliments frais et chauds.<\/li>\n\n\n\n<li><strong>Facile \u00e0 nettoyer : <\/strong>Ces moules de cuisson en vrac ont une surface c\u00e9ramique lisse qui ne colle pas facilement aux aliments et sont tr\u00e8s faciles \u00e0 nettoyer, que ce soit \u00e0 la main ou au lave-vaisselle.<\/li>\n<\/ul>\n<\/div>\n\n\n\n<div class=\"wp-block-column is-layout-flow wp-block-column-is-layout-flow\">\n<figure class=\"wp-block-image size-full\"><img fetchpriority=\"high\" decoding=\"async\" width=\"1500\" height=\"1500\" src=\"https:\/\/jinhuaceramic.com\/wp-content\/uploads\/2024\/10\/Wholesale-Ceramic-Baking-Dish-With-Lid-Custom-Bakeware-Supplies-3.webp\" alt=\"C\u00e9ramique pour p\u00e2tisserie en gros, moules \u00e0 p\u00e2tisserie en vrac avec couvercles-1\" class=\"wp-image-6807\" srcset=\"https:\/\/jinhuaceramic.com\/wp-content\/uploads\/2024\/10\/Wholesale-Ceramic-Baking-Dish-With-Lid-Custom-Bakeware-Supplies-3.webp 1500w, https:\/\/jinhuaceramic.com\/wp-content\/uploads\/2024\/10\/Wholesale-Ceramic-Baking-Dish-With-Lid-Custom-Bakeware-Supplies-3-300x300.webp 300w, https:\/\/jinhuaceramic.com\/wp-content\/uploads\/2024\/10\/Wholesale-Ceramic-Baking-Dish-With-Lid-Custom-Bakeware-Supplies-3-150x150.webp 150w, https:\/\/jinhuaceramic.com\/wp-content\/uploads\/2024\/10\/Wholesale-Ceramic-Baking-Dish-With-Lid-Custom-Bakeware-Supplies-3-768x768.webp 768w, https:\/\/jinhuaceramic.com\/wp-content\/uploads\/2024\/10\/Wholesale-Ceramic-Baking-Dish-With-Lid-Custom-Bakeware-Supplies-3-12x12.webp 12w, https:\/\/jinhuaceramic.com\/wp-content\/uploads\/2024\/10\/Wholesale-Ceramic-Baking-Dish-With-Lid-Custom-Bakeware-Supplies-3-285x285.webp 285w, https:\/\/jinhuaceramic.com\/wp-content\/uploads\/2024\/10\/Wholesale-Ceramic-Baking-Dish-With-Lid-Custom-Bakeware-Supplies-3-270x270.webp 270w, https:\/\/jinhuaceramic.com\/wp-content\/uploads\/2024\/10\/Wholesale-Ceramic-Baking-Dish-With-Lid-Custom-Bakeware-Supplies-3-540x540.webp 540w, https:\/\/jinhuaceramic.com\/wp-content\/uploads\/2024\/10\/Wholesale-Ceramic-Baking-Dish-With-Lid-Custom-Bakeware-Supplies-3-660x660.webp 660w\" sizes=\"(max-width: 1500px) 100vw, 1500px\" \/><\/figure>\n<\/div>\n<\/div>","protected":false},"excerpt":{"rendered":"<p>Bienvenue sur le site d'achat de moules \u00e0 p\u00e2tisserie en vrac. Con\u00e7u pour les cuisines professionnelles et les p\u00e2tisseries domestiques, ce moule \u00e0 p\u00e2tisserie en c\u00e9ramique en gros est dot\u00e9 d'un couvercle ajust\u00e9 pour faciliter le stockage et la conservation. Le mat\u00e9riau c\u00e9ramique robuste assure une conduction uniforme de la chaleur, garantissant une cuisson homog\u00e8ne et un go\u00fbt d\u00e9licieux.<\/p>","protected":false},"featured_media":6808,"comment_status":"closed","ping_status":"closed","template":"","meta":{"_acf_changed":false},"product_brand":[],"product_cat":[53],"product_tag":[71],"class_list":{"0":"post-6805","1":"product","2":"type-product","3":"status-publish","4":"has-post-thumbnail","6":"product_cat-bakeware-in-bulk","7":"product_tag-wholesale-baking-pans","9":"first","10":"instock","11":"shipping-taxable","12":"product-type-simple"},"acf":[],"_links":{"self":[{"href":"https:\/\/jinhuaceramic.com\/fr\/wp-json\/wp\/v2\/product\/6805","targetHints":{"allow":["GET"]}}],"collection":[{"href":"https:\/\/jinhuaceramic.com\/fr\/wp-json\/wp\/v2\/product"}],"about":[{"href":"https:\/\/jinhuaceramic.com\/fr\/wp-json\/wp\/v2\/types\/product"}],"replies":[{"embeddable":true,"href":"https:\/\/jinhuaceramic.com\/fr\/wp-json\/wp\/v2\/comments?post=6805"}],"version-history":[{"count":0,"href":"https:\/\/jinhuaceramic.com\/fr\/wp-json\/wp\/v2\/product\/6805\/revisions"}],"wp:featuredmedia":[{"embeddable":true,"href":"https:\/\/jinhuaceramic.com\/fr\/wp-json\/wp\/v2\/media\/6808"}],"wp:attachment":[{"href":"https:\/\/jinhuaceramic.com\/fr\/wp-json\/wp\/v2\/media?parent=6805"}],"wp:term":[{"taxonomy":"product_brand","embeddable":true,"href":"https:\/\/jinhuaceramic.com\/fr\/wp-json\/wp\/v2\/product_brand?post=6805"},{"taxonomy":"product_cat","embeddable":true,"href":"https:\/\/jinhuaceramic.com\/fr\/wp-json\/wp\/v2\/product_cat?post=6805"},{"taxonomy":"product_tag","embeddable":true,"href":"https:\/\/jinhuaceramic.com\/fr\/wp-json\/wp\/v2\/product_tag?post=6805"}],"curies":[{"name":"wp","href":"https:\/\/api.w.org\/{rel}","templated":true}]}}