{"id":6821,"date":"2024-10-31T07:00:57","date_gmt":"2024-10-31T07:00:57","guid":{"rendered":"https:\/\/jinhuaceramic.com\/?post_type=product&#038;p=6821"},"modified":"2024-10-31T07:01:00","modified_gmt":"2024-10-31T07:01:00","slug":"wholesale-bathroom-sets","status":"publish","type":"product","link":"https:\/\/jinhuaceramic.com\/fr\/product\/wholesale-bathroom-sets\/","title":{"rendered":"Iridescent Wholesale Bathroom Sets, Ceramic Bulk Bath Accessories"},"content":{"rendered":"<div class=\"wp-block-columns is-layout-flex wp-container-core-columns-is-layout-9d6595d7 wp-block-columns-is-layout-flex\">\n<div class=\"wp-block-column is-layout-flow wp-block-column-is-layout-flow\">\n<h3 class=\"wp-block-heading\">Premium Wholesale Bathroom Sets Caract\u00e9ristiques :<\/h3>\n\n\n\n<ul class=\"wp-block-list\">\n<li><strong>Design \u00e9l\u00e9gant :<\/strong> La surface de ces sets de salle de bains en c\u00e9ramique pr\u00e9sente une couleur iris\u00e9e unique et un \u00e9clat perl\u00e9. Lorsqu'elle est \u00e9clair\u00e9e par la lumi\u00e8re, elle \u00e9met un halo doux et charmant, ajoutant une atmosph\u00e8re romantique \u00e0 la salle de bains. La forme du flacon de savon est con\u00e7ue comme un galet irr\u00e9gulier, ce qui rompt avec la forme r\u00e9guli\u00e8re des articles de salle de bains traditionnels et ajoute de l'int\u00e9r\u00eat.<\/li>\n\n\n\n<li><strong>Mat\u00e9riau de premi\u00e8re qualit\u00e9 :<\/strong> Ces accessoires de bain en vrac sont fabriqu\u00e9s \u00e0 partir de mat\u00e9riaux c\u00e9ramiques de haute qualit\u00e9, qui pr\u00e9sentent une forte r\u00e9sistance \u00e0 l'usure et \u00e0 la corrosion. Ils ne s'usent pas facilement au quotidien et ont une longue dur\u00e9e de vie. La surface du mat\u00e9riau c\u00e9ramique est lisse et ne cache pas facilement la salet\u00e9. Pour le nettoyage quotidien, il suffit d'utiliser un chiffon humide, ce qui est tr\u00e8s pratique.<\/li>\n\n\n\n<li><strong>Ensemble complet :<\/strong> Ces sets de salle de bain en c\u00e9ramique iris\u00e9e contiennent un distributeur de savon, un porte-savon antid\u00e9rapant, un porte-brosse \u00e0 dents, un rince-bouche et un plateau. Chaque accessoire est bien con\u00e7u et a sa fonction pratique pour garder les fournitures de salle de bain organis\u00e9es.<\/li>\n\n\n\n<li><strong>Vente en gros et personnalisation :<\/strong> Notre usine offre des remises sur les commandes en gros pour r\u00e9pondre aux besoins des marchands cherchant \u00e0 acheter des ensembles de salle de bains en c\u00e9ramique en grandes quantit\u00e9s. En outre, nous fournissons des services de personnalisation, permettant aux clients d'adapter les couleurs, les tailles, les motifs, etc. afin de cr\u00e9er des accessoires de salle de bains en vrac uniques, adapt\u00e9s aux h\u00f4tels, aux appartements ou aux r\u00e9sidences haut de gamme.<\/li>\n<\/ul>\n<\/div>\n\n\n\n<div class=\"wp-block-column is-layout-flow wp-block-column-is-layout-flow\">\n<figure class=\"wp-block-image size-full\"><img fetchpriority=\"high\" decoding=\"async\" width=\"681\" height=\"681\" src=\"https:\/\/jinhuaceramic.com\/wp-content\/uploads\/2024\/10\/Custom-Made-Iridescent-Bathroom-Accessories-Set-Ceramic-Bath-Supplies.webp\" alt=\"Iridescent Wholesale Bathroom Sets, Ceramic Bulk Bath Accessories-1\" class=\"wp-image-6825\" srcset=\"https:\/\/jinhuaceramic.com\/wp-content\/uploads\/2024\/10\/Custom-Made-Iridescent-Bathroom-Accessories-Set-Ceramic-Bath-Supplies.webp 681w, https:\/\/jinhuaceramic.com\/wp-content\/uploads\/2024\/10\/Custom-Made-Iridescent-Bathroom-Accessories-Set-Ceramic-Bath-Supplies-300x300.webp 300w, https:\/\/jinhuaceramic.com\/wp-content\/uploads\/2024\/10\/Custom-Made-Iridescent-Bathroom-Accessories-Set-Ceramic-Bath-Supplies-150x150.webp 150w, https:\/\/jinhuaceramic.com\/wp-content\/uploads\/2024\/10\/Custom-Made-Iridescent-Bathroom-Accessories-Set-Ceramic-Bath-Supplies-12x12.webp 12w, https:\/\/jinhuaceramic.com\/wp-content\/uploads\/2024\/10\/Custom-Made-Iridescent-Bathroom-Accessories-Set-Ceramic-Bath-Supplies-285x285.webp 285w, https:\/\/jinhuaceramic.com\/wp-content\/uploads\/2024\/10\/Custom-Made-Iridescent-Bathroom-Accessories-Set-Ceramic-Bath-Supplies-270x270.webp 270w, https:\/\/jinhuaceramic.com\/wp-content\/uploads\/2024\/10\/Custom-Made-Iridescent-Bathroom-Accessories-Set-Ceramic-Bath-Supplies-540x540.webp 540w, https:\/\/jinhuaceramic.com\/wp-content\/uploads\/2024\/10\/Custom-Made-Iridescent-Bathroom-Accessories-Set-Ceramic-Bath-Supplies-660x660.webp 660w\" sizes=\"(max-width: 681px) 100vw, 681px\" \/><\/figure>\n<\/div>\n<\/div>","protected":false},"excerpt":{"rendered":"<p>Bienvenue dans l'achat d'accessoires de bain en gros. Ces accessoires de salle de bains en c\u00e9ramique s'int\u00e8grent facilement \u00e0 tous les styles de d\u00e9coration de la salle de bains. Alliant beaut\u00e9, praticit\u00e9 et protection de l'environnement, ces ensembles de salle de bain en c\u00e9ramique sont le choix id\u00e9al pour am\u00e9liorer la qualit\u00e9 de votre salle de bain.<\/p>","protected":false},"featured_media":6825,"comment_status":"closed","ping_status":"closed","template":"","meta":{"_acf_changed":false},"product_brand":[],"product_cat":[51],"product_tag":[74],"class_list":{"0":"post-6821","1":"product","2":"type-product","3":"status-publish","4":"has-post-thumbnail","6":"product_cat-bathroom-accessories-wholesale","7":"product_tag-ceramic-bath-accessories-wholesale","9":"first","10":"instock","11":"shipping-taxable","12":"product-type-simple"},"acf":[],"_links":{"self":[{"href":"https:\/\/jinhuaceramic.com\/fr\/wp-json\/wp\/v2\/product\/6821","targetHints":{"allow":["GET"]}}],"collection":[{"href":"https:\/\/jinhuaceramic.com\/fr\/wp-json\/wp\/v2\/product"}],"about":[{"href":"https:\/\/jinhuaceramic.com\/fr\/wp-json\/wp\/v2\/types\/product"}],"replies":[{"embeddable":true,"href":"https:\/\/jinhuaceramic.com\/fr\/wp-json\/wp\/v2\/comments?post=6821"}],"version-history":[{"count":0,"href":"https:\/\/jinhuaceramic.com\/fr\/wp-json\/wp\/v2\/product\/6821\/revisions"}],"wp:featuredmedia":[{"embeddable":true,"href":"https:\/\/jinhuaceramic.com\/fr\/wp-json\/wp\/v2\/media\/6825"}],"wp:attachment":[{"href":"https:\/\/jinhuaceramic.com\/fr\/wp-json\/wp\/v2\/media?parent=6821"}],"wp:term":[{"taxonomy":"product_brand","embeddable":true,"href":"https:\/\/jinhuaceramic.com\/fr\/wp-json\/wp\/v2\/product_brand?post=6821"},{"taxonomy":"product_cat","embeddable":true,"href":"https:\/\/jinhuaceramic.com\/fr\/wp-json\/wp\/v2\/product_cat?post=6821"},{"taxonomy":"product_tag","embeddable":true,"href":"https:\/\/jinhuaceramic.com\/fr\/wp-json\/wp\/v2\/product_tag?post=6821"}],"curies":[{"name":"wp","href":"https:\/\/api.w.org\/{rel}","templated":true}]}}