{"id":6829,"date":"2024-11-01T04:02:56","date_gmt":"2024-11-01T04:02:56","guid":{"rendered":"https:\/\/jinhuaceramic.com\/?post_type=product&#038;p=6829"},"modified":"2025-03-11T08:23:06","modified_gmt":"2025-03-11T08:23:06","slug":"wholesale-casserole-dishes","status":"publish","type":"product","link":"https:\/\/jinhuaceramic.com\/fr\/product\/wholesale-casserole-dishes\/","title":{"rendered":"Grossiste Plats \u00e0 Casseroles, Plats \u00e0 Cuire en C\u00e9ramique de Taille Personnalis\u00e9e"},"content":{"rendered":"<div class=\"wp-block-columns is-layout-flex wp-container-core-columns-is-layout-9d6595d7 wp-block-columns-is-layout-flex\">\n<div class=\"wp-block-column is-layout-flow wp-block-column-is-layout-flow\">\n<h3 class=\"wp-block-heading\">Premium Wholesale Casserole Dishes\u00a0Features:<\/h3>\n\n\n\n<ul class=\"wp-block-list\">\n<li><strong>Forme rectangulaire :<\/strong> These wholesale casserole dishes are rectangular in shape to make the most of the space in your oven or grill, while also being easy to place and carry. The rectangular design allows this baking dish to be used for a variety of cooking methods, such as roasting, gratin, stewing, etc. In addition, the size of the baking dish is also carefully designed to accommodate enough food without being too bulky.<\/li>\n\n\n\n<li><strong>Mat\u00e9riaux c\u00e9ramiques de haute qualit\u00e9 : <\/strong>These custom size baking pans are made of high-quality ceramic material fired at high temperature. Compared with metal or silicone baking dishes, ceramic baking dishes are hard and wear-resistant, not easy to scratch, have a long service life, and good thermal conductivity. The smooth glaze surface is not easy to stick to food residues, easy to clean, and can be washed in the dishwasher.<\/li>\n\n\n\n<li><strong>Couleur polyvalente :<\/strong> These ceramic wholesale casserole dishes with lids are available in 3 colors: red, white, and dark blue. White is versatile and simple, red is bright and vibrant, and blue is elegant and mysterious. As a manufacturer, we can also customize baking dishes in other colors according to customer requirements.<\/li>\n\n\n\n<li><strong>Anti-slip Handle &amp; Lid:<\/strong> These rectangular ceramic custom size baking pans are equipped with two handles. The handle design is not only ergonomic, convenient for users to move the baking dish safely and prevent burns, but also increases the overall aesthetics of the baking dish. The ceramic lid can effectively lock in the moisture and nutrients of the food, play a role in heat preservation, and make the food more tender.<\/li>\n<\/ul>\n<\/div>\n\n\n\n<div class=\"wp-block-column is-layout-flow wp-block-column-is-layout-flow\">\n<figure class=\"wp-block-image size-full\"><img fetchpriority=\"high\" decoding=\"async\" width=\"1000\" height=\"1000\" src=\"https:\/\/jinhuaceramic.com\/wp-content\/uploads\/2024\/10\/Custom-Rectangular-Baking-Dish-With-Lid-Ceramic-Bakeware-Supplies-6.webp\" alt=\"Grossiste Plats \u00e0 Casseroles, Plats \u00e0 Cuire en C\u00e9ramique de Taille Personnalis\u00e9e-1\" class=\"wp-image-6834\" srcset=\"https:\/\/jinhuaceramic.com\/wp-content\/uploads\/2024\/10\/Custom-Rectangular-Baking-Dish-With-Lid-Ceramic-Bakeware-Supplies-6.webp 1000w, https:\/\/jinhuaceramic.com\/wp-content\/uploads\/2024\/10\/Custom-Rectangular-Baking-Dish-With-Lid-Ceramic-Bakeware-Supplies-6-300x300.webp 300w, https:\/\/jinhuaceramic.com\/wp-content\/uploads\/2024\/10\/Custom-Rectangular-Baking-Dish-With-Lid-Ceramic-Bakeware-Supplies-6-150x150.webp 150w, https:\/\/jinhuaceramic.com\/wp-content\/uploads\/2024\/10\/Custom-Rectangular-Baking-Dish-With-Lid-Ceramic-Bakeware-Supplies-6-768x768.webp 768w, https:\/\/jinhuaceramic.com\/wp-content\/uploads\/2024\/10\/Custom-Rectangular-Baking-Dish-With-Lid-Ceramic-Bakeware-Supplies-6-12x12.webp 12w, https:\/\/jinhuaceramic.com\/wp-content\/uploads\/2024\/10\/Custom-Rectangular-Baking-Dish-With-Lid-Ceramic-Bakeware-Supplies-6-285x285.webp 285w, https:\/\/jinhuaceramic.com\/wp-content\/uploads\/2024\/10\/Custom-Rectangular-Baking-Dish-With-Lid-Ceramic-Bakeware-Supplies-6-270x270.webp 270w, https:\/\/jinhuaceramic.com\/wp-content\/uploads\/2024\/10\/Custom-Rectangular-Baking-Dish-With-Lid-Ceramic-Bakeware-Supplies-6-540x540.webp 540w, https:\/\/jinhuaceramic.com\/wp-content\/uploads\/2024\/10\/Custom-Rectangular-Baking-Dish-With-Lid-Ceramic-Bakeware-Supplies-6-660x660.webp 660w\" sizes=\"(max-width: 1000px) 100vw, 1000px\" \/><\/figure>\n<\/div>\n<\/div>","protected":false},"excerpt":{"rendered":"<p>Welcome to purchase custom size baking pans. The unique design of these wholesale casserole dishes is the perfect combination of practicality and beauty. The high-quality ceramic material, rectangular design, various colors, smooth glaze, double handle design and matching lid all add unique charm to this baking dish.<\/p>","protected":false},"featured_media":6833,"comment_status":"closed","ping_status":"closed","template":"","meta":{"_acf_changed":false},"product_brand":[],"product_cat":[53],"product_tag":[71],"class_list":{"0":"post-6829","1":"product","2":"type-product","3":"status-publish","4":"has-post-thumbnail","6":"product_cat-bakeware-in-bulk","7":"product_tag-wholesale-baking-pans","9":"first","10":"instock","11":"shipping-taxable","12":"product-type-simple"},"acf":[],"_links":{"self":[{"href":"https:\/\/jinhuaceramic.com\/fr\/wp-json\/wp\/v2\/product\/6829","targetHints":{"allow":["GET"]}}],"collection":[{"href":"https:\/\/jinhuaceramic.com\/fr\/wp-json\/wp\/v2\/product"}],"about":[{"href":"https:\/\/jinhuaceramic.com\/fr\/wp-json\/wp\/v2\/types\/product"}],"replies":[{"embeddable":true,"href":"https:\/\/jinhuaceramic.com\/fr\/wp-json\/wp\/v2\/comments?post=6829"}],"version-history":[{"count":0,"href":"https:\/\/jinhuaceramic.com\/fr\/wp-json\/wp\/v2\/product\/6829\/revisions"}],"wp:featuredmedia":[{"embeddable":true,"href":"https:\/\/jinhuaceramic.com\/fr\/wp-json\/wp\/v2\/media\/6833"}],"wp:attachment":[{"href":"https:\/\/jinhuaceramic.com\/fr\/wp-json\/wp\/v2\/media?parent=6829"}],"wp:term":[{"taxonomy":"product_brand","embeddable":true,"href":"https:\/\/jinhuaceramic.com\/fr\/wp-json\/wp\/v2\/product_brand?post=6829"},{"taxonomy":"product_cat","embeddable":true,"href":"https:\/\/jinhuaceramic.com\/fr\/wp-json\/wp\/v2\/product_cat?post=6829"},{"taxonomy":"product_tag","embeddable":true,"href":"https:\/\/jinhuaceramic.com\/fr\/wp-json\/wp\/v2\/product_tag?post=6829"}],"curies":[{"name":"wp","href":"https:\/\/api.w.org\/{rel}","templated":true}]}}