{"id":6843,"date":"2024-11-02T06:23:41","date_gmt":"2024-11-02T06:23:41","guid":{"rendered":"https:\/\/jinhuaceramic.com\/?post_type=product&#038;p=6843"},"modified":"2024-11-02T06:23:43","modified_gmt":"2024-11-02T06:23:43","slug":"wholesale-bath-accessories","status":"publish","type":"product","link":"https:\/\/jinhuaceramic.com\/fr\/product\/wholesale-bath-accessories\/","title":{"rendered":"Accessoires de salle de bain en c\u00e9ramique blanche, set de salle de bain minimaliste en vrac"},"content":{"rendered":"<div class=\"wp-block-columns is-layout-flex wp-container-core-columns-is-layout-9d6595d7 wp-block-columns-is-layout-flex\">\n<div class=\"wp-block-column is-layout-flow wp-block-column-is-layout-flow\">\n<h3 class=\"wp-block-heading\">Premium Wholesale Bath Accessories Caract\u00e9ristiques :<\/h3>\n\n\n\n<ul class=\"wp-block-list\">\n<li><strong>Design moderne :<\/strong> Ces accessoires de bain en c\u00e9ramique ont des lignes douces et des formes simples, qui conviennent aux salles de bains modernes de style minimaliste. Par ailleurs, des lignes dor\u00e9es ornent le c\u00f4t\u00e9 de chaque accessoire, ce qui rehausse le caract\u00e8re exquis du produit et donne \u00e0 l'ensemble de l'espace de la salle de bains une allure plus haut de gamme.<\/li>\n\n\n\n<li><strong>Mat\u00e9riau c\u00e9ramique de haute qualit\u00e9 : <\/strong>Ces ensembles de salle de bains en vrac sont fabriqu\u00e9s \u00e0 partir de mat\u00e9riaux c\u00e9ramiques de haute qualit\u00e9. Compar\u00e9s aux articles de salle de bains en plastique, les articles de salle de bains en c\u00e9ramique ont une meilleure texture, sont r\u00e9sistants \u00e0 l'usure et durables, et ont une longue dur\u00e9e de vie.<\/li>\n\n\n\n<li><strong>Ensemble complet :<\/strong> Ces accessoires de bain en gros comprennent un porte-brosse \u00e0 dents, 2 gobelets pour bain de bouche, un distributeur de savon et un porte-savon pour r\u00e9pondre \u00e0 vos besoins quotidiens en mati\u00e8re de lavage. Le porte-brosse \u00e0 dents est divis\u00e9 en deux, le porte-savon est antid\u00e9rapant et le distributeur de savon s'appuie en douceur. Chaque accessoire est soigneusement con\u00e7u pour garantir une bonne exp\u00e9rience d'utilisation aux clients.<\/li>\n\n\n\n<li><strong>Facile \u00e0 entretenir :<\/strong> Ces sets de salle de bain en c\u00e9ramique ont de bonnes propri\u00e9t\u00e9s d'\u00e9tanch\u00e9it\u00e9 et de r\u00e9sistance \u00e0 l'humidit\u00e9, et peuvent rester secs m\u00eame dans un environnement de salle de bain humide, et ne sont pas faciles \u00e0 moisir. La surface de la c\u00e9ramique est lisse et d\u00e9licate, et les taches n'y adh\u00e8rent pas facilement. Il suffit de l'essuyer doucement avec un chiffon humide pour lui redonner son \u00e9clat.<\/li>\n<\/ul>\n<\/div>\n\n\n\n<div class=\"wp-block-column is-layout-flow wp-block-column-is-layout-flow\">\n<figure class=\"wp-block-image size-full\"><img fetchpriority=\"high\" decoding=\"async\" width=\"1024\" height=\"1024\" src=\"https:\/\/jinhuaceramic.com\/wp-content\/uploads\/2024\/11\/Minimalist-Custom-Ceramic-Bathroom-Set-Hotel-Accessories-Wholesale.webp\" alt=\"Accessoires de salle de bain en c\u00e9ramique blanche, set de salle de bain minimaliste Bulk-1\" class=\"wp-image-6848\" srcset=\"https:\/\/jinhuaceramic.com\/wp-content\/uploads\/2024\/11\/Minimalist-Custom-Ceramic-Bathroom-Set-Hotel-Accessories-Wholesale.webp 1024w, https:\/\/jinhuaceramic.com\/wp-content\/uploads\/2024\/11\/Minimalist-Custom-Ceramic-Bathroom-Set-Hotel-Accessories-Wholesale-300x300.webp 300w, https:\/\/jinhuaceramic.com\/wp-content\/uploads\/2024\/11\/Minimalist-Custom-Ceramic-Bathroom-Set-Hotel-Accessories-Wholesale-150x150.webp 150w, https:\/\/jinhuaceramic.com\/wp-content\/uploads\/2024\/11\/Minimalist-Custom-Ceramic-Bathroom-Set-Hotel-Accessories-Wholesale-768x768.webp 768w, https:\/\/jinhuaceramic.com\/wp-content\/uploads\/2024\/11\/Minimalist-Custom-Ceramic-Bathroom-Set-Hotel-Accessories-Wholesale-12x12.webp 12w, https:\/\/jinhuaceramic.com\/wp-content\/uploads\/2024\/11\/Minimalist-Custom-Ceramic-Bathroom-Set-Hotel-Accessories-Wholesale-285x285.webp 285w, https:\/\/jinhuaceramic.com\/wp-content\/uploads\/2024\/11\/Minimalist-Custom-Ceramic-Bathroom-Set-Hotel-Accessories-Wholesale-270x270.webp 270w, https:\/\/jinhuaceramic.com\/wp-content\/uploads\/2024\/11\/Minimalist-Custom-Ceramic-Bathroom-Set-Hotel-Accessories-Wholesale-540x540.webp 540w, https:\/\/jinhuaceramic.com\/wp-content\/uploads\/2024\/11\/Minimalist-Custom-Ceramic-Bathroom-Set-Hotel-Accessories-Wholesale-660x660.webp 660w\" sizes=\"(max-width: 1024px) 100vw, 1024px\" \/><\/figure>\n<\/div>\n<\/div>\n\n\n\n<p><\/p>","protected":false},"excerpt":{"rendered":"<p>Bienvenue pour l'achat en gros d'accessoires de salle de bain. Le design unique de ces accessoires de bain en gros est une combinaison parfaite de style minimaliste moderne et de d\u00e9tails exquis, qui est \u00e0 la fois fonctionnel et d\u00e9coratif. C'est un produit de salle de bain tr\u00e8s \u00e9l\u00e9gant qui peut ajouter une touche de sophistication et d'\u00e9l\u00e9gance \u00e0 la salle de bain.<\/p>","protected":false},"featured_media":6847,"comment_status":"closed","ping_status":"closed","template":"","meta":{"_acf_changed":false},"product_brand":[],"product_cat":[51],"product_tag":[74],"class_list":{"0":"post-6843","1":"product","2":"type-product","3":"status-publish","4":"has-post-thumbnail","6":"product_cat-bathroom-accessories-wholesale","7":"product_tag-ceramic-bath-accessories-wholesale","9":"first","10":"instock","11":"shipping-taxable","12":"product-type-simple"},"acf":[],"_links":{"self":[{"href":"https:\/\/jinhuaceramic.com\/fr\/wp-json\/wp\/v2\/product\/6843","targetHints":{"allow":["GET"]}}],"collection":[{"href":"https:\/\/jinhuaceramic.com\/fr\/wp-json\/wp\/v2\/product"}],"about":[{"href":"https:\/\/jinhuaceramic.com\/fr\/wp-json\/wp\/v2\/types\/product"}],"replies":[{"embeddable":true,"href":"https:\/\/jinhuaceramic.com\/fr\/wp-json\/wp\/v2\/comments?post=6843"}],"version-history":[{"count":0,"href":"https:\/\/jinhuaceramic.com\/fr\/wp-json\/wp\/v2\/product\/6843\/revisions"}],"wp:featuredmedia":[{"embeddable":true,"href":"https:\/\/jinhuaceramic.com\/fr\/wp-json\/wp\/v2\/media\/6847"}],"wp:attachment":[{"href":"https:\/\/jinhuaceramic.com\/fr\/wp-json\/wp\/v2\/media?parent=6843"}],"wp:term":[{"taxonomy":"product_brand","embeddable":true,"href":"https:\/\/jinhuaceramic.com\/fr\/wp-json\/wp\/v2\/product_brand?post=6843"},{"taxonomy":"product_cat","embeddable":true,"href":"https:\/\/jinhuaceramic.com\/fr\/wp-json\/wp\/v2\/product_cat?post=6843"},{"taxonomy":"product_tag","embeddable":true,"href":"https:\/\/jinhuaceramic.com\/fr\/wp-json\/wp\/v2\/product_tag?post=6843"}],"curies":[{"name":"wp","href":"https:\/\/api.w.org\/{rel}","templated":true}]}}