{"id":6907,"date":"2024-11-05T08:30:23","date_gmt":"2024-11-05T08:30:23","guid":{"rendered":"https:\/\/jinhuaceramic.com\/?post_type=product&#038;p=6907"},"modified":"2024-11-05T08:30:45","modified_gmt":"2024-11-05T08:30:45","slug":"bathtub-soap-dish-bulk","status":"publish","type":"product","link":"https:\/\/jinhuaceramic.com\/fr\/product\/bathtub-soap-dish-bulk\/","title":{"rendered":"Porte-savon mignon pour baignoire en vrac, vente en gros de porte-savons en c\u00e9ramique"},"content":{"rendered":"<div class=\"wp-block-columns is-layout-flex wp-container-core-columns-is-layout-9d6595d7 wp-block-columns-is-layout-flex\">\n<div class=\"wp-block-column is-layout-flow wp-block-column-is-layout-flow\">\n<h3 class=\"wp-block-heading\">Porte-savon de baignoire Premium en vrac Caract\u00e9ristiques :<\/h3>\n\n\n\n<ul class=\"wp-block-list\">\n<li><strong>Forme unique de la baignoire :<\/strong> Contrairement aux porte-savons traditionnels carr\u00e9s ou ovales, ces porte-savons en c\u00e9ramique pour baignoire en vrac ont la forme cr\u00e9ative d'une petite baignoire, ce qui est tr\u00e8s mignon. La forme de la baignoire peut supporter le savon et ajouter de l'ambiance dans la salle de bains.<\/li>\n\n\n\n<li><strong>Diverses couleurs et motifs de marbre :<\/strong> Ces porte-savons en c\u00e9ramique sont disponibles dans de nombreuses couleurs, telles que le bleu, le rose, le noir et le blanc. Leurs teintes riches s'adaptent \u00e0 de nombreux styles de d\u00e9coration de salle de bains, rendant l'espace de la salle de bains beaucoup plus vivant. La surface du porte-savon est trait\u00e9e en texture marbr\u00e9e avec des lignes dor\u00e9es et est haut de gamme avec une sensation r\u00e9tro.<\/li>\n\n\n\n<li><strong>Mat\u00e9riau de premi\u00e8re qualit\u00e9 :<\/strong> Notre porte-savon pour baignoire en vrac est fabriqu\u00e9 dans un mat\u00e9riau de premi\u00e8re qualit\u00e9, la c\u00e9ramique. Par rapport aux bo\u00eetes \u00e0 savon en plastique, les porte-savons en c\u00e9ramique sont durs et ne s'usent pas rapidement, avec une gla\u00e7ure lisse, qui est facile \u00e0 nettoyer et ne favorise pas la prolif\u00e9ration des bact\u00e9ries. \u00c0 cet \u00e9gard, l'utilisation des porte-savons en c\u00e9ramique est plus respectueuse de l'environnement et plus saine.<\/li>\n\n\n\n<li><strong>Pratique : <\/strong>Ces porte-savons en c\u00e9ramique pour salle de bains sont de petite taille ; ils ne prennent donc pas beaucoup de place et sont parfaits pour \u00eatre pos\u00e9s sur un lavabo. Le fond de ce porte-savon est dot\u00e9 de trois trous d'\u00e9vacuation pour permettre \u00e0 l'eau de s'\u00e9couler rapidement et de garder le savon au sec pendant une utilisation prolong\u00e9e.<\/li>\n<\/ul>\n<\/div>\n\n\n\n<div class=\"wp-block-column is-layout-flow wp-block-column-is-layout-flow\">\n<figure class=\"wp-block-image size-full\"><img fetchpriority=\"high\" decoding=\"async\" width=\"2000\" height=\"2000\" src=\"https:\/\/jinhuaceramic.com\/wp-content\/uploads\/2024\/11\/Wholesale-Ceramic-Bathtub-Soap-Dish-Bulk-Bathroom-Accessories-Supplies-2.webp\" alt=\"Porte-savon mignon pour baignoire en vrac, vente en gros de porte-savon en c\u00e9ramique-1\" class=\"wp-image-6909\" srcset=\"https:\/\/jinhuaceramic.com\/wp-content\/uploads\/2024\/11\/Wholesale-Ceramic-Bathtub-Soap-Dish-Bulk-Bathroom-Accessories-Supplies-2.webp 2000w, https:\/\/jinhuaceramic.com\/wp-content\/uploads\/2024\/11\/Wholesale-Ceramic-Bathtub-Soap-Dish-Bulk-Bathroom-Accessories-Supplies-2-300x300.webp 300w, https:\/\/jinhuaceramic.com\/wp-content\/uploads\/2024\/11\/Wholesale-Ceramic-Bathtub-Soap-Dish-Bulk-Bathroom-Accessories-Supplies-2-150x150.webp 150w, https:\/\/jinhuaceramic.com\/wp-content\/uploads\/2024\/11\/Wholesale-Ceramic-Bathtub-Soap-Dish-Bulk-Bathroom-Accessories-Supplies-2-768x768.webp 768w, https:\/\/jinhuaceramic.com\/wp-content\/uploads\/2024\/11\/Wholesale-Ceramic-Bathtub-Soap-Dish-Bulk-Bathroom-Accessories-Supplies-2-12x12.webp 12w, https:\/\/jinhuaceramic.com\/wp-content\/uploads\/2024\/11\/Wholesale-Ceramic-Bathtub-Soap-Dish-Bulk-Bathroom-Accessories-Supplies-2-285x285.webp 285w, https:\/\/jinhuaceramic.com\/wp-content\/uploads\/2024\/11\/Wholesale-Ceramic-Bathtub-Soap-Dish-Bulk-Bathroom-Accessories-Supplies-2-1600x1600.webp 1600w, https:\/\/jinhuaceramic.com\/wp-content\/uploads\/2024\/11\/Wholesale-Ceramic-Bathtub-Soap-Dish-Bulk-Bathroom-Accessories-Supplies-2-270x270.webp 270w, https:\/\/jinhuaceramic.com\/wp-content\/uploads\/2024\/11\/Wholesale-Ceramic-Bathtub-Soap-Dish-Bulk-Bathroom-Accessories-Supplies-2-540x540.webp 540w, https:\/\/jinhuaceramic.com\/wp-content\/uploads\/2024\/11\/Wholesale-Ceramic-Bathtub-Soap-Dish-Bulk-Bathroom-Accessories-Supplies-2-660x660.webp 660w\" sizes=\"(max-width: 2000px) 100vw, 2000px\" \/><\/figure>\n<\/div>\n<\/div>","protected":false},"excerpt":{"rendered":"<p>Nous vous invitons \u00e0 acheter des porte-savons en gros. Le design de ce porte-savon de baignoire en vrac est sp\u00e9cial, transformant les porte-savons quotidiens en l'image d'une mini-baignoire de fa\u00e7on vivante et int\u00e9ressante. Ces porte-savons en c\u00e9ramique combinent parfaitement l'aspect pratique et la d\u00e9coration pour r\u00e9pondre aux exigences de l'utilisation quotidienne et ajouter de l'amusement et de l'art dans la salle de bain.<\/p>","protected":false},"featured_media":6915,"comment_status":"closed","ping_status":"closed","template":"","meta":{"_acf_changed":false},"product_brand":[],"product_cat":[51],"product_tag":[72],"class_list":{"0":"post-6907","1":"product","2":"type-product","3":"status-publish","4":"has-post-thumbnail","6":"product_cat-bathroom-accessories-wholesale","7":"product_tag-wholesale-soap-dishes","9":"first","10":"instock","11":"shipping-taxable","12":"product-type-simple"},"acf":[],"_links":{"self":[{"href":"https:\/\/jinhuaceramic.com\/fr\/wp-json\/wp\/v2\/product\/6907","targetHints":{"allow":["GET"]}}],"collection":[{"href":"https:\/\/jinhuaceramic.com\/fr\/wp-json\/wp\/v2\/product"}],"about":[{"href":"https:\/\/jinhuaceramic.com\/fr\/wp-json\/wp\/v2\/types\/product"}],"replies":[{"embeddable":true,"href":"https:\/\/jinhuaceramic.com\/fr\/wp-json\/wp\/v2\/comments?post=6907"}],"version-history":[{"count":0,"href":"https:\/\/jinhuaceramic.com\/fr\/wp-json\/wp\/v2\/product\/6907\/revisions"}],"wp:featuredmedia":[{"embeddable":true,"href":"https:\/\/jinhuaceramic.com\/fr\/wp-json\/wp\/v2\/media\/6915"}],"wp:attachment":[{"href":"https:\/\/jinhuaceramic.com\/fr\/wp-json\/wp\/v2\/media?parent=6907"}],"wp:term":[{"taxonomy":"product_brand","embeddable":true,"href":"https:\/\/jinhuaceramic.com\/fr\/wp-json\/wp\/v2\/product_brand?post=6907"},{"taxonomy":"product_cat","embeddable":true,"href":"https:\/\/jinhuaceramic.com\/fr\/wp-json\/wp\/v2\/product_cat?post=6907"},{"taxonomy":"product_tag","embeddable":true,"href":"https:\/\/jinhuaceramic.com\/fr\/wp-json\/wp\/v2\/product_tag?post=6907"}],"curies":[{"name":"wp","href":"https:\/\/api.w.org\/{rel}","templated":true}]}}