{"id":6939,"date":"2024-11-06T10:28:42","date_gmt":"2024-11-06T10:28:42","guid":{"rendered":"https:\/\/jinhuaceramic.com\/?post_type=product&#038;p=6939"},"modified":"2025-03-11T08:00:27","modified_gmt":"2025-03-11T08:00:27","slug":"casserole-wholesale","status":"publish","type":"product","link":"https:\/\/jinhuaceramic.com\/fr\/product\/casserole-wholesale\/","title":{"rendered":"Casserole en c\u00e9ramique rouge r\u00e9tro en gros avec couvercle"},"content":{"rendered":"<div class=\"wp-block-columns is-layout-flex wp-container-core-columns-is-layout-9d6595d7 wp-block-columns-is-layout-flex\">\n<div class=\"wp-block-column is-layout-flow wp-block-column-is-layout-flow\">\n<h3 class=\"wp-block-heading\">Casserole de qualit\u00e9 sup\u00e9rieure Caract\u00e9ristiques de la vente en gros :<\/h3>\n\n\n\n<ul class=\"wp-block-list\">\n<li><strong>Design \u00e9l\u00e9gant : <\/strong>Compar\u00e9e \u00e0 d'autres cocottes sur le march\u00e9, cette cocotte de qualit\u00e9 sup\u00e9rieure est petite et mignonne. Sa structure simple et ses couleurs rouge et blanc \u00e9l\u00e9gantes s'int\u00e8grent parfaitement dans les cuisines modernes. La couleur ext\u00e9rieure de la cocotte est d\u00e9grad\u00e9e du rouge au noir - une touche artistique ajout\u00e9e au produit.<\/li>\n\n\n\n<li><strong>Mat\u00e9riau c\u00e9ramique de bonne qualit\u00e9 : <\/strong>Ce plat \u00e0 four en c\u00e9ramique peut \u00eatre utilis\u00e9 au four et au micro-ondes. Il pr\u00e9sente une bonne conductivit\u00e9 thermique, ce qui permet de r\u00e9partir uniform\u00e9ment la chaleur pour r\u00e9chauffer les aliments et de ne pas les br\u00fbler facilement. Mat\u00e9riau c\u00e9ramique non toxique et inodore, en contact s\u00fbr avec les aliments, ne lib\u00e8re aucune substance nocive pendant l'utilisation.<\/li>\n\n\n\n<li><strong>Fonctionnalit\u00e9 : <\/strong>Cette cocotte en gros peut \u00eatre utilis\u00e9e pour toutes sortes de plats, pour une personne seule ou une petite famille. Le couvercle peut bien emprisonner le parfum et l'humidit\u00e9 des aliments et conserver la saveur d'origine. Elle peut \u00e9galement \u00eatre plac\u00e9e directement sur la table pour servir de vaisselle.<\/li>\n\n\n\n<li><strong>Facile \u00e0 nettoyer : <\/strong>Gr\u00e2ce \u00e0 leur surface \u00e9maill\u00e9e lisse, les plats de cuisson en c\u00e9ramique \u00e0 couvercle ne laissent pas coller les restes d'aliments. Ils sont donc tr\u00e8s faciles \u00e0 nettoyer. <\/li>\n<\/ul>\n<\/div>\n\n\n\n<div class=\"wp-block-column is-layout-flow wp-block-column-is-layout-flow\">\n<figure class=\"wp-block-image size-full\"><img fetchpriority=\"high\" decoding=\"async\" width=\"1024\" height=\"1024\" src=\"https:\/\/jinhuaceramic.com\/wp-content\/uploads\/2024\/11\/Custom-Ceramic-Mini-Casserole-Dish-With-Lid-For-Baking-Wholesale-4.webp\" alt=\"Casserole en c\u00e9ramique rouge r\u00e9tro en gros avec couvercle-1\" class=\"wp-image-6942\" srcset=\"https:\/\/jinhuaceramic.com\/wp-content\/uploads\/2024\/11\/Custom-Ceramic-Mini-Casserole-Dish-With-Lid-For-Baking-Wholesale-4.webp 1024w, https:\/\/jinhuaceramic.com\/wp-content\/uploads\/2024\/11\/Custom-Ceramic-Mini-Casserole-Dish-With-Lid-For-Baking-Wholesale-4-300x300.webp 300w, https:\/\/jinhuaceramic.com\/wp-content\/uploads\/2024\/11\/Custom-Ceramic-Mini-Casserole-Dish-With-Lid-For-Baking-Wholesale-4-150x150.webp 150w, https:\/\/jinhuaceramic.com\/wp-content\/uploads\/2024\/11\/Custom-Ceramic-Mini-Casserole-Dish-With-Lid-For-Baking-Wholesale-4-768x768.webp 768w, https:\/\/jinhuaceramic.com\/wp-content\/uploads\/2024\/11\/Custom-Ceramic-Mini-Casserole-Dish-With-Lid-For-Baking-Wholesale-4-12x12.webp 12w, https:\/\/jinhuaceramic.com\/wp-content\/uploads\/2024\/11\/Custom-Ceramic-Mini-Casserole-Dish-With-Lid-For-Baking-Wholesale-4-285x285.webp 285w, https:\/\/jinhuaceramic.com\/wp-content\/uploads\/2024\/11\/Custom-Ceramic-Mini-Casserole-Dish-With-Lid-For-Baking-Wholesale-4-270x270.webp 270w, https:\/\/jinhuaceramic.com\/wp-content\/uploads\/2024\/11\/Custom-Ceramic-Mini-Casserole-Dish-With-Lid-For-Baking-Wholesale-4-540x540.webp 540w, https:\/\/jinhuaceramic.com\/wp-content\/uploads\/2024\/11\/Custom-Ceramic-Mini-Casserole-Dish-With-Lid-For-Baking-Wholesale-4-660x660.webp 660w\" sizes=\"(max-width: 1024px) 100vw, 1024px\" \/><\/figure>\n<\/div>\n<\/div>","protected":false},"excerpt":{"rendered":"<p>Nous vous invitons \u00e0 acheter des plats de cuisson en c\u00e9ramique en gros. Cette cocotte rouge en gros pr\u00e9sente de nombreuses qualit\u00e9s sup\u00e9rieures : design \u00e9l\u00e9gant, mat\u00e9riau c\u00e9ramique de haute qualit\u00e9, couvercle pratique, capacit\u00e9 pratique et nettoyage facile. Tous ces \u00e9l\u00e9ments en font le meilleur choix pour cuisiner et servir dans la cuisine. D'une mani\u00e8re g\u00e9n\u00e9rale, les clients appr\u00e9cient cette cocotte esth\u00e9tique et pratique avec couvercle.<\/p>","protected":false},"featured_media":6943,"comment_status":"closed","ping_status":"closed","template":"","meta":{"_acf_changed":false},"product_brand":[],"product_cat":[53],"product_tag":[71],"class_list":{"0":"post-6939","1":"product","2":"type-product","3":"status-publish","4":"has-post-thumbnail","6":"product_cat-bakeware-in-bulk","7":"product_tag-wholesale-baking-pans","9":"first","10":"instock","11":"shipping-taxable","12":"product-type-simple"},"acf":[],"_links":{"self":[{"href":"https:\/\/jinhuaceramic.com\/fr\/wp-json\/wp\/v2\/product\/6939","targetHints":{"allow":["GET"]}}],"collection":[{"href":"https:\/\/jinhuaceramic.com\/fr\/wp-json\/wp\/v2\/product"}],"about":[{"href":"https:\/\/jinhuaceramic.com\/fr\/wp-json\/wp\/v2\/types\/product"}],"replies":[{"embeddable":true,"href":"https:\/\/jinhuaceramic.com\/fr\/wp-json\/wp\/v2\/comments?post=6939"}],"version-history":[{"count":0,"href":"https:\/\/jinhuaceramic.com\/fr\/wp-json\/wp\/v2\/product\/6939\/revisions"}],"wp:featuredmedia":[{"embeddable":true,"href":"https:\/\/jinhuaceramic.com\/fr\/wp-json\/wp\/v2\/media\/6943"}],"wp:attachment":[{"href":"https:\/\/jinhuaceramic.com\/fr\/wp-json\/wp\/v2\/media?parent=6939"}],"wp:term":[{"taxonomy":"product_brand","embeddable":true,"href":"https:\/\/jinhuaceramic.com\/fr\/wp-json\/wp\/v2\/product_brand?post=6939"},{"taxonomy":"product_cat","embeddable":true,"href":"https:\/\/jinhuaceramic.com\/fr\/wp-json\/wp\/v2\/product_cat?post=6939"},{"taxonomy":"product_tag","embeddable":true,"href":"https:\/\/jinhuaceramic.com\/fr\/wp-json\/wp\/v2\/product_tag?post=6939"}],"curies":[{"name":"wp","href":"https:\/\/api.w.org\/{rel}","templated":true}]}}