{"id":7030,"date":"2024-11-09T08:59:46","date_gmt":"2024-11-09T08:59:46","guid":{"rendered":"https:\/\/jinhuaceramic.com\/?post_type=product&#038;p=7030"},"modified":"2025-03-10T09:00:29","modified_gmt":"2025-03-10T09:00:29","slug":"square-baking-pans-wholesale","status":"publish","type":"product","link":"https:\/\/jinhuaceramic.com\/fr\/product\/square-baking-pans-wholesale\/","title":{"rendered":"Plaques \u00e0 p\u00e2tisserie carr\u00e9es en c\u00e9ramique Wholesale Professional Bakeware Supplies"},"content":{"rendered":"<div class=\"wp-block-columns is-layout-flex wp-container-core-columns-is-layout-9d6595d7 wp-block-columns-is-layout-flex\">\n<div class=\"wp-block-column is-layout-flow wp-block-column-is-layout-flow\">\n<h3 class=\"wp-block-heading\">Plaques \u00e0 p\u00e2tisserie carr\u00e9es de qualit\u00e9 sup\u00e9rieure Caract\u00e9ristiques en gros :<\/h3>\n\n\n\n<ul class=\"wp-block-list\">\n<li><strong>Design \u00e9l\u00e9gant : <\/strong>Ces plats de cuisson carr\u00e9s en c\u00e9ramique sont dot\u00e9s d'un design bicolore. L'ext\u00e9rieur du moule est color\u00e9 et la partie int\u00e9rieure en contact avec les aliments est uniform\u00e9ment blanche. Le contraste entre les deux couleurs est plus beau. Associ\u00e9s \u00e0 la forme carr\u00e9e classique, ces plats de cuisson personnalis\u00e9s sont simples et \u00e9l\u00e9gants et conviennent aux cuisines de tous les styles.<\/li>\n\n\n\n<li><strong>Mat\u00e9riau c\u00e9ramique de haute qualit\u00e9 : <\/strong>La mati\u00e8re premi\u00e8re utilis\u00e9e pour la fabrication de ces plats de cuisson personnalis\u00e9s en gros est de haute qualit\u00e9, sans produits chimiques et sans danger pour la sant\u00e9 humaine. Par rapport aux plats de cuisson en m\u00e9tal ou en silicone, les plats de cuisson en c\u00e9ramique sont durs et r\u00e9sistants \u00e0 l'usure, ne se rayent pas facilement et ont une longue dur\u00e9e de vie.<\/li>\n\n\n\n<li><strong>Color\u00e9e Facultative : <\/strong>Ces moules \u00e0 p\u00e2tisserie carr\u00e9s sont disponibles en gros dans diff\u00e9rentes couleurs, par exemple bleu, bleu ciel, blanc, rouge, vert fonc\u00e9, entre autres. En tant que fabricant, nous pouvons \u00e9galement personnaliser d'autres couleurs en fonction des exigences des clients.<\/li>\n\n\n\n<li><strong>Une grande praticit\u00e9 : <\/strong>Ces plats de cuisson personnalis\u00e9s en c\u00e9ramique peuvent \u00eatre utilis\u00e9s dans de nombreux environnements de cuisson tels que les fours, les micro-ondes et les r\u00e9frig\u00e9rateurs. Les plats peuvent \u00eatre utilis\u00e9s pour r\u00f4tir des viandes, cuire du riz, pr\u00e9parer des desserts, etc. Le gla\u00e7age des plats de cuisson est lisse et antiadh\u00e9sif, ce qui facilite le nettoyage. La poign\u00e9e est ergonomique et antid\u00e9rapante, ce qui facilite la prise et le d\u00e9placement.<\/li>\n<\/ul>\n<\/div>\n\n\n\n<div class=\"wp-block-column is-layout-flow wp-block-column-is-layout-flow\">\n<figure class=\"wp-block-image size-full\"><img fetchpriority=\"high\" decoding=\"async\" width=\"1001\" height=\"1001\" src=\"https:\/\/jinhuaceramic.com\/wp-content\/uploads\/2024\/11\/Custom-Square-Ceramic-Baking-Dish-Wholesale-Professional-Bakeware-Supplies-3.webp\" alt=\"Plaques de cuisson carr\u00e9es en c\u00e9ramique Wholesale, Bulk Bakeware Supply-1\" class=\"wp-image-7032\" srcset=\"https:\/\/jinhuaceramic.com\/wp-content\/uploads\/2024\/11\/Custom-Square-Ceramic-Baking-Dish-Wholesale-Professional-Bakeware-Supplies-3.webp 1001w, https:\/\/jinhuaceramic.com\/wp-content\/uploads\/2024\/11\/Custom-Square-Ceramic-Baking-Dish-Wholesale-Professional-Bakeware-Supplies-3-300x300.webp 300w, https:\/\/jinhuaceramic.com\/wp-content\/uploads\/2024\/11\/Custom-Square-Ceramic-Baking-Dish-Wholesale-Professional-Bakeware-Supplies-3-150x150.webp 150w, https:\/\/jinhuaceramic.com\/wp-content\/uploads\/2024\/11\/Custom-Square-Ceramic-Baking-Dish-Wholesale-Professional-Bakeware-Supplies-3-768x768.webp 768w, https:\/\/jinhuaceramic.com\/wp-content\/uploads\/2024\/11\/Custom-Square-Ceramic-Baking-Dish-Wholesale-Professional-Bakeware-Supplies-3-12x12.webp 12w, https:\/\/jinhuaceramic.com\/wp-content\/uploads\/2024\/11\/Custom-Square-Ceramic-Baking-Dish-Wholesale-Professional-Bakeware-Supplies-3-285x285.webp 285w, https:\/\/jinhuaceramic.com\/wp-content\/uploads\/2024\/11\/Custom-Square-Ceramic-Baking-Dish-Wholesale-Professional-Bakeware-Supplies-3-270x270.webp 270w, https:\/\/jinhuaceramic.com\/wp-content\/uploads\/2024\/11\/Custom-Square-Ceramic-Baking-Dish-Wholesale-Professional-Bakeware-Supplies-3-540x540.webp 540w, https:\/\/jinhuaceramic.com\/wp-content\/uploads\/2024\/11\/Custom-Square-Ceramic-Baking-Dish-Wholesale-Professional-Bakeware-Supplies-3-660x660.webp 660w\" sizes=\"(max-width: 1001px) 100vw, 1001px\" \/><\/figure>\n<\/div>\n<\/div>","protected":false},"excerpt":{"rendered":"<p>Bienvenue dans l'achat de plats de cuisson personnalis\u00e9s. Ces plats de cuisson carr\u00e9s en c\u00e9ramique sont \u00e0 la fois esth\u00e9tiques et pratiques. Gr\u00e2ce \u00e0 leur excellente r\u00e9sistance aux chocs thermiques et froids, ils peuvent aller directement au four, au four \u00e0 micro-ondes, au r\u00e9frig\u00e9rateur et au lave-vaisselle. De plus, gr\u00e2ce \u00e0 leurs caract\u00e9ristiques non toxiques, r\u00e9sistantes \u00e0 l'usure et faciles \u00e0 nettoyer, ils peuvent \u00eatre pratiques dans la cuisine.<\/p>","protected":false},"featured_media":7031,"comment_status":"closed","ping_status":"closed","template":"","meta":{"_acf_changed":false},"product_brand":[],"product_cat":[53],"product_tag":[71],"class_list":{"0":"post-7030","1":"product","2":"type-product","3":"status-publish","4":"has-post-thumbnail","6":"product_cat-bakeware-in-bulk","7":"product_tag-wholesale-baking-pans","9":"first","10":"instock","11":"shipping-taxable","12":"product-type-simple"},"acf":[],"_links":{"self":[{"href":"https:\/\/jinhuaceramic.com\/fr\/wp-json\/wp\/v2\/product\/7030","targetHints":{"allow":["GET"]}}],"collection":[{"href":"https:\/\/jinhuaceramic.com\/fr\/wp-json\/wp\/v2\/product"}],"about":[{"href":"https:\/\/jinhuaceramic.com\/fr\/wp-json\/wp\/v2\/types\/product"}],"replies":[{"embeddable":true,"href":"https:\/\/jinhuaceramic.com\/fr\/wp-json\/wp\/v2\/comments?post=7030"}],"version-history":[{"count":0,"href":"https:\/\/jinhuaceramic.com\/fr\/wp-json\/wp\/v2\/product\/7030\/revisions"}],"wp:featuredmedia":[{"embeddable":true,"href":"https:\/\/jinhuaceramic.com\/fr\/wp-json\/wp\/v2\/media\/7031"}],"wp:attachment":[{"href":"https:\/\/jinhuaceramic.com\/fr\/wp-json\/wp\/v2\/media?parent=7030"}],"wp:term":[{"taxonomy":"product_brand","embeddable":true,"href":"https:\/\/jinhuaceramic.com\/fr\/wp-json\/wp\/v2\/product_brand?post=7030"},{"taxonomy":"product_cat","embeddable":true,"href":"https:\/\/jinhuaceramic.com\/fr\/wp-json\/wp\/v2\/product_cat?post=7030"},{"taxonomy":"product_tag","embeddable":true,"href":"https:\/\/jinhuaceramic.com\/fr\/wp-json\/wp\/v2\/product_tag?post=7030"}],"curies":[{"name":"wp","href":"https:\/\/api.w.org\/{rel}","templated":true}]}}