{"id":7058,"date":"2024-11-14T02:17:04","date_gmt":"2024-11-14T02:17:04","guid":{"rendered":"https:\/\/jinhuaceramic.com\/?post_type=product&#038;p=7058"},"modified":"2025-03-11T07:55:39","modified_gmt":"2025-03-11T07:55:39","slug":"pie-pans-bulk","status":"publish","type":"product","link":"https:\/\/jinhuaceramic.com\/fr\/product\/pie-pans-bulk\/","title":{"rendered":"Moules \u00e0 tarte ronds en c\u00e9ramique en vrac, moules \u00e0 g\u00e2teaux en gros"},"content":{"rendered":"<div class=\"wp-block-columns is-layout-flex wp-container-core-columns-is-layout-9d6595d7 wp-block-columns-is-layout-flex\">\n<div class=\"wp-block-column is-layout-flow wp-block-column-is-layout-flow\">\n<h3 class=\"wp-block-heading\">Premium\u00a0Pie Pans Bulk Features:<\/h3>\n\n\n\n<ul class=\"wp-block-list\">\n<li><strong>Design \u00e9l\u00e9gant :<\/strong> These ceramic pie pans bulk have a wavy edge that increases the aesthetics of the pie pan, making it more layered when putting foods in. The textured design on the outside further enhances the sophisticated look of the pie pan. The white ceramic used as the material for making the pie pan is cleaner and neater. The design is not only suitable for home use but also highly suitable for application in commercial places, such as restaurants or cafes, to add an extra touch of class to the food.<\/li>\n\n\n\n<li><strong>Mat\u00e9riau c\u00e9ramique de haute qualit\u00e9 : <\/strong>These round wholesale cake baking pans have super high-temperature resistance. They don&#8217;t get deformed or cracked easily under the high-temperature baking. Meanwhile, the heat conduction of ceramics is even, can make the food temperature uniform to avoid over-scalding and incomplete baking.<\/li>\n\n\n\n<li><strong>Taille parfaite :<\/strong> These round ceramic pie pans bulk, each comes in 10 inches diameter and 7 inches deep, is a very good size that will satisfy all of your baking needs. 1.5-quart capacity is perfect for making medium-sized pies or any other baked delicacy.<\/li>\n\n\n\n<li><strong>Non-stick &amp; Easy to Clean: <\/strong>High-quality ceramic wholesale cake baking pans have smooth surfaces and are not easy to stick to. So, after baking, the food can be demoulded easily. In addition, the ceramic surface does not absorb oil or leave any stubborn stains. So, it is effortless to clean, by hand or in the dishwasher.<\/li>\n<\/ul>\n<\/div>\n\n\n\n<div class=\"wp-block-column is-layout-flow wp-block-column-is-layout-flow\">\n<figure class=\"wp-block-image size-full\"><img fetchpriority=\"high\" decoding=\"async\" width=\"1000\" height=\"1000\" src=\"https:\/\/jinhuaceramic.com\/wp-content\/uploads\/2024\/11\/Wholesale-Ceramic-Pie-Pan-Round-Baking-Dish-Custom-Bakeware-Supplies-2.webp\" alt=\"Moules \u00e0 tarte ronds en c\u00e9ramique en vrac, moules \u00e0 g\u00e2teaux en gros-1\" class=\"wp-image-7059\" srcset=\"https:\/\/jinhuaceramic.com\/wp-content\/uploads\/2024\/11\/Wholesale-Ceramic-Pie-Pan-Round-Baking-Dish-Custom-Bakeware-Supplies-2.webp 1000w, https:\/\/jinhuaceramic.com\/wp-content\/uploads\/2024\/11\/Wholesale-Ceramic-Pie-Pan-Round-Baking-Dish-Custom-Bakeware-Supplies-2-300x300.webp 300w, https:\/\/jinhuaceramic.com\/wp-content\/uploads\/2024\/11\/Wholesale-Ceramic-Pie-Pan-Round-Baking-Dish-Custom-Bakeware-Supplies-2-150x150.webp 150w, https:\/\/jinhuaceramic.com\/wp-content\/uploads\/2024\/11\/Wholesale-Ceramic-Pie-Pan-Round-Baking-Dish-Custom-Bakeware-Supplies-2-768x768.webp 768w, https:\/\/jinhuaceramic.com\/wp-content\/uploads\/2024\/11\/Wholesale-Ceramic-Pie-Pan-Round-Baking-Dish-Custom-Bakeware-Supplies-2-12x12.webp 12w, https:\/\/jinhuaceramic.com\/wp-content\/uploads\/2024\/11\/Wholesale-Ceramic-Pie-Pan-Round-Baking-Dish-Custom-Bakeware-Supplies-2-285x285.webp 285w, https:\/\/jinhuaceramic.com\/wp-content\/uploads\/2024\/11\/Wholesale-Ceramic-Pie-Pan-Round-Baking-Dish-Custom-Bakeware-Supplies-2-270x270.webp 270w, https:\/\/jinhuaceramic.com\/wp-content\/uploads\/2024\/11\/Wholesale-Ceramic-Pie-Pan-Round-Baking-Dish-Custom-Bakeware-Supplies-2-540x540.webp 540w, https:\/\/jinhuaceramic.com\/wp-content\/uploads\/2024\/11\/Wholesale-Ceramic-Pie-Pan-Round-Baking-Dish-Custom-Bakeware-Supplies-2-660x660.webp 660w\" sizes=\"(max-width: 1000px) 100vw, 1000px\" \/><\/figure>\n<\/div>\n<\/div>","protected":false},"excerpt":{"rendered":"<p>Welcome to purchase ceramic pie pans bulk. These wholesale cake baking pans are very practical kitchen utensils. The advantages include high-temperature resistance, non-stick, safety and health, and good-looking. This pie pan perfectly merges practicality with good looks that will not only bring more fun to baking but also add an aura of elegance to the kitchen.<\/p>","protected":false},"featured_media":7060,"comment_status":"closed","ping_status":"closed","template":"","meta":{"_acf_changed":false},"product_brand":[],"product_cat":[53],"product_tag":[70],"class_list":{"0":"post-7058","1":"product","2":"type-product","3":"status-publish","4":"has-post-thumbnail","6":"product_cat-bakeware-in-bulk","7":"product_tag-custom-pie-pans","9":"first","10":"instock","11":"shipping-taxable","12":"product-type-simple"},"acf":[],"_links":{"self":[{"href":"https:\/\/jinhuaceramic.com\/fr\/wp-json\/wp\/v2\/product\/7058","targetHints":{"allow":["GET"]}}],"collection":[{"href":"https:\/\/jinhuaceramic.com\/fr\/wp-json\/wp\/v2\/product"}],"about":[{"href":"https:\/\/jinhuaceramic.com\/fr\/wp-json\/wp\/v2\/types\/product"}],"replies":[{"embeddable":true,"href":"https:\/\/jinhuaceramic.com\/fr\/wp-json\/wp\/v2\/comments?post=7058"}],"version-history":[{"count":0,"href":"https:\/\/jinhuaceramic.com\/fr\/wp-json\/wp\/v2\/product\/7058\/revisions"}],"wp:featuredmedia":[{"embeddable":true,"href":"https:\/\/jinhuaceramic.com\/fr\/wp-json\/wp\/v2\/media\/7060"}],"wp:attachment":[{"href":"https:\/\/jinhuaceramic.com\/fr\/wp-json\/wp\/v2\/media?parent=7058"}],"wp:term":[{"taxonomy":"product_brand","embeddable":true,"href":"https:\/\/jinhuaceramic.com\/fr\/wp-json\/wp\/v2\/product_brand?post=7058"},{"taxonomy":"product_cat","embeddable":true,"href":"https:\/\/jinhuaceramic.com\/fr\/wp-json\/wp\/v2\/product_cat?post=7058"},{"taxonomy":"product_tag","embeddable":true,"href":"https:\/\/jinhuaceramic.com\/fr\/wp-json\/wp\/v2\/product_tag?post=7058"}],"curies":[{"name":"wp","href":"https:\/\/api.w.org\/{rel}","templated":true}]}}