{"id":7067,"date":"2024-11-14T03:06:07","date_gmt":"2024-11-14T03:06:07","guid":{"rendered":"https:\/\/jinhuaceramic.com\/?post_type=product&#038;p=7067"},"modified":"2024-11-14T03:06:09","modified_gmt":"2024-11-14T03:06:09","slug":"wholesale-bath-sets","status":"publish","type":"product","link":"https:\/\/jinhuaceramic.com\/fr\/product\/wholesale-bath-sets\/","title":{"rendered":"Ensemble de bain en c\u00e9ramique, 4 pi\u00e8ces, accessoires de salle de bain en vrac"},"content":{"rendered":"<div class=\"wp-block-columns is-layout-flex wp-container-core-columns-is-layout-9d6595d7 wp-block-columns-is-layout-flex\">\n<div class=\"wp-block-column is-layout-flow wp-block-column-is-layout-flow\">\n<h3 class=\"wp-block-heading\">Premium Wholesale Bath Sets Caract\u00e9ristiques :<\/h3>\n\n\n\n<ul class=\"wp-block-list\">\n<li><strong>Design \u00e9l\u00e9gant : <\/strong>Ces ensembles de bain en c\u00e9ramique sont principalement compos\u00e9s de deux couleurs, la partie inf\u00e9rieure \u00e9tant un brun clair chaud, qui donne aux gens une sensation naturelle et rustique, et la partie sup\u00e9rieure \u00e9tant un blanc frais et brillant. Les deux couleurs sont harmonieusement assorties et donnent une impression de simplicit\u00e9 et d'\u00e9l\u00e9gance, ce qui convient parfaitement \u00e0 la cr\u00e9ation d'une atmosph\u00e8re chaleureuse dans la salle de bains. En m\u00eame temps, cela donne une touche luxueuse \u00e0 la pompe distributrice de savon dor\u00e9e de cet ensemble.<\/li>\n\n\n\n<li><strong>Mat\u00e9riau de haute qualit\u00e9 : <\/strong>Ces accessoires de salle de bains en vrac sont fabriqu\u00e9s \u00e0 partir de mati\u00e8res premi\u00e8res de haute qualit\u00e9, \u00e0 la texture et au lustre naturels. Par rapport aux accessoires de salle de bains en plastique bon march\u00e9, les accessoires de salle de bains en c\u00e9ramique sont durables et difficiles \u00e0 rayer, leur surface est lisse et facile \u00e0 nettoyer, ce qui permet de garder la salle de bains propre et hygi\u00e9nique ; ils sont plus respectueux de l'environnement et plus sains.<\/li>\n\n\n\n<li><strong>Enti\u00e8rement fonctionnel : <\/strong>Ces ensembles de bain en gros sont \u00e9quip\u00e9s d'accessoires de salle de bain couramment utilis\u00e9s, tels que des gobelets pour brosses \u00e0 dents, des distributeurs de savon et des porte-savons qui peuvent satisfaire au lavage quotidien et maintenir la salle de bain en ordre.<\/li>\n\n\n\n<li><strong>Options de personnalisation : <\/strong>En tant que fabricant, nous fournissons une personnalisation pour les accessoires de salle de bain en vrac. Les clients peuvent choisir des personnalisations concernant la couleur, la taille et le motif selon leurs pr\u00e9f\u00e9rences et obtenir des ensembles d'accessoires de salle de bain en c\u00e9ramique uniques convenant aux h\u00f4tels ou \u00e0 d'autres lieux commerciaux.<\/li>\n<\/ul>\n<\/div>\n\n\n\n<div class=\"wp-block-column is-layout-flow wp-block-column-is-layout-flow\">\n<figure class=\"wp-block-image size-full\"><img fetchpriority=\"high\" decoding=\"async\" width=\"1453\" height=\"1428\" src=\"https:\/\/jinhuaceramic.com\/wp-content\/uploads\/2024\/11\/Wholesale-Custom-4-Piece-Bathroom-Sets-Ceramic-Hotel-Accessories-Supplies.webp\" alt=\"Ensemble de bain en c\u00e9ramique, 4 pi\u00e8ces en vrac Accessoires de salle de bain-1\" class=\"wp-image-7071\" srcset=\"https:\/\/jinhuaceramic.com\/wp-content\/uploads\/2024\/11\/Wholesale-Custom-4-Piece-Bathroom-Sets-Ceramic-Hotel-Accessories-Supplies.webp 1453w, https:\/\/jinhuaceramic.com\/wp-content\/uploads\/2024\/11\/Wholesale-Custom-4-Piece-Bathroom-Sets-Ceramic-Hotel-Accessories-Supplies-300x295.webp 300w, https:\/\/jinhuaceramic.com\/wp-content\/uploads\/2024\/11\/Wholesale-Custom-4-Piece-Bathroom-Sets-Ceramic-Hotel-Accessories-Supplies-768x755.webp 768w, https:\/\/jinhuaceramic.com\/wp-content\/uploads\/2024\/11\/Wholesale-Custom-4-Piece-Bathroom-Sets-Ceramic-Hotel-Accessories-Supplies-12x12.webp 12w, https:\/\/jinhuaceramic.com\/wp-content\/uploads\/2024\/11\/Wholesale-Custom-4-Piece-Bathroom-Sets-Ceramic-Hotel-Accessories-Supplies-285x280.webp 285w, https:\/\/jinhuaceramic.com\/wp-content\/uploads\/2024\/11\/Wholesale-Custom-4-Piece-Bathroom-Sets-Ceramic-Hotel-Accessories-Supplies-660x649.webp 660w, https:\/\/jinhuaceramic.com\/wp-content\/uploads\/2024\/11\/Wholesale-Custom-4-Piece-Bathroom-Sets-Ceramic-Hotel-Accessories-Supplies-150x147.webp 150w\" sizes=\"(max-width: 1453px) 100vw, 1453px\" \/><\/figure>\n<\/div>\n<\/div>","protected":false},"excerpt":{"rendered":"<p>Nous vous invitons \u00e0 acheter des accessoires de salle de bains en gros. Ces sets de bain en c\u00e9ramique en gros ont gagn\u00e9 une grande popularit\u00e9 sur le march\u00e9 en raison de leur design \u00e9l\u00e9gant, de leur mat\u00e9riau c\u00e9ramique de haute qualit\u00e9 et de leurs fonctions compl\u00e8tes. Combinant parfaitement les fonctions esth\u00e9tiques et pratiques, les accessoires de salle de bains en c\u00e9ramique en gros peuvent am\u00e9liorer la qualit\u00e9 g\u00e9n\u00e9rale de la salle de bains, la rendant plus \u00e9l\u00e9gante et de meilleur go\u00fbt.<\/p>","protected":false},"featured_media":7068,"comment_status":"closed","ping_status":"closed","template":"","meta":{"_acf_changed":false},"product_brand":[],"product_cat":[51],"product_tag":[74],"class_list":{"0":"post-7067","1":"product","2":"type-product","3":"status-publish","4":"has-post-thumbnail","6":"product_cat-bathroom-accessories-wholesale","7":"product_tag-ceramic-bath-accessories-wholesale","9":"first","10":"instock","11":"shipping-taxable","12":"product-type-simple"},"acf":[],"_links":{"self":[{"href":"https:\/\/jinhuaceramic.com\/fr\/wp-json\/wp\/v2\/product\/7067","targetHints":{"allow":["GET"]}}],"collection":[{"href":"https:\/\/jinhuaceramic.com\/fr\/wp-json\/wp\/v2\/product"}],"about":[{"href":"https:\/\/jinhuaceramic.com\/fr\/wp-json\/wp\/v2\/types\/product"}],"replies":[{"embeddable":true,"href":"https:\/\/jinhuaceramic.com\/fr\/wp-json\/wp\/v2\/comments?post=7067"}],"version-history":[{"count":0,"href":"https:\/\/jinhuaceramic.com\/fr\/wp-json\/wp\/v2\/product\/7067\/revisions"}],"wp:featuredmedia":[{"embeddable":true,"href":"https:\/\/jinhuaceramic.com\/fr\/wp-json\/wp\/v2\/media\/7068"}],"wp:attachment":[{"href":"https:\/\/jinhuaceramic.com\/fr\/wp-json\/wp\/v2\/media?parent=7067"}],"wp:term":[{"taxonomy":"product_brand","embeddable":true,"href":"https:\/\/jinhuaceramic.com\/fr\/wp-json\/wp\/v2\/product_brand?post=7067"},{"taxonomy":"product_cat","embeddable":true,"href":"https:\/\/jinhuaceramic.com\/fr\/wp-json\/wp\/v2\/product_cat?post=7067"},{"taxonomy":"product_tag","embeddable":true,"href":"https:\/\/jinhuaceramic.com\/fr\/wp-json\/wp\/v2\/product_tag?post=7067"}],"curies":[{"name":"wp","href":"https:\/\/api.w.org\/{rel}","templated":true}]}}