{"id":7100,"date":"2024-11-15T07:35:42","date_gmt":"2024-11-15T07:35:42","guid":{"rendered":"https:\/\/jinhuaceramic.com\/?post_type=product&#038;p=7100"},"modified":"2024-11-15T07:35:44","modified_gmt":"2024-11-15T07:35:44","slug":"wholesale-candle-holders","status":"publish","type":"product","link":"https:\/\/jinhuaceramic.com\/fr\/product\/wholesale-candle-holders\/","title":{"rendered":"Porte-bougies en gros, Porte-bougies chic en vrac"},"content":{"rendered":"<div class=\"wp-block-columns is-layout-flex wp-container-core-columns-is-layout-9d6595d7 wp-block-columns-is-layout-flex\">\n<div class=\"wp-block-column is-layout-flow wp-block-column-is-layout-flow\">\n<h3 class=\"wp-block-heading\">Premium Wholesale Candle Holders Caract\u00e9ristiques :<\/h3>\n\n\n\n<ul class=\"wp-block-list\">\n<li><strong>Formes vari\u00e9es : <\/strong>Ces bougeoirs en gros sont disponibles dans diff\u00e9rentes formes. Par exemple, il existe des chandeliers en forme d'anneau avec des poign\u00e9es, et certains d'entre eux ont des bords ondul\u00e9s en forme de disque simple. Gr\u00e2ce \u00e0 cette diversit\u00e9, ils peuvent r\u00e9pondre aux exigences esth\u00e9tiques de diff\u00e9rentes personnes et s'adapter \u00e0 diff\u00e9rents styles d'habitation.<\/li>\n\n\n\n<li><strong>Style minimaliste : <\/strong>Les formes de ces bougeoirs en vrac sont relativement simples et pas trop d\u00e9coratives, ce qui donne une impression de propret\u00e9 et de nettet\u00e9. Ce type de design minimaliste convient parfaitement \u00e0 un style de maison moderne et simple. Tous les bougeoirs en gros sont d'une couleur cr\u00e8me uniforme, qui est douce et capable de cr\u00e9er une atmosph\u00e8re chaleureuse et confortable.<\/li>\n\n\n\n<li><strong>Mat\u00e9riaux de haute qualit\u00e9 :<\/strong> Ces bougeoirs en gros sont fabriqu\u00e9s en c\u00e9ramique de haute qualit\u00e9, de texture naturelle et brillante ; ils sont doux au toucher. Ils sont doux au toucher et r\u00e9sistent bien aux temp\u00e9ratures \u00e9lev\u00e9es et sont faciles \u00e0 nettoyer.<\/li>\n\n\n\n<li><strong>Une grande praticit\u00e9 : <\/strong>La poign\u00e9e de ces bougeoirs en vrac est con\u00e7ue pour \u00eatre tr\u00e8s conviviale, facile \u00e0 d\u00e9placer et \u00e0 placer. Le bougeoir en forme de disque peut maintenir la bougie de mani\u00e8re stable sans tomber. La taille des bougeoirs est relativement petite et n'occupe pas trop d'espace ; ils peuvent donc \u00eatre plac\u00e9s sur des bureaux de toutes tailles.<\/li>\n<\/ul>\n<\/div>\n\n\n\n<div class=\"wp-block-column is-layout-flow wp-block-column-is-layout-flow\">\n<figure class=\"wp-block-image size-full\"><img fetchpriority=\"high\" decoding=\"async\" width=\"800\" height=\"800\" src=\"https:\/\/jinhuaceramic.com\/wp-content\/uploads\/2024\/11\/Various-Custom-Candle-Holders-Wholesale-Ceramic-Candlesticks-In-Bulk-6.webp\" alt=\"Porte-bougies en gros, Porte-bougies chic en vrac-1\" class=\"wp-image-7105\" srcset=\"https:\/\/jinhuaceramic.com\/wp-content\/uploads\/2024\/11\/Various-Custom-Candle-Holders-Wholesale-Ceramic-Candlesticks-In-Bulk-6.webp 800w, https:\/\/jinhuaceramic.com\/wp-content\/uploads\/2024\/11\/Various-Custom-Candle-Holders-Wholesale-Ceramic-Candlesticks-In-Bulk-6-300x300.webp 300w, https:\/\/jinhuaceramic.com\/wp-content\/uploads\/2024\/11\/Various-Custom-Candle-Holders-Wholesale-Ceramic-Candlesticks-In-Bulk-6-150x150.webp 150w, https:\/\/jinhuaceramic.com\/wp-content\/uploads\/2024\/11\/Various-Custom-Candle-Holders-Wholesale-Ceramic-Candlesticks-In-Bulk-6-768x768.webp 768w, https:\/\/jinhuaceramic.com\/wp-content\/uploads\/2024\/11\/Various-Custom-Candle-Holders-Wholesale-Ceramic-Candlesticks-In-Bulk-6-12x12.webp 12w, https:\/\/jinhuaceramic.com\/wp-content\/uploads\/2024\/11\/Various-Custom-Candle-Holders-Wholesale-Ceramic-Candlesticks-In-Bulk-6-285x285.webp 285w, https:\/\/jinhuaceramic.com\/wp-content\/uploads\/2024\/11\/Various-Custom-Candle-Holders-Wholesale-Ceramic-Candlesticks-In-Bulk-6-270x270.webp 270w, https:\/\/jinhuaceramic.com\/wp-content\/uploads\/2024\/11\/Various-Custom-Candle-Holders-Wholesale-Ceramic-Candlesticks-In-Bulk-6-540x540.webp 540w, https:\/\/jinhuaceramic.com\/wp-content\/uploads\/2024\/11\/Various-Custom-Candle-Holders-Wholesale-Ceramic-Candlesticks-In-Bulk-6-660x660.webp 660w\" sizes=\"(max-width: 800px) 100vw, 800px\" \/><\/figure>\n<\/div>\n<\/div>","protected":false},"excerpt":{"rendered":"<p>Bienvenue sur le site d'achat en gros de bougeoirs. Ces bougeoirs en gros sont disponibles dans une vari\u00e9t\u00e9 de formes, dans un style simple, avec une haute qualit\u00e9 de mat\u00e9riau c\u00e9ramique et de fonctionnalit\u00e9. Le design du bougeoir associe intelligemment l'esth\u00e9tique \u00e0 la praticit\u00e9. Ils peuvent \u00eatre utilis\u00e9s comme d\u00e9coration d'int\u00e9rieur et r\u00e9pondre aux besoins r\u00e9els de placement des bougies parfum\u00e9es.<\/p>","protected":false},"featured_media":7106,"comment_status":"closed","ping_status":"closed","template":"","meta":{"_acf_changed":false},"product_brand":[],"product_cat":[52],"product_tag":[68],"class_list":{"0":"post-7100","1":"product","2":"type-product","3":"status-publish","4":"has-post-thumbnail","6":"product_cat-wholesale-candle-containers","7":"product_tag-ceramic-candlesticks-bulk","9":"first","10":"instock","11":"shipping-taxable","12":"product-type-simple"},"acf":[],"_links":{"self":[{"href":"https:\/\/jinhuaceramic.com\/fr\/wp-json\/wp\/v2\/product\/7100","targetHints":{"allow":["GET"]}}],"collection":[{"href":"https:\/\/jinhuaceramic.com\/fr\/wp-json\/wp\/v2\/product"}],"about":[{"href":"https:\/\/jinhuaceramic.com\/fr\/wp-json\/wp\/v2\/types\/product"}],"replies":[{"embeddable":true,"href":"https:\/\/jinhuaceramic.com\/fr\/wp-json\/wp\/v2\/comments?post=7100"}],"version-history":[{"count":0,"href":"https:\/\/jinhuaceramic.com\/fr\/wp-json\/wp\/v2\/product\/7100\/revisions"}],"wp:featuredmedia":[{"embeddable":true,"href":"https:\/\/jinhuaceramic.com\/fr\/wp-json\/wp\/v2\/media\/7106"}],"wp:attachment":[{"href":"https:\/\/jinhuaceramic.com\/fr\/wp-json\/wp\/v2\/media?parent=7100"}],"wp:term":[{"taxonomy":"product_brand","embeddable":true,"href":"https:\/\/jinhuaceramic.com\/fr\/wp-json\/wp\/v2\/product_brand?post=7100"},{"taxonomy":"product_cat","embeddable":true,"href":"https:\/\/jinhuaceramic.com\/fr\/wp-json\/wp\/v2\/product_cat?post=7100"},{"taxonomy":"product_tag","embeddable":true,"href":"https:\/\/jinhuaceramic.com\/fr\/wp-json\/wp\/v2\/product_tag?post=7100"}],"curies":[{"name":"wp","href":"https:\/\/api.w.org\/{rel}","templated":true}]}}