{"id":7120,"date":"2024-11-16T01:38:12","date_gmt":"2024-11-16T01:38:12","guid":{"rendered":"https:\/\/jinhuaceramic.com\/?post_type=product&#038;p=7120"},"modified":"2024-11-16T01:38:14","modified_gmt":"2024-11-16T01:38:14","slug":"soap-dishes-wholesale","status":"publish","type":"product","link":"https:\/\/jinhuaceramic.com\/fr\/product\/soap-dishes-wholesale\/","title":{"rendered":"Plats \u00e0 savon en c\u00e9ramique en forme de feuille de lotus Wholesale, Bathtub Soap Dish Bulk (plat \u00e0 savon pour baignoire)"},"content":{"rendered":"<div class=\"wp-block-columns is-layout-flex wp-container-core-columns-is-layout-9d6595d7 wp-block-columns-is-layout-flex\">\n<div class=\"wp-block-column is-layout-flow wp-block-column-is-layout-flow\">\n<h3 class=\"wp-block-heading\">Plats \u00e0 savon Premium Wholesale Caract\u00e9ristiques :<\/h3>\n\n\n\n<ul class=\"wp-block-list\">\n<li><strong>Feuille de lotus Forme :<\/strong> La forme d'une feuille de lotus est utilis\u00e9e comme source d'inspiration pour le design de ces porte-savons en gros. Les feuilles ont des lignes claires et des bords ondul\u00e9s, ce qui rend le design tr\u00e8s r\u00e9aliste. L'int\u00e9gration de cette nature rend le porte-savon plus vivant et plus int\u00e9ressant, et lui conf\u00e8re une certaine fra\u00eecheur. Les bords du porte-savon sont bord\u00e9s d'or, ce qui ajoute \u00e0 l'exquise beaut\u00e9 du porte-savon, une touche de luxe au produit, et lui donne un air hupp\u00e9.<\/li>\n\n\n\n<li><strong>Diverses couleurs : <\/strong>Ces porte-savons en c\u00e9ramique pour baignoire sont disponibles en diff\u00e9rentes couleurs douces comme le vert, le rose, le bleu, etc. et en luxueux argent et or. Ces couleurs apportent non seulement une touche de couleur vive \u00e0 la salle de bains, mais y cr\u00e9ent \u00e9galement une atmosph\u00e8re chaleureuse et agr\u00e9able.<\/li>\n\n\n\n<li><strong>Mat\u00e9riau c\u00e9ramique de haute qualit\u00e9 : <\/strong>Ces porte-savons sont fabriqu\u00e9s en c\u00e9ramique r\u00e9sistante aux temp\u00e9ratures \u00e9lev\u00e9es, \u00e0 la corrosion et facilement lavable. Ils conviennent parfaitement \u00e0 l'environnement de la salle de bains. Le porte-savon en c\u00e9ramique est un produit \u00e9cologique et r\u00e9utilisable qui permet de r\u00e9duire l'utilisation de produits en plastique.<\/li>\n\n\n\n<li><strong>Fonction de vidange : <\/strong>Ces porte-savons en vrac en forme de feuille de lotus sont dot\u00e9s de trous de drainage sp\u00e9ciaux qui \u00e9vacuent efficacement l'humidit\u00e9 du savon afin qu'il ne se ramollisse pas, ce qui prolonge sa dur\u00e9e de vie.<\/li>\n<\/ul>\n<\/div>\n\n\n\n<div class=\"wp-block-column is-layout-flow wp-block-column-is-layout-flow\">\n<figure class=\"wp-block-image size-full\"><img fetchpriority=\"high\" decoding=\"async\" width=\"1001\" height=\"1001\" src=\"https:\/\/jinhuaceramic.com\/wp-content\/uploads\/2024\/11\/Bulk-Ceramic-Lotus-Leaf-Soap-Dishes-Wholesale-Bathroom-Accessories-Supplies_\u7ed3\u679c.webp\" alt=\"Plats \u00e0 savon en c\u00e9ramique en forme de feuille de lotus Wholesale, Bathtub Soap Dish Bulk-1\" class=\"wp-image-7128\" srcset=\"https:\/\/jinhuaceramic.com\/wp-content\/uploads\/2024\/11\/Bulk-Ceramic-Lotus-Leaf-Soap-Dishes-Wholesale-Bathroom-Accessories-Supplies_\u7ed3\u679c.webp 1001w, https:\/\/jinhuaceramic.com\/wp-content\/uploads\/2024\/11\/Bulk-Ceramic-Lotus-Leaf-Soap-Dishes-Wholesale-Bathroom-Accessories-Supplies_\u7ed3\u679c-300x300.webp 300w, https:\/\/jinhuaceramic.com\/wp-content\/uploads\/2024\/11\/Bulk-Ceramic-Lotus-Leaf-Soap-Dishes-Wholesale-Bathroom-Accessories-Supplies_\u7ed3\u679c-150x150.webp 150w, https:\/\/jinhuaceramic.com\/wp-content\/uploads\/2024\/11\/Bulk-Ceramic-Lotus-Leaf-Soap-Dishes-Wholesale-Bathroom-Accessories-Supplies_\u7ed3\u679c-768x768.webp 768w, https:\/\/jinhuaceramic.com\/wp-content\/uploads\/2024\/11\/Bulk-Ceramic-Lotus-Leaf-Soap-Dishes-Wholesale-Bathroom-Accessories-Supplies_\u7ed3\u679c-12x12.webp 12w, https:\/\/jinhuaceramic.com\/wp-content\/uploads\/2024\/11\/Bulk-Ceramic-Lotus-Leaf-Soap-Dishes-Wholesale-Bathroom-Accessories-Supplies_\u7ed3\u679c-285x285.webp 285w, https:\/\/jinhuaceramic.com\/wp-content\/uploads\/2024\/11\/Bulk-Ceramic-Lotus-Leaf-Soap-Dishes-Wholesale-Bathroom-Accessories-Supplies_\u7ed3\u679c-270x270.webp 270w, https:\/\/jinhuaceramic.com\/wp-content\/uploads\/2024\/11\/Bulk-Ceramic-Lotus-Leaf-Soap-Dishes-Wholesale-Bathroom-Accessories-Supplies_\u7ed3\u679c-540x540.webp 540w, https:\/\/jinhuaceramic.com\/wp-content\/uploads\/2024\/11\/Bulk-Ceramic-Lotus-Leaf-Soap-Dishes-Wholesale-Bathroom-Accessories-Supplies_\u7ed3\u679c-660x660.webp 660w\" sizes=\"(max-width: 1001px) 100vw, 1001px\" \/><\/figure>\n<\/div>\n<\/div>","protected":false},"excerpt":{"rendered":"<p>Bienvenue sur le site d'achat en gros de porte-savon pour baignoire. Ces porte-savons \u00e0 feuilles de lotus en gros sont pratiques et beaux, c'est pourquoi ils sont l'un des \u00e9l\u00e9ments essentiels de la salle de bain. Ils permettent non seulement de mettre du savon pour le garder sec, mais aussi de d\u00e9corer la salle de bain et de la rendre chaleureuse et confortable.<\/p>","protected":false},"featured_media":7126,"comment_status":"closed","ping_status":"closed","template":"","meta":{"_acf_changed":false},"product_brand":[],"product_cat":[51],"product_tag":[72],"class_list":{"0":"post-7120","1":"product","2":"type-product","3":"status-publish","4":"has-post-thumbnail","6":"product_cat-bathroom-accessories-wholesale","7":"product_tag-wholesale-soap-dishes","9":"first","10":"instock","11":"shipping-taxable","12":"product-type-simple"},"acf":[],"_links":{"self":[{"href":"https:\/\/jinhuaceramic.com\/fr\/wp-json\/wp\/v2\/product\/7120","targetHints":{"allow":["GET"]}}],"collection":[{"href":"https:\/\/jinhuaceramic.com\/fr\/wp-json\/wp\/v2\/product"}],"about":[{"href":"https:\/\/jinhuaceramic.com\/fr\/wp-json\/wp\/v2\/types\/product"}],"replies":[{"embeddable":true,"href":"https:\/\/jinhuaceramic.com\/fr\/wp-json\/wp\/v2\/comments?post=7120"}],"version-history":[{"count":0,"href":"https:\/\/jinhuaceramic.com\/fr\/wp-json\/wp\/v2\/product\/7120\/revisions"}],"wp:featuredmedia":[{"embeddable":true,"href":"https:\/\/jinhuaceramic.com\/fr\/wp-json\/wp\/v2\/media\/7126"}],"wp:attachment":[{"href":"https:\/\/jinhuaceramic.com\/fr\/wp-json\/wp\/v2\/media?parent=7120"}],"wp:term":[{"taxonomy":"product_brand","embeddable":true,"href":"https:\/\/jinhuaceramic.com\/fr\/wp-json\/wp\/v2\/product_brand?post=7120"},{"taxonomy":"product_cat","embeddable":true,"href":"https:\/\/jinhuaceramic.com\/fr\/wp-json\/wp\/v2\/product_cat?post=7120"},{"taxonomy":"product_tag","embeddable":true,"href":"https:\/\/jinhuaceramic.com\/fr\/wp-json\/wp\/v2\/product_tag?post=7120"}],"curies":[{"name":"wp","href":"https:\/\/api.w.org\/{rel}","templated":true}]}}