{"id":7137,"date":"2024-11-21T02:21:09","date_gmt":"2024-11-21T02:21:09","guid":{"rendered":"https:\/\/jinhuaceramic.com\/?post_type=product&#038;p=7137"},"modified":"2025-03-11T07:59:15","modified_gmt":"2025-03-11T07:59:15","slug":"professional-bakeware-supplies","status":"publish","type":"product","link":"https:\/\/jinhuaceramic.com\/fr\/product\/professional-bakeware-supplies\/","title":{"rendered":"Fournitures professionnelles pour p\u00e2tisserie, Vente en gros d'ustensiles de p\u00e2tisserie en c\u00e9ramique"},"content":{"rendered":"<div class=\"wp-block-columns is-layout-flex wp-container-core-columns-is-layout-9d6595d7 wp-block-columns-is-layout-flex\">\n<div class=\"wp-block-column is-layout-flow wp-block-column-is-layout-flow\">\n<h3 class=\"wp-block-heading\">Premium Professional Bakeware Supplies Caract\u00e9ristiques :<\/h3>\n\n\n\n<ul class=\"wp-block-list\">\n<li><strong>Design minimaliste :<\/strong> Ces ustensiles de cuisson professionnels en c\u00e9ramique sont con\u00e7us dans un style minimaliste avec un aspect blanc pur, simple mais \u00e9l\u00e9gant. Ils s'adaptent \u00e0 tous les types de cuisine et rendent les couleurs des aliments plus pr\u00e9sentables. L'ext\u00e9rieur du plat de cuisson pr\u00e9sente deux stries horizontales qui ajoutent de la texture au plat de cuisson et am\u00e9liorent la prise en main.<\/li>\n\n\n\n<li><strong>Mat\u00e9riau c\u00e9ramique de premi\u00e8re qualit\u00e9 : <\/strong>Ces plats de cuisson en c\u00e9ramique sont tr\u00e8s efficaces pour transf\u00e9rer la chaleur et la conserver \u00e0 l'int\u00e9rieur, ce qui permet de chauffer uniform\u00e9ment les aliments et de maintenir une temp\u00e9rature \u00e9lev\u00e9e pendant un certain temps. En outre, le mat\u00e9riau c\u00e9ramique convient parfaitement \u00e0 la cuisson, car il r\u00e9siste aux acides, aux alcalis et aux temp\u00e9ratures \u00e9lev\u00e9es.<\/li>\n\n\n\n<li><strong>Plusieurs tailles : <\/strong>Ces ustensiles de cuisson professionnels en c\u00e9ramique sont disponibles en gros, chacun contenant 3 plats de cuisson de diff\u00e9rentes tailles pour r\u00e9pondre \u00e0 divers besoins en mati\u00e8re de cuisson. Ils peuvent \u00eatre utilis\u00e9s pour cuire des tartes, des g\u00e2teaux, du pain, etc., ainsi que pour des pr\u00e9parations telles que le poulet r\u00f4ti, les l\u00e9gumes r\u00f4tis et les lasagnes.<\/li>\n\n\n\n<li><strong>Poign\u00e9e pratique et empilable : <\/strong>Ces plats de cuisson en gros en c\u00e9ramique sont munis de deux poign\u00e9es pour un transfert pratique du four \u00e0 la table. Lorsqu'ils ne sont pas utilis\u00e9s, les trois formats s'empilent facilement pour \u00e9conomiser de l'espace dans les armoires.<\/li>\n<\/ul>\n<\/div>\n\n\n\n<div class=\"wp-block-column is-layout-flow wp-block-column-is-layout-flow\">\n<figure class=\"wp-block-image size-full\"><img fetchpriority=\"high\" decoding=\"async\" width=\"744\" height=\"744\" src=\"https:\/\/jinhuaceramic.com\/wp-content\/uploads\/2024\/11\/Wholesale-Custom-Ceramic-Baking-Dish-Set-Professional-Bakeware-Supplies-2_\u7ed3\u679c.webp\" alt=\"Wholesale-Custom-Ceramic-Baking-Dish-Set-Professional-Bakeware-Supplies\" class=\"wp-image-7138\" srcset=\"https:\/\/jinhuaceramic.com\/wp-content\/uploads\/2024\/11\/Wholesale-Custom-Ceramic-Baking-Dish-Set-Professional-Bakeware-Supplies-2_\u7ed3\u679c.webp 744w, https:\/\/jinhuaceramic.com\/wp-content\/uploads\/2024\/11\/Wholesale-Custom-Ceramic-Baking-Dish-Set-Professional-Bakeware-Supplies-2_\u7ed3\u679c-300x300.webp 300w, https:\/\/jinhuaceramic.com\/wp-content\/uploads\/2024\/11\/Wholesale-Custom-Ceramic-Baking-Dish-Set-Professional-Bakeware-Supplies-2_\u7ed3\u679c-150x150.webp 150w, https:\/\/jinhuaceramic.com\/wp-content\/uploads\/2024\/11\/Wholesale-Custom-Ceramic-Baking-Dish-Set-Professional-Bakeware-Supplies-2_\u7ed3\u679c-12x12.webp 12w, https:\/\/jinhuaceramic.com\/wp-content\/uploads\/2024\/11\/Wholesale-Custom-Ceramic-Baking-Dish-Set-Professional-Bakeware-Supplies-2_\u7ed3\u679c-285x285.webp 285w, https:\/\/jinhuaceramic.com\/wp-content\/uploads\/2024\/11\/Wholesale-Custom-Ceramic-Baking-Dish-Set-Professional-Bakeware-Supplies-2_\u7ed3\u679c-270x270.webp 270w, https:\/\/jinhuaceramic.com\/wp-content\/uploads\/2024\/11\/Wholesale-Custom-Ceramic-Baking-Dish-Set-Professional-Bakeware-Supplies-2_\u7ed3\u679c-540x540.webp 540w, https:\/\/jinhuaceramic.com\/wp-content\/uploads\/2024\/11\/Wholesale-Custom-Ceramic-Baking-Dish-Set-Professional-Bakeware-Supplies-2_\u7ed3\u679c-660x660.webp 660w\" sizes=\"(max-width: 744px) 100vw, 744px\" \/><\/figure>\n<\/div>\n<\/div>","protected":false},"excerpt":{"rendered":"<p>Nous vous invitons \u00e0 acheter des articles de boulangerie professionnels. Ces plats \u00e0 p\u00e2tisserie en c\u00e9ramique sont assortis de plusieurs avantages : design minimaliste et \u00e9l\u00e9gant, mat\u00e9riau durable en c\u00e9ramique, poign\u00e9es pratiques, conception empilable, polyvalence, etc. L'esth\u00e9tique s'allie \u00e0 la praticit\u00e9 pour faire de ces moules \u00e0 p\u00e2tisserie des outils indispensables dans la cuisine.<\/p>","protected":false},"featured_media":7141,"comment_status":"closed","ping_status":"closed","template":"","meta":{"_acf_changed":false},"product_brand":[],"product_cat":[53],"product_tag":[],"class_list":{"0":"post-7137","1":"product","2":"type-product","3":"status-publish","4":"has-post-thumbnail","6":"product_cat-bakeware-in-bulk","8":"first","9":"instock","10":"shipping-taxable","11":"product-type-simple"},"acf":[],"_links":{"self":[{"href":"https:\/\/jinhuaceramic.com\/fr\/wp-json\/wp\/v2\/product\/7137","targetHints":{"allow":["GET"]}}],"collection":[{"href":"https:\/\/jinhuaceramic.com\/fr\/wp-json\/wp\/v2\/product"}],"about":[{"href":"https:\/\/jinhuaceramic.com\/fr\/wp-json\/wp\/v2\/types\/product"}],"replies":[{"embeddable":true,"href":"https:\/\/jinhuaceramic.com\/fr\/wp-json\/wp\/v2\/comments?post=7137"}],"version-history":[{"count":0,"href":"https:\/\/jinhuaceramic.com\/fr\/wp-json\/wp\/v2\/product\/7137\/revisions"}],"wp:featuredmedia":[{"embeddable":true,"href":"https:\/\/jinhuaceramic.com\/fr\/wp-json\/wp\/v2\/media\/7141"}],"wp:attachment":[{"href":"https:\/\/jinhuaceramic.com\/fr\/wp-json\/wp\/v2\/media?parent=7137"}],"wp:term":[{"taxonomy":"product_brand","embeddable":true,"href":"https:\/\/jinhuaceramic.com\/fr\/wp-json\/wp\/v2\/product_brand?post=7137"},{"taxonomy":"product_cat","embeddable":true,"href":"https:\/\/jinhuaceramic.com\/fr\/wp-json\/wp\/v2\/product_cat?post=7137"},{"taxonomy":"product_tag","embeddable":true,"href":"https:\/\/jinhuaceramic.com\/fr\/wp-json\/wp\/v2\/product_tag?post=7137"}],"curies":[{"name":"wp","href":"https:\/\/api.w.org\/{rel}","templated":true}]}}