{"id":7148,"date":"2024-11-21T02:30:36","date_gmt":"2024-11-21T02:30:36","guid":{"rendered":"https:\/\/jinhuaceramic.com\/?post_type=product&#038;p=7148"},"modified":"2025-03-10T09:13:35","modified_gmt":"2025-03-10T09:13:35","slug":"customized-bakeware","status":"publish","type":"product","link":"https:\/\/jinhuaceramic.com\/fr\/product\/customized-bakeware\/","title":{"rendered":"Produits de boulangerie personnalis\u00e9s, plats de cuisson antiadh\u00e9sifs en c\u00e9ramique Wholesale"},"content":{"rendered":"<div class=\"wp-block-columns is-layout-flex wp-container-core-columns-is-layout-9d6595d7 wp-block-columns-is-layout-flex\">\n<div class=\"wp-block-column is-layout-flow wp-block-column-is-layout-flow\">\n<h3 class=\"wp-block-heading\">Produits de boulangerie personnalis\u00e9s de qualit\u00e9 sup\u00e9rieure Caract\u00e9ristiques :<\/h3>\n\n\n\n<ul class=\"wp-block-list\">\n<li><strong>Design \u00e9l\u00e9gant : <\/strong>Le design d\u00e9licat est constitu\u00e9 de fines d\u00e9corations en relief sur la surface des plats \u00e0 four personnalis\u00e9s, qui rehaussent non seulement la beaut\u00e9 des plats \u00e0 four, mais aussi leur valeur artistique. Ces reliefs sont d\u00e9cor\u00e9s de motifs v\u00e9g\u00e9taux traditionnels qui conf\u00e8rent aux plats \u00e0 p\u00e2tisserie une personnalit\u00e9 et un go\u00fbt particulier.<\/li>\n\n\n\n<li><strong>Mat\u00e9riau c\u00e9ramique de haute qualit\u00e9 : <\/strong>Ces ustensiles de cuisson personnalis\u00e9s sont r\u00e9alis\u00e9s en c\u00e9ramique brun fonc\u00e9, qui peut conduire la chaleur de mani\u00e8re uniforme pour assurer une cuisson homog\u00e8ne. En outre, le mat\u00e9riau c\u00e9ramique est tr\u00e8s durable et r\u00e9sistant \u00e0 la corrosion, ce qui am\u00e9liore la dur\u00e9e de vie des plats de cuisson.<\/li>\n\n\n\n<li><strong>Diff\u00e9rentes tailles : <\/strong>Ce plat \u00e0 four en c\u00e9ramique est disponible en trois tailles, du plus grand au plus petit, afin de r\u00e9pondre aux besoins de diff\u00e9rentes p\u00e2tisseries, que ce soit pour une grande r\u00e9union de famille ou pour des repas \u00e0 petite \u00e9chelle. Lorsqu'ils ne sont pas utilis\u00e9s, les plats de cuisson peuvent \u00eatre empil\u00e9s pour \u00e9conomiser de l'espace.<\/li>\n\n\n\n<li><strong>Vente en gros et personnalisation :<\/strong> En tant que fabricant, nous proposons des services de vente en gros et des services personnalis\u00e9s pour les plats de cuisson en c\u00e9ramique. L'achat en gros de plats de cuisson en c\u00e9ramique permet de r\u00e9duire consid\u00e9rablement les co\u00fbts d'approvisionnement tout en assurant un approvisionnement stable et ininterrompu du produit. Les services personnalis\u00e9s r\u00e9pondent aux besoins des clients en mati\u00e8re de taille, de mod\u00e8le, de style, etc., ce qui permet de mieux adapter les articles de boulangerie \u00e0 l'image de marque et \u00e0 la strat\u00e9gie de marketing des clients.<\/li>\n<\/ul>\n<\/div>\n\n\n\n<div class=\"wp-block-column is-layout-flow wp-block-column-is-layout-flow\">\n<figure class=\"wp-block-image size-full\"><img fetchpriority=\"high\" decoding=\"async\" width=\"1024\" height=\"1024\" src=\"https:\/\/jinhuaceramic.com\/wp-content\/uploads\/2024\/11\/Kitchen-Custom-Non-Stick-Bakeware-Set-Ceramic-Baking-Dishes-Wholesale_\u7ed3\u679c.webp\" alt=\"Produits de boulangerie personnalis\u00e9s, plats de cuisson antiadh\u00e9sifs en c\u00e9ramique Wholesale-1\" class=\"wp-image-7153\" srcset=\"https:\/\/jinhuaceramic.com\/wp-content\/uploads\/2024\/11\/Kitchen-Custom-Non-Stick-Bakeware-Set-Ceramic-Baking-Dishes-Wholesale_\u7ed3\u679c.webp 1024w, https:\/\/jinhuaceramic.com\/wp-content\/uploads\/2024\/11\/Kitchen-Custom-Non-Stick-Bakeware-Set-Ceramic-Baking-Dishes-Wholesale_\u7ed3\u679c-300x300.webp 300w, https:\/\/jinhuaceramic.com\/wp-content\/uploads\/2024\/11\/Kitchen-Custom-Non-Stick-Bakeware-Set-Ceramic-Baking-Dishes-Wholesale_\u7ed3\u679c-150x150.webp 150w, https:\/\/jinhuaceramic.com\/wp-content\/uploads\/2024\/11\/Kitchen-Custom-Non-Stick-Bakeware-Set-Ceramic-Baking-Dishes-Wholesale_\u7ed3\u679c-768x768.webp 768w, https:\/\/jinhuaceramic.com\/wp-content\/uploads\/2024\/11\/Kitchen-Custom-Non-Stick-Bakeware-Set-Ceramic-Baking-Dishes-Wholesale_\u7ed3\u679c-12x12.webp 12w, https:\/\/jinhuaceramic.com\/wp-content\/uploads\/2024\/11\/Kitchen-Custom-Non-Stick-Bakeware-Set-Ceramic-Baking-Dishes-Wholesale_\u7ed3\u679c-285x285.webp 285w, https:\/\/jinhuaceramic.com\/wp-content\/uploads\/2024\/11\/Kitchen-Custom-Non-Stick-Bakeware-Set-Ceramic-Baking-Dishes-Wholesale_\u7ed3\u679c-270x270.webp 270w, https:\/\/jinhuaceramic.com\/wp-content\/uploads\/2024\/11\/Kitchen-Custom-Non-Stick-Bakeware-Set-Ceramic-Baking-Dishes-Wholesale_\u7ed3\u679c-540x540.webp 540w, https:\/\/jinhuaceramic.com\/wp-content\/uploads\/2024\/11\/Kitchen-Custom-Non-Stick-Bakeware-Set-Ceramic-Baking-Dishes-Wholesale_\u7ed3\u679c-660x660.webp 660w\" sizes=\"(max-width: 1024px) 100vw, 1024px\" \/><\/figure>\n<\/div>\n<\/div>","protected":false},"excerpt":{"rendered":"<p>Nous vous invitons \u00e0 acheter des ustensiles de boulangerie personnalis\u00e9s. Notre plat de cuisson en c\u00e9ramique en gros a une vari\u00e9t\u00e9 d'options de taille, un mat\u00e9riau c\u00e9ramique de haute qualit\u00e9, un design \u00e9l\u00e9gant, et les avantages de la combinaison de la vente en gros et de la personnalisation, apportant une grande commodit\u00e9 et une beaut\u00e9 \u00e0 la cuisson et au service. Nous vous invitons \u00e0 vous renseigner\uff01<\/p>","protected":false},"featured_media":7149,"comment_status":"closed","ping_status":"closed","template":"","meta":{"_acf_changed":false},"product_brand":[],"product_cat":[53],"product_tag":[],"class_list":{"0":"post-7148","1":"product","2":"type-product","3":"status-publish","4":"has-post-thumbnail","6":"product_cat-bakeware-in-bulk","8":"first","9":"instock","10":"shipping-taxable","11":"product-type-simple"},"acf":[],"_links":{"self":[{"href":"https:\/\/jinhuaceramic.com\/fr\/wp-json\/wp\/v2\/product\/7148","targetHints":{"allow":["GET"]}}],"collection":[{"href":"https:\/\/jinhuaceramic.com\/fr\/wp-json\/wp\/v2\/product"}],"about":[{"href":"https:\/\/jinhuaceramic.com\/fr\/wp-json\/wp\/v2\/types\/product"}],"replies":[{"embeddable":true,"href":"https:\/\/jinhuaceramic.com\/fr\/wp-json\/wp\/v2\/comments?post=7148"}],"version-history":[{"count":0,"href":"https:\/\/jinhuaceramic.com\/fr\/wp-json\/wp\/v2\/product\/7148\/revisions"}],"wp:featuredmedia":[{"embeddable":true,"href":"https:\/\/jinhuaceramic.com\/fr\/wp-json\/wp\/v2\/media\/7149"}],"wp:attachment":[{"href":"https:\/\/jinhuaceramic.com\/fr\/wp-json\/wp\/v2\/media?parent=7148"}],"wp:term":[{"taxonomy":"product_brand","embeddable":true,"href":"https:\/\/jinhuaceramic.com\/fr\/wp-json\/wp\/v2\/product_brand?post=7148"},{"taxonomy":"product_cat","embeddable":true,"href":"https:\/\/jinhuaceramic.com\/fr\/wp-json\/wp\/v2\/product_cat?post=7148"},{"taxonomy":"product_tag","embeddable":true,"href":"https:\/\/jinhuaceramic.com\/fr\/wp-json\/wp\/v2\/product_tag?post=7148"}],"curies":[{"name":"wp","href":"https:\/\/api.w.org\/{rel}","templated":true}]}}