{"id":7162,"date":"2024-11-21T02:38:56","date_gmt":"2024-11-21T02:38:56","guid":{"rendered":"https:\/\/jinhuaceramic.com\/?post_type=product&#038;p=7162"},"modified":"2024-11-21T02:39:06","modified_gmt":"2024-11-21T02:39:06","slug":"bulk-hand-soap-dispenser","status":"publish","type":"product","link":"https:\/\/jinhuaceramic.com\/fr\/product\/bulk-hand-soap-dispenser\/","title":{"rendered":"Distributeur de savon \u00e0 main en forme de coquillage, Bouteilles de savon en c\u00e9ramique Wholesale"},"content":{"rendered":"<div class=\"wp-block-columns is-layout-flex wp-container-core-columns-is-layout-9d6595d7 wp-block-columns-is-layout-flex\">\n<div class=\"wp-block-column is-layout-flow wp-block-column-is-layout-flow\">\n<h3 class=\"wp-block-heading\">Distributeur de savon \u00e0 main en vrac Premium Caract\u00e9ristiques :<\/h3>\n\n\n\n<ul class=\"wp-block-list\">\n<li><strong>Forme innovante : <\/strong>Ces distributeurs de savon \u00e0 main en vrac pr\u00e9sentent des formes cr\u00e9atives de coquillages, imitant m\u00e9ticuleusement la texture et les courbes des coquillages, introduisant des \u00e9l\u00e9ments marins dans la salle de bains, cr\u00e9ant une atmosph\u00e8re relaxante et agr\u00e9able, et ajoutant une beaut\u00e9 naturelle \u00e0 la salle de bains.<\/li>\n\n\n\n<li><strong>Couleurs douces : <\/strong>Ces distributeurs de savon en c\u00e9ramique sont disponibles en rose et en blanc, deux couleurs courantes de coquillages. Ces tons doux donnent aux gens une sensation de chaleur et de confort, ce qui convient parfaitement aux salles de bains. Les t\u00eates de pompe dor\u00e9es et argent\u00e9es ajoutent une touche luxueuse aux distributeurs de savon, ce qui rend le produit plus \u00e9l\u00e9gant.<\/li>\n\n\n\n<li><strong>Mat\u00e9riau c\u00e9ramique de haute qualit\u00e9 :<\/strong> Cuits \u00e0 haute temp\u00e9rature, ces distributeurs de savon \u00e0 main en vrac sont fabriqu\u00e9s en c\u00e9ramique de haute qualit\u00e9, robuste et durable, \u00e9tanche et anticorrosion. La surface est lisse et d\u00e9licate, facile \u00e0 nettoyer et permet de maintenir l'hygi\u00e8ne dans la salle de bains.<\/li>\n\n\n\n<li><strong>Pratique : <\/strong>Ces distributeurs de savon en gros peuvent \u00eatre plac\u00e9s dans la cuisine ou la salle de bain pour distribuer des liquides tels que des savons pour les mains, des lotions, des shampooings ou des gels douche, ce qui est pratique \u00e0 utiliser et permet de garder l'\u00e9vier propre. La t\u00eate de pompe est de conception simple, facile \u00e0 presser et tr\u00e8s facile \u00e0 utiliser.<\/li>\n<\/ul>\n<\/div>\n\n\n\n<div class=\"wp-block-column is-layout-flow wp-block-column-is-layout-flow\">\n<figure class=\"wp-block-image size-full\"><img fetchpriority=\"high\" decoding=\"async\" width=\"800\" height=\"800\" src=\"https:\/\/jinhuaceramic.com\/wp-content\/uploads\/2024\/11\/Custom-Shell-Shaped-Hand-Soap-Dispenser-Ceramic-Bathroom-Accessories-Wholesale_\u7ed3\u679c.webp\" alt=\"Distributeur de savon \u00e0 main en forme de coquillage, bouteilles de savon en c\u00e9ramique Wholesale-1\" class=\"wp-image-7167\" srcset=\"https:\/\/jinhuaceramic.com\/wp-content\/uploads\/2024\/11\/Custom-Shell-Shaped-Hand-Soap-Dispenser-Ceramic-Bathroom-Accessories-Wholesale_\u7ed3\u679c.webp 800w, https:\/\/jinhuaceramic.com\/wp-content\/uploads\/2024\/11\/Custom-Shell-Shaped-Hand-Soap-Dispenser-Ceramic-Bathroom-Accessories-Wholesale_\u7ed3\u679c-300x300.webp 300w, https:\/\/jinhuaceramic.com\/wp-content\/uploads\/2024\/11\/Custom-Shell-Shaped-Hand-Soap-Dispenser-Ceramic-Bathroom-Accessories-Wholesale_\u7ed3\u679c-150x150.webp 150w, https:\/\/jinhuaceramic.com\/wp-content\/uploads\/2024\/11\/Custom-Shell-Shaped-Hand-Soap-Dispenser-Ceramic-Bathroom-Accessories-Wholesale_\u7ed3\u679c-768x768.webp 768w, https:\/\/jinhuaceramic.com\/wp-content\/uploads\/2024\/11\/Custom-Shell-Shaped-Hand-Soap-Dispenser-Ceramic-Bathroom-Accessories-Wholesale_\u7ed3\u679c-12x12.webp 12w, https:\/\/jinhuaceramic.com\/wp-content\/uploads\/2024\/11\/Custom-Shell-Shaped-Hand-Soap-Dispenser-Ceramic-Bathroom-Accessories-Wholesale_\u7ed3\u679c-285x285.webp 285w, https:\/\/jinhuaceramic.com\/wp-content\/uploads\/2024\/11\/Custom-Shell-Shaped-Hand-Soap-Dispenser-Ceramic-Bathroom-Accessories-Wholesale_\u7ed3\u679c-270x270.webp 270w, https:\/\/jinhuaceramic.com\/wp-content\/uploads\/2024\/11\/Custom-Shell-Shaped-Hand-Soap-Dispenser-Ceramic-Bathroom-Accessories-Wholesale_\u7ed3\u679c-540x540.webp 540w, https:\/\/jinhuaceramic.com\/wp-content\/uploads\/2024\/11\/Custom-Shell-Shaped-Hand-Soap-Dispenser-Ceramic-Bathroom-Accessories-Wholesale_\u7ed3\u679c-660x660.webp 660w\" sizes=\"(max-width: 800px) 100vw, 800px\" \/><\/figure>\n<\/div>\n<\/div>","protected":false},"excerpt":{"rendered":"<p>Bienvenue dans l'achat de distributeurs de savon en gros. Ces distributeurs de savon \u00e0 main en vrac combinent astucieusement la beaut\u00e9 naturelle des coquillages avec les \u00e9l\u00e9ments \u00e0 la mode de l'ameublement moderne, produisant un produit de salle de bain qui est \u00e0 la fois pratique et beau. Ce design ne met pas seulement en valeur la beaut\u00e9 de la salle de bains, mais peut \u00e9galement apporter une exp\u00e9rience visuelle et tactile agr\u00e9able \u00e0 l'utilisateur.<\/p>","protected":false},"featured_media":7167,"comment_status":"closed","ping_status":"closed","template":"","meta":{"_acf_changed":false},"product_brand":[],"product_cat":[51],"product_tag":[],"class_list":{"0":"post-7162","1":"product","2":"type-product","3":"status-publish","4":"has-post-thumbnail","6":"product_cat-bathroom-accessories-wholesale","8":"first","9":"instock","10":"shipping-taxable","11":"product-type-simple"},"acf":[],"_links":{"self":[{"href":"https:\/\/jinhuaceramic.com\/fr\/wp-json\/wp\/v2\/product\/7162","targetHints":{"allow":["GET"]}}],"collection":[{"href":"https:\/\/jinhuaceramic.com\/fr\/wp-json\/wp\/v2\/product"}],"about":[{"href":"https:\/\/jinhuaceramic.com\/fr\/wp-json\/wp\/v2\/types\/product"}],"replies":[{"embeddable":true,"href":"https:\/\/jinhuaceramic.com\/fr\/wp-json\/wp\/v2\/comments?post=7162"}],"version-history":[{"count":0,"href":"https:\/\/jinhuaceramic.com\/fr\/wp-json\/wp\/v2\/product\/7162\/revisions"}],"wp:featuredmedia":[{"embeddable":true,"href":"https:\/\/jinhuaceramic.com\/fr\/wp-json\/wp\/v2\/media\/7167"}],"wp:attachment":[{"href":"https:\/\/jinhuaceramic.com\/fr\/wp-json\/wp\/v2\/media?parent=7162"}],"wp:term":[{"taxonomy":"product_brand","embeddable":true,"href":"https:\/\/jinhuaceramic.com\/fr\/wp-json\/wp\/v2\/product_brand?post=7162"},{"taxonomy":"product_cat","embeddable":true,"href":"https:\/\/jinhuaceramic.com\/fr\/wp-json\/wp\/v2\/product_cat?post=7162"},{"taxonomy":"product_tag","embeddable":true,"href":"https:\/\/jinhuaceramic.com\/fr\/wp-json\/wp\/v2\/product_tag?post=7162"}],"curies":[{"name":"wp","href":"https:\/\/api.w.org\/{rel}","templated":true}]}}