{"id":7180,"date":"2024-11-23T02:09:32","date_gmt":"2024-11-23T02:09:32","guid":{"rendered":"https:\/\/jinhuaceramic.com\/?post_type=product&#038;p=7180"},"modified":"2025-03-11T08:19:40","modified_gmt":"2025-03-11T08:19:40","slug":"ceramic-ramekins-bulk","status":"publish","type":"product","link":"https:\/\/jinhuaceramic.com\/fr\/product\/ceramic-ramekins-bulk\/","title":{"rendered":"Ramequins en c\u00e9ramique blanche en vrac, vente en gros de petits plats de cuisson"},"content":{"rendered":"<div class=\"wp-block-columns is-layout-flex wp-container-core-columns-is-layout-9d6595d7 wp-block-columns-is-layout-flex\">\n<div class=\"wp-block-column is-layout-flow wp-block-column-is-layout-flow\">\n<h3 class=\"wp-block-heading\">Ramequins en c\u00e9ramique de premi\u00e8re qualit\u00e9 Caract\u00e9ristiques en vrac :<\/h3>\n\n\n\n<ul class=\"wp-block-list\">\n<li><strong>Motif gaufr\u00e9 : <\/strong>La surface de ces ramequins en c\u00e9ramique en vrac est orn\u00e9e de motifs en relief, ce qui leur conf\u00e8re une texture r\u00e9tro et \u00e9l\u00e9gante. Ces motifs rendent les plats de cuisson ordinaires beaucoup plus exquis et beaux. Ce motif n'enrichit pas seulement le plaisir visuel, mais rehausse \u00e9galement l'aspect artistique du plat de cuisson.<\/li>\n\n\n\n<li><strong>Mat\u00e9riau c\u00e9ramique durable : <\/strong>Le petit plat de cuisson en gros est fabriqu\u00e9 \u00e0 partir de mati\u00e8res premi\u00e8res c\u00e9ramiques de haute qualit\u00e9. Cuits \u00e0 haute temp\u00e9rature, ils sont plus r\u00e9sistants pour la cuisson \u00e0 haute temp\u00e9rature. Les plats de cuisson en c\u00e9ramique ont la propri\u00e9t\u00e9 de maintenir la temp\u00e9rature et d'emprisonner l'humidit\u00e9 des aliments pour qu'ils aient un go\u00fbt d\u00e9licieux.<\/li>\n\n\n\n<li><strong>Mini Taille : <\/strong>Contrairement aux grands plats de cuisson habituels, ces ramequins en c\u00e9ramique en vrac sont de taille mini, d'une capacit\u00e9 de 305 ml, ce qui convient \u00e0 la pr\u00e9paration de portions individuelles ou de petites portions d'aliments tels que le riz au four, les haricots au four, les petits desserts, etc.<\/li>\n\n\n\n<li><strong>Pratique : <\/strong>Le design rectangulaire, le design de la poign\u00e9e et le design de l'empilage ajoutent \u00e0 l'aspect pratique du plat de cuisson. Ces petits plats de cuisson en gros peuvent \u00eatre utilis\u00e9s dans de nombreuses m\u00e9thodes de cuisson telles que les fours, les micro-ondes, les grils, etc. et la gamme de production est assez \u00e9tendue.<\/li>\n<\/ul>\n<\/div>\n\n\n\n<div class=\"wp-block-column is-layout-flow wp-block-column-is-layout-flow\">\n<figure class=\"wp-block-image size-full\"><img fetchpriority=\"high\" decoding=\"async\" width=\"1024\" height=\"1024\" src=\"https:\/\/jinhuaceramic.com\/wp-content\/uploads\/2024\/11\/Wholesale-Mini-Custom-Baking-Dish-Ceramic-Bakeware-Supplies-6_\u7ed3\u679c.webp\" alt=\"Ramequins en c\u00e9ramique blanche en vrac, vente en gros de petits plats de cuisson-5\" class=\"wp-image-7185\" srcset=\"https:\/\/jinhuaceramic.com\/wp-content\/uploads\/2024\/11\/Wholesale-Mini-Custom-Baking-Dish-Ceramic-Bakeware-Supplies-6_\u7ed3\u679c.webp 1024w, https:\/\/jinhuaceramic.com\/wp-content\/uploads\/2024\/11\/Wholesale-Mini-Custom-Baking-Dish-Ceramic-Bakeware-Supplies-6_\u7ed3\u679c-300x300.webp 300w, https:\/\/jinhuaceramic.com\/wp-content\/uploads\/2024\/11\/Wholesale-Mini-Custom-Baking-Dish-Ceramic-Bakeware-Supplies-6_\u7ed3\u679c-150x150.webp 150w, https:\/\/jinhuaceramic.com\/wp-content\/uploads\/2024\/11\/Wholesale-Mini-Custom-Baking-Dish-Ceramic-Bakeware-Supplies-6_\u7ed3\u679c-768x768.webp 768w, https:\/\/jinhuaceramic.com\/wp-content\/uploads\/2024\/11\/Wholesale-Mini-Custom-Baking-Dish-Ceramic-Bakeware-Supplies-6_\u7ed3\u679c-12x12.webp 12w, https:\/\/jinhuaceramic.com\/wp-content\/uploads\/2024\/11\/Wholesale-Mini-Custom-Baking-Dish-Ceramic-Bakeware-Supplies-6_\u7ed3\u679c-285x285.webp 285w, https:\/\/jinhuaceramic.com\/wp-content\/uploads\/2024\/11\/Wholesale-Mini-Custom-Baking-Dish-Ceramic-Bakeware-Supplies-6_\u7ed3\u679c-270x270.webp 270w, https:\/\/jinhuaceramic.com\/wp-content\/uploads\/2024\/11\/Wholesale-Mini-Custom-Baking-Dish-Ceramic-Bakeware-Supplies-6_\u7ed3\u679c-540x540.webp 540w, https:\/\/jinhuaceramic.com\/wp-content\/uploads\/2024\/11\/Wholesale-Mini-Custom-Baking-Dish-Ceramic-Bakeware-Supplies-6_\u7ed3\u679c-660x660.webp 660w\" sizes=\"(max-width: 1024px) 100vw, 1024px\" \/><\/figure>\n<\/div>\n<\/div>","protected":false},"excerpt":{"rendered":"<p>Nous vous invitons \u00e0 acheter des ramequins en c\u00e9ramique en gros. Le design de ces petits plats de cuisson en gros combine parfaitement l'esth\u00e9tique et la praticit\u00e9, non seulement pour r\u00e9pondre aux besoins de la cuisson quotidienne, mais aussi pour am\u00e9liorer la qualit\u00e9 des repas. Qu'il s'agisse de gratins, de desserts ou m\u00eame d'un simple service, cet ensemble de mini plats \u00e0 four peut montrer son charme unique.<\/p>","protected":false},"featured_media":7182,"comment_status":"closed","ping_status":"closed","template":"","meta":{"_acf_changed":false},"product_brand":[],"product_cat":[53],"product_tag":[69,71],"class_list":{"0":"post-7180","1":"product","2":"type-product","3":"status-publish","4":"has-post-thumbnail","6":"product_cat-bakeware-in-bulk","7":"product_tag-bulk-ramekins","8":"product_tag-wholesale-baking-pans","10":"first","11":"instock","12":"shipping-taxable","13":"product-type-simple"},"acf":[],"_links":{"self":[{"href":"https:\/\/jinhuaceramic.com\/fr\/wp-json\/wp\/v2\/product\/7180","targetHints":{"allow":["GET"]}}],"collection":[{"href":"https:\/\/jinhuaceramic.com\/fr\/wp-json\/wp\/v2\/product"}],"about":[{"href":"https:\/\/jinhuaceramic.com\/fr\/wp-json\/wp\/v2\/types\/product"}],"replies":[{"embeddable":true,"href":"https:\/\/jinhuaceramic.com\/fr\/wp-json\/wp\/v2\/comments?post=7180"}],"version-history":[{"count":0,"href":"https:\/\/jinhuaceramic.com\/fr\/wp-json\/wp\/v2\/product\/7180\/revisions"}],"wp:featuredmedia":[{"embeddable":true,"href":"https:\/\/jinhuaceramic.com\/fr\/wp-json\/wp\/v2\/media\/7182"}],"wp:attachment":[{"href":"https:\/\/jinhuaceramic.com\/fr\/wp-json\/wp\/v2\/media?parent=7180"}],"wp:term":[{"taxonomy":"product_brand","embeddable":true,"href":"https:\/\/jinhuaceramic.com\/fr\/wp-json\/wp\/v2\/product_brand?post=7180"},{"taxonomy":"product_cat","embeddable":true,"href":"https:\/\/jinhuaceramic.com\/fr\/wp-json\/wp\/v2\/product_cat?post=7180"},{"taxonomy":"product_tag","embeddable":true,"href":"https:\/\/jinhuaceramic.com\/fr\/wp-json\/wp\/v2\/product_tag?post=7180"}],"curies":[{"name":"wp","href":"https:\/\/api.w.org\/{rel}","templated":true}]}}