{"id":7190,"date":"2024-11-23T02:21:34","date_gmt":"2024-11-23T02:21:34","guid":{"rendered":"https:\/\/jinhuaceramic.com\/?post_type=product&#038;p=7190"},"modified":"2025-03-11T08:03:11","modified_gmt":"2025-03-11T08:03:11","slug":"ceramic-ramekins-wholesale","status":"publish","type":"product","link":"https:\/\/jinhuaceramic.com\/fr\/product\/ceramic-ramekins-wholesale\/","title":{"rendered":"Petits ramequins en c\u00e9ramique en gros, ramequins \u00e0 cr\u00e8me br\u00fbl\u00e9e en vrac avec bord festonn\u00e9"},"content":{"rendered":"<div class=\"wp-block-columns is-layout-flex wp-container-core-columns-is-layout-9d6595d7 wp-block-columns-is-layout-flex\">\n<div class=\"wp-block-column is-layout-flow wp-block-column-is-layout-flow\">\n<h3 class=\"wp-block-heading\">Ramequins en c\u00e9ramique de premi\u00e8re qualit\u00e9 Caract\u00e9ristiques en gros :<\/h3>\n\n\n\n<ul class=\"wp-block-list\">\n<li><strong>Bord festonn\u00e9 : <\/strong>Contrairement aux ramequins arrondis habituels, ces ramequins en c\u00e9ramique utilisent un bord festonn\u00e9. Ce design augmente non seulement le sens tridimensionnel et la beaut\u00e9 du bol, mais il fait \u00e9galement croustiller les bords des aliments cuits au four.<\/li>\n\n\n\n<li><strong>Couleurs douces :<\/strong> Ces ramequins \u00e0 cr\u00e8me br\u00fbl\u00e9e en vrac sont disponibles en blanc et bleu, une combinaison classique qui donne une impression de fra\u00eecheur et de propret\u00e9 et devient un \u00e9l\u00e9ment phare de la table \u00e0 manger. En tant que fabricant d'ustensiles de cuisson en c\u00e9ramique, nous pouvons \u00e9galement personnaliser les couleurs pour nos clients.<\/li>\n\n\n\n<li><strong>Mat\u00e9riau c\u00e9ramique de premi\u00e8re qualit\u00e9 : <\/strong>Ces ramequins en c\u00e9ramique sont cuits \u00e0 haute temp\u00e9rature, sans plomb, s\u00fbrs et sains. La bonne conductivit\u00e9 thermique et la pr\u00e9servation du mat\u00e9riau c\u00e9ramique permettent de r\u00e9chauffer uniform\u00e9ment les aliments et de conserver leur temp\u00e9rature.<\/li>\n\n\n\n<li>Polyvalence : Outre la pr\u00e9paration de desserts tels que la cr\u00e8me br\u00fbl\u00e9e, le souffl\u00e9, le g\u00e2teau au fromage, etc., ces ramequins \u00e0 cr\u00e8me br\u00fbl\u00e9e en c\u00e9ramique en vrac peuvent servir \u00e0 pr\u00e9parer des mousses, des puddings, des salades, etc. et peuvent \u00e9galement \u00eatre utilis\u00e9s comme bol \u00e0 cr\u00e8me glac\u00e9e et plat \u00e0 trempette.<\/li>\n<\/ul>\n<\/div>\n\n\n\n<div class=\"wp-block-column is-layout-flow wp-block-column-is-layout-flow\">\n<figure class=\"wp-block-image size-full\"><img fetchpriority=\"high\" decoding=\"async\" width=\"800\" height=\"800\" src=\"https:\/\/jinhuaceramic.com\/wp-content\/uploads\/2024\/11\/Creme-Brulee-Ramekin-With-Scalloped-Edge-Wholesale-Ceramic-Souffle-Cups-4_\u7ed3\u679c.webp\" alt=\"Petits ramequins en c\u00e9ramique en gros, ramequins \u00e0 cr\u00e8me br\u00fbl\u00e9e en vrac avec bord festonn\u00e9-1\" class=\"wp-image-7193\" srcset=\"https:\/\/jinhuaceramic.com\/wp-content\/uploads\/2024\/11\/Creme-Brulee-Ramekin-With-Scalloped-Edge-Wholesale-Ceramic-Souffle-Cups-4_\u7ed3\u679c.webp 800w, https:\/\/jinhuaceramic.com\/wp-content\/uploads\/2024\/11\/Creme-Brulee-Ramekin-With-Scalloped-Edge-Wholesale-Ceramic-Souffle-Cups-4_\u7ed3\u679c-300x300.webp 300w, https:\/\/jinhuaceramic.com\/wp-content\/uploads\/2024\/11\/Creme-Brulee-Ramekin-With-Scalloped-Edge-Wholesale-Ceramic-Souffle-Cups-4_\u7ed3\u679c-150x150.webp 150w, https:\/\/jinhuaceramic.com\/wp-content\/uploads\/2024\/11\/Creme-Brulee-Ramekin-With-Scalloped-Edge-Wholesale-Ceramic-Souffle-Cups-4_\u7ed3\u679c-768x768.webp 768w, https:\/\/jinhuaceramic.com\/wp-content\/uploads\/2024\/11\/Creme-Brulee-Ramekin-With-Scalloped-Edge-Wholesale-Ceramic-Souffle-Cups-4_\u7ed3\u679c-12x12.webp 12w, https:\/\/jinhuaceramic.com\/wp-content\/uploads\/2024\/11\/Creme-Brulee-Ramekin-With-Scalloped-Edge-Wholesale-Ceramic-Souffle-Cups-4_\u7ed3\u679c-285x285.webp 285w, https:\/\/jinhuaceramic.com\/wp-content\/uploads\/2024\/11\/Creme-Brulee-Ramekin-With-Scalloped-Edge-Wholesale-Ceramic-Souffle-Cups-4_\u7ed3\u679c-270x270.webp 270w, https:\/\/jinhuaceramic.com\/wp-content\/uploads\/2024\/11\/Creme-Brulee-Ramekin-With-Scalloped-Edge-Wholesale-Ceramic-Souffle-Cups-4_\u7ed3\u679c-540x540.webp 540w, https:\/\/jinhuaceramic.com\/wp-content\/uploads\/2024\/11\/Creme-Brulee-Ramekin-With-Scalloped-Edge-Wholesale-Ceramic-Souffle-Cups-4_\u7ed3\u679c-660x660.webp 660w\" sizes=\"(max-width: 800px) 100vw, 800px\" \/><\/figure>\n<\/div>\n<\/div>","protected":false},"excerpt":{"rendered":"<p>Bienvenue sur le site d'achat en gros de ramequins en c\u00e9ramique. Le design de ces ramequins \u00e0 cr\u00e8me br\u00fbl\u00e9e en vrac avec bord festonn\u00e9 combine parfaitement l'aspect pratique et l'esth\u00e9tique, ce qui permet non seulement de r\u00e9pondre aux besoins quotidiens en mati\u00e8re de cuisson, mais aussi d'am\u00e9liorer la qualit\u00e9 des repas. Qu'il s'agisse d'une r\u00e9union de famille ou d'un plaisir priv\u00e9, c'est un bon choix.<\/p>","protected":false},"featured_media":7198,"comment_status":"closed","ping_status":"closed","template":"","meta":{"_acf_changed":false},"product_brand":[],"product_cat":[53],"product_tag":[69],"class_list":{"0":"post-7190","1":"product","2":"type-product","3":"status-publish","4":"has-post-thumbnail","6":"product_cat-bakeware-in-bulk","7":"product_tag-bulk-ramekins","9":"first","10":"instock","11":"shipping-taxable","12":"product-type-simple"},"acf":[],"_links":{"self":[{"href":"https:\/\/jinhuaceramic.com\/fr\/wp-json\/wp\/v2\/product\/7190","targetHints":{"allow":["GET"]}}],"collection":[{"href":"https:\/\/jinhuaceramic.com\/fr\/wp-json\/wp\/v2\/product"}],"about":[{"href":"https:\/\/jinhuaceramic.com\/fr\/wp-json\/wp\/v2\/types\/product"}],"replies":[{"embeddable":true,"href":"https:\/\/jinhuaceramic.com\/fr\/wp-json\/wp\/v2\/comments?post=7190"}],"version-history":[{"count":0,"href":"https:\/\/jinhuaceramic.com\/fr\/wp-json\/wp\/v2\/product\/7190\/revisions"}],"wp:featuredmedia":[{"embeddable":true,"href":"https:\/\/jinhuaceramic.com\/fr\/wp-json\/wp\/v2\/media\/7198"}],"wp:attachment":[{"href":"https:\/\/jinhuaceramic.com\/fr\/wp-json\/wp\/v2\/media?parent=7190"}],"wp:term":[{"taxonomy":"product_brand","embeddable":true,"href":"https:\/\/jinhuaceramic.com\/fr\/wp-json\/wp\/v2\/product_brand?post=7190"},{"taxonomy":"product_cat","embeddable":true,"href":"https:\/\/jinhuaceramic.com\/fr\/wp-json\/wp\/v2\/product_cat?post=7190"},{"taxonomy":"product_tag","embeddable":true,"href":"https:\/\/jinhuaceramic.com\/fr\/wp-json\/wp\/v2\/product_tag?post=7190"}],"curies":[{"name":"wp","href":"https:\/\/api.w.org\/{rel}","templated":true}]}}