{"id":7208,"date":"2024-11-25T08:53:39","date_gmt":"2024-11-25T08:53:39","guid":{"rendered":"https:\/\/jinhuaceramic.com\/?post_type=product&#038;p=7208"},"modified":"2024-11-25T08:53:41","modified_gmt":"2024-11-25T08:53:41","slug":"bulk-liquid-soap-dispenser","status":"publish","type":"product","link":"https:\/\/jinhuaceramic.com\/fr\/product\/bulk-liquid-soap-dispenser\/","title":{"rendered":"Distributeur de savon liquide en vrac, Distributeur de mousse en c\u00e9ramique Bouteille en gros"},"content":{"rendered":"<div class=\"wp-block-columns is-layout-flex wp-container-core-columns-is-layout-9d6595d7 wp-block-columns-is-layout-flex\">\n<div class=\"wp-block-column is-layout-flow wp-block-column-is-layout-flow\">\n<h3 class=\"wp-block-heading\">Distributeur de savon liquide en vrac Premium Caract\u00e9ristiques :<\/h3>\n\n\n\n<ul class=\"wp-block-list\">\n<li><strong>Design moderne : <\/strong>La forme g\u00e9n\u00e9rale de ces distributeurs de savon liquide en vrac est simple, lisse, avec des lignes douces et sans d\u00e9coration excessive. La t\u00eate de pompe dor\u00e9e ajoute une touche de luxe \u00e0 ce distributeur de savon. Ils s'adaptent parfaitement \u00e0 diff\u00e9rents styles d'int\u00e9rieur et contribuent \u00e0 la beaut\u00e9 g\u00e9n\u00e9rale de la salle de bains ou des toilettes.<\/li>\n\n\n\n<li><strong>Diverses couleurs : <\/strong>Couleurs vari\u00e9es : Cette bouteille distributrice de mousse en c\u00e9ramique contient diverses couleurs comme le vert, le gris, le blanc et le noir pour r\u00e9pondre aux pr\u00e9f\u00e9rences et aux styles de diff\u00e9rentes personnes et maisons. En tant que fabricant, nous pouvons \u00e9galement personnaliser d'autres couleurs ou ajouter des logos de marque selon les besoins du client.<\/li>\n\n\n\n<li><strong>Mat\u00e9riau c\u00e9ramique de haute qualit\u00e9 : <\/strong>Ces distributeurs modernes de savon liquide en vrac sont dot\u00e9s d'une c\u00e9ramique de haute qualit\u00e9, r\u00e9sistante, facile \u00e0 nettoyer et bien \u00e9tanche pour emp\u00eacher efficacement les fuites de savon.<\/li>\n\n\n\n<li><strong>Pratique : <\/strong>Ce distributeur de mousse en c\u00e9ramique est \u00e9quip\u00e9 d'une t\u00eate de pompe rotative \u00e0 360 degr\u00e9s. Il est facile \u00e0 presser et la sortie du liquide est stable, ce qui le rend facile \u00e0 utiliser. Le distributeur de savon \u00e0 main peut \u00eatre utilis\u00e9 non seulement pour distribuer du savon \u00e0 main mais aussi pour contenir du gel douche, du shampoing, de la lotion, etc. De plus, les distributeurs de savon en c\u00e9ramique sont faciles \u00e0 nettoyer et peuvent \u00eatre r\u00e9utilis\u00e9s, ce qui est tr\u00e8s pratique.<\/li>\n<\/ul>\n<\/div>\n\n\n\n<div class=\"wp-block-column is-layout-flow wp-block-column-is-layout-flow\">\n<figure class=\"wp-block-image size-full\"><img fetchpriority=\"high\" decoding=\"async\" width=\"1000\" height=\"1000\" src=\"https:\/\/jinhuaceramic.com\/wp-content\/uploads\/2024\/11\/Bulk-Modern-Custom-Liquid-Soap-Dispenser-Ceramic-Soap-Bottle-For-Bathroom-2_\u7ed3\u679c.webp\" alt=\"Distributeur de savon liquide en vrac, Distributeur de mousse en c\u00e9ramique Wholesale-1\" class=\"wp-image-7209\" srcset=\"https:\/\/jinhuaceramic.com\/wp-content\/uploads\/2024\/11\/Bulk-Modern-Custom-Liquid-Soap-Dispenser-Ceramic-Soap-Bottle-For-Bathroom-2_\u7ed3\u679c.webp 1000w, https:\/\/jinhuaceramic.com\/wp-content\/uploads\/2024\/11\/Bulk-Modern-Custom-Liquid-Soap-Dispenser-Ceramic-Soap-Bottle-For-Bathroom-2_\u7ed3\u679c-300x300.webp 300w, https:\/\/jinhuaceramic.com\/wp-content\/uploads\/2024\/11\/Bulk-Modern-Custom-Liquid-Soap-Dispenser-Ceramic-Soap-Bottle-For-Bathroom-2_\u7ed3\u679c-150x150.webp 150w, https:\/\/jinhuaceramic.com\/wp-content\/uploads\/2024\/11\/Bulk-Modern-Custom-Liquid-Soap-Dispenser-Ceramic-Soap-Bottle-For-Bathroom-2_\u7ed3\u679c-768x768.webp 768w, https:\/\/jinhuaceramic.com\/wp-content\/uploads\/2024\/11\/Bulk-Modern-Custom-Liquid-Soap-Dispenser-Ceramic-Soap-Bottle-For-Bathroom-2_\u7ed3\u679c-12x12.webp 12w, https:\/\/jinhuaceramic.com\/wp-content\/uploads\/2024\/11\/Bulk-Modern-Custom-Liquid-Soap-Dispenser-Ceramic-Soap-Bottle-For-Bathroom-2_\u7ed3\u679c-285x285.webp 285w, https:\/\/jinhuaceramic.com\/wp-content\/uploads\/2024\/11\/Bulk-Modern-Custom-Liquid-Soap-Dispenser-Ceramic-Soap-Bottle-For-Bathroom-2_\u7ed3\u679c-270x270.webp 270w, https:\/\/jinhuaceramic.com\/wp-content\/uploads\/2024\/11\/Bulk-Modern-Custom-Liquid-Soap-Dispenser-Ceramic-Soap-Bottle-For-Bathroom-2_\u7ed3\u679c-540x540.webp 540w, https:\/\/jinhuaceramic.com\/wp-content\/uploads\/2024\/11\/Bulk-Modern-Custom-Liquid-Soap-Dispenser-Ceramic-Soap-Bottle-For-Bathroom-2_\u7ed3\u679c-660x660.webp 660w\" sizes=\"(max-width: 1000px) 100vw, 1000px\" \/><\/figure>\n<\/div>\n<\/div>","protected":false},"excerpt":{"rendered":"<p>Bienvenue sur le march\u00e9 de la vente en gros de distributeurs de mousse. Ces distributeurs de savon liquide en vrac sont populaires sur le march\u00e9 en raison de leurs couleurs vari\u00e9es, de leur apparence exquise, de leur mat\u00e9riau durable et de leur fonction pratique. Outre les fonctions de base des distributeurs de savon, ces produits ont \u00e9galement un effet d\u00e9coratif, qui peut \u00eatre utilis\u00e9 comme d\u00e9coration dans les salles de bains ou les toilettes pour rehausser le style de l'espace.<\/p>","protected":false},"featured_media":7215,"comment_status":"closed","ping_status":"closed","template":"","meta":{"_acf_changed":false},"product_brand":[],"product_cat":[51],"product_tag":[73],"class_list":{"0":"post-7208","1":"product","2":"type-product","3":"status-publish","4":"has-post-thumbnail","6":"product_cat-bathroom-accessories-wholesale","7":"product_tag-custom-soap-dispensers","9":"first","10":"instock","11":"shipping-taxable","12":"product-type-simple"},"acf":[],"_links":{"self":[{"href":"https:\/\/jinhuaceramic.com\/fr\/wp-json\/wp\/v2\/product\/7208","targetHints":{"allow":["GET"]}}],"collection":[{"href":"https:\/\/jinhuaceramic.com\/fr\/wp-json\/wp\/v2\/product"}],"about":[{"href":"https:\/\/jinhuaceramic.com\/fr\/wp-json\/wp\/v2\/types\/product"}],"replies":[{"embeddable":true,"href":"https:\/\/jinhuaceramic.com\/fr\/wp-json\/wp\/v2\/comments?post=7208"}],"version-history":[{"count":0,"href":"https:\/\/jinhuaceramic.com\/fr\/wp-json\/wp\/v2\/product\/7208\/revisions"}],"wp:featuredmedia":[{"embeddable":true,"href":"https:\/\/jinhuaceramic.com\/fr\/wp-json\/wp\/v2\/media\/7215"}],"wp:attachment":[{"href":"https:\/\/jinhuaceramic.com\/fr\/wp-json\/wp\/v2\/media?parent=7208"}],"wp:term":[{"taxonomy":"product_brand","embeddable":true,"href":"https:\/\/jinhuaceramic.com\/fr\/wp-json\/wp\/v2\/product_brand?post=7208"},{"taxonomy":"product_cat","embeddable":true,"href":"https:\/\/jinhuaceramic.com\/fr\/wp-json\/wp\/v2\/product_cat?post=7208"},{"taxonomy":"product_tag","embeddable":true,"href":"https:\/\/jinhuaceramic.com\/fr\/wp-json\/wp\/v2\/product_tag?post=7208"}],"curies":[{"name":"wp","href":"https:\/\/api.w.org\/{rel}","templated":true}]}}