{"id":7229,"date":"2024-11-27T10:20:55","date_gmt":"2024-11-27T10:20:55","guid":{"rendered":"https:\/\/jinhuaceramic.com\/?post_type=product&#038;p=7229"},"modified":"2025-03-11T08:02:01","modified_gmt":"2025-03-11T08:02:01","slug":"wholesale-baking-dishes-set","status":"publish","type":"product","link":"https:\/\/jinhuaceramic.com\/fr\/product\/wholesale-baking-dishes-set\/","title":{"rendered":"Ensemble de plats de cuisson empilables en gros, c\u00e9ramique pour p\u00e2tisserie en vrac"},"content":{"rendered":"<div class=\"wp-block-columns is-layout-flex wp-container-core-columns-is-layout-9d6595d7 wp-block-columns-is-layout-flex\">\n<div class=\"wp-block-column is-layout-flow wp-block-column-is-layout-flow\">\n<h3 class=\"wp-block-heading\">Set de plats de cuisson Premium Wholesale Caract\u00e9ristiques :<\/h3>\n\n\n\n<ul class=\"wp-block-list\">\n<li><strong>Design \u00e9l\u00e9gant : <\/strong>La combinaison de couleurs noir et marron de ces sets de plats de cuisson en gros est \u00e0 la fois discr\u00e8te et \u00e9l\u00e9gante, ce qui peut donner une touche de modernit\u00e9 \u00e0 la cuisine. En outre, l'association du blanc et du marron ajoute de la fra\u00eecheur et de l'\u00e9l\u00e9gance \u00e0 la cuisine. Ces plats de cuisson en c\u00e9ramique de qualit\u00e9 sup\u00e9rieure peuvent am\u00e9liorer le rituel du repas et le plaisir de la table.<\/li>\n\n\n\n<li><strong>Mat\u00e9riau c\u00e9ramique de haute qualit\u00e9 :<\/strong> Compar\u00e9s aux plateaux de cuisson en m\u00e9tal ou en silicone, ces plats de cuisson en c\u00e9ramique sont durables, ont une longue dur\u00e9e de vie et une excellente texture. En outre, la surface des plats de cuisson en c\u00e9ramique est lisse et facile \u00e0 nettoyer.<\/li>\n\n\n\n<li><strong>Diverses tailles : <\/strong>Chaque ensemble de plats de cuisson en gros comprend trois moules de tailles diff\u00e9rentes pour diff\u00e9rents types de produits de boulangerie et de p\u00e2tisserie. Pour une plus grande quantit\u00e9 d'ingr\u00e9dients, chaque moule est con\u00e7u avec une profondeur suppl\u00e9mentaire. Le moule long est parfait pour le pain, comme le pain aux bananes ; le moule carr\u00e9 est id\u00e9al pour les desserts comme les brownies, et les grands moules sont parfaits pour les plats qui n\u00e9cessitent de l'espace, comme les lasagnes.<\/li>\n\n\n\n<li><strong>Poign\u00e9es pratiques et empilables : <\/strong>Ces moules \u00e0 p\u00e2tisserie en c\u00e9ramique sont dot\u00e9s de deux poign\u00e9es qui facilitent la manipulation et le d\u00e9placement pour \u00e9viter les br\u00fblures. Lorsqu'ils ne sont pas utilis\u00e9s, les trois formats peuvent \u00eatre empil\u00e9s pour \u00e9conomiser de l'espace dans les armoires.<\/li>\n<\/ul>\n<\/div>\n\n\n\n<div class=\"wp-block-column is-layout-flow wp-block-column-is-layout-flow\">\n<figure class=\"wp-block-image size-full\"><img fetchpriority=\"high\" decoding=\"async\" width=\"1250\" height=\"1500\" src=\"https:\/\/jinhuaceramic.com\/wp-content\/uploads\/2024\/11\/Wholesale-Custom-Stackable-Baking-Dishes-Set-Ceramic-Bakeware-Supplies-3_\u7ed3\u679c.webp\" alt=\"Ensemble de plats de cuisson empilables, c\u00e9ramique pour p\u00e2tisserie Bulk-1\" class=\"wp-image-7231\" srcset=\"https:\/\/jinhuaceramic.com\/wp-content\/uploads\/2024\/11\/Wholesale-Custom-Stackable-Baking-Dishes-Set-Ceramic-Bakeware-Supplies-3_\u7ed3\u679c.webp 1250w, https:\/\/jinhuaceramic.com\/wp-content\/uploads\/2024\/11\/Wholesale-Custom-Stackable-Baking-Dishes-Set-Ceramic-Bakeware-Supplies-3_\u7ed3\u679c-250x300.webp 250w, https:\/\/jinhuaceramic.com\/wp-content\/uploads\/2024\/11\/Wholesale-Custom-Stackable-Baking-Dishes-Set-Ceramic-Bakeware-Supplies-3_\u7ed3\u679c-768x922.webp 768w, https:\/\/jinhuaceramic.com\/wp-content\/uploads\/2024\/11\/Wholesale-Custom-Stackable-Baking-Dishes-Set-Ceramic-Bakeware-Supplies-3_\u7ed3\u679c-10x12.webp 10w, https:\/\/jinhuaceramic.com\/wp-content\/uploads\/2024\/11\/Wholesale-Custom-Stackable-Baking-Dishes-Set-Ceramic-Bakeware-Supplies-3_\u7ed3\u679c-285x342.webp 285w, https:\/\/jinhuaceramic.com\/wp-content\/uploads\/2024\/11\/Wholesale-Custom-Stackable-Baking-Dishes-Set-Ceramic-Bakeware-Supplies-3_\u7ed3\u679c-550x660.webp 550w, https:\/\/jinhuaceramic.com\/wp-content\/uploads\/2024\/11\/Wholesale-Custom-Stackable-Baking-Dishes-Set-Ceramic-Bakeware-Supplies-3_\u7ed3\u679c-125x150.webp 125w\" sizes=\"(max-width: 1250px) 100vw, 1250px\" \/><\/figure>\n<\/div>\n<\/div>","protected":false},"excerpt":{"rendered":"<p>Bienvenue sur le site d'achat de plats de cuisson en gros. La conception de ces plats de cuisson en gros prend en compte les besoins r\u00e9els des utilisateurs, en combinant parfaitement l'aspect pratique et l'esth\u00e9tique. Ces ensembles de plats de cuisson en c\u00e9ramique ont des designs vari\u00e9s et des fonctions riches pour r\u00e9pondre aux diff\u00e9rents besoins de cuisson. Qu'il s'agisse de cuisine domestique ou professionnelle, cet ensemble de plats de cuisson est un choix fiable.<\/p>","protected":false},"featured_media":7235,"comment_status":"closed","ping_status":"closed","template":"","meta":{"_acf_changed":false},"product_brand":[],"product_cat":[53],"product_tag":[71],"class_list":{"0":"post-7229","1":"product","2":"type-product","3":"status-publish","4":"has-post-thumbnail","6":"product_cat-bakeware-in-bulk","7":"product_tag-wholesale-baking-pans","9":"first","10":"instock","11":"shipping-taxable","12":"product-type-simple"},"acf":[],"_links":{"self":[{"href":"https:\/\/jinhuaceramic.com\/fr\/wp-json\/wp\/v2\/product\/7229","targetHints":{"allow":["GET"]}}],"collection":[{"href":"https:\/\/jinhuaceramic.com\/fr\/wp-json\/wp\/v2\/product"}],"about":[{"href":"https:\/\/jinhuaceramic.com\/fr\/wp-json\/wp\/v2\/types\/product"}],"replies":[{"embeddable":true,"href":"https:\/\/jinhuaceramic.com\/fr\/wp-json\/wp\/v2\/comments?post=7229"}],"version-history":[{"count":0,"href":"https:\/\/jinhuaceramic.com\/fr\/wp-json\/wp\/v2\/product\/7229\/revisions"}],"wp:featuredmedia":[{"embeddable":true,"href":"https:\/\/jinhuaceramic.com\/fr\/wp-json\/wp\/v2\/media\/7235"}],"wp:attachment":[{"href":"https:\/\/jinhuaceramic.com\/fr\/wp-json\/wp\/v2\/media?parent=7229"}],"wp:term":[{"taxonomy":"product_brand","embeddable":true,"href":"https:\/\/jinhuaceramic.com\/fr\/wp-json\/wp\/v2\/product_brand?post=7229"},{"taxonomy":"product_cat","embeddable":true,"href":"https:\/\/jinhuaceramic.com\/fr\/wp-json\/wp\/v2\/product_cat?post=7229"},{"taxonomy":"product_tag","embeddable":true,"href":"https:\/\/jinhuaceramic.com\/fr\/wp-json\/wp\/v2\/product_tag?post=7229"}],"curies":[{"name":"wp","href":"https:\/\/api.w.org\/{rel}","templated":true}]}}