{"id":7238,"date":"2024-11-27T10:31:38","date_gmt":"2024-11-27T10:31:38","guid":{"rendered":"https:\/\/jinhuaceramic.com\/?post_type=product&#038;p=7238"},"modified":"2025-03-11T07:50:32","modified_gmt":"2025-03-11T07:50:32","slug":"custom-size-baking-pans","status":"publish","type":"product","link":"https:\/\/jinhuaceramic.com\/fr\/product\/custom-size-baking-pans\/","title":{"rendered":"Plaques \u00e0 p\u00e2tisserie antiadh\u00e9sives sur mesure, Ramequins en c\u00e9ramique Wholesale"},"content":{"rendered":"<div class=\"wp-block-columns is-layout-flex wp-container-core-columns-is-layout-9d6595d7 wp-block-columns-is-layout-flex\">\n<div class=\"wp-block-column is-layout-flow wp-block-column-is-layout-flow\">\n<h3 class=\"wp-block-heading\">Plaques \u00e0 p\u00e2tisserie Premium de taille personnalis\u00e9e Caract\u00e9ristiques :<\/h3>\n\n\n\n<ul class=\"wp-block-list\">\n<li><strong>Design \u00e9l\u00e9gant : <\/strong>Ces moules \u00e0 p\u00e2tisserie en c\u00e9ramique de taille personnalis\u00e9e sont rectangulaires, avec des bords l\u00e9g\u00e8rement incurv\u00e9s et des lignes lisses. L'\u00e9mail est couvert de petites taches de tailles diff\u00e9rentes et r\u00e9guli\u00e8rement espac\u00e9es, ce qui donne \u00e0 ces moules un aspect plus naturel, comme s'il s'agissait d'une c\u00e9ramique faite \u00e0 la main. Le bord du moule est entour\u00e9 d'un cercle de lignes brunes, ce qui ajoute \u00e0 la beaut\u00e9 et \u00e0 la stratification du moule.<\/li>\n\n\n\n<li><strong>Diverses couleurs :<\/strong> Ces ramequins en c\u00e9ramique sont disponibles en gros dans des couleurs douces et attrayantes telles que le vert fonc\u00e9, le rose, le rose clair, le jaune et bien d'autres encore, qui ajoutent de la couleur \u00e0 la cuisine et du piquant aux repas.<\/li>\n\n\n\n<li><strong>Mat\u00e9riau de haute qualit\u00e9 : <\/strong>Cuits \u00e0 haute temp\u00e9rature avec de l'argile c\u00e9ramique de haute qualit\u00e9, dure et durable, ni facile \u00e0 d\u00e9former ni \u00e0 casser, nos moules \u00e0 p\u00e2tisserie sont disponibles en gros pour des tailles personnalis\u00e9es. Le gla\u00e7age est lisse et antiadh\u00e9sif ; le moule de cuisson est tr\u00e8s facile \u00e0 nettoyer.<\/li>\n\n\n\n<li><strong>Polyvalence : <\/strong>Ces ramequins en c\u00e9ramique peuvent aller au four, au micro-ondes et au cong\u00e9lateur, ce qui les rend tr\u00e8s polyvalents. Disponibles en petits et grands formats, ces moules \u00e0 p\u00e2tisserie personnalis\u00e9s sont parfaits pour pr\u00e9parer des recettes de petite ou de grande taille, en fonction du nombre de personnes que vous servez.<\/li>\n<\/ul>\n<\/div>\n\n\n\n<div class=\"wp-block-column is-layout-flow wp-block-column-is-layout-flow\">\n<figure class=\"wp-block-image size-full\"><img fetchpriority=\"high\" decoding=\"async\" width=\"800\" height=\"800\" src=\"https:\/\/jinhuaceramic.com\/wp-content\/uploads\/2024\/11\/Nonstick-Ceramic-Custom-Baking-Pan-Wholesale-Baking-Dish-Bakeware-Supplies-6_\u7ed3\u679c.webp\" alt=\"Plaques \u00e0 p\u00e2tisserie antiadh\u00e9sives, Ramequins en c\u00e9ramique Wholesale-6\" class=\"wp-image-7243\" srcset=\"https:\/\/jinhuaceramic.com\/wp-content\/uploads\/2024\/11\/Nonstick-Ceramic-Custom-Baking-Pan-Wholesale-Baking-Dish-Bakeware-Supplies-6_\u7ed3\u679c.webp 800w, https:\/\/jinhuaceramic.com\/wp-content\/uploads\/2024\/11\/Nonstick-Ceramic-Custom-Baking-Pan-Wholesale-Baking-Dish-Bakeware-Supplies-6_\u7ed3\u679c-300x300.webp 300w, https:\/\/jinhuaceramic.com\/wp-content\/uploads\/2024\/11\/Nonstick-Ceramic-Custom-Baking-Pan-Wholesale-Baking-Dish-Bakeware-Supplies-6_\u7ed3\u679c-150x150.webp 150w, https:\/\/jinhuaceramic.com\/wp-content\/uploads\/2024\/11\/Nonstick-Ceramic-Custom-Baking-Pan-Wholesale-Baking-Dish-Bakeware-Supplies-6_\u7ed3\u679c-768x768.webp 768w, https:\/\/jinhuaceramic.com\/wp-content\/uploads\/2024\/11\/Nonstick-Ceramic-Custom-Baking-Pan-Wholesale-Baking-Dish-Bakeware-Supplies-6_\u7ed3\u679c-12x12.webp 12w, https:\/\/jinhuaceramic.com\/wp-content\/uploads\/2024\/11\/Nonstick-Ceramic-Custom-Baking-Pan-Wholesale-Baking-Dish-Bakeware-Supplies-6_\u7ed3\u679c-285x285.webp 285w, https:\/\/jinhuaceramic.com\/wp-content\/uploads\/2024\/11\/Nonstick-Ceramic-Custom-Baking-Pan-Wholesale-Baking-Dish-Bakeware-Supplies-6_\u7ed3\u679c-270x270.webp 270w, https:\/\/jinhuaceramic.com\/wp-content\/uploads\/2024\/11\/Nonstick-Ceramic-Custom-Baking-Pan-Wholesale-Baking-Dish-Bakeware-Supplies-6_\u7ed3\u679c-540x540.webp 540w, https:\/\/jinhuaceramic.com\/wp-content\/uploads\/2024\/11\/Nonstick-Ceramic-Custom-Baking-Pan-Wholesale-Baking-Dish-Bakeware-Supplies-6_\u7ed3\u679c-660x660.webp 660w\" sizes=\"(max-width: 800px) 100vw, 800px\" \/><\/figure>\n<\/div>\n<\/div>","protected":false},"excerpt":{"rendered":"<p>Nous vous invitons \u00e0 acheter des moules \u00e0 p\u00e2tisserie de taille personnalis\u00e9e. Ces ramequins en c\u00e9ramique ont les avantages suivants : couleurs vari\u00e9es, design \u00e9l\u00e9gant, structure en c\u00e9ramique durable, polyvalence, etc. Alliant esth\u00e9tique et praticit\u00e9, ces moules \u00e0 p\u00e2tisserie personnalis\u00e9s en c\u00e9ramique sont des articles de cuisine essentiels et conviennent parfaitement \u00e0 un usage domestique ou dans un restaurant.<\/p>","protected":false},"featured_media":7240,"comment_status":"closed","ping_status":"closed","template":"","meta":{"_acf_changed":false},"product_brand":[],"product_cat":[53],"product_tag":[69,71],"class_list":{"0":"post-7238","1":"product","2":"type-product","3":"status-publish","4":"has-post-thumbnail","6":"product_cat-bakeware-in-bulk","7":"product_tag-bulk-ramekins","8":"product_tag-wholesale-baking-pans","10":"first","11":"instock","12":"shipping-taxable","13":"product-type-simple"},"acf":[],"_links":{"self":[{"href":"https:\/\/jinhuaceramic.com\/fr\/wp-json\/wp\/v2\/product\/7238","targetHints":{"allow":["GET"]}}],"collection":[{"href":"https:\/\/jinhuaceramic.com\/fr\/wp-json\/wp\/v2\/product"}],"about":[{"href":"https:\/\/jinhuaceramic.com\/fr\/wp-json\/wp\/v2\/types\/product"}],"replies":[{"embeddable":true,"href":"https:\/\/jinhuaceramic.com\/fr\/wp-json\/wp\/v2\/comments?post=7238"}],"version-history":[{"count":0,"href":"https:\/\/jinhuaceramic.com\/fr\/wp-json\/wp\/v2\/product\/7238\/revisions"}],"wp:featuredmedia":[{"embeddable":true,"href":"https:\/\/jinhuaceramic.com\/fr\/wp-json\/wp\/v2\/media\/7240"}],"wp:attachment":[{"href":"https:\/\/jinhuaceramic.com\/fr\/wp-json\/wp\/v2\/media?parent=7238"}],"wp:term":[{"taxonomy":"product_brand","embeddable":true,"href":"https:\/\/jinhuaceramic.com\/fr\/wp-json\/wp\/v2\/product_brand?post=7238"},{"taxonomy":"product_cat","embeddable":true,"href":"https:\/\/jinhuaceramic.com\/fr\/wp-json\/wp\/v2\/product_cat?post=7238"},{"taxonomy":"product_tag","embeddable":true,"href":"https:\/\/jinhuaceramic.com\/fr\/wp-json\/wp\/v2\/product_tag?post=7238"}],"curies":[{"name":"wp","href":"https:\/\/api.w.org\/{rel}","templated":true}]}}