{"id":7288,"date":"2024-11-28T08:20:31","date_gmt":"2024-11-28T08:20:31","guid":{"rendered":"https:\/\/jinhuaceramic.com\/?post_type=product&#038;p=7288"},"modified":"2024-11-28T08:20:53","modified_gmt":"2024-11-28T08:20:53","slug":"wholesale-soap-dispenser-bottles","status":"publish","type":"product","link":"https:\/\/jinhuaceramic.com\/fr\/product\/wholesale-soap-dispenser-bottles\/","title":{"rendered":"Distributeur de savon en c\u00e9ramique avec support d'\u00e9ponge"},"content":{"rendered":"<div class=\"wp-block-columns is-layout-flex wp-container-core-columns-is-layout-9d6595d7 wp-block-columns-is-layout-flex\">\n<div class=\"wp-block-column is-layout-flow wp-block-column-is-layout-flow\">\n<h3 class=\"wp-block-heading\">Premium Wholesale Soap Dispenser Bottles Caract\u00e9ristiques :<\/h3>\n\n\n\n<ul class=\"wp-block-list\">\n<li><strong>Conception deux en un : <\/strong>Ces distributeurs de savon en gros combinent de mani\u00e8re cr\u00e9ative la fonction de distributeur de savon et de porte-\u00e9ponge, ce qui permet d'utiliser pleinement l'espace \u00e0 c\u00f4t\u00e9 des \u00e9viers et de r\u00e9duire l'encombrement sur les plans de travail. La cuisine et la salle de bains restent ainsi impeccables. En outre, le porte-\u00e9ponges peut contenir non seulement des \u00e9ponges, mais aussi d'autres petites brosses ou du savon solide.<\/li>\n\n\n\n<li><strong>Couleurs polyvalentes :<\/strong> La couleur de ces distributeurs de soupe en vrac est moderne, simple et disponible en deux couleurs polyvalentes : blanc et noir. Ces couleurs s'int\u00e8grent parfaitement \u00e0 diff\u00e9rents styles de d\u00e9coration int\u00e9rieure et rehaussent la beaut\u00e9 de l'espace.<\/li>\n\n\n\n<li><strong>Mat\u00e9riau c\u00e9ramique de haute qualit\u00e9 :<\/strong> La c\u00e9ramique de haute qualit\u00e9 est utilis\u00e9e pour fabriquer nos distributeurs de savon en gros avec porte-\u00e9ponges. Il est durable et r\u00e9utilisable, avec une surface lisse pour un nettoyage facile, simplement avec un chiffon humide.<\/li>\n\n\n\n<li><strong>Fonctionnel et pratique : <\/strong>Nos distributeurs de soupe en vrac peuvent \u00eatre remplis de savons liquides tels que le liquide vaisselle, le savon pour les mains et le gel douche, et peuvent servir aussi bien dans la salle de bains que dans la cuisine. Placez une bouteille de liquide vaisselle et une \u00e9ponge \u00e0 l'int\u00e9rieur pendant que vous faites la vaisselle, pour une accessibilit\u00e9 et une commodit\u00e9 accrues tout au long du processus de lavage. La pression est douce et l'orifice de distribution du liquide est stable. En m\u00eame temps, les doses pr\u00e9cises de liquide vaisselle sont garanties pour \u00e9viter le gaspillage - une conception tr\u00e8s pratique.<\/li>\n<\/ul>\n<\/div>\n\n\n\n<div class=\"wp-block-column is-layout-flow wp-block-column-is-layout-flow\">\n<figure class=\"wp-block-image size-full\"><img fetchpriority=\"high\" decoding=\"async\" width=\"760\" height=\"760\" src=\"https:\/\/jinhuaceramic.com\/wp-content\/uploads\/2024\/11\/Bulk-Custom-Ceramic-Soap-Dispenser-With-Sponge-Holder-For-Bathroom-Kitchen-7_\u7ed3\u679c.webp\" alt=\"Distributeur de savon en c\u00e9ramique avec support d&#039;\u00e9ponge-1\" class=\"wp-image-7294\" srcset=\"https:\/\/jinhuaceramic.com\/wp-content\/uploads\/2024\/11\/Bulk-Custom-Ceramic-Soap-Dispenser-With-Sponge-Holder-For-Bathroom-Kitchen-7_\u7ed3\u679c.webp 760w, https:\/\/jinhuaceramic.com\/wp-content\/uploads\/2024\/11\/Bulk-Custom-Ceramic-Soap-Dispenser-With-Sponge-Holder-For-Bathroom-Kitchen-7_\u7ed3\u679c-300x300.webp 300w, https:\/\/jinhuaceramic.com\/wp-content\/uploads\/2024\/11\/Bulk-Custom-Ceramic-Soap-Dispenser-With-Sponge-Holder-For-Bathroom-Kitchen-7_\u7ed3\u679c-150x150.webp 150w, https:\/\/jinhuaceramic.com\/wp-content\/uploads\/2024\/11\/Bulk-Custom-Ceramic-Soap-Dispenser-With-Sponge-Holder-For-Bathroom-Kitchen-7_\u7ed3\u679c-12x12.webp 12w, https:\/\/jinhuaceramic.com\/wp-content\/uploads\/2024\/11\/Bulk-Custom-Ceramic-Soap-Dispenser-With-Sponge-Holder-For-Bathroom-Kitchen-7_\u7ed3\u679c-285x285.webp 285w, https:\/\/jinhuaceramic.com\/wp-content\/uploads\/2024\/11\/Bulk-Custom-Ceramic-Soap-Dispenser-With-Sponge-Holder-For-Bathroom-Kitchen-7_\u7ed3\u679c-270x270.webp 270w, https:\/\/jinhuaceramic.com\/wp-content\/uploads\/2024\/11\/Bulk-Custom-Ceramic-Soap-Dispenser-With-Sponge-Holder-For-Bathroom-Kitchen-7_\u7ed3\u679c-540x540.webp 540w, https:\/\/jinhuaceramic.com\/wp-content\/uploads\/2024\/11\/Bulk-Custom-Ceramic-Soap-Dispenser-With-Sponge-Holder-For-Bathroom-Kitchen-7_\u7ed3\u679c-660x660.webp 660w\" sizes=\"(max-width: 760px) 100vw, 760px\" \/><\/figure>\n<\/div>\n<\/div>","protected":false},"excerpt":{"rendered":"<p>Ces distributeurs de savon en gros sont \u00e0 la fois des distributeurs de savon et des porte-\u00e9ponges, tr\u00e8s pratiques. En m\u00eame temps, les couleurs vari\u00e9es et le design moderne en font une grande d\u00e9coration d'int\u00e9rieur. Si vous \u00eates \u00e0 la recherche de distributeurs de savon \u00e0 la fois beaux et pratiques, ce produit doit \u00eatre votre meilleur choix.<\/p>","protected":false},"featured_media":7291,"comment_status":"closed","ping_status":"closed","template":"","meta":{"_acf_changed":false},"product_brand":[],"product_cat":[51],"product_tag":[73],"class_list":{"0":"post-7288","1":"product","2":"type-product","3":"status-publish","4":"has-post-thumbnail","6":"product_cat-bathroom-accessories-wholesale","7":"product_tag-custom-soap-dispensers","9":"first","10":"instock","11":"shipping-taxable","12":"product-type-simple"},"acf":[],"_links":{"self":[{"href":"https:\/\/jinhuaceramic.com\/fr\/wp-json\/wp\/v2\/product\/7288","targetHints":{"allow":["GET"]}}],"collection":[{"href":"https:\/\/jinhuaceramic.com\/fr\/wp-json\/wp\/v2\/product"}],"about":[{"href":"https:\/\/jinhuaceramic.com\/fr\/wp-json\/wp\/v2\/types\/product"}],"replies":[{"embeddable":true,"href":"https:\/\/jinhuaceramic.com\/fr\/wp-json\/wp\/v2\/comments?post=7288"}],"version-history":[{"count":0,"href":"https:\/\/jinhuaceramic.com\/fr\/wp-json\/wp\/v2\/product\/7288\/revisions"}],"wp:featuredmedia":[{"embeddable":true,"href":"https:\/\/jinhuaceramic.com\/fr\/wp-json\/wp\/v2\/media\/7291"}],"wp:attachment":[{"href":"https:\/\/jinhuaceramic.com\/fr\/wp-json\/wp\/v2\/media?parent=7288"}],"wp:term":[{"taxonomy":"product_brand","embeddable":true,"href":"https:\/\/jinhuaceramic.com\/fr\/wp-json\/wp\/v2\/product_brand?post=7288"},{"taxonomy":"product_cat","embeddable":true,"href":"https:\/\/jinhuaceramic.com\/fr\/wp-json\/wp\/v2\/product_cat?post=7288"},{"taxonomy":"product_tag","embeddable":true,"href":"https:\/\/jinhuaceramic.com\/fr\/wp-json\/wp\/v2\/product_tag?post=7288"}],"curies":[{"name":"wp","href":"https:\/\/api.w.org\/{rel}","templated":true}]}}