{"id":7311,"date":"2024-11-29T09:35:21","date_gmt":"2024-11-29T09:35:21","guid":{"rendered":"https:\/\/jinhuaceramic.com\/?post_type=product&#038;p=7311"},"modified":"2025-01-16T06:24:09","modified_gmt":"2025-01-16T06:24:09","slug":"wholesale-dinnerware","status":"publish","type":"product","link":"https:\/\/jinhuaceramic.com\/fr\/product\/wholesale-dinnerware\/","title":{"rendered":"Wholesale Dinnerware, Catering Ceramic Plates and Bowls Bulk (assiettes et bols en c\u00e9ramique)"},"content":{"rendered":"<div class=\"wp-block-columns is-layout-flex wp-container-core-columns-is-layout-9d6595d7 wp-block-columns-is-layout-flex\">\n<div class=\"wp-block-column is-layout-flow wp-block-column-is-layout-flow\">\n<h3 class=\"wp-block-heading\">Premium Wholesale Dinnerware Caract\u00e9ristiques :<\/h3>\n\n\n\n<ul class=\"wp-block-list\">\n<li><strong>Design \u00e9l\u00e9gant :<\/strong> Ces assiettes et bols en c\u00e9ramique en vrac sont de forme arrondie et de couleur blanc tendre, ce qui leur conf\u00e8re un style simple. Les rayures verticales sur les c\u00f4t\u00e9s de la vaisselle, de couleur marron clair, ajoutent un charme naturel et rustique. Ce design harmonise parfaitement la modernit\u00e9 et la beaut\u00e9 naturelle, ce qui rehausse encore la beaut\u00e9 de la vaisselle.<\/li>\n\n\n\n<li><strong>Mat\u00e9riau c\u00e9ramique de haute qualit\u00e9 : <\/strong>La cuisson \u00e0 haute temp\u00e9rature les rend robustes et leur permet de r\u00e9sister \u00e0 la casse, tout en \u00e9tant faciles \u00e0 nettoyer gr\u00e2ce \u00e0 leur surface lisse. Cette vaisselle de qualit\u00e9 sup\u00e9rieure peut \u00eatre utilis\u00e9e au micro-ondes, au four, au r\u00e9frig\u00e9rateur et au lave-vaisselle.<\/li>\n\n\n\n<li><strong>Polyvalence : <\/strong>Notre ensemble d'assiettes et de bols en c\u00e9ramique se compose d'un bol et de deux tailles d'assiettes qui conviennent \u00e0 plusieurs types de repas. La grande assiette peut \u00eatre utilis\u00e9e pour les plats principaux, la petite pour les accompagnements et le bol pour la soupe ou le riz.<\/li>\n\n\n\n<li><strong>Personnalisation : <\/strong>Nous proposons des services de personnalisation de la vaisselle en gros dans diff\u00e9rentes couleurs, formes et motifs en fonction des besoins de nos clients, cr\u00e9ant ainsi des produits de vaisselle uniques pour vous.<\/li>\n<\/ul>\n<\/div>\n\n\n\n<div class=\"wp-block-column is-layout-flow wp-block-column-is-layout-flow\">\n<figure class=\"wp-block-image size-full\"><img fetchpriority=\"high\" decoding=\"async\" width=\"1000\" height=\"1500\" src=\"https:\/\/jinhuaceramic.com\/wp-content\/uploads\/2024\/11\/Wholesale-Dinnerware-Set-Ceramic-Tableware-Custom-Kitchen-Supplies_\u7ed3\u679c.webp\" alt=\"Vaisselle en gros, assiettes et bols en c\u00e9ramique pour la restauration Bulk-1\" class=\"wp-image-7317\" srcset=\"https:\/\/jinhuaceramic.com\/wp-content\/uploads\/2024\/11\/Wholesale-Dinnerware-Set-Ceramic-Tableware-Custom-Kitchen-Supplies_\u7ed3\u679c.webp 1000w, https:\/\/jinhuaceramic.com\/wp-content\/uploads\/2024\/11\/Wholesale-Dinnerware-Set-Ceramic-Tableware-Custom-Kitchen-Supplies_\u7ed3\u679c-200x300.webp 200w, https:\/\/jinhuaceramic.com\/wp-content\/uploads\/2024\/11\/Wholesale-Dinnerware-Set-Ceramic-Tableware-Custom-Kitchen-Supplies_\u7ed3\u679c-768x1152.webp 768w, https:\/\/jinhuaceramic.com\/wp-content\/uploads\/2024\/11\/Wholesale-Dinnerware-Set-Ceramic-Tableware-Custom-Kitchen-Supplies_\u7ed3\u679c-8x12.webp 8w, https:\/\/jinhuaceramic.com\/wp-content\/uploads\/2024\/11\/Wholesale-Dinnerware-Set-Ceramic-Tableware-Custom-Kitchen-Supplies_\u7ed3\u679c-285x428.webp 285w, https:\/\/jinhuaceramic.com\/wp-content\/uploads\/2024\/11\/Wholesale-Dinnerware-Set-Ceramic-Tableware-Custom-Kitchen-Supplies_\u7ed3\u679c-440x660.webp 440w, https:\/\/jinhuaceramic.com\/wp-content\/uploads\/2024\/11\/Wholesale-Dinnerware-Set-Ceramic-Tableware-Custom-Kitchen-Supplies_\u7ed3\u679c-100x150.webp 100w\" sizes=\"(max-width: 1000px) 100vw, 1000px\" \/><\/figure>\n<\/div>\n<\/div>","protected":false},"excerpt":{"rendered":"<p>Bienvenue sur le site d'achat de vaisselle en gros. Alliant praticit\u00e9 et esth\u00e9tique, ces assiettes et bols en c\u00e9ramique rehaussent non seulement les besoins quotidiens, mais aussi le sens du rituel de la table gr\u00e2ce \u00e0 leur style. Le style de cette vaisselle convient parfaitement aux personnes qui recherchent la simplicit\u00e9, la mode et une vie de qualit\u00e9.<\/p>","protected":false},"featured_media":7313,"comment_status":"closed","ping_status":"closed","template":"","meta":{"_acf_changed":false},"product_brand":[],"product_cat":[54,83],"product_tag":[78,76],"class_list":{"0":"post-7311","1":"product","2":"type-product","3":"status-publish","4":"has-post-thumbnail","6":"product_cat-tableware-wholesale","7":"product_cat-wholesale-dinnerware-sets","8":"product_tag-bulk-ceramic-bowls","9":"product_tag-dinner-plates-bulk","11":"first","12":"instock","13":"shipping-taxable","14":"product-type-simple"},"acf":[],"_links":{"self":[{"href":"https:\/\/jinhuaceramic.com\/fr\/wp-json\/wp\/v2\/product\/7311","targetHints":{"allow":["GET"]}}],"collection":[{"href":"https:\/\/jinhuaceramic.com\/fr\/wp-json\/wp\/v2\/product"}],"about":[{"href":"https:\/\/jinhuaceramic.com\/fr\/wp-json\/wp\/v2\/types\/product"}],"replies":[{"embeddable":true,"href":"https:\/\/jinhuaceramic.com\/fr\/wp-json\/wp\/v2\/comments?post=7311"}],"version-history":[{"count":0,"href":"https:\/\/jinhuaceramic.com\/fr\/wp-json\/wp\/v2\/product\/7311\/revisions"}],"wp:featuredmedia":[{"embeddable":true,"href":"https:\/\/jinhuaceramic.com\/fr\/wp-json\/wp\/v2\/media\/7313"}],"wp:attachment":[{"href":"https:\/\/jinhuaceramic.com\/fr\/wp-json\/wp\/v2\/media?parent=7311"}],"wp:term":[{"taxonomy":"product_brand","embeddable":true,"href":"https:\/\/jinhuaceramic.com\/fr\/wp-json\/wp\/v2\/product_brand?post=7311"},{"taxonomy":"product_cat","embeddable":true,"href":"https:\/\/jinhuaceramic.com\/fr\/wp-json\/wp\/v2\/product_cat?post=7311"},{"taxonomy":"product_tag","embeddable":true,"href":"https:\/\/jinhuaceramic.com\/fr\/wp-json\/wp\/v2\/product_tag?post=7311"}],"curies":[{"name":"wp","href":"https:\/\/api.w.org\/{rel}","templated":true}]}}