{"id":7324,"date":"2024-12-05T01:59:07","date_gmt":"2024-12-05T01:59:07","guid":{"rendered":"https:\/\/jinhuaceramic.com\/?post_type=product&#038;p=7324"},"modified":"2024-12-05T02:22:56","modified_gmt":"2024-12-05T02:22:56","slug":"ceramic-soap-dish-wholesale","status":"publish","type":"product","link":"https:\/\/jinhuaceramic.com\/fr\/product\/ceramic-soap-dish-wholesale\/","title":{"rendered":"Porte-savon en c\u00e9ramique en forme de coquillage Wholesale, Porte-savon de voyage Bulk"},"content":{"rendered":"<div class=\"wp-block-columns is-layout-flex wp-container-core-columns-is-layout-9d6595d7 wp-block-columns-is-layout-flex\">\n<div class=\"wp-block-column is-layout-flow wp-block-column-is-layout-flow\">\n<h3 class=\"wp-block-heading\">Porte-savon en c\u00e9ramique de premi\u00e8re qualit\u00e9 Caract\u00e9ristiques en gros :<\/h3>\n\n\n\n<ul class=\"wp-block-list\">\n<li><strong>Forme cr\u00e9ative :<\/strong> La forme de ce porte-savon en c\u00e9ramique imite la forme des coquillages. Il pr\u00e9sente une courbure et une texture excellentes qui les rendent si r\u00e9alistes, rappelant l'atmosph\u00e8re romantique de la plage. Il conf\u00e8re un caract\u00e8re naturel \u00e0 la salle de bains. Au centre de ce porte-savon se trouve une d\u00e9coration en forme de perle blanche, qui ajoute trois dimensions au porte-savon et le rend plus beau.<\/li>\n\n\n\n<li><strong>Diverses couleurs douces : <\/strong>Ce porte-savon de voyage en vrac est disponible dans des couleurs communes comme le rose, le blanc, le bleu clair, le violet, etc. qui donnent aux gens un sentiment de chaleur et de confort. En outre, ils conviennent parfaitement aux espaces priv\u00e9s tels que les salles de bains.<\/li>\n\n\n\n<li><strong>Mat\u00e9riau c\u00e9ramique de haute qualit\u00e9 : <\/strong>Ce porte-savon en c\u00e9ramique est fabriqu\u00e9 en gros \u00e0 partir d'un mat\u00e9riau c\u00e9ramique de haute qualit\u00e9, ce qui permet de le maintenir \u00e0 une temp\u00e9rature \u00e9lev\u00e9e et de le prot\u00e9ger contre l'\u00e9rosion sans le d\u00e9former. Il est non toxique et non v\u00e9n\u00e9neux et ne pr\u00e9sente aucun danger pour les \u00eatres humains.<\/li>\n\n\n\n<li><strong>Facile \u00e0 nettoyer : <\/strong>L'\u00e9mail d\u00e9licat de ce porte-savon de voyage en c\u00e9ramique n'abrite pas la salet\u00e9, de sorte que la salle de bains peut rester saine et hygi\u00e9nique simplement en la rin\u00e7ant \u00e0 l'eau claire.<\/li>\n<\/ul>\n<\/div>\n\n\n\n<div class=\"wp-block-column is-layout-flow wp-block-column-is-layout-flow\">\n<figure class=\"wp-block-image size-full\"><img fetchpriority=\"high\" decoding=\"async\" width=\"800\" height=\"800\" src=\"https:\/\/jinhuaceramic.com\/wp-content\/uploads\/2024\/12\/Wholesale-Shell-Shaped-Soap-Dish-Ceramic-Bathroom-Accessories-Supplies-4_\u7ed3\u679c.webp\" alt=\"Porte-savon en c\u00e9ramique en forme de coquillage Wholesale, Porte-savon de voyage Bulk-3\" class=\"wp-image-7327\" srcset=\"https:\/\/jinhuaceramic.com\/wp-content\/uploads\/2024\/12\/Wholesale-Shell-Shaped-Soap-Dish-Ceramic-Bathroom-Accessories-Supplies-4_\u7ed3\u679c.webp 800w, https:\/\/jinhuaceramic.com\/wp-content\/uploads\/2024\/12\/Wholesale-Shell-Shaped-Soap-Dish-Ceramic-Bathroom-Accessories-Supplies-4_\u7ed3\u679c-300x300.webp 300w, https:\/\/jinhuaceramic.com\/wp-content\/uploads\/2024\/12\/Wholesale-Shell-Shaped-Soap-Dish-Ceramic-Bathroom-Accessories-Supplies-4_\u7ed3\u679c-150x150.webp 150w, https:\/\/jinhuaceramic.com\/wp-content\/uploads\/2024\/12\/Wholesale-Shell-Shaped-Soap-Dish-Ceramic-Bathroom-Accessories-Supplies-4_\u7ed3\u679c-768x768.webp 768w, https:\/\/jinhuaceramic.com\/wp-content\/uploads\/2024\/12\/Wholesale-Shell-Shaped-Soap-Dish-Ceramic-Bathroom-Accessories-Supplies-4_\u7ed3\u679c-12x12.webp 12w, https:\/\/jinhuaceramic.com\/wp-content\/uploads\/2024\/12\/Wholesale-Shell-Shaped-Soap-Dish-Ceramic-Bathroom-Accessories-Supplies-4_\u7ed3\u679c-285x285.webp 285w, https:\/\/jinhuaceramic.com\/wp-content\/uploads\/2024\/12\/Wholesale-Shell-Shaped-Soap-Dish-Ceramic-Bathroom-Accessories-Supplies-4_\u7ed3\u679c-270x270.webp 270w, https:\/\/jinhuaceramic.com\/wp-content\/uploads\/2024\/12\/Wholesale-Shell-Shaped-Soap-Dish-Ceramic-Bathroom-Accessories-Supplies-4_\u7ed3\u679c-540x540.webp 540w, https:\/\/jinhuaceramic.com\/wp-content\/uploads\/2024\/12\/Wholesale-Shell-Shaped-Soap-Dish-Ceramic-Bathroom-Accessories-Supplies-4_\u7ed3\u679c-660x660.webp 660w\" sizes=\"(max-width: 800px) 100vw, 800px\" \/><\/figure>\n<\/div>\n<\/div>","protected":false},"excerpt":{"rendered":"<p>Bienvenue pour l'achat en gros de porte-savon de voyage. Notre porte-savon en c\u00e9ramique en forme de coquillage est pratique et beau, un petit objet indispensable dans la salle de bain. Ils peuvent non seulement r\u00e9pondre aux besoins quotidiens, mais aussi rehausser le style g\u00e9n\u00e9ral de la salle de bains et ajouter une touche de plaisir \u00e0 l'heure du bain.<\/p>","protected":false},"featured_media":7325,"comment_status":"closed","ping_status":"closed","template":"","meta":{"_acf_changed":false},"product_brand":[],"product_cat":[51],"product_tag":[72],"class_list":{"0":"post-7324","1":"product","2":"type-product","3":"status-publish","4":"has-post-thumbnail","6":"product_cat-bathroom-accessories-wholesale","7":"product_tag-wholesale-soap-dishes","9":"first","10":"instock","11":"shipping-taxable","12":"product-type-simple"},"acf":[],"_links":{"self":[{"href":"https:\/\/jinhuaceramic.com\/fr\/wp-json\/wp\/v2\/product\/7324","targetHints":{"allow":["GET"]}}],"collection":[{"href":"https:\/\/jinhuaceramic.com\/fr\/wp-json\/wp\/v2\/product"}],"about":[{"href":"https:\/\/jinhuaceramic.com\/fr\/wp-json\/wp\/v2\/types\/product"}],"replies":[{"embeddable":true,"href":"https:\/\/jinhuaceramic.com\/fr\/wp-json\/wp\/v2\/comments?post=7324"}],"version-history":[{"count":0,"href":"https:\/\/jinhuaceramic.com\/fr\/wp-json\/wp\/v2\/product\/7324\/revisions"}],"wp:featuredmedia":[{"embeddable":true,"href":"https:\/\/jinhuaceramic.com\/fr\/wp-json\/wp\/v2\/media\/7325"}],"wp:attachment":[{"href":"https:\/\/jinhuaceramic.com\/fr\/wp-json\/wp\/v2\/media?parent=7324"}],"wp:term":[{"taxonomy":"product_brand","embeddable":true,"href":"https:\/\/jinhuaceramic.com\/fr\/wp-json\/wp\/v2\/product_brand?post=7324"},{"taxonomy":"product_cat","embeddable":true,"href":"https:\/\/jinhuaceramic.com\/fr\/wp-json\/wp\/v2\/product_cat?post=7324"},{"taxonomy":"product_tag","embeddable":true,"href":"https:\/\/jinhuaceramic.com\/fr\/wp-json\/wp\/v2\/product_tag?post=7324"}],"curies":[{"name":"wp","href":"https:\/\/api.w.org\/{rel}","templated":true}]}}