{"id":7331,"date":"2024-12-05T02:20:34","date_gmt":"2024-12-05T02:20:34","guid":{"rendered":"https:\/\/jinhuaceramic.com\/?post_type=product&#038;p=7331"},"modified":"2025-03-11T07:57:46","modified_gmt":"2025-03-11T07:57:46","slug":"wholesale-kitchen-bakeware","status":"publish","type":"product","link":"https:\/\/jinhuaceramic.com\/fr\/product\/wholesale-kitchen-bakeware\/","title":{"rendered":"Produits de boulangerie de cuisine en gros, moules \u00e0 p\u00e2tisserie en c\u00e9ramique en vrac"},"content":{"rendered":"<div class=\"wp-block-columns is-layout-flex wp-container-core-columns-is-layout-9d6595d7 wp-block-columns-is-layout-flex\">\n<div class=\"wp-block-column is-layout-flow wp-block-column-is-layout-flow\">\n<h3 class=\"wp-block-heading\">Premium Wholesale Kitchen Bakeware Caract\u00e9ristiques :<\/h3>\n\n\n\n<ul class=\"wp-block-list\">\n<li><strong>Motif g\u00e9om\u00e9trique classique :<\/strong> Ces ustensiles de cuisine en c\u00e9ramique pr\u00e9sentent un motif g\u00e9om\u00e9trique classique en forme de diamant sur la surface, color\u00e9 en bleu et en blanc, ce qui leur conf\u00e8re un style simple et \u00e9l\u00e9gant. Ce magnifique motif est intemporel et convient aux cuisines de tous les styles.<\/li>\n\n\n\n<li><strong>Mat\u00e9riau de haute qualit\u00e9 : <\/strong>Ces moules \u00e0 p\u00e2tisserie en c\u00e9ramique en vrac sont fabriqu\u00e9s \u00e0 partir de c\u00e9ramiques de qualit\u00e9 sup\u00e9rieure, qui r\u00e9sistent \u00e0 la temp\u00e9rature, chauffent les aliments de mani\u00e8re uniforme, emprisonnent l'humidit\u00e9 et conservent la saveur d'origine. Par ailleurs, la facilit\u00e9 de nettoyage est un autre avantage essentiel de la c\u00e9ramique.<\/li>\n\n\n\n<li><strong>Plusieurs tailles : <\/strong>Ces ustensiles de cuisine en gros sont de forme carr\u00e9e et rectangulaire, avec diff\u00e9rentes tailles pour r\u00e9pondre aux divers besoins en mati\u00e8re de cuisson. En tant que fabricant, nous pouvons personnaliser d'autres tailles de moules \u00e0 p\u00e2tisserie en fonction des besoins des clients.<\/li>\n\n\n\n<li><strong>Design carr\u00e9 et double oreille :<\/strong> Le design carr\u00e9 de ces plaques de cuisson en c\u00e9ramique en vrac permet d'utiliser l'espace du four beaucoup mieux que les plaques de cuisson rondes traditionnelles et de contenir plus d'aliments. Les deux c\u00f4t\u00e9s du moule sont munis d'une double oreille pour faciliter la prise et le d\u00e9placement du moule, qui peut \u00e9galement \u00eatre utilis\u00e9 en toute s\u00e9curit\u00e9 lorsque le moule contient des aliments chauds.<\/li>\n<\/ul>\n<\/div>\n\n\n\n<div class=\"wp-block-column is-layout-flow wp-block-column-is-layout-flow\">\n<figure class=\"wp-block-image size-full\"><img fetchpriority=\"high\" decoding=\"async\" width=\"640\" height=\"640\" src=\"https:\/\/jinhuaceramic.com\/wp-content\/uploads\/2024\/12\/Bulk-Ceramic-Custom-Baking-Pans-Wholesale-Bakeware-Supplies_\u7ed3\u679c.webp\" alt=\"Produits de boulangerie de cuisine en gros, moules \u00e0 p\u00e2tisserie en c\u00e9ramique en vrac - 1\" class=\"wp-image-7335\" srcset=\"https:\/\/jinhuaceramic.com\/wp-content\/uploads\/2024\/12\/Bulk-Ceramic-Custom-Baking-Pans-Wholesale-Bakeware-Supplies_\u7ed3\u679c.webp 640w, https:\/\/jinhuaceramic.com\/wp-content\/uploads\/2024\/12\/Bulk-Ceramic-Custom-Baking-Pans-Wholesale-Bakeware-Supplies_\u7ed3\u679c-300x300.webp 300w, https:\/\/jinhuaceramic.com\/wp-content\/uploads\/2024\/12\/Bulk-Ceramic-Custom-Baking-Pans-Wholesale-Bakeware-Supplies_\u7ed3\u679c-150x150.webp 150w, https:\/\/jinhuaceramic.com\/wp-content\/uploads\/2024\/12\/Bulk-Ceramic-Custom-Baking-Pans-Wholesale-Bakeware-Supplies_\u7ed3\u679c-12x12.webp 12w, https:\/\/jinhuaceramic.com\/wp-content\/uploads\/2024\/12\/Bulk-Ceramic-Custom-Baking-Pans-Wholesale-Bakeware-Supplies_\u7ed3\u679c-285x285.webp 285w, https:\/\/jinhuaceramic.com\/wp-content\/uploads\/2024\/12\/Bulk-Ceramic-Custom-Baking-Pans-Wholesale-Bakeware-Supplies_\u7ed3\u679c-270x270.webp 270w, https:\/\/jinhuaceramic.com\/wp-content\/uploads\/2024\/12\/Bulk-Ceramic-Custom-Baking-Pans-Wholesale-Bakeware-Supplies_\u7ed3\u679c-540x540.webp 540w\" sizes=\"(max-width: 640px) 100vw, 640px\" \/><\/figure>\n<\/div>\n<\/div>","protected":false},"excerpt":{"rendered":"<p>Nous vous invitons \u00e0 acheter en gros des ustensiles de cuisson pour la cuisine. Nos moules \u00e0 p\u00e2tisserie en c\u00e9ramique en vrac ont un design \u00e9l\u00e9gant, une structure en c\u00e9ramique solide, diff\u00e9rentes tailles, un design \u00e0 double oreille, etc. Le design de ces moules \u00e0 p\u00e2tisserie en c\u00e9ramique combine parfaitement la beaut\u00e9 et la praticit\u00e9, ce qui peut non seulement am\u00e9liorer l'apparence de la cuisine, mais aussi r\u00e9pondre aux besoins de la cuisson quotidienne.<\/p>","protected":false},"featured_media":7334,"comment_status":"closed","ping_status":"closed","template":"","meta":{"_acf_changed":false},"product_brand":[],"product_cat":[53],"product_tag":[71],"class_list":{"0":"post-7331","1":"product","2":"type-product","3":"status-publish","4":"has-post-thumbnail","6":"product_cat-bakeware-in-bulk","7":"product_tag-wholesale-baking-pans","9":"first","10":"instock","11":"shipping-taxable","12":"product-type-simple"},"acf":[],"_links":{"self":[{"href":"https:\/\/jinhuaceramic.com\/fr\/wp-json\/wp\/v2\/product\/7331","targetHints":{"allow":["GET"]}}],"collection":[{"href":"https:\/\/jinhuaceramic.com\/fr\/wp-json\/wp\/v2\/product"}],"about":[{"href":"https:\/\/jinhuaceramic.com\/fr\/wp-json\/wp\/v2\/types\/product"}],"replies":[{"embeddable":true,"href":"https:\/\/jinhuaceramic.com\/fr\/wp-json\/wp\/v2\/comments?post=7331"}],"version-history":[{"count":0,"href":"https:\/\/jinhuaceramic.com\/fr\/wp-json\/wp\/v2\/product\/7331\/revisions"}],"wp:featuredmedia":[{"embeddable":true,"href":"https:\/\/jinhuaceramic.com\/fr\/wp-json\/wp\/v2\/media\/7334"}],"wp:attachment":[{"href":"https:\/\/jinhuaceramic.com\/fr\/wp-json\/wp\/v2\/media?parent=7331"}],"wp:term":[{"taxonomy":"product_brand","embeddable":true,"href":"https:\/\/jinhuaceramic.com\/fr\/wp-json\/wp\/v2\/product_brand?post=7331"},{"taxonomy":"product_cat","embeddable":true,"href":"https:\/\/jinhuaceramic.com\/fr\/wp-json\/wp\/v2\/product_cat?post=7331"},{"taxonomy":"product_tag","embeddable":true,"href":"https:\/\/jinhuaceramic.com\/fr\/wp-json\/wp\/v2\/product_tag?post=7331"}],"curies":[{"name":"wp","href":"https:\/\/api.w.org\/{rel}","templated":true}]}}