{"id":7356,"date":"2024-12-06T08:33:59","date_gmt":"2024-12-06T08:33:59","guid":{"rendered":"https:\/\/jinhuaceramic.com\/?post_type=product&#038;p=7356"},"modified":"2025-03-10T08:55:04","modified_gmt":"2025-03-10T08:55:04","slug":"ceramic-baking-pans-wholesale","status":"publish","type":"product","link":"https:\/\/jinhuaceramic.com\/fr\/product\/ceramic-baking-pans-wholesale\/","title":{"rendered":"Plaques \u00e0 p\u00e2tisserie en c\u00e9ramique Wholesale, Ramequins \u00e0 p\u00e2tisserie blancs Bulk"},"content":{"rendered":"<div class=\"wp-block-columns is-layout-flex wp-container-core-columns-is-layout-9d6595d7 wp-block-columns-is-layout-flex\">\n<div class=\"wp-block-column is-layout-flow wp-block-column-is-layout-flow\">\n<h3 class=\"wp-block-heading\">Plaques de cuisson en c\u00e9ramique de premi\u00e8re qualit\u00e9 Caract\u00e9ristiques en gros :<\/h3>\n\n\n\n<ul class=\"wp-block-list\">\n<li><strong>Design \u00e9l\u00e9gant : <\/strong>Ces moules \u00e0 p\u00e2tisserie en c\u00e9ramique de gros, d'un blanc pur, avec des lignes et des textures verticales ray\u00e9es, pr\u00e9sentent un accent simple et \u00e9l\u00e9gant pour ajouter du go\u00fbt.<\/li>\n\n\n\n<li><strong>Mat\u00e9riau de haute qualit\u00e9 : <\/strong>Ces ramequins de cuisson blancs en vrac sont fabriqu\u00e9s en c\u00e9ramique de haute qualit\u00e9 cuite \u00e0 haute temp\u00e9rature. Ils r\u00e9sistent aux temp\u00e9ratures \u00e9lev\u00e9es et peuvent \u00eatre utilis\u00e9s avec diff\u00e9rents modes de cuisson, tels que le four ou le micro-ondes.<\/li>\n\n\n\n<li><strong>Polyvalence : <\/strong>Les grands moules rectangulaires en c\u00e9ramique ont une capacit\u00e9 de 135 onces. Ils sont parfaits pour pr\u00e9parer de grandes portions de nourriture telles que des lasagnes, du poulet r\u00f4ti, etc. Ces petits ramequins ont une capacit\u00e9 de 4 onces et conviennent \u00e0 la pr\u00e9paration de desserts comme la cr\u00e8me br\u00fbl\u00e9e, le souffl\u00e9, les petits g\u00e2teaux, ou pour contenir des sauces, etc.<\/li>\n\n\n\n<li><strong>Couvercle fonctionnel : <\/strong>Ces ramequins de cuisson blancs en vrac sont dot\u00e9s de couvercles qui emp\u00eachent efficacement les aliments de perdre de l'humidit\u00e9, ce qui permet de conserver la fra\u00eecheur des aliments. Chaque couvercle est muni d'un trou d'a\u00e9ration, ce qui est tr\u00e8s pratique. Les ramequins avec couvercles peuvent \u00eatre utilis\u00e9s pour r\u00e9frig\u00e9rer ou congeler les aliments afin de les conserver facilement.<\/li>\n<\/ul>\n<\/div>\n\n\n\n<div class=\"wp-block-column is-layout-flow wp-block-column-is-layout-flow\">\n<figure class=\"wp-block-image size-full\"><img fetchpriority=\"high\" decoding=\"async\" width=\"717\" height=\"717\" src=\"https:\/\/jinhuaceramic.com\/wp-content\/uploads\/2024\/12\/White-Custom-Baking-Dish-Ramekin-Set-Ceramic-Bakeware-Wholesale.webp\" alt=\"Plaques \u00e0 p\u00e2tisserie en c\u00e9ramique Wholesale, Ramequins \u00e0 p\u00e2tisserie blancs Bulk-1\" class=\"wp-image-7363\" srcset=\"https:\/\/jinhuaceramic.com\/wp-content\/uploads\/2024\/12\/White-Custom-Baking-Dish-Ramekin-Set-Ceramic-Bakeware-Wholesale.webp 717w, https:\/\/jinhuaceramic.com\/wp-content\/uploads\/2024\/12\/White-Custom-Baking-Dish-Ramekin-Set-Ceramic-Bakeware-Wholesale-300x300.webp 300w, https:\/\/jinhuaceramic.com\/wp-content\/uploads\/2024\/12\/White-Custom-Baking-Dish-Ramekin-Set-Ceramic-Bakeware-Wholesale-150x150.webp 150w, https:\/\/jinhuaceramic.com\/wp-content\/uploads\/2024\/12\/White-Custom-Baking-Dish-Ramekin-Set-Ceramic-Bakeware-Wholesale-12x12.webp 12w, https:\/\/jinhuaceramic.com\/wp-content\/uploads\/2024\/12\/White-Custom-Baking-Dish-Ramekin-Set-Ceramic-Bakeware-Wholesale-285x285.webp 285w, https:\/\/jinhuaceramic.com\/wp-content\/uploads\/2024\/12\/White-Custom-Baking-Dish-Ramekin-Set-Ceramic-Bakeware-Wholesale-270x270.webp 270w, https:\/\/jinhuaceramic.com\/wp-content\/uploads\/2024\/12\/White-Custom-Baking-Dish-Ramekin-Set-Ceramic-Bakeware-Wholesale-540x540.webp 540w, https:\/\/jinhuaceramic.com\/wp-content\/uploads\/2024\/12\/White-Custom-Baking-Dish-Ramekin-Set-Ceramic-Bakeware-Wholesale-660x660.webp 660w\" sizes=\"(max-width: 717px) 100vw, 717px\" \/><\/figure>\n<\/div>\n<\/div>","protected":false},"excerpt":{"rendered":"<p>Bienvenue dans l'achat de ramequins en vrac. Ces moules \u00e0 p\u00e2tisserie en c\u00e9ramique en gros sont con\u00e7us avec un attrait esth\u00e9tique, une fonctionnalit\u00e9 et une polyvalence, ils sont tr\u00e8s recommand\u00e9s dans la cuisine. L'utilisation des ramequins peut \u00eatre \u00e9tendue non seulement \u00e0 la cuisson mais aussi au service des plats, ce qui ajoute de la valeur au d\u00eener.<\/p>","protected":false},"featured_media":7360,"comment_status":"closed","ping_status":"closed","template":"","meta":{"_acf_changed":false},"product_brand":[],"product_cat":[53],"product_tag":[71],"class_list":{"0":"post-7356","1":"product","2":"type-product","3":"status-publish","4":"has-post-thumbnail","6":"product_cat-bakeware-in-bulk","7":"product_tag-wholesale-baking-pans","9":"first","10":"instock","11":"shipping-taxable","12":"product-type-simple"},"acf":[],"_links":{"self":[{"href":"https:\/\/jinhuaceramic.com\/fr\/wp-json\/wp\/v2\/product\/7356","targetHints":{"allow":["GET"]}}],"collection":[{"href":"https:\/\/jinhuaceramic.com\/fr\/wp-json\/wp\/v2\/product"}],"about":[{"href":"https:\/\/jinhuaceramic.com\/fr\/wp-json\/wp\/v2\/types\/product"}],"replies":[{"embeddable":true,"href":"https:\/\/jinhuaceramic.com\/fr\/wp-json\/wp\/v2\/comments?post=7356"}],"version-history":[{"count":0,"href":"https:\/\/jinhuaceramic.com\/fr\/wp-json\/wp\/v2\/product\/7356\/revisions"}],"wp:featuredmedia":[{"embeddable":true,"href":"https:\/\/jinhuaceramic.com\/fr\/wp-json\/wp\/v2\/media\/7360"}],"wp:attachment":[{"href":"https:\/\/jinhuaceramic.com\/fr\/wp-json\/wp\/v2\/media?parent=7356"}],"wp:term":[{"taxonomy":"product_brand","embeddable":true,"href":"https:\/\/jinhuaceramic.com\/fr\/wp-json\/wp\/v2\/product_brand?post=7356"},{"taxonomy":"product_cat","embeddable":true,"href":"https:\/\/jinhuaceramic.com\/fr\/wp-json\/wp\/v2\/product_cat?post=7356"},{"taxonomy":"product_tag","embeddable":true,"href":"https:\/\/jinhuaceramic.com\/fr\/wp-json\/wp\/v2\/product_tag?post=7356"}],"curies":[{"name":"wp","href":"https:\/\/api.w.org\/{rel}","templated":true}]}}