{"id":7381,"date":"2024-12-11T08:55:52","date_gmt":"2024-12-11T08:55:52","guid":{"rendered":"https:\/\/jinhuaceramic.com\/?post_type=product&#038;p=7381"},"modified":"2025-03-10T09:16:36","modified_gmt":"2025-03-10T09:16:36","slug":"pie-pans-wholesale","status":"publish","type":"product","link":"https:\/\/jinhuaceramic.com\/fr\/product\/pie-pans-wholesale\/","title":{"rendered":"Plaques \u00e0 tarte en c\u00e9ramique durables Wholesale, Plaques \u00e0 p\u00e2tisserie rondes Bulk"},"content":{"rendered":"<div class=\"wp-block-columns is-layout-flex wp-container-core-columns-is-layout-9d6595d7 wp-block-columns-is-layout-flex\">\n<div class=\"wp-block-column is-layout-flow wp-block-column-is-layout-flow\">\n<h3 class=\"wp-block-heading\">Moules \u00e0 tarte de qualit\u00e9 sup\u00e9rieure Caract\u00e9ristiques en gros :<\/h3>\n\n\n\n<ul class=\"wp-block-list\">\n<li><strong>Design \u00e9l\u00e9gant : <\/strong>Ces moules \u00e0 tarte en c\u00e9ramique sont con\u00e7us avec \u00e9l\u00e9gance, et leur couleur bleu fonc\u00e9 profond donne aux gens un sentiment de calme et d'atmosph\u00e8re. Le motif g\u00e9om\u00e9trique blanc sur le c\u00f4t\u00e9 du moule n'est pas seulement beau mais aussi tr\u00e8s d\u00e9coratif, ce qui peut ajouter une atmosph\u00e8re artistique \u00e0 la table \u00e0 manger.<\/li>\n\n\n\n<li><strong>Mat\u00e9riau c\u00e9ramique de premi\u00e8re qualit\u00e9 : <\/strong>Ces plats de cuisson personnalis\u00e9s de haute qualit\u00e9 offrent une grande duret\u00e9 et une grande r\u00e9sistance \u00e0 l'usure, \u00e9vitant les rayures et l'abrasion lors de l'utilisation quotidienne tout en augmentant la dur\u00e9e de vie. Les moules peuvent supporter des temp\u00e9ratures de cuisson \u00e9lev\u00e9es et ne se d\u00e9forment ni ne se fissurent facilement.<\/li>\n\n\n\n<li><strong>Pratique : <\/strong>Ces moules \u00e0 tarte en c\u00e9ramique peuvent s'adapter \u00e0 diff\u00e9rents besoins de cuisson, tels que la cuisson au four, la cuisson \u00e0 la vapeur, le chauffage, etc. Ils peuvent \u00eatre utilis\u00e9s en toute s\u00e9curit\u00e9 au four, au micro-ondes, \u00e0 la vapeur, au r\u00e9frig\u00e9rateur et au lave-vaisselle.<\/li>\n\n\n\n<li><strong>Facile \u00e0 nettoyer :<\/strong> Ces plats de cuisson personnalis\u00e9s en c\u00e9ramique ont des bords lisses et une gla\u00e7ure uniforme, ce qui facilite le nettoyage des graisses et des r\u00e9sidus alimentaires. La c\u00e9ramique n'absorbe pas facilement les odeurs, de sorte qu'apr\u00e8s le nettoyage, il est plus facile de retrouver l'\u00e9clat et la saveur d'origine.<\/li>\n<\/ul>\n<\/div>\n\n\n\n<div class=\"wp-block-column is-layout-flow wp-block-column-is-layout-flow\">\n<figure class=\"wp-block-image size-full\"><img fetchpriority=\"high\" decoding=\"async\" width=\"640\" height=\"640\" src=\"https:\/\/jinhuaceramic.com\/wp-content\/uploads\/2024\/12\/Custom-Ceramic-Pie-Baking-Pan-Wholesale-Round-Bakeware-Bulk-2.webp\" alt=\"Plaques \u00e0 tarte en c\u00e9ramique durables Wholesale, Plaques \u00e0 p\u00e2tisserie rondes Bulk-5\" class=\"wp-image-7382\" srcset=\"https:\/\/jinhuaceramic.com\/wp-content\/uploads\/2024\/12\/Custom-Ceramic-Pie-Baking-Pan-Wholesale-Round-Bakeware-Bulk-2.webp 640w, https:\/\/jinhuaceramic.com\/wp-content\/uploads\/2024\/12\/Custom-Ceramic-Pie-Baking-Pan-Wholesale-Round-Bakeware-Bulk-2-300x300.webp 300w, https:\/\/jinhuaceramic.com\/wp-content\/uploads\/2024\/12\/Custom-Ceramic-Pie-Baking-Pan-Wholesale-Round-Bakeware-Bulk-2-150x150.webp 150w, https:\/\/jinhuaceramic.com\/wp-content\/uploads\/2024\/12\/Custom-Ceramic-Pie-Baking-Pan-Wholesale-Round-Bakeware-Bulk-2-12x12.webp 12w, https:\/\/jinhuaceramic.com\/wp-content\/uploads\/2024\/12\/Custom-Ceramic-Pie-Baking-Pan-Wholesale-Round-Bakeware-Bulk-2-285x285.webp 285w, https:\/\/jinhuaceramic.com\/wp-content\/uploads\/2024\/12\/Custom-Ceramic-Pie-Baking-Pan-Wholesale-Round-Bakeware-Bulk-2-270x270.webp 270w, https:\/\/jinhuaceramic.com\/wp-content\/uploads\/2024\/12\/Custom-Ceramic-Pie-Baking-Pan-Wholesale-Round-Bakeware-Bulk-2-540x540.webp 540w\" sizes=\"(max-width: 640px) 100vw, 640px\" \/><\/figure>\n<\/div>\n<\/div>","protected":false},"excerpt":{"rendered":"<p>Nous vous invitons \u00e0 acheter en gros des moules \u00e0 tarte en c\u00e9ramique. Ces plats \u00e0 p\u00e2tisserie personnalis\u00e9s ont une forme \u00e9l\u00e9gante, un mat\u00e9riau de haute qualit\u00e9, sont faciles \u00e0 nettoyer et pratiques. D'une mani\u00e8re g\u00e9n\u00e9rale, ces moules \u00e0 tarte en c\u00e9ramique peuvent satisfaire les diff\u00e9rents besoins des gens dans la vie moderne et la vie de famille.<\/p>","protected":false},"featured_media":7385,"comment_status":"closed","ping_status":"closed","template":"","meta":{"_acf_changed":false},"product_brand":[],"product_cat":[53],"product_tag":[70],"class_list":{"0":"post-7381","1":"product","2":"type-product","3":"status-publish","4":"has-post-thumbnail","6":"product_cat-bakeware-in-bulk","7":"product_tag-custom-pie-pans","9":"first","10":"instock","11":"shipping-taxable","12":"product-type-simple"},"acf":[],"_links":{"self":[{"href":"https:\/\/jinhuaceramic.com\/fr\/wp-json\/wp\/v2\/product\/7381","targetHints":{"allow":["GET"]}}],"collection":[{"href":"https:\/\/jinhuaceramic.com\/fr\/wp-json\/wp\/v2\/product"}],"about":[{"href":"https:\/\/jinhuaceramic.com\/fr\/wp-json\/wp\/v2\/types\/product"}],"replies":[{"embeddable":true,"href":"https:\/\/jinhuaceramic.com\/fr\/wp-json\/wp\/v2\/comments?post=7381"}],"version-history":[{"count":0,"href":"https:\/\/jinhuaceramic.com\/fr\/wp-json\/wp\/v2\/product\/7381\/revisions"}],"wp:featuredmedia":[{"embeddable":true,"href":"https:\/\/jinhuaceramic.com\/fr\/wp-json\/wp\/v2\/media\/7385"}],"wp:attachment":[{"href":"https:\/\/jinhuaceramic.com\/fr\/wp-json\/wp\/v2\/media?parent=7381"}],"wp:term":[{"taxonomy":"product_brand","embeddable":true,"href":"https:\/\/jinhuaceramic.com\/fr\/wp-json\/wp\/v2\/product_brand?post=7381"},{"taxonomy":"product_cat","embeddable":true,"href":"https:\/\/jinhuaceramic.com\/fr\/wp-json\/wp\/v2\/product_cat?post=7381"},{"taxonomy":"product_tag","embeddable":true,"href":"https:\/\/jinhuaceramic.com\/fr\/wp-json\/wp\/v2\/product_tag?post=7381"}],"curies":[{"name":"wp","href":"https:\/\/api.w.org\/{rel}","templated":true}]}}