{"id":7394,"date":"2024-12-11T08:44:07","date_gmt":"2024-12-11T08:44:07","guid":{"rendered":"https:\/\/jinhuaceramic.com\/?post_type=product&#038;p=7394"},"modified":"2025-06-25T09:09:57","modified_gmt":"2025-06-25T09:09:57","slug":"custom-made-bathroom-accessories","status":"publish","type":"product","link":"https:\/\/jinhuaceramic.com\/fr\/product\/custom-made-bathroom-accessories\/","title":{"rendered":"Accessoires de salle de bain sur mesure bleu fonc\u00e9, set de bain en c\u00e9ramique"},"content":{"rendered":"<div class=\"wp-block-columns is-layout-flex wp-container-core-columns-is-layout-9d6595d7 wp-block-columns-is-layout-flex\">\n<div class=\"wp-block-column is-layout-flow wp-block-column-is-layout-flow\">\n<h3 class=\"wp-block-heading\">Accessoires de salle de bain haut de gamme fabriqu\u00e9s sur mesure Caract\u00e9ristiques :<\/h3>\n\n\n\n<ul class=\"wp-block-list\">\n<li><strong>Design minimaliste : <\/strong>Les lignes de ces accessoires de salle de bains sur mesure sont lisses et simples, sans d\u00e9coration exag\u00e9r\u00e9e. Ce style de conception r\u00e9pond au style de conception minimaliste moderne, n'est pas seulement beau, mais aussi plus facile \u00e0 assortir \u00e0 diff\u00e9rents styles de salles de bains.<\/li>\n\n\n\n<li><strong>Bleu fonc\u00e9 uniforme : <\/strong>La conception des accessoires de salle de bains personnalis\u00e9s en gros pr\u00e9sente de nombreux avantages tels que la r\u00e9sistance aux temp\u00e9ratures \u00e9lev\u00e9es, \u00e0 la corrosion et la facilit\u00e9 de nettoyage. Il convient donc parfaitement aux salles de bains, dont l'environnement est humide et propice aux bact\u00e9ries.<\/li>\n\n\n\n<li><strong>Mat\u00e9riau c\u00e9ramique de haute qualit\u00e9 :<\/strong> Ces accessoires de salle de bains sur mesure pr\u00e9sentent l'avantage de r\u00e9sister aux temp\u00e9ratures \u00e9lev\u00e9es et \u00e0 la corrosion, tout en \u00e9tant faciles \u00e0 nettoyer. Ils conviennent donc parfaitement \u00e0 une utilisation dans une salle de bains, un environnement humide et propice aux bact\u00e9ries.<\/li>\n\n\n\n<li><strong>Ensemble complet : <\/strong>Chaque produit de ces accessoires de salle de bains personnalis\u00e9s a des fonctions pratiques : distributeurs de savon, gobelets pour bains de bouche, gobelets pour brosses \u00e0 dents, porte-savon, etc. Le distributeur de savon liquide est lisse \u00e0 la pression, le liquide est stable et il est facile \u00e0 utiliser. Le design antid\u00e9rapant de la texture du porte-savon est con\u00e7u pour \u00eatre pratique.<\/li>\n<\/ul>\n<\/div>\n\n\n\n<div class=\"wp-block-column is-layout-flow wp-block-column-is-layout-flow\">\n<figure class=\"wp-block-image size-full\"><img fetchpriority=\"high\" decoding=\"async\" width=\"2000\" height=\"2000\" src=\"https:\/\/jinhuaceramic.com\/wp-content\/uploads\/2024\/12\/Dark-Blue-Custom-Bathroom-Set-Bulk-Ceramic-Bath-Accessories-Wholesale.webp\" alt=\"Accessoires de salle de bain sur mesure bleu fonc\u00e9, set de bain en c\u00e9ramique-1\" class=\"wp-image-7401\" srcset=\"https:\/\/jinhuaceramic.com\/wp-content\/uploads\/2024\/12\/Dark-Blue-Custom-Bathroom-Set-Bulk-Ceramic-Bath-Accessories-Wholesale.webp 2000w, https:\/\/jinhuaceramic.com\/wp-content\/uploads\/2024\/12\/Dark-Blue-Custom-Bathroom-Set-Bulk-Ceramic-Bath-Accessories-Wholesale-300x300.webp 300w, https:\/\/jinhuaceramic.com\/wp-content\/uploads\/2024\/12\/Dark-Blue-Custom-Bathroom-Set-Bulk-Ceramic-Bath-Accessories-Wholesale-150x150.webp 150w, https:\/\/jinhuaceramic.com\/wp-content\/uploads\/2024\/12\/Dark-Blue-Custom-Bathroom-Set-Bulk-Ceramic-Bath-Accessories-Wholesale-768x768.webp 768w, https:\/\/jinhuaceramic.com\/wp-content\/uploads\/2024\/12\/Dark-Blue-Custom-Bathroom-Set-Bulk-Ceramic-Bath-Accessories-Wholesale-12x12.webp 12w, https:\/\/jinhuaceramic.com\/wp-content\/uploads\/2024\/12\/Dark-Blue-Custom-Bathroom-Set-Bulk-Ceramic-Bath-Accessories-Wholesale-285x285.webp 285w, https:\/\/jinhuaceramic.com\/wp-content\/uploads\/2024\/12\/Dark-Blue-Custom-Bathroom-Set-Bulk-Ceramic-Bath-Accessories-Wholesale-1600x1600.webp 1600w, https:\/\/jinhuaceramic.com\/wp-content\/uploads\/2024\/12\/Dark-Blue-Custom-Bathroom-Set-Bulk-Ceramic-Bath-Accessories-Wholesale-270x270.webp 270w, https:\/\/jinhuaceramic.com\/wp-content\/uploads\/2024\/12\/Dark-Blue-Custom-Bathroom-Set-Bulk-Ceramic-Bath-Accessories-Wholesale-540x540.webp 540w, https:\/\/jinhuaceramic.com\/wp-content\/uploads\/2024\/12\/Dark-Blue-Custom-Bathroom-Set-Bulk-Ceramic-Bath-Accessories-Wholesale-660x660.webp 660w\" sizes=\"(max-width: 2000px) 100vw, 2000px\" \/><\/figure>\n<\/div>\n<\/div>","protected":false},"excerpt":{"rendered":"<p>Bienvenue pour acheter des accessoires de salle de bain en gros. Le design de ces accessoires de salle de bain sur mesure int\u00e8gre parfaitement l'aspect pratique, la beaut\u00e9 et la modernit\u00e9. Par cons\u00e9quent, il peut satisfaire pleinement les demandes fonctionnelles des gens pour les fournitures de salle de bain et am\u00e9liorer la qualit\u00e9 et la beaut\u00e9 de la salle de bain. Il s'agit d'un produit de salle de bain tr\u00e8s recommand\u00e9.<\/p>","protected":false},"featured_media":7395,"comment_status":"closed","ping_status":"closed","template":"","meta":{"_acf_changed":false},"product_brand":[],"product_cat":[51],"product_tag":[74],"class_list":{"0":"post-7394","1":"product","2":"type-product","3":"status-publish","4":"has-post-thumbnail","6":"product_cat-bathroom-accessories-wholesale","7":"product_tag-ceramic-bath-accessories-wholesale","9":"first","10":"instock","11":"shipping-taxable","12":"product-type-simple"},"acf":[],"_links":{"self":[{"href":"https:\/\/jinhuaceramic.com\/fr\/wp-json\/wp\/v2\/product\/7394","targetHints":{"allow":["GET"]}}],"collection":[{"href":"https:\/\/jinhuaceramic.com\/fr\/wp-json\/wp\/v2\/product"}],"about":[{"href":"https:\/\/jinhuaceramic.com\/fr\/wp-json\/wp\/v2\/types\/product"}],"replies":[{"embeddable":true,"href":"https:\/\/jinhuaceramic.com\/fr\/wp-json\/wp\/v2\/comments?post=7394"}],"version-history":[{"count":0,"href":"https:\/\/jinhuaceramic.com\/fr\/wp-json\/wp\/v2\/product\/7394\/revisions"}],"wp:featuredmedia":[{"embeddable":true,"href":"https:\/\/jinhuaceramic.com\/fr\/wp-json\/wp\/v2\/media\/7395"}],"wp:attachment":[{"href":"https:\/\/jinhuaceramic.com\/fr\/wp-json\/wp\/v2\/media?parent=7394"}],"wp:term":[{"taxonomy":"product_brand","embeddable":true,"href":"https:\/\/jinhuaceramic.com\/fr\/wp-json\/wp\/v2\/product_brand?post=7394"},{"taxonomy":"product_cat","embeddable":true,"href":"https:\/\/jinhuaceramic.com\/fr\/wp-json\/wp\/v2\/product_cat?post=7394"},{"taxonomy":"product_tag","embeddable":true,"href":"https:\/\/jinhuaceramic.com\/fr\/wp-json\/wp\/v2\/product_tag?post=7394"}],"curies":[{"name":"wp","href":"https:\/\/api.w.org\/{rel}","templated":true}]}}