{"id":7410,"date":"2024-12-14T08:08:56","date_gmt":"2024-12-14T08:08:56","guid":{"rendered":"https:\/\/jinhuaceramic.com\/?post_type=product&#038;p=7410"},"modified":"2025-03-10T08:59:02","modified_gmt":"2025-03-10T08:59:02","slug":"custom-made-baking-pans","status":"publish","type":"product","link":"https:\/\/jinhuaceramic.com\/fr\/product\/custom-made-baking-pans\/","title":{"rendered":"Plaques de cuisson en c\u00e9ramique fabriqu\u00e9es sur mesure, produits de boulangerie commerciale"},"content":{"rendered":"<div class=\"wp-block-columns is-layout-flex wp-container-core-columns-is-layout-9d6595d7 wp-block-columns-is-layout-flex\">\n<div class=\"wp-block-column is-layout-flow wp-block-column-is-layout-flow\">\n<h3 class=\"wp-block-heading\">Moules \u00e0 p\u00e2tisserie de premi\u00e8re qualit\u00e9 faits sur mesure Caract\u00e9ristiques :<\/h3>\n\n\n\n<ul class=\"wp-block-list\">\n<li><strong>Correspondance harmonieuse des couleurs : <\/strong>Ces moules en c\u00e9ramique fabriqu\u00e9s sur mesure sont d'un gris sobre et \u00e9l\u00e9gant, avec un bord en cuivre qui ajoute un contraste saisissant \u00e0 cette harmonie de couleurs. Elles s'int\u00e8grent parfaitement dans un design moderne et minimaliste tout en apportant une touche de luxe suppl\u00e9mentaire.<\/li>\n\n\n\n<li><strong>Conception des textures : <\/strong>Ces plats de cuisson en c\u00e9ramique sont dot\u00e9s d'une texture ondul\u00e9e sur les c\u00f4t\u00e9s, ce qui leur conf\u00e8re un aspect artistique et les rend plus attrayants. Ils ont \u00e9galement un meilleur effet antid\u00e9rapant.<\/li>\n\n\n\n<li><strong>Mat\u00e9riau c\u00e9ramique de haute qualit\u00e9 : <\/strong>Le mat\u00e9riau utilis\u00e9 pour fabriquer ces moules \u00e0 p\u00e2tisserie personnalis\u00e9s en c\u00e9ramique est de haute qualit\u00e9 et cuit \u00e0 haute temp\u00e9rature. La c\u00e9ramique est une sorte de nature qui ne contient pas de produits chimiques ; elle ne produit pas de substances nocives, m\u00eame lorsque la temp\u00e9rature est \u00e9lev\u00e9e, et est donc inoffensive pour la sant\u00e9 humaine.<\/li>\n\n\n\n<li><strong>Diff\u00e9rentes tailles : <\/strong>Ces plats de cuisson en c\u00e9ramique sont compos\u00e9s de 3 plats de taille diff\u00e9rente pour r\u00e9pondre aux diff\u00e9rents besoins de cuisson et am\u00e9liorer l'efficacit\u00e9 de la cuisson. Les trois plats de cuisson sont empilables pour un rangement facile, ce qui permet d'\u00e9conomiser de l'espace dans l'armoire.<\/li>\n<\/ul>\n<\/div>\n\n\n\n<div class=\"wp-block-column is-layout-flow wp-block-column-is-layout-flow\">\n<figure class=\"wp-block-image size-full\"><img fetchpriority=\"high\" decoding=\"async\" width=\"1000\" height=\"1000\" src=\"https:\/\/jinhuaceramic.com\/wp-content\/uploads\/2024\/12\/Custom-Ceramic-Baking-Dish-Set-Professional-Bakeware-Supplies-5.webp\" alt=\"Plaques \u00e0 p\u00e2tisserie en c\u00e9ramique faites sur mesure, Fournitures pour p\u00e2tisserie commerciale-1\" class=\"wp-image-7414\" srcset=\"https:\/\/jinhuaceramic.com\/wp-content\/uploads\/2024\/12\/Custom-Ceramic-Baking-Dish-Set-Professional-Bakeware-Supplies-5.webp 1000w, https:\/\/jinhuaceramic.com\/wp-content\/uploads\/2024\/12\/Custom-Ceramic-Baking-Dish-Set-Professional-Bakeware-Supplies-5-300x300.webp 300w, https:\/\/jinhuaceramic.com\/wp-content\/uploads\/2024\/12\/Custom-Ceramic-Baking-Dish-Set-Professional-Bakeware-Supplies-5-150x150.webp 150w, https:\/\/jinhuaceramic.com\/wp-content\/uploads\/2024\/12\/Custom-Ceramic-Baking-Dish-Set-Professional-Bakeware-Supplies-5-768x768.webp 768w, https:\/\/jinhuaceramic.com\/wp-content\/uploads\/2024\/12\/Custom-Ceramic-Baking-Dish-Set-Professional-Bakeware-Supplies-5-12x12.webp 12w, https:\/\/jinhuaceramic.com\/wp-content\/uploads\/2024\/12\/Custom-Ceramic-Baking-Dish-Set-Professional-Bakeware-Supplies-5-285x285.webp 285w, https:\/\/jinhuaceramic.com\/wp-content\/uploads\/2024\/12\/Custom-Ceramic-Baking-Dish-Set-Professional-Bakeware-Supplies-5-270x270.webp 270w, https:\/\/jinhuaceramic.com\/wp-content\/uploads\/2024\/12\/Custom-Ceramic-Baking-Dish-Set-Professional-Bakeware-Supplies-5-540x540.webp 540w, https:\/\/jinhuaceramic.com\/wp-content\/uploads\/2024\/12\/Custom-Ceramic-Baking-Dish-Set-Professional-Bakeware-Supplies-5-660x660.webp 660w\" sizes=\"(max-width: 1000px) 100vw, 1000px\" \/><\/figure>\n<\/div>\n<\/div>","protected":false},"excerpt":{"rendered":"<p>Nous vous invitons \u00e0 acheter en gros des plats de cuisson en c\u00e9ramique. Nos plats de cuisson faits sur mesure avec une d\u00e9coration de bord unique et une texture ondul\u00e9e sont une merveille qui attire l'attention. Durs et durables, voil\u00e0 ce qui d\u00e9crit ces plats de cuisson en c\u00e9ramique qui combinent les deux aspects de la beaut\u00e9 et de la praticit\u00e9, ce qui peut non seulement am\u00e9liorer votre cuisine, mais aussi donner une meilleure exp\u00e9rience de la cuisine.<\/p>","protected":false},"featured_media":7416,"comment_status":"closed","ping_status":"closed","template":"","meta":{"_acf_changed":false},"product_brand":[],"product_cat":[53],"product_tag":[71],"class_list":{"0":"post-7410","1":"product","2":"type-product","3":"status-publish","4":"has-post-thumbnail","6":"product_cat-bakeware-in-bulk","7":"product_tag-wholesale-baking-pans","9":"first","10":"instock","11":"shipping-taxable","12":"product-type-simple"},"acf":[],"_links":{"self":[{"href":"https:\/\/jinhuaceramic.com\/fr\/wp-json\/wp\/v2\/product\/7410","targetHints":{"allow":["GET"]}}],"collection":[{"href":"https:\/\/jinhuaceramic.com\/fr\/wp-json\/wp\/v2\/product"}],"about":[{"href":"https:\/\/jinhuaceramic.com\/fr\/wp-json\/wp\/v2\/types\/product"}],"replies":[{"embeddable":true,"href":"https:\/\/jinhuaceramic.com\/fr\/wp-json\/wp\/v2\/comments?post=7410"}],"version-history":[{"count":0,"href":"https:\/\/jinhuaceramic.com\/fr\/wp-json\/wp\/v2\/product\/7410\/revisions"}],"wp:featuredmedia":[{"embeddable":true,"href":"https:\/\/jinhuaceramic.com\/fr\/wp-json\/wp\/v2\/media\/7416"}],"wp:attachment":[{"href":"https:\/\/jinhuaceramic.com\/fr\/wp-json\/wp\/v2\/media?parent=7410"}],"wp:term":[{"taxonomy":"product_brand","embeddable":true,"href":"https:\/\/jinhuaceramic.com\/fr\/wp-json\/wp\/v2\/product_brand?post=7410"},{"taxonomy":"product_cat","embeddable":true,"href":"https:\/\/jinhuaceramic.com\/fr\/wp-json\/wp\/v2\/product_cat?post=7410"},{"taxonomy":"product_tag","embeddable":true,"href":"https:\/\/jinhuaceramic.com\/fr\/wp-json\/wp\/v2\/product_tag?post=7410"}],"curies":[{"name":"wp","href":"https:\/\/api.w.org\/{rel}","templated":true}]}}