{"id":7421,"date":"2024-12-14T08:37:34","date_gmt":"2024-12-14T08:37:34","guid":{"rendered":"https:\/\/jinhuaceramic.com\/?post_type=product&#038;p=7421"},"modified":"2024-12-14T08:37:36","modified_gmt":"2024-12-14T08:37:36","slug":"palo-santo-holder-wholesale","status":"publish","type":"product","link":"https:\/\/jinhuaceramic.com\/fr\/product\/palo-santo-holder-wholesale\/","title":{"rendered":"Porte-encens chemin\u00e9e en c\u00e9ramique, Porte-encens en gros"},"content":{"rendered":"<div class=\"wp-block-columns is-layout-flex wp-container-core-columns-is-layout-9d6595d7 wp-block-columns-is-layout-flex\">\n<div class=\"wp-block-column is-layout-flow wp-block-column-is-layout-flow\">\n<h3 class=\"wp-block-heading\">Caract\u00e9ristiques du support Palo Santo haut de gamme en gros :<\/h3>\n\n\n\n<ul class=\"wp-block-list\">\n<li><strong>Forme unique : <\/strong>La forme de ce support pour palo santo vendu en gros est unique, avec des lignes douces et des bords arrondis. L'ouverture est suffisamment grande pour contenir une certaine quantit\u00e9 de palo santos ou de bouquets de sauge. Il y a une ouverture sur le dessus, qui ressemble \u00e0 une chemin\u00e9e, et l'ar\u00f4me du bois br\u00fbl\u00e9 se diffuse \u00e0 partir de cette ouverture pour offrir une exp\u00e9rience aromatique durable.<\/li>\n\n\n\n<li><strong>Couleur \u00e9clatante : <\/strong>Ce porte-encens en c\u00e9ramique en vrac utilise l'orange comme couleur principale, d\u00e9gageant chaleur, luminosit\u00e9, vivacit\u00e9 et \u00e9nergie pleine de vigueur.<\/li>\n\n\n\n<li><strong>Mat\u00e9riau c\u00e9ramique de haute qualit\u00e9 : <\/strong>Notre support pour palo santo vendu en gros est fabriqu\u00e9 \u00e0 partir de c\u00e9ramique de premi\u00e8re qualit\u00e9 et cuit \u00e0 haute temp\u00e9rature, ce qui le rend tr\u00e8s robuste et r\u00e9sistant aux temp\u00e9ratures \u00e9lev\u00e9es, et donc durable face \u00e0 une s\u00e9rie de flammes de longue dur\u00e9e.<\/li>\n\n\n\n<li><strong>Polyvalence : <\/strong>Ce porte-encens en c\u00e9ramique en vrac a une large fonctionnalit\u00e9 : il permet de br\u00fbler du bois de palo santo, mais aussi d'autres types de bois de chauffage et m\u00eame des vari\u00e9t\u00e9s d'\u00e9pices comme un bouquet de sauge pour cr\u00e9er une atmosph\u00e8re chaleureuse et parfum\u00e9e.<\/li>\n<\/ul>\n<\/div>\n\n\n\n<div class=\"wp-block-column is-layout-flow wp-block-column-is-layout-flow\">\n<figure class=\"wp-block-image size-full\"><img fetchpriority=\"high\" decoding=\"async\" width=\"1500\" height=\"1500\" src=\"https:\/\/jinhuaceramic.com\/wp-content\/uploads\/2024\/12\/Chimney-Ceramic-Palo-Santo-Incense-Burner-Wholesale-Sage-Bundle-Smudge-Holder-7.webp\" alt=\"Support en c\u00e9ramique pour Palo Santo pour chemin\u00e9e, vente en gros, support pour encens en vrac-1\" class=\"wp-image-7427\" srcset=\"https:\/\/jinhuaceramic.com\/wp-content\/uploads\/2024\/12\/Chimney-Ceramic-Palo-Santo-Incense-Burner-Wholesale-Sage-Bundle-Smudge-Holder-7.webp 1500w, https:\/\/jinhuaceramic.com\/wp-content\/uploads\/2024\/12\/Chimney-Ceramic-Palo-Santo-Incense-Burner-Wholesale-Sage-Bundle-Smudge-Holder-7-300x300.webp 300w, https:\/\/jinhuaceramic.com\/wp-content\/uploads\/2024\/12\/Chimney-Ceramic-Palo-Santo-Incense-Burner-Wholesale-Sage-Bundle-Smudge-Holder-7-150x150.webp 150w, https:\/\/jinhuaceramic.com\/wp-content\/uploads\/2024\/12\/Chimney-Ceramic-Palo-Santo-Incense-Burner-Wholesale-Sage-Bundle-Smudge-Holder-7-768x768.webp 768w, https:\/\/jinhuaceramic.com\/wp-content\/uploads\/2024\/12\/Chimney-Ceramic-Palo-Santo-Incense-Burner-Wholesale-Sage-Bundle-Smudge-Holder-7-12x12.webp 12w, https:\/\/jinhuaceramic.com\/wp-content\/uploads\/2024\/12\/Chimney-Ceramic-Palo-Santo-Incense-Burner-Wholesale-Sage-Bundle-Smudge-Holder-7-285x285.webp 285w, https:\/\/jinhuaceramic.com\/wp-content\/uploads\/2024\/12\/Chimney-Ceramic-Palo-Santo-Incense-Burner-Wholesale-Sage-Bundle-Smudge-Holder-7-270x270.webp 270w, https:\/\/jinhuaceramic.com\/wp-content\/uploads\/2024\/12\/Chimney-Ceramic-Palo-Santo-Incense-Burner-Wholesale-Sage-Bundle-Smudge-Holder-7-540x540.webp 540w, https:\/\/jinhuaceramic.com\/wp-content\/uploads\/2024\/12\/Chimney-Ceramic-Palo-Santo-Incense-Burner-Wholesale-Sage-Bundle-Smudge-Holder-7-660x660.webp 660w\" sizes=\"(max-width: 1500px) 100vw, 1500px\" \/><\/figure>\n<\/div>\n<\/div>\n\n\n\n<p><\/p>","protected":false},"excerpt":{"rendered":"<p>Bienvenue pour acheter en gros des porte-encens Palo Santo. Nos porte-encens en c\u00e9ramique sont fabriqu\u00e9s \u00e0 partir de c\u00e9ramique de haute qualit\u00e9. Cet accessoire chic est parfait pour br\u00fbler de l'encens, des bouquets de sauge, des b\u00e2tons de purification, du Palo Santo et diffuser des ar\u00f4mes naturels. Sa teinte orange chaude et son design sophistiqu\u00e9 se marient parfaitement pour apporter une touche magnifique \u00e0 la d\u00e9coration de votre int\u00e9rieur.<\/p>","protected":false},"featured_media":7426,"comment_status":"closed","ping_status":"closed","template":"","meta":{"_acf_changed":false},"product_brand":[],"product_cat":[52],"product_tag":[],"class_list":{"0":"post-7421","1":"product","2":"type-product","3":"status-publish","4":"has-post-thumbnail","6":"product_cat-wholesale-candle-containers","8":"first","9":"instock","10":"shipping-taxable","11":"product-type-simple"},"acf":[],"_links":{"self":[{"href":"https:\/\/jinhuaceramic.com\/fr\/wp-json\/wp\/v2\/product\/7421","targetHints":{"allow":["GET"]}}],"collection":[{"href":"https:\/\/jinhuaceramic.com\/fr\/wp-json\/wp\/v2\/product"}],"about":[{"href":"https:\/\/jinhuaceramic.com\/fr\/wp-json\/wp\/v2\/types\/product"}],"replies":[{"embeddable":true,"href":"https:\/\/jinhuaceramic.com\/fr\/wp-json\/wp\/v2\/comments?post=7421"}],"version-history":[{"count":0,"href":"https:\/\/jinhuaceramic.com\/fr\/wp-json\/wp\/v2\/product\/7421\/revisions"}],"wp:featuredmedia":[{"embeddable":true,"href":"https:\/\/jinhuaceramic.com\/fr\/wp-json\/wp\/v2\/media\/7426"}],"wp:attachment":[{"href":"https:\/\/jinhuaceramic.com\/fr\/wp-json\/wp\/v2\/media?parent=7421"}],"wp:term":[{"taxonomy":"product_brand","embeddable":true,"href":"https:\/\/jinhuaceramic.com\/fr\/wp-json\/wp\/v2\/product_brand?post=7421"},{"taxonomy":"product_cat","embeddable":true,"href":"https:\/\/jinhuaceramic.com\/fr\/wp-json\/wp\/v2\/product_cat?post=7421"},{"taxonomy":"product_tag","embeddable":true,"href":"https:\/\/jinhuaceramic.com\/fr\/wp-json\/wp\/v2\/product_tag?post=7421"}],"curies":[{"name":"wp","href":"https:\/\/api.w.org\/{rel}","templated":true}]}}