{"id":7431,"date":"2024-12-14T08:19:26","date_gmt":"2024-12-14T08:19:26","guid":{"rendered":"https:\/\/jinhuaceramic.com\/?post_type=product&#038;p=7431"},"modified":"2024-12-19T07:16:05","modified_gmt":"2024-12-19T07:16:05","slug":"wholesale-soap-dispensers","status":"publish","type":"product","link":"https:\/\/jinhuaceramic.com\/fr\/product\/wholesale-soap-dispensers\/","title":{"rendered":"Distributeurs de savon en gros, Porte-brosse \u00e0 dents en c\u00e9ramique en vrac"},"content":{"rendered":"<div class=\"wp-block-columns is-layout-flex wp-container-core-columns-is-layout-9d6595d7 wp-block-columns-is-layout-flex\">\n<div class=\"wp-block-column is-layout-flow wp-block-column-is-layout-flow\">\n<h3 class=\"wp-block-heading\">Premium Wholesale Soap Dispensers Caract\u00e9ristiques :<\/h3>\n\n\n\n<ul class=\"wp-block-list\">\n<li><strong>Forme irr\u00e9guli\u00e8re :<\/strong> Les formes de ces distributeurs de savon et de ces porte-brosses \u00e0 dents en gros sont tr\u00e8s uniques. Le distributeur de savon et le gobelet pour brosse \u00e0 dents adoptent tous deux une forme de vague irr\u00e9guli\u00e8re, comme un chapelet de bulles, si mignon. Le plateau a la forme d'un nuage, avec une ligne lisse et naturelle pour faire parfaitement \u00e9cho \u00e0 la forme du distributeur de savon et du porte-brosse \u00e0 dents.<\/li>\n\n\n\n<li><strong>Correspondance simple des couleurs : <\/strong>La couleur principale de ce meuble de salle de bain est le blanc, frais et froid, tandis que la t\u00eate dor\u00e9e du distributeur de savon rehausse la sensation de luxe du produit. L'\u00e9mail de cet ensemble est parsem\u00e9 de petites taches dans un motif irr\u00e9gulier, ce qui augmente l'effet de superposition et la beaut\u00e9 du produit.<\/li>\n\n\n\n<li><strong>Mat\u00e9riau c\u00e9ramique de haute qualit\u00e9 : <\/strong>Des mat\u00e9riaux c\u00e9ramiques de haute qualit\u00e9 sont utilis\u00e9s pour ces distributeurs de savon et ces porte-brosses \u00e0 dents en gros. Ils sont tr\u00e8s durables et r\u00e9sistants \u00e0 l'usure et aux rayures ; leur dur\u00e9e de vie est longue.<\/li>\n\n\n\n<li><strong>Pratique : <\/strong>Ces ensembles de vanit\u00e9 de salle de bain en gros comprennent un distributeur de savon, un porte-brosse \u00e0 dents et un plateau. Le distributeur de savon est lisse, stable et facile \u00e0 utiliser. Le plateau est pratique, en plus de ranger d'autres accessoires de salle de bain ; il peut \u00eatre utilis\u00e9 pour placer des bijoux, des montres, et plus encore pour garder la salle de bain bien rang\u00e9e.<\/li>\n<\/ul>\n<\/div>\n\n\n\n<div class=\"wp-block-column is-layout-flow wp-block-column-is-layout-flow\">\n<figure class=\"wp-block-image size-full\"><img fetchpriority=\"high\" decoding=\"async\" width=\"1600\" height=\"1600\" src=\"https:\/\/jinhuaceramic.com\/wp-content\/uploads\/2024\/12\/Ceramic-Designer-Bathroom-Sets-Wholesale-Bath-Accessories-Supplies-2.webp\" alt=\"Distributeur de savon en gros, Porte-brosse \u00e0 dents en c\u00e9ramique Bulk-1\" class=\"wp-image-7432\" srcset=\"https:\/\/jinhuaceramic.com\/wp-content\/uploads\/2024\/12\/Ceramic-Designer-Bathroom-Sets-Wholesale-Bath-Accessories-Supplies-2.webp 1600w, https:\/\/jinhuaceramic.com\/wp-content\/uploads\/2024\/12\/Ceramic-Designer-Bathroom-Sets-Wholesale-Bath-Accessories-Supplies-2-300x300.webp 300w, https:\/\/jinhuaceramic.com\/wp-content\/uploads\/2024\/12\/Ceramic-Designer-Bathroom-Sets-Wholesale-Bath-Accessories-Supplies-2-150x150.webp 150w, https:\/\/jinhuaceramic.com\/wp-content\/uploads\/2024\/12\/Ceramic-Designer-Bathroom-Sets-Wholesale-Bath-Accessories-Supplies-2-768x768.webp 768w, https:\/\/jinhuaceramic.com\/wp-content\/uploads\/2024\/12\/Ceramic-Designer-Bathroom-Sets-Wholesale-Bath-Accessories-Supplies-2-12x12.webp 12w, https:\/\/jinhuaceramic.com\/wp-content\/uploads\/2024\/12\/Ceramic-Designer-Bathroom-Sets-Wholesale-Bath-Accessories-Supplies-2-285x285.webp 285w, https:\/\/jinhuaceramic.com\/wp-content\/uploads\/2024\/12\/Ceramic-Designer-Bathroom-Sets-Wholesale-Bath-Accessories-Supplies-2-270x270.webp 270w, https:\/\/jinhuaceramic.com\/wp-content\/uploads\/2024\/12\/Ceramic-Designer-Bathroom-Sets-Wholesale-Bath-Accessories-Supplies-2-540x540.webp 540w, https:\/\/jinhuaceramic.com\/wp-content\/uploads\/2024\/12\/Ceramic-Designer-Bathroom-Sets-Wholesale-Bath-Accessories-Supplies-2-660x660.webp 660w\" sizes=\"(max-width: 1600px) 100vw, 1600px\" \/><\/figure>\n<\/div>\n<\/div>","protected":false},"excerpt":{"rendered":"<p>Bienvenue sur le site d'achat en gros d'ensembles de vanit\u00e9 de salle de bain. Ces distributeurs de savon et porte-brosses \u00e0 dents en c\u00e9ramique sont non seulement pratiques, mais aussi uniques par leur forme, \u00e9l\u00e9gants par leur design et tr\u00e8s d\u00e9coratifs. Son design unique peut ajouter une touche artistique \u00e0 votre salle de bain, rendant votre salle de bain plus chaleureuse et confortable.<\/p>","protected":false},"featured_media":7435,"comment_status":"closed","ping_status":"closed","template":"","meta":{"_acf_changed":false},"product_brand":[],"product_cat":[51],"product_tag":[73],"class_list":{"0":"post-7431","1":"product","2":"type-product","3":"status-publish","4":"has-post-thumbnail","6":"product_cat-bathroom-accessories-wholesale","7":"product_tag-custom-soap-dispensers","9":"first","10":"instock","11":"shipping-taxable","12":"product-type-simple"},"acf":[],"_links":{"self":[{"href":"https:\/\/jinhuaceramic.com\/fr\/wp-json\/wp\/v2\/product\/7431","targetHints":{"allow":["GET"]}}],"collection":[{"href":"https:\/\/jinhuaceramic.com\/fr\/wp-json\/wp\/v2\/product"}],"about":[{"href":"https:\/\/jinhuaceramic.com\/fr\/wp-json\/wp\/v2\/types\/product"}],"replies":[{"embeddable":true,"href":"https:\/\/jinhuaceramic.com\/fr\/wp-json\/wp\/v2\/comments?post=7431"}],"version-history":[{"count":0,"href":"https:\/\/jinhuaceramic.com\/fr\/wp-json\/wp\/v2\/product\/7431\/revisions"}],"wp:featuredmedia":[{"embeddable":true,"href":"https:\/\/jinhuaceramic.com\/fr\/wp-json\/wp\/v2\/media\/7435"}],"wp:attachment":[{"href":"https:\/\/jinhuaceramic.com\/fr\/wp-json\/wp\/v2\/media?parent=7431"}],"wp:term":[{"taxonomy":"product_brand","embeddable":true,"href":"https:\/\/jinhuaceramic.com\/fr\/wp-json\/wp\/v2\/product_brand?post=7431"},{"taxonomy":"product_cat","embeddable":true,"href":"https:\/\/jinhuaceramic.com\/fr\/wp-json\/wp\/v2\/product_cat?post=7431"},{"taxonomy":"product_tag","embeddable":true,"href":"https:\/\/jinhuaceramic.com\/fr\/wp-json\/wp\/v2\/product_tag?post=7431"}],"curies":[{"name":"wp","href":"https:\/\/api.w.org\/{rel}","templated":true}]}}