{"id":7459,"date":"2024-12-18T08:20:26","date_gmt":"2024-12-18T08:20:26","guid":{"rendered":"https:\/\/jinhuaceramic.com\/?post_type=product&#038;p=7459"},"modified":"2024-12-19T07:15:37","modified_gmt":"2024-12-19T07:15:37","slug":"candlesticks-in-bulk","status":"publish","type":"product","link":"https:\/\/jinhuaceramic.com\/fr\/product\/candlesticks-in-bulk\/","title":{"rendered":"Bougeoirs en c\u00e9ramique en forme de fleur en vrac, Bougeoirs en gros"},"content":{"rendered":"<div class=\"wp-block-columns is-layout-flex wp-container-core-columns-is-layout-9d6595d7 wp-block-columns-is-layout-flex\">\n<div class=\"wp-block-column is-layout-flow wp-block-column-is-layout-flow\">\n<h3 class=\"wp-block-heading\">Chandeliers de qualit\u00e9 sup\u00e9rieure en vrac Caract\u00e9ristiques :<\/h3>\n\n\n\n<ul class=\"wp-block-list\">\n<li><strong>Forme unique de la fleur :<\/strong> Ces chandeliers en c\u00e9ramique en vrac ont la forme de fleurs, mais sont constitu\u00e9s de plusieurs sph\u00e8res rondes formant des p\u00e9tales, le centre de la fleur \u00e9tant utilis\u00e9 pour placer les bougies. Ce design donne aux gens une impression de modernit\u00e9, de simplicit\u00e9 et d'enfance.<\/li>\n\n\n\n<li><strong>Diverses couleurs douces : <\/strong>Ces bougeoirs en c\u00e9ramique en forme de fleur utilisent des couleurs douces, telles que le blanc, le jaune et le violet clair. Ces couleurs sont assorties de mani\u00e8re tr\u00e8s harmonieuse et peuvent \u00eatre facilement int\u00e9gr\u00e9es dans divers environnements domestiques, donnant aux gens une sensation de chaleur et de confort.<\/li>\n\n\n\n<li><strong>Mat\u00e9riau c\u00e9ramique de haute qualit\u00e9 : <\/strong>Ces bougeoirs en c\u00e9ramique en vrac sont fabriqu\u00e9s \u00e0 partir de c\u00e9ramiques de haute qualit\u00e9 qui pr\u00e9sentent une grande r\u00e9sistance \u00e0 la chaleur, ce qui garantit que le support ne sera jamais d\u00e9form\u00e9 ni endommag\u00e9 par l'\u00e9chauffement d\u00fb aux bougies chaudes qui y sont plac\u00e9es.<\/li>\n\n\n\n<li><strong>Pratique :<\/strong> Ces bougeoirs en c\u00e9ramique sont fabriqu\u00e9s en gros avec deux tailles diff\u00e9rentes en fonction du diam\u00e8tre de la bougie. Leur conception permet \u00e0 l'utilisateur de placer les bougies de mani\u00e8re simple et stable ; qu'il s'agisse d'\u00e9clairage, d'aromath\u00e9rapie ou de d\u00e9coration, ils peuvent jouer un r\u00f4le important.<\/li>\n<\/ul>\n<\/div>\n\n\n\n<div class=\"wp-block-column is-layout-flow wp-block-column-is-layout-flow\">\n<figure class=\"wp-block-image size-full\"><img fetchpriority=\"high\" decoding=\"async\" width=\"800\" height=\"800\" src=\"https:\/\/jinhuaceramic.com\/wp-content\/uploads\/2024\/12\/Flower-Shape-Wholesale-Candle-Holders-Ceramic-Candlesticks-In-Bulk-4.webp\" alt=\"Porte-bougies en gros en forme de fleur,-bougies en c\u00e9ramique en vrac\" class=\"wp-image-7462\" srcset=\"https:\/\/jinhuaceramic.com\/wp-content\/uploads\/2024\/12\/Flower-Shape-Wholesale-Candle-Holders-Ceramic-Candlesticks-In-Bulk-4.webp 800w, https:\/\/jinhuaceramic.com\/wp-content\/uploads\/2024\/12\/Flower-Shape-Wholesale-Candle-Holders-Ceramic-Candlesticks-In-Bulk-4-300x300.webp 300w, https:\/\/jinhuaceramic.com\/wp-content\/uploads\/2024\/12\/Flower-Shape-Wholesale-Candle-Holders-Ceramic-Candlesticks-In-Bulk-4-150x150.webp 150w, https:\/\/jinhuaceramic.com\/wp-content\/uploads\/2024\/12\/Flower-Shape-Wholesale-Candle-Holders-Ceramic-Candlesticks-In-Bulk-4-768x768.webp 768w, https:\/\/jinhuaceramic.com\/wp-content\/uploads\/2024\/12\/Flower-Shape-Wholesale-Candle-Holders-Ceramic-Candlesticks-In-Bulk-4-12x12.webp 12w, https:\/\/jinhuaceramic.com\/wp-content\/uploads\/2024\/12\/Flower-Shape-Wholesale-Candle-Holders-Ceramic-Candlesticks-In-Bulk-4-285x285.webp 285w, https:\/\/jinhuaceramic.com\/wp-content\/uploads\/2024\/12\/Flower-Shape-Wholesale-Candle-Holders-Ceramic-Candlesticks-In-Bulk-4-270x270.webp 270w, https:\/\/jinhuaceramic.com\/wp-content\/uploads\/2024\/12\/Flower-Shape-Wholesale-Candle-Holders-Ceramic-Candlesticks-In-Bulk-4-540x540.webp 540w, https:\/\/jinhuaceramic.com\/wp-content\/uploads\/2024\/12\/Flower-Shape-Wholesale-Candle-Holders-Ceramic-Candlesticks-In-Bulk-4-660x660.webp 660w\" sizes=\"(max-width: 800px) 100vw, 800px\" \/><\/figure>\n<\/div>\n<\/div>","protected":false},"excerpt":{"rendered":"<p>Nous vous invitons \u00e0 acheter des chandeliers en c\u00e9ramique en gros. Ce bougeoir en forme de fleur est un \u00e9l\u00e9ment indispensable de la d\u00e9coration int\u00e9rieure en raison de sa forme unique, de ses couleurs douces et de sa durabilit\u00e9. Facile \u00e0 utiliser et \u00e0 nettoyer, ils ajouteront beaucoup de chaleur et d'int\u00e9r\u00eat \u00e0 l'environnement de votre maison en plus d'ajouter une touche agr\u00e9able au go\u00fbt et au style d'un endroit entier.<\/p>","protected":false},"featured_media":7465,"comment_status":"closed","ping_status":"closed","template":"","meta":{"_acf_changed":false},"product_brand":[],"product_cat":[52],"product_tag":[68],"class_list":{"0":"post-7459","1":"product","2":"type-product","3":"status-publish","4":"has-post-thumbnail","6":"product_cat-wholesale-candle-containers","7":"product_tag-ceramic-candlesticks-bulk","9":"first","10":"instock","11":"shipping-taxable","12":"product-type-simple"},"acf":[],"_links":{"self":[{"href":"https:\/\/jinhuaceramic.com\/fr\/wp-json\/wp\/v2\/product\/7459","targetHints":{"allow":["GET"]}}],"collection":[{"href":"https:\/\/jinhuaceramic.com\/fr\/wp-json\/wp\/v2\/product"}],"about":[{"href":"https:\/\/jinhuaceramic.com\/fr\/wp-json\/wp\/v2\/types\/product"}],"replies":[{"embeddable":true,"href":"https:\/\/jinhuaceramic.com\/fr\/wp-json\/wp\/v2\/comments?post=7459"}],"version-history":[{"count":0,"href":"https:\/\/jinhuaceramic.com\/fr\/wp-json\/wp\/v2\/product\/7459\/revisions"}],"wp:featuredmedia":[{"embeddable":true,"href":"https:\/\/jinhuaceramic.com\/fr\/wp-json\/wp\/v2\/media\/7465"}],"wp:attachment":[{"href":"https:\/\/jinhuaceramic.com\/fr\/wp-json\/wp\/v2\/media?parent=7459"}],"wp:term":[{"taxonomy":"product_brand","embeddable":true,"href":"https:\/\/jinhuaceramic.com\/fr\/wp-json\/wp\/v2\/product_brand?post=7459"},{"taxonomy":"product_cat","embeddable":true,"href":"https:\/\/jinhuaceramic.com\/fr\/wp-json\/wp\/v2\/product_cat?post=7459"},{"taxonomy":"product_tag","embeddable":true,"href":"https:\/\/jinhuaceramic.com\/fr\/wp-json\/wp\/v2\/product_tag?post=7459"}],"curies":[{"name":"wp","href":"https:\/\/api.w.org\/{rel}","templated":true}]}}