{"id":7473,"date":"2024-12-19T07:14:31","date_gmt":"2024-12-19T07:14:31","guid":{"rendered":"https:\/\/jinhuaceramic.com\/?post_type=product&#038;p=7473"},"modified":"2025-03-10T09:24:36","modified_gmt":"2025-03-10T09:24:36","slug":"bulk-bakeware","status":"publish","type":"product","link":"https:\/\/jinhuaceramic.com\/fr\/product\/bulk-bakeware\/","title":{"rendered":"Plat \u00e0 four antiadh\u00e9sif en vrac, plat \u00e0 four rectangulaire en c\u00e9ramique"},"content":{"rendered":"<div class=\"wp-block-columns is-layout-flex wp-container-core-columns-is-layout-9d6595d7 wp-block-columns-is-layout-flex\">\n<div class=\"wp-block-column is-layout-flow wp-block-column-is-layout-flow\">\n<h3 class=\"wp-block-heading\">Produits de boulangerie en vrac de qualit\u00e9 sup\u00e9rieure Caract\u00e9ristiques :<\/h3>\n\n\n\n<ul class=\"wp-block-list\">\n<li><strong>Design \u00e9l\u00e9gant : <\/strong>La couleur principale de ces plats de cuisson en vrac est l'orange, ce qui leur conf\u00e8re un aspect vif et brillant qui peut ajouter une touche de couleur \u00e0 la cuisine. Les parois des plats de cuisson sont d\u00e9cor\u00e9es d'un motif blanc compos\u00e9 d'une s\u00e9rie de lignes et d'\u00e9toiles r\u00e9p\u00e9t\u00e9es. Ce motif a un aspect r\u00e9tro qui est \u00e0 la fois \u00e9l\u00e9gant et classique.<\/li>\n\n\n\n<li><strong>Construction en c\u00e9ramique durable : <\/strong>R\u00e9sistance aux temp\u00e9ratures \u00e9lev\u00e9es : ces plats de cuisson en c\u00e9ramique de qualit\u00e9 sup\u00e9rieure peuvent \u00eatre utilis\u00e9s en gros \u00e0 des temp\u00e9ratures comprises entre 300 et 400 degr\u00e9s Celsius sans se d\u00e9former ni \u00e9mettre de substances volatiles nocives.<\/li>\n\n\n\n<li><strong>Forme rectangulaire et poign\u00e9es antid\u00e9rapantes : <\/strong>Ces plats de cuisson en vrac sont de forme rectangulaire, une forme tr\u00e8s pratique pour la cuisson d'aliments longs ou volumineux comme les g\u00e2teaux, le pain, les lasagnes, la viande, etc. Les deux c\u00f4t\u00e9s des plats de cuisson sont munis de poign\u00e9es pour une manipulation facile et peuvent \u00eatre retir\u00e9s en toute s\u00e9curit\u00e9 des fours chauds.<\/li>\n\n\n\n<li><strong>Surface antiadh\u00e9sive : <\/strong>La surface de ces plats \u00e0 four en c\u00e9ramique est si lisse que les aliments n'y adh\u00e8rent pas. Pour les nettoyer, il suffit d'un d\u00e9tergent, d'eau chaude et d'un chiffon doux ou d'utiliser un lave-vaisselle, ce qui est tr\u00e8s pratique.<\/li>\n<\/ul>\n<\/div>\n\n\n\n<div class=\"wp-block-column is-layout-flow wp-block-column-is-layout-flow\">\n<figure class=\"wp-block-image size-full\"><img fetchpriority=\"high\" decoding=\"async\" width=\"640\" height=\"640\" src=\"https:\/\/jinhuaceramic.com\/wp-content\/uploads\/2024\/12\/Non-Stick-Ceramic-Rectangular-Baking-Dish-Kitchen-Bakeware-Supplies-5.webp\" alt=\"Plat \u00e0 four antiadh\u00e9sif en vrac, plat \u00e0 four rectangulaire en c\u00e9ramique-4\" class=\"wp-image-7477\" srcset=\"https:\/\/jinhuaceramic.com\/wp-content\/uploads\/2024\/12\/Non-Stick-Ceramic-Rectangular-Baking-Dish-Kitchen-Bakeware-Supplies-5.webp 640w, https:\/\/jinhuaceramic.com\/wp-content\/uploads\/2024\/12\/Non-Stick-Ceramic-Rectangular-Baking-Dish-Kitchen-Bakeware-Supplies-5-300x300.webp 300w, https:\/\/jinhuaceramic.com\/wp-content\/uploads\/2024\/12\/Non-Stick-Ceramic-Rectangular-Baking-Dish-Kitchen-Bakeware-Supplies-5-150x150.webp 150w, https:\/\/jinhuaceramic.com\/wp-content\/uploads\/2024\/12\/Non-Stick-Ceramic-Rectangular-Baking-Dish-Kitchen-Bakeware-Supplies-5-12x12.webp 12w, https:\/\/jinhuaceramic.com\/wp-content\/uploads\/2024\/12\/Non-Stick-Ceramic-Rectangular-Baking-Dish-Kitchen-Bakeware-Supplies-5-285x285.webp 285w, https:\/\/jinhuaceramic.com\/wp-content\/uploads\/2024\/12\/Non-Stick-Ceramic-Rectangular-Baking-Dish-Kitchen-Bakeware-Supplies-5-270x270.webp 270w, https:\/\/jinhuaceramic.com\/wp-content\/uploads\/2024\/12\/Non-Stick-Ceramic-Rectangular-Baking-Dish-Kitchen-Bakeware-Supplies-5-540x540.webp 540w\" sizes=\"(max-width: 640px) 100vw, 640px\" \/><\/figure>\n<\/div>\n<\/div>","protected":false},"excerpt":{"rendered":"<p>Bienvenue sur le site d'achat en gros de plats de cuisson en c\u00e9ramique. Ces plats de cuisson antiadh\u00e9sifs en vrac sont con\u00e7us pour \u00eatre \u00e0 la fois pratiques et esth\u00e9tiques. Leur forme rectangulaire convient \u00e0 une vari\u00e9t\u00e9 de besoins de cuisson, et leur couleur orange chaude et leur motif r\u00e9tro en font un bel ajout \u00e0 la cuisine.<\/p>","protected":false},"featured_media":7474,"comment_status":"closed","ping_status":"closed","template":"","meta":{"_acf_changed":false},"product_brand":[],"product_cat":[53],"product_tag":[71],"class_list":{"0":"post-7473","1":"product","2":"type-product","3":"status-publish","4":"has-post-thumbnail","6":"product_cat-bakeware-in-bulk","7":"product_tag-wholesale-baking-pans","9":"first","10":"instock","11":"shipping-taxable","12":"product-type-simple"},"acf":[],"_links":{"self":[{"href":"https:\/\/jinhuaceramic.com\/fr\/wp-json\/wp\/v2\/product\/7473","targetHints":{"allow":["GET"]}}],"collection":[{"href":"https:\/\/jinhuaceramic.com\/fr\/wp-json\/wp\/v2\/product"}],"about":[{"href":"https:\/\/jinhuaceramic.com\/fr\/wp-json\/wp\/v2\/types\/product"}],"replies":[{"embeddable":true,"href":"https:\/\/jinhuaceramic.com\/fr\/wp-json\/wp\/v2\/comments?post=7473"}],"version-history":[{"count":0,"href":"https:\/\/jinhuaceramic.com\/fr\/wp-json\/wp\/v2\/product\/7473\/revisions"}],"wp:featuredmedia":[{"embeddable":true,"href":"https:\/\/jinhuaceramic.com\/fr\/wp-json\/wp\/v2\/media\/7474"}],"wp:attachment":[{"href":"https:\/\/jinhuaceramic.com\/fr\/wp-json\/wp\/v2\/media?parent=7473"}],"wp:term":[{"taxonomy":"product_brand","embeddable":true,"href":"https:\/\/jinhuaceramic.com\/fr\/wp-json\/wp\/v2\/product_brand?post=7473"},{"taxonomy":"product_cat","embeddable":true,"href":"https:\/\/jinhuaceramic.com\/fr\/wp-json\/wp\/v2\/product_cat?post=7473"},{"taxonomy":"product_tag","embeddable":true,"href":"https:\/\/jinhuaceramic.com\/fr\/wp-json\/wp\/v2\/product_tag?post=7473"}],"curies":[{"name":"wp","href":"https:\/\/api.w.org\/{rel}","templated":true}]}}