{"id":7484,"date":"2024-12-20T02:14:40","date_gmt":"2024-12-20T02:14:40","guid":{"rendered":"https:\/\/jinhuaceramic.com\/?post_type=product&#038;p=7484"},"modified":"2024-12-20T02:15:09","modified_gmt":"2024-12-20T02:15:09","slug":"soap-dispenser-bottles-bulk","status":"publish","type":"product","link":"https:\/\/jinhuaceramic.com\/fr\/product\/soap-dispenser-bottles-bulk\/","title":{"rendered":"Distributeur de savon c\u00e9ramique en vrac, Distributeur de savon liquide en gros"},"content":{"rendered":"<div class=\"wp-block-columns is-layout-flex wp-container-core-columns-is-layout-9d6595d7 wp-block-columns-is-layout-flex\">\n<div class=\"wp-block-column is-layout-flow wp-block-column-is-layout-flow\">\n<h3 class=\"wp-block-heading\">Bouteilles distributrices de savon de premi\u00e8re qualit\u00e9 en vrac Caract\u00e9ristiques :<\/h3>\n\n\n\n<ul class=\"wp-block-list\">\n<li><strong>Design \u00e9l\u00e9gant : <\/strong>La couleur blanche, les fleurs rouges et les feuilles vertes sont utilis\u00e9es pour d\u00e9corer ces bouteilles distributrices de savon en vrac, qui semblent tr\u00e8s d\u00e9licates et \u00e9l\u00e9gantes. Le motif floral sur la bouteille est de couleur douce, formant un contraste net avec la t\u00eate de pompe dor\u00e9e, ce qui rend l'effet visuel global harmonieux et magnifique.<\/li>\n\n\n\n<li><strong>Mat\u00e9riau de haute qualit\u00e9 : <\/strong>Ces distributeurs de savon liquide sont fabriqu\u00e9s en c\u00e9ramique de haute qualit\u00e9. Il est dur et r\u00e9sistant \u00e0 l'abrasion, ne se raye pas et ne se d\u00e9truit pas, mais conserve une belle apparence lors d'une utilisation quotidienne.<\/li>\n\n\n\n<li><strong>Pratique : <\/strong>La surface de ces distributeurs de savon en c\u00e9ramique est lisse et n'absorbe pas la salet\u00e9. Elles sont donc faciles \u00e0 nettoyer. La capacit\u00e9 moyenne r\u00e9pond aux besoins quotidiens, r\u00e9duisant ainsi les probl\u00e8mes li\u00e9s \u00e0 l'ajout fr\u00e9quent de savon.<\/li>\n\n\n\n<li><strong>Respectueux de l'environnement : <\/strong>La r\u00e9utilisation de ces distributeurs de savon liquide en c\u00e9ramique r\u00e9duit l'utilisation de bouteilles en plastique jetables et a donc un effet \u00e9cologique.<\/li>\n<\/ul>\n<\/div>\n\n\n\n<div class=\"wp-block-column is-layout-flow wp-block-column-is-layout-flow\">\n<figure class=\"wp-block-image size-full\"><img fetchpriority=\"high\" decoding=\"async\" width=\"761\" height=\"761\" src=\"https:\/\/jinhuaceramic.com\/wp-content\/uploads\/2024\/12\/Bulk-Custom-Liquid-Soap-Dispenser-Ceramic-Bathroom-Accessories-Supplies-3.webp\" alt=\"Distributeur de savon c\u00e9ramique en vrac, Distributeur de savon liquide en gros-1\" class=\"wp-image-7486\" srcset=\"https:\/\/jinhuaceramic.com\/wp-content\/uploads\/2024\/12\/Bulk-Custom-Liquid-Soap-Dispenser-Ceramic-Bathroom-Accessories-Supplies-3.webp 761w, https:\/\/jinhuaceramic.com\/wp-content\/uploads\/2024\/12\/Bulk-Custom-Liquid-Soap-Dispenser-Ceramic-Bathroom-Accessories-Supplies-3-300x300.webp 300w, https:\/\/jinhuaceramic.com\/wp-content\/uploads\/2024\/12\/Bulk-Custom-Liquid-Soap-Dispenser-Ceramic-Bathroom-Accessories-Supplies-3-150x150.webp 150w, https:\/\/jinhuaceramic.com\/wp-content\/uploads\/2024\/12\/Bulk-Custom-Liquid-Soap-Dispenser-Ceramic-Bathroom-Accessories-Supplies-3-12x12.webp 12w, https:\/\/jinhuaceramic.com\/wp-content\/uploads\/2024\/12\/Bulk-Custom-Liquid-Soap-Dispenser-Ceramic-Bathroom-Accessories-Supplies-3-285x285.webp 285w, https:\/\/jinhuaceramic.com\/wp-content\/uploads\/2024\/12\/Bulk-Custom-Liquid-Soap-Dispenser-Ceramic-Bathroom-Accessories-Supplies-3-270x270.webp 270w, https:\/\/jinhuaceramic.com\/wp-content\/uploads\/2024\/12\/Bulk-Custom-Liquid-Soap-Dispenser-Ceramic-Bathroom-Accessories-Supplies-3-540x540.webp 540w, https:\/\/jinhuaceramic.com\/wp-content\/uploads\/2024\/12\/Bulk-Custom-Liquid-Soap-Dispenser-Ceramic-Bathroom-Accessories-Supplies-3-660x660.webp 660w\" sizes=\"(max-width: 761px) 100vw, 761px\" \/><\/figure>\n<\/div>\n<\/div>","protected":false},"excerpt":{"rendered":"<p>Bienvenue \u00e0 l'achat de distributeurs de savon en c\u00e9ramique en vrac. Ces distributeurs de savon liquide en gros sont \u00e0 la fois beaux et pratiques. Cette beaut\u00e9 exquise est faite de c\u00e9ramique avec un motif floral d\u00e9licat sur la bouteille et une pompe dor\u00e9e. Le mat\u00e9riau c\u00e9ramique est vraiment dur, ne s'ab\u00eeme pas facilement, est facile \u00e0 nettoyer. Le volume est adapt\u00e9 \u00e0 un usage quotidien, il ne manquera donc jamais dans les toilettes.<\/p>","protected":false},"featured_media":7487,"comment_status":"closed","ping_status":"closed","template":"","meta":{"_acf_changed":false},"product_brand":[],"product_cat":[51],"product_tag":[73],"class_list":{"0":"post-7484","1":"product","2":"type-product","3":"status-publish","4":"has-post-thumbnail","6":"product_cat-bathroom-accessories-wholesale","7":"product_tag-custom-soap-dispensers","9":"first","10":"instock","11":"shipping-taxable","12":"product-type-simple"},"acf":[],"_links":{"self":[{"href":"https:\/\/jinhuaceramic.com\/fr\/wp-json\/wp\/v2\/product\/7484","targetHints":{"allow":["GET"]}}],"collection":[{"href":"https:\/\/jinhuaceramic.com\/fr\/wp-json\/wp\/v2\/product"}],"about":[{"href":"https:\/\/jinhuaceramic.com\/fr\/wp-json\/wp\/v2\/types\/product"}],"replies":[{"embeddable":true,"href":"https:\/\/jinhuaceramic.com\/fr\/wp-json\/wp\/v2\/comments?post=7484"}],"version-history":[{"count":0,"href":"https:\/\/jinhuaceramic.com\/fr\/wp-json\/wp\/v2\/product\/7484\/revisions"}],"wp:featuredmedia":[{"embeddable":true,"href":"https:\/\/jinhuaceramic.com\/fr\/wp-json\/wp\/v2\/media\/7487"}],"wp:attachment":[{"href":"https:\/\/jinhuaceramic.com\/fr\/wp-json\/wp\/v2\/media?parent=7484"}],"wp:term":[{"taxonomy":"product_brand","embeddable":true,"href":"https:\/\/jinhuaceramic.com\/fr\/wp-json\/wp\/v2\/product_brand?post=7484"},{"taxonomy":"product_cat","embeddable":true,"href":"https:\/\/jinhuaceramic.com\/fr\/wp-json\/wp\/v2\/product_cat?post=7484"},{"taxonomy":"product_tag","embeddable":true,"href":"https:\/\/jinhuaceramic.com\/fr\/wp-json\/wp\/v2\/product_tag?post=7484"}],"curies":[{"name":"wp","href":"https:\/\/api.w.org\/{rel}","templated":true}]}}