{"id":7499,"date":"2024-12-26T10:28:11","date_gmt":"2024-12-26T10:28:11","guid":{"rendered":"https:\/\/jinhuaceramic.com\/?post_type=product&#038;p=7499"},"modified":"2025-01-16T06:24:09","modified_gmt":"2025-01-16T06:24:09","slug":"wholesale-tableware","status":"publish","type":"product","link":"https:\/\/jinhuaceramic.com\/fr\/product\/wholesale-tableware\/","title":{"rendered":"Premium Wholesale Tableware, Ceramic Bulk Crockery Suppliers"},"content":{"rendered":"<div class=\"wp-block-columns is-layout-flex wp-container-core-columns-is-layout-9d6595d7 wp-block-columns-is-layout-flex\">\n<div class=\"wp-block-column is-layout-flow wp-block-column-is-layout-flow\">\n<h3 class=\"wp-block-heading\">Premium Wholesale Tableware Caract\u00e9ristiques :<\/h3>\n\n\n\n<ul class=\"wp-block-list\">\n<li><strong>Technologie de changement de four : <\/strong>Cette vaisselle de gros adopte un ton unifi\u00e9, vert fonc\u00e9 avec des bords noirs, qui est tr\u00e8s \u00e9l\u00e9gant et moderne. La surface de la vaisselle est recouverte d'une gla\u00e7ure irr\u00e9guli\u00e8re, produite par le proc\u00e9d\u00e9 sp\u00e9cial de c\u00e9ramique \u201cUnpredictable Kiln Change\u201d, formant des changements accidentels de couleur de la gla\u00e7ure, des couches riches, uniques et magnifiques.<\/li>\n\n\n\n<li><strong>Mat\u00e9riau de haute qualit\u00e9 : <\/strong>Ces vaisselles en c\u00e9ramique sont fabriqu\u00e9es dans un mat\u00e9riau c\u00e9ramique de haute qualit\u00e9, r\u00e9sistant aux temp\u00e9ratures \u00e9lev\u00e9es et permettant de transporter divers plats chauds et soupes sans lib\u00e9rer de substances toxiques dans les aliments. La duret\u00e9 de la surface de cette c\u00e9ramique est assez \u00e9lev\u00e9e. Il n'est pas facile de la rayer avec un couteau ou une fourchette, ce qui pr\u00e9serve la beaut\u00e9 de cette vaisselle.<\/li>\n\n\n\n<li><strong>Polyvalence : <\/strong>Ces sets de table en gros sont compos\u00e9s de deux assiettes de tailles diff\u00e9rentes et d'un bol. La grande assiette servira pour les plats principaux, tels que les viandes grill\u00e9es et les l\u00e9gumes ; l'assiette de taille moyenne, pour les fruits ou les accompagnements ; et le bol pour les salades, les soupes, etc.<\/li>\n\n\n\n<li><strong>Facile \u00e0 nettoyer : <\/strong>Cette vaisselle en vrac en c\u00e9ramique pr\u00e9sente une surface lisse qui absorbe difficilement les ar\u00f4mes et les colorants alimentaires. Ils sont faciles \u00e0 nettoyer et peuvent \u00eatre pass\u00e9s au lave-vaisselle.<\/li>\n<\/ul>\n<\/div>\n\n\n\n<div class=\"wp-block-column is-layout-flow wp-block-column-is-layout-flow\">\n<figure class=\"wp-block-image size-full\"><img fetchpriority=\"high\" decoding=\"async\" width=\"1500\" height=\"1500\" src=\"https:\/\/jinhuaceramic.com\/wp-content\/uploads\/2024\/12\/Green-Custom-Dinnerware-Set-Deals-Wholesale-Tableware-Dinner-Services-5.webp\" alt=\"Premium Wholesale Tableware, Ceramic Bulk Crockery Suppliers-1\" class=\"wp-image-7503\" srcset=\"https:\/\/jinhuaceramic.com\/wp-content\/uploads\/2024\/12\/Green-Custom-Dinnerware-Set-Deals-Wholesale-Tableware-Dinner-Services-5.webp 1500w, https:\/\/jinhuaceramic.com\/wp-content\/uploads\/2024\/12\/Green-Custom-Dinnerware-Set-Deals-Wholesale-Tableware-Dinner-Services-5-300x300.webp 300w, https:\/\/jinhuaceramic.com\/wp-content\/uploads\/2024\/12\/Green-Custom-Dinnerware-Set-Deals-Wholesale-Tableware-Dinner-Services-5-150x150.webp 150w, https:\/\/jinhuaceramic.com\/wp-content\/uploads\/2024\/12\/Green-Custom-Dinnerware-Set-Deals-Wholesale-Tableware-Dinner-Services-5-768x768.webp 768w, https:\/\/jinhuaceramic.com\/wp-content\/uploads\/2024\/12\/Green-Custom-Dinnerware-Set-Deals-Wholesale-Tableware-Dinner-Services-5-12x12.webp 12w, https:\/\/jinhuaceramic.com\/wp-content\/uploads\/2024\/12\/Green-Custom-Dinnerware-Set-Deals-Wholesale-Tableware-Dinner-Services-5-285x285.webp 285w, https:\/\/jinhuaceramic.com\/wp-content\/uploads\/2024\/12\/Green-Custom-Dinnerware-Set-Deals-Wholesale-Tableware-Dinner-Services-5-270x270.webp 270w, https:\/\/jinhuaceramic.com\/wp-content\/uploads\/2024\/12\/Green-Custom-Dinnerware-Set-Deals-Wholesale-Tableware-Dinner-Services-5-540x540.webp 540w, https:\/\/jinhuaceramic.com\/wp-content\/uploads\/2024\/12\/Green-Custom-Dinnerware-Set-Deals-Wholesale-Tableware-Dinner-Services-5-660x660.webp 660w\" sizes=\"(max-width: 1500px) 100vw, 1500px\" \/><\/figure>\n<\/div>\n<\/div>\n\n\n\n<p><\/p>","protected":false},"excerpt":{"rendered":"<p>Bienvenue sur le march\u00e9 de la vaisselle en gros. Un design \u00e9l\u00e9gant, un mat\u00e9riau c\u00e9ramique durable, des fonctions pratiques et un nettoyage facile font de cette vaisselle en vrac en c\u00e9ramique un choix indispensable. Ces ensembles de vaisselle en c\u00e9ramique sont \u00e0 la fois beaux et pratiques, ce qui permet de rehausser efficacement le plaisir de manger et de faire de chaque repas un rituel \u00e9l\u00e9gant de la vie.<\/p>","protected":false},"featured_media":7506,"comment_status":"closed","ping_status":"closed","template":"","meta":{"_acf_changed":false},"product_brand":[],"product_cat":[54,83],"product_tag":[78,76],"class_list":{"0":"post-7499","1":"product","2":"type-product","3":"status-publish","4":"has-post-thumbnail","6":"product_cat-tableware-wholesale","7":"product_cat-wholesale-dinnerware-sets","8":"product_tag-bulk-ceramic-bowls","9":"product_tag-dinner-plates-bulk","11":"first","12":"instock","13":"shipping-taxable","14":"product-type-simple"},"acf":[],"_links":{"self":[{"href":"https:\/\/jinhuaceramic.com\/fr\/wp-json\/wp\/v2\/product\/7499","targetHints":{"allow":["GET"]}}],"collection":[{"href":"https:\/\/jinhuaceramic.com\/fr\/wp-json\/wp\/v2\/product"}],"about":[{"href":"https:\/\/jinhuaceramic.com\/fr\/wp-json\/wp\/v2\/types\/product"}],"replies":[{"embeddable":true,"href":"https:\/\/jinhuaceramic.com\/fr\/wp-json\/wp\/v2\/comments?post=7499"}],"version-history":[{"count":0,"href":"https:\/\/jinhuaceramic.com\/fr\/wp-json\/wp\/v2\/product\/7499\/revisions"}],"wp:featuredmedia":[{"embeddable":true,"href":"https:\/\/jinhuaceramic.com\/fr\/wp-json\/wp\/v2\/media\/7506"}],"wp:attachment":[{"href":"https:\/\/jinhuaceramic.com\/fr\/wp-json\/wp\/v2\/media?parent=7499"}],"wp:term":[{"taxonomy":"product_brand","embeddable":true,"href":"https:\/\/jinhuaceramic.com\/fr\/wp-json\/wp\/v2\/product_brand?post=7499"},{"taxonomy":"product_cat","embeddable":true,"href":"https:\/\/jinhuaceramic.com\/fr\/wp-json\/wp\/v2\/product_cat?post=7499"},{"taxonomy":"product_tag","embeddable":true,"href":"https:\/\/jinhuaceramic.com\/fr\/wp-json\/wp\/v2\/product_tag?post=7499"}],"curies":[{"name":"wp","href":"https:\/\/api.w.org\/{rel}","templated":true}]}}