{"id":7510,"date":"2024-12-26T10:47:15","date_gmt":"2024-12-26T10:47:15","guid":{"rendered":"https:\/\/jinhuaceramic.com\/?post_type=product&#038;p=7510"},"modified":"2024-12-30T01:39:51","modified_gmt":"2024-12-30T01:39:51","slug":"customized-bathroom-sets","status":"publish","type":"product","link":"https:\/\/jinhuaceramic.com\/fr\/product\/customized-bathroom-sets\/","title":{"rendered":"Accessoires de salle de bains personnalis\u00e9s, accessoires de salle de bains en c\u00e9ramique, vente en gros"},"content":{"rendered":"<div class=\"wp-block-columns is-layout-flex wp-container-core-columns-is-layout-9d6595d7 wp-block-columns-is-layout-flex\">\n<div class=\"wp-block-column is-layout-flow wp-block-column-is-layout-flow\">\n<h3 class=\"wp-block-heading\">Premium Customized Bathroom Sets Caract\u00e9ristiques :<\/h3>\n\n\n\n<ul class=\"wp-block-list\">\n<li><strong>Design \u00e9l\u00e9gant : <\/strong>Ces ensembles de salle de bain personnalis\u00e9s sont tous de couleur noire, de conception simple, \u00e9l\u00e9gante et moderne. Ils peuvent \u00eatre appliqu\u00e9s \u00e0 n'importe quel style de d\u00e9coration de salle de bains et ajouter un go\u00fbt de mode \u00e0 une d\u00e9coration minimaliste, industrielle ou moderne.<\/li>\n\n\n\n<li><strong>Mat\u00e9riau de haute qualit\u00e9 : <\/strong>Fabriqu\u00e9s en c\u00e9ramique de haute qualit\u00e9, ces accessoires de salle de bains en c\u00e9ramique sont robustes et durables. En peu de temps, la c\u00e9ramique ne s'ab\u00eeme pas et la couleur ne s'estompe pas. Leur dur\u00e9e de vie est assez longue. La surface lisse de la c\u00e9ramique ne se tache pas facilement et se nettoie ais\u00e9ment. Il suffit de l'essuyer avec un chiffon humide pour la garder propre.<\/li>\n\n\n\n<li><strong>Une grande praticit\u00e9 : <\/strong>Ces sets de bain personnalis\u00e9s se pr\u00e9sentent sous de multiples formats, tels que des flacons avec une t\u00eate de pompe pour le savon \u00e0 main ou le gel douche, des r\u00e9cipients avec des trous pour les brosses \u00e0 dents, et certains avec des couvercles pour mettre de petits objets comme des boules de coton, afin de r\u00e9pondre aux besoins de tous les articles de salle de bain quotidiens.<\/li>\n\n\n\n<li><strong>Respectueux de l'environnement : <\/strong>Ces accessoires de salle de bains en c\u00e9ramique sont recyclables et \u00e9vitent l'utilisation de bouteilles en plastique jetables, ce qui est beaucoup plus respectueux de l'environnement.<\/li>\n<\/ul>\n<\/div>\n\n\n\n<div class=\"wp-block-column is-layout-flow wp-block-column-is-layout-flow\">\n<figure class=\"wp-block-image size-full\"><img fetchpriority=\"high\" decoding=\"async\" width=\"2000\" height=\"2000\" src=\"https:\/\/jinhuaceramic.com\/wp-content\/uploads\/2024\/12\/Ceramic-Designer-Bathroom-Sets-Wholesale-Bath-Accessories-Suppliers-5-1.webp\" alt=\"Ensemble de salle de bain personnalis\u00e9, accessoires de salle de bain en c\u00e9ramique Wholesale-4\" class=\"wp-image-7520\" srcset=\"https:\/\/jinhuaceramic.com\/wp-content\/uploads\/2024\/12\/Ceramic-Designer-Bathroom-Sets-Wholesale-Bath-Accessories-Suppliers-5-1.webp 2000w, https:\/\/jinhuaceramic.com\/wp-content\/uploads\/2024\/12\/Ceramic-Designer-Bathroom-Sets-Wholesale-Bath-Accessories-Suppliers-5-1-300x300.webp 300w, https:\/\/jinhuaceramic.com\/wp-content\/uploads\/2024\/12\/Ceramic-Designer-Bathroom-Sets-Wholesale-Bath-Accessories-Suppliers-5-1-150x150.webp 150w, https:\/\/jinhuaceramic.com\/wp-content\/uploads\/2024\/12\/Ceramic-Designer-Bathroom-Sets-Wholesale-Bath-Accessories-Suppliers-5-1-768x768.webp 768w, https:\/\/jinhuaceramic.com\/wp-content\/uploads\/2024\/12\/Ceramic-Designer-Bathroom-Sets-Wholesale-Bath-Accessories-Suppliers-5-1-12x12.webp 12w, https:\/\/jinhuaceramic.com\/wp-content\/uploads\/2024\/12\/Ceramic-Designer-Bathroom-Sets-Wholesale-Bath-Accessories-Suppliers-5-1-285x285.webp 285w, https:\/\/jinhuaceramic.com\/wp-content\/uploads\/2024\/12\/Ceramic-Designer-Bathroom-Sets-Wholesale-Bath-Accessories-Suppliers-5-1-1600x1600.webp 1600w, https:\/\/jinhuaceramic.com\/wp-content\/uploads\/2024\/12\/Ceramic-Designer-Bathroom-Sets-Wholesale-Bath-Accessories-Suppliers-5-1-270x270.webp 270w, https:\/\/jinhuaceramic.com\/wp-content\/uploads\/2024\/12\/Ceramic-Designer-Bathroom-Sets-Wholesale-Bath-Accessories-Suppliers-5-1-540x540.webp 540w, https:\/\/jinhuaceramic.com\/wp-content\/uploads\/2024\/12\/Ceramic-Designer-Bathroom-Sets-Wholesale-Bath-Accessories-Suppliers-5-1-660x660.webp 660w\" sizes=\"(max-width: 2000px) 100vw, 2000px\" \/><\/figure>\n<\/div>\n<\/div>","protected":false},"excerpt":{"rendered":"<p>Nous vous invitons \u00e0 acheter des ensembles de salle de bains personnalis\u00e9s. Ces accessoires de salle de bains en c\u00e9ramique sont simples et \u00e9l\u00e9gants dans leur structure, et la couleur noire peut \u00eatre assortie \u00e0 de nombreux styles de salles de bains. Il existe diff\u00e9rents types d'utilisation : distributeur de savon, gobelet pour brosse \u00e0 dents et pot \u00e0 boules de coton pour r\u00e9pondre \u00e0 la demande de vaisselle dans la vie quotidienne. Les mat\u00e9riaux en c\u00e9ramique garantissent la durabilit\u00e9, sans probl\u00e8me de nettoyage ou d'entretien.<\/p>","protected":false},"featured_media":7522,"comment_status":"closed","ping_status":"closed","template":"","meta":{"_acf_changed":false},"product_brand":[],"product_cat":[51],"product_tag":[74],"class_list":{"0":"post-7510","1":"product","2":"type-product","3":"status-publish","4":"has-post-thumbnail","6":"product_cat-bathroom-accessories-wholesale","7":"product_tag-ceramic-bath-accessories-wholesale","9":"first","10":"instock","11":"shipping-taxable","12":"product-type-simple"},"acf":[],"_links":{"self":[{"href":"https:\/\/jinhuaceramic.com\/fr\/wp-json\/wp\/v2\/product\/7510","targetHints":{"allow":["GET"]}}],"collection":[{"href":"https:\/\/jinhuaceramic.com\/fr\/wp-json\/wp\/v2\/product"}],"about":[{"href":"https:\/\/jinhuaceramic.com\/fr\/wp-json\/wp\/v2\/types\/product"}],"replies":[{"embeddable":true,"href":"https:\/\/jinhuaceramic.com\/fr\/wp-json\/wp\/v2\/comments?post=7510"}],"version-history":[{"count":0,"href":"https:\/\/jinhuaceramic.com\/fr\/wp-json\/wp\/v2\/product\/7510\/revisions"}],"wp:featuredmedia":[{"embeddable":true,"href":"https:\/\/jinhuaceramic.com\/fr\/wp-json\/wp\/v2\/media\/7522"}],"wp:attachment":[{"href":"https:\/\/jinhuaceramic.com\/fr\/wp-json\/wp\/v2\/media?parent=7510"}],"wp:term":[{"taxonomy":"product_brand","embeddable":true,"href":"https:\/\/jinhuaceramic.com\/fr\/wp-json\/wp\/v2\/product_brand?post=7510"},{"taxonomy":"product_cat","embeddable":true,"href":"https:\/\/jinhuaceramic.com\/fr\/wp-json\/wp\/v2\/product_cat?post=7510"},{"taxonomy":"product_tag","embeddable":true,"href":"https:\/\/jinhuaceramic.com\/fr\/wp-json\/wp\/v2\/product_tag?post=7510"}],"curies":[{"name":"wp","href":"https:\/\/api.w.org\/{rel}","templated":true}]}}