{"id":7527,"date":"2024-12-26T10:38:08","date_gmt":"2024-12-26T10:38:08","guid":{"rendered":"https:\/\/jinhuaceramic.com\/?post_type=product&#038;p=7527"},"modified":"2025-03-10T09:26:09","modified_gmt":"2025-03-10T09:26:09","slug":"ramekins-bulk","status":"publish","type":"product","link":"https:\/\/jinhuaceramic.com\/fr\/product\/ramekins-bulk\/","title":{"rendered":"Moules \u00e0 ramequins antiadh\u00e9sifs en c\u00e9ramique en vrac, ustensiles de cuisine pour la p\u00e2tisserie en gros"},"content":{"rendered":"<div class=\"wp-block-columns is-layout-flex wp-container-core-columns-is-layout-9d6595d7 wp-block-columns-is-layout-flex\">\n<div class=\"wp-block-column is-layout-flow wp-block-column-is-layout-flow\">\n<h3 class=\"wp-block-heading\">Premium Ramekins Bulk\u00a0Features:<\/h3>\n\n\n\n<ul class=\"wp-block-list\">\n<li><strong>Design \u00e9l\u00e9gant : <\/strong>These ceramic ramekins bulk are elegantly designed, with the main body in white and the bottom and edges in brown, creating a sharp color contrast. This wholesale baking dish surface is with a delicate texture increased its beauty. It&#8217;s not only practical usage in the kitchen but also can be directly served to the dining table, giving more ritual sense to our meal.<\/li>\n\n\n\n<li><strong>Mat\u00e9riau c\u00e9ramique de premi\u00e8re qualit\u00e9 :<\/strong> These wholesale ceramic bakeware feature a high temperature resistance, and have a high surface hardness which is resistant to scratch caused by metal kitchen utensils, hence they are durable for long use.<\/li>\n\n\n\n<li><strong>Diff\u00e9rentes tailles : <\/strong>These ceramic ramekins bulk set include 3 baking pans in different sizes that allow for different baking requirements. Whether for a large party or a small snack, you will find an appropriate baking pan to use.<\/li>\n\n\n\n<li><strong>Non-Stick: <\/strong>These ceramic bakeware wholesale have non-stick properties; therefore, food residues are not easy to stick on the baking tray surface. That makes them very easy to clean. Just rinse them with warm water and mild detergent, or just put them in the dishwasher, avoiding troubles cleaning up.<\/li>\n<\/ul>\n<\/div>\n\n\n\n<div class=\"wp-block-column is-layout-flow wp-block-column-is-layout-flow\">\n<figure class=\"wp-block-image size-full\"><img fetchpriority=\"high\" decoding=\"async\" width=\"2048\" height=\"2560\" src=\"https:\/\/jinhuaceramic.com\/wp-content\/uploads\/2024\/12\/Non-Stick-Ceramic-Kitchen-Bakeware-Set-Wholesale-Baking-Pan-Supplies-5.webp\" alt=\"Non-Stick Ceramic Ramekins Bulk, Kitchen Bakeware Wholesale-1\" class=\"wp-image-7528\" srcset=\"https:\/\/jinhuaceramic.com\/wp-content\/uploads\/2024\/12\/Non-Stick-Ceramic-Kitchen-Bakeware-Set-Wholesale-Baking-Pan-Supplies-5.webp 2048w, https:\/\/jinhuaceramic.com\/wp-content\/uploads\/2024\/12\/Non-Stick-Ceramic-Kitchen-Bakeware-Set-Wholesale-Baking-Pan-Supplies-5-240x300.webp 240w, https:\/\/jinhuaceramic.com\/wp-content\/uploads\/2024\/12\/Non-Stick-Ceramic-Kitchen-Bakeware-Set-Wholesale-Baking-Pan-Supplies-5-768x960.webp 768w, https:\/\/jinhuaceramic.com\/wp-content\/uploads\/2024\/12\/Non-Stick-Ceramic-Kitchen-Bakeware-Set-Wholesale-Baking-Pan-Supplies-5-10x12.webp 10w, https:\/\/jinhuaceramic.com\/wp-content\/uploads\/2024\/12\/Non-Stick-Ceramic-Kitchen-Bakeware-Set-Wholesale-Baking-Pan-Supplies-5-285x356.webp 285w, https:\/\/jinhuaceramic.com\/wp-content\/uploads\/2024\/12\/Non-Stick-Ceramic-Kitchen-Bakeware-Set-Wholesale-Baking-Pan-Supplies-5-1600x2000.webp 1600w, https:\/\/jinhuaceramic.com\/wp-content\/uploads\/2024\/12\/Non-Stick-Ceramic-Kitchen-Bakeware-Set-Wholesale-Baking-Pan-Supplies-5-528x660.webp 528w, https:\/\/jinhuaceramic.com\/wp-content\/uploads\/2024\/12\/Non-Stick-Ceramic-Kitchen-Bakeware-Set-Wholesale-Baking-Pan-Supplies-5-120x150.webp 120w\" sizes=\"(max-width: 2048px) 100vw, 2048px\" \/><\/figure>\n<\/div>\n<\/div>","protected":false},"excerpt":{"rendered":"<p>Welcome to purchase ceramic ramekins bulk. These ceramic bakeware wholesale are simple, stylish, and can easily fit into any kitchen style. High-temperature-resistant ceramic material resists corrosion, is nontoxic, nonpoisonous, and harmless. For a novice in baking or a master in cooking, this set of bakeware can meet varied baking requirements and is your indispensable ideal choice in the kitchen.<\/p>","protected":false},"featured_media":7533,"comment_status":"closed","ping_status":"closed","template":"","meta":{"_acf_changed":false},"product_brand":[],"product_cat":[53],"product_tag":[71],"class_list":{"0":"post-7527","1":"product","2":"type-product","3":"status-publish","4":"has-post-thumbnail","6":"product_cat-bakeware-in-bulk","7":"product_tag-wholesale-baking-pans","9":"first","10":"instock","11":"shipping-taxable","12":"product-type-simple"},"acf":[],"_links":{"self":[{"href":"https:\/\/jinhuaceramic.com\/fr\/wp-json\/wp\/v2\/product\/7527","targetHints":{"allow":["GET"]}}],"collection":[{"href":"https:\/\/jinhuaceramic.com\/fr\/wp-json\/wp\/v2\/product"}],"about":[{"href":"https:\/\/jinhuaceramic.com\/fr\/wp-json\/wp\/v2\/types\/product"}],"replies":[{"embeddable":true,"href":"https:\/\/jinhuaceramic.com\/fr\/wp-json\/wp\/v2\/comments?post=7527"}],"version-history":[{"count":0,"href":"https:\/\/jinhuaceramic.com\/fr\/wp-json\/wp\/v2\/product\/7527\/revisions"}],"wp:featuredmedia":[{"embeddable":true,"href":"https:\/\/jinhuaceramic.com\/fr\/wp-json\/wp\/v2\/media\/7533"}],"wp:attachment":[{"href":"https:\/\/jinhuaceramic.com\/fr\/wp-json\/wp\/v2\/media?parent=7527"}],"wp:term":[{"taxonomy":"product_brand","embeddable":true,"href":"https:\/\/jinhuaceramic.com\/fr\/wp-json\/wp\/v2\/product_brand?post=7527"},{"taxonomy":"product_cat","embeddable":true,"href":"https:\/\/jinhuaceramic.com\/fr\/wp-json\/wp\/v2\/product_cat?post=7527"},{"taxonomy":"product_tag","embeddable":true,"href":"https:\/\/jinhuaceramic.com\/fr\/wp-json\/wp\/v2\/product_tag?post=7527"}],"curies":[{"name":"wp","href":"https:\/\/api.w.org\/{rel}","templated":true}]}}