{"id":7547,"date":"2024-12-28T07:54:34","date_gmt":"2024-12-28T07:54:34","guid":{"rendered":"https:\/\/jinhuaceramic.com\/?post_type=product&#038;p=7547"},"modified":"2024-12-30T01:39:28","modified_gmt":"2024-12-30T01:39:28","slug":"candle-holder-wholesale","status":"publish","type":"product","link":"https:\/\/jinhuaceramic.com\/fr\/product\/candle-holder-wholesale\/","title":{"rendered":"Bougeoir unique en gros, Bougeoirs en c\u00e9ramique en vrac"},"content":{"rendered":"<div class=\"wp-block-columns is-layout-flex wp-container-core-columns-is-layout-9d6595d7 wp-block-columns-is-layout-flex\">\n<div class=\"wp-block-column is-layout-flow wp-block-column-is-layout-flow\">\n<h3 class=\"wp-block-heading\">Bougeoir de qualit\u00e9 sup\u00e9rieure Caract\u00e9ristiques :<\/h3>\n\n\n\n<ul class=\"wp-block-list\">\n<li><strong>Design mignon : <\/strong>Ces bougeoirs en c\u00e9ramique en gros ont une forme irr\u00e9guli\u00e8re, mais avec de belles lignes. Les chandeliers noirs sont assortis \u00e0 des taches blanches, tandis que les chandeliers blancs sont assortis \u00e0 des taches noires, tout comme les taches de vache. Un tel design est si mignon et unique qu'il peut \u00eatre un point fort dans la d\u00e9coration int\u00e9rieure.<\/li>\n\n\n\n<li>Haute qualit\u00e9<strong>alit\u00e9 Mat\u00e9riau c\u00e9ramique : <\/strong>Ces bougeoirs en vrac personnalis\u00e9s sont fabriqu\u00e9s \u00e0 partir d'un mat\u00e9riau c\u00e9ramique de haute qualit\u00e9 qui peut supporter des temp\u00e9ratures \u00e9lev\u00e9es et ne sera pas endommag\u00e9 ou n'\u00e9mettra pas de substances nocives lors de la combustion des bougies, ce qui les rend tr\u00e8s s\u00fbrs.<\/li>\n\n\n\n<li><strong>Polyvalence : <\/strong>Ces bougeoirs en c\u00e9ramique ont trois formes diff\u00e9rentes : un trou unique pour une bougie, un trou en forme de \u201cY\u201d pour deux bougies et un trou multiple pour trois bougies. Ils conviennent parfaitement pour cr\u00e9er une atmosph\u00e8re romantique et chaleureuse et peuvent \u00eatre choisis en fonction du nombre de bougies.<\/li>\n\n\n\n<li><strong>Bonne stabilit\u00e9 : <\/strong>Ces chandeliers en c\u00e9ramique en vrac ont un fond large pour \u00eatre plus stables, afin de r\u00e9duire le taux de renversement des bougies.<\/li>\n<\/ul>\n<\/div>\n\n\n\n<div class=\"wp-block-column is-layout-flow wp-block-column-is-layout-flow\">\n<figure class=\"wp-block-image size-full\"><img fetchpriority=\"high\" decoding=\"async\" width=\"800\" height=\"800\" src=\"https:\/\/jinhuaceramic.com\/wp-content\/uploads\/2024\/12\/Various-Wholesale-Candle-Holders-Ceramic-White-Candlesticks-Bulk-4.webp\" alt=\"Divers-Grossistes-Porte-bougies,-Bougies c\u00e9ramiques-blancs-Bulk\" class=\"wp-image-7550\" srcset=\"https:\/\/jinhuaceramic.com\/wp-content\/uploads\/2024\/12\/Various-Wholesale-Candle-Holders-Ceramic-White-Candlesticks-Bulk-4.webp 800w, https:\/\/jinhuaceramic.com\/wp-content\/uploads\/2024\/12\/Various-Wholesale-Candle-Holders-Ceramic-White-Candlesticks-Bulk-4-300x300.webp 300w, https:\/\/jinhuaceramic.com\/wp-content\/uploads\/2024\/12\/Various-Wholesale-Candle-Holders-Ceramic-White-Candlesticks-Bulk-4-150x150.webp 150w, https:\/\/jinhuaceramic.com\/wp-content\/uploads\/2024\/12\/Various-Wholesale-Candle-Holders-Ceramic-White-Candlesticks-Bulk-4-768x768.webp 768w, https:\/\/jinhuaceramic.com\/wp-content\/uploads\/2024\/12\/Various-Wholesale-Candle-Holders-Ceramic-White-Candlesticks-Bulk-4-12x12.webp 12w, https:\/\/jinhuaceramic.com\/wp-content\/uploads\/2024\/12\/Various-Wholesale-Candle-Holders-Ceramic-White-Candlesticks-Bulk-4-285x285.webp 285w, https:\/\/jinhuaceramic.com\/wp-content\/uploads\/2024\/12\/Various-Wholesale-Candle-Holders-Ceramic-White-Candlesticks-Bulk-4-270x270.webp 270w, https:\/\/jinhuaceramic.com\/wp-content\/uploads\/2024\/12\/Various-Wholesale-Candle-Holders-Ceramic-White-Candlesticks-Bulk-4-540x540.webp 540w, https:\/\/jinhuaceramic.com\/wp-content\/uploads\/2024\/12\/Various-Wholesale-Candle-Holders-Ceramic-White-Candlesticks-Bulk-4-660x660.webp 660w\" sizes=\"(max-width: 800px) 100vw, 800px\" \/><\/figure>\n<\/div>\n<\/div>","protected":false},"excerpt":{"rendered":"<p>Bienvenue sur le site d'achat en gros de bougeoirs en c\u00e9ramique. Ces bougeoirs en vrac de forme irr\u00e9guli\u00e8re sont mignons et uniques en leur genre, avec des formes vari\u00e9es et des mat\u00e9riaux de premi\u00e8re qualit\u00e9. Non seulement ils sont ing\u00e9nieux, mais ils sont \u00e9galement excellents en termes de praticit\u00e9 et de s\u00e9curit\u00e9 et peuvent ajouter une atmosph\u00e8re chaleureuse et artistique \u00e0 l'environnement domestique.<\/p>","protected":false},"featured_media":7550,"comment_status":"closed","ping_status":"closed","template":"","meta":{"_acf_changed":false},"product_brand":[],"product_cat":[52],"product_tag":[68],"class_list":{"0":"post-7547","1":"product","2":"type-product","3":"status-publish","4":"has-post-thumbnail","6":"product_cat-wholesale-candle-containers","7":"product_tag-ceramic-candlesticks-bulk","9":"first","10":"instock","11":"shipping-taxable","12":"product-type-simple"},"acf":[],"_links":{"self":[{"href":"https:\/\/jinhuaceramic.com\/fr\/wp-json\/wp\/v2\/product\/7547","targetHints":{"allow":["GET"]}}],"collection":[{"href":"https:\/\/jinhuaceramic.com\/fr\/wp-json\/wp\/v2\/product"}],"about":[{"href":"https:\/\/jinhuaceramic.com\/fr\/wp-json\/wp\/v2\/types\/product"}],"replies":[{"embeddable":true,"href":"https:\/\/jinhuaceramic.com\/fr\/wp-json\/wp\/v2\/comments?post=7547"}],"version-history":[{"count":0,"href":"https:\/\/jinhuaceramic.com\/fr\/wp-json\/wp\/v2\/product\/7547\/revisions"}],"wp:featuredmedia":[{"embeddable":true,"href":"https:\/\/jinhuaceramic.com\/fr\/wp-json\/wp\/v2\/media\/7550"}],"wp:attachment":[{"href":"https:\/\/jinhuaceramic.com\/fr\/wp-json\/wp\/v2\/media?parent=7547"}],"wp:term":[{"taxonomy":"product_brand","embeddable":true,"href":"https:\/\/jinhuaceramic.com\/fr\/wp-json\/wp\/v2\/product_brand?post=7547"},{"taxonomy":"product_cat","embeddable":true,"href":"https:\/\/jinhuaceramic.com\/fr\/wp-json\/wp\/v2\/product_cat?post=7547"},{"taxonomy":"product_tag","embeddable":true,"href":"https:\/\/jinhuaceramic.com\/fr\/wp-json\/wp\/v2\/product_tag?post=7547"}],"curies":[{"name":"wp","href":"https:\/\/api.w.org\/{rel}","templated":true}]}}