{"id":7563,"date":"2025-01-02T02:35:23","date_gmt":"2025-01-02T02:35:23","guid":{"rendered":"https:\/\/jinhuaceramic.com\/?post_type=product&#038;p=7563"},"modified":"2025-01-02T02:35:48","modified_gmt":"2025-01-02T02:35:48","slug":"bath-accessories-bulk","status":"publish","type":"product","link":"https:\/\/jinhuaceramic.com\/fr\/product\/bath-accessories-bulk\/","title":{"rendered":"Accessoires de bain en c\u00e9ramique en vrac, ensembles de salle de bain personnalis\u00e9s 5 pi\u00e8ces"},"content":{"rendered":"<div class=\"wp-block-columns is-layout-flex wp-container-core-columns-is-layout-9d6595d7 wp-block-columns-is-layout-flex\">\n<div class=\"wp-block-column is-layout-flow wp-block-column-is-layout-flow\">\n<h3 class=\"wp-block-heading\">Accessoires de bain haut de gamme en vrac Caract\u00e9ristiques :<\/h3>\n\n\n\n<ul class=\"wp-block-list\">\n<li><strong>Conception minimaliste unifi\u00e9e : <\/strong>Le design de ces accessoires de bain en c\u00e9ramique est unifi\u00e9, le blanc avec les simples rayures verticales peut \u00eatre plut\u00f4t simple et \u00e0 la mode et offrir une belle perspective dans n'importe quelle salle de bain. Le style unifi\u00e9 rend \u00e9galement la salle de bains propre et bien organis\u00e9e.<\/li>\n\n\n\n<li><strong>Mat\u00e9riau c\u00e9ramique de haute qualit\u00e9 : <\/strong>Ces ensembles de salle de bains personnalis\u00e9s en c\u00e9ramique de haute qualit\u00e9 sont durables, leur surface est lisse et facile \u00e0 nettoyer. Cela garantit que le produit ne sera pas endommag\u00e9 dans l'environnement humide de la salle de bains pendant une longue p\u00e9riode.<\/li>\n\n\n\n<li><strong>Ensemble complet : <\/strong>Ces accessoires de bain en c\u00e9ramique en vrac comprennent des r\u00e9cipients multifonctionnels, notamment des gobelets pour les brosses \u00e0 dents, des pots pour les cotons-tiges, des porte-savons pour le savon et des flacons pour le savon liquide. Ils sont enti\u00e8rement fonctionnels et peuvent r\u00e9pondre aux besoins de stockage des fournitures quotidiennes de la salle de bains.<\/li>\n\n\n\n<li><strong>Pratique et solide :<\/strong> \u00c9quip\u00e9s de deux distributeurs de savon diff\u00e9rents, un distributeur de savon moussant et un distributeur de savon ordinaire, ces ensembles de salle de bains personnalis\u00e9s peuvent r\u00e9pondre \u00e0 des besoins vari\u00e9s. Le distributeur de savon a une grande ouverture pour faciliter le remplissage, le remplacement et le nettoyage, tandis que la t\u00eate de la pompe est grande et douce \u00e0 presser.<\/li>\n<\/ul>\n<\/div>\n\n\n\n<div class=\"wp-block-column is-layout-flow wp-block-column-is-layout-flow\">\n<figure class=\"wp-block-image size-full\"><img fetchpriority=\"high\" decoding=\"async\" width=\"1600\" height=\"1600\" src=\"https:\/\/jinhuaceramic.com\/wp-content\/uploads\/2024\/12\/5-Piece-Customized-Bathroom-Sets-Wholesale-Bath-And-Body-Accessories-2.webp\" alt=\"Accessoires de bain en c\u00e9ramique en vrac, ensembles de salle de bain personnalis\u00e9s 5 pi\u00e8ces-1\" class=\"wp-image-7564\" srcset=\"https:\/\/jinhuaceramic.com\/wp-content\/uploads\/2024\/12\/5-Piece-Customized-Bathroom-Sets-Wholesale-Bath-And-Body-Accessories-2.webp 1600w, https:\/\/jinhuaceramic.com\/wp-content\/uploads\/2024\/12\/5-Piece-Customized-Bathroom-Sets-Wholesale-Bath-And-Body-Accessories-2-300x300.webp 300w, https:\/\/jinhuaceramic.com\/wp-content\/uploads\/2024\/12\/5-Piece-Customized-Bathroom-Sets-Wholesale-Bath-And-Body-Accessories-2-150x150.webp 150w, https:\/\/jinhuaceramic.com\/wp-content\/uploads\/2024\/12\/5-Piece-Customized-Bathroom-Sets-Wholesale-Bath-And-Body-Accessories-2-768x768.webp 768w, https:\/\/jinhuaceramic.com\/wp-content\/uploads\/2024\/12\/5-Piece-Customized-Bathroom-Sets-Wholesale-Bath-And-Body-Accessories-2-12x12.webp 12w, https:\/\/jinhuaceramic.com\/wp-content\/uploads\/2024\/12\/5-Piece-Customized-Bathroom-Sets-Wholesale-Bath-And-Body-Accessories-2-285x285.webp 285w, https:\/\/jinhuaceramic.com\/wp-content\/uploads\/2024\/12\/5-Piece-Customized-Bathroom-Sets-Wholesale-Bath-And-Body-Accessories-2-270x270.webp 270w, https:\/\/jinhuaceramic.com\/wp-content\/uploads\/2024\/12\/5-Piece-Customized-Bathroom-Sets-Wholesale-Bath-And-Body-Accessories-2-540x540.webp 540w, https:\/\/jinhuaceramic.com\/wp-content\/uploads\/2024\/12\/5-Piece-Customized-Bathroom-Sets-Wholesale-Bath-And-Body-Accessories-2-660x660.webp 660w\" sizes=\"(max-width: 1600px) 100vw, 1600px\" \/><\/figure>\n<\/div>\n<\/div>","protected":false},"excerpt":{"rendered":"<p>Bienvenue dans les ensembles de salle de bains personnalis\u00e9s. Ces accessoires de bain en c\u00e9ramique sont principalement blancs, avec des designs simples et beaux. Le style du distributeur de savon, du pot de coton, du porte-savon et du porte-brosse \u00e0 dents est coh\u00e9rent. Ces ensembles de salle de bains en c\u00e9ramique en gros mettent en valeur la durabilit\u00e9 et la facilit\u00e9 d'entretien, en utilisant enti\u00e8rement l'espace de la salle de bains pour mettre en valeur la propret\u00e9 et la beaut\u00e9.<\/p>","protected":false},"featured_media":7565,"comment_status":"closed","ping_status":"closed","template":"","meta":{"_acf_changed":false},"product_brand":[],"product_cat":[51],"product_tag":[74],"class_list":{"0":"post-7563","1":"product","2":"type-product","3":"status-publish","4":"has-post-thumbnail","6":"product_cat-bathroom-accessories-wholesale","7":"product_tag-ceramic-bath-accessories-wholesale","9":"first","10":"instock","11":"shipping-taxable","12":"product-type-simple"},"acf":[],"_links":{"self":[{"href":"https:\/\/jinhuaceramic.com\/fr\/wp-json\/wp\/v2\/product\/7563","targetHints":{"allow":["GET"]}}],"collection":[{"href":"https:\/\/jinhuaceramic.com\/fr\/wp-json\/wp\/v2\/product"}],"about":[{"href":"https:\/\/jinhuaceramic.com\/fr\/wp-json\/wp\/v2\/types\/product"}],"replies":[{"embeddable":true,"href":"https:\/\/jinhuaceramic.com\/fr\/wp-json\/wp\/v2\/comments?post=7563"}],"version-history":[{"count":0,"href":"https:\/\/jinhuaceramic.com\/fr\/wp-json\/wp\/v2\/product\/7563\/revisions"}],"wp:featuredmedia":[{"embeddable":true,"href":"https:\/\/jinhuaceramic.com\/fr\/wp-json\/wp\/v2\/media\/7565"}],"wp:attachment":[{"href":"https:\/\/jinhuaceramic.com\/fr\/wp-json\/wp\/v2\/media?parent=7563"}],"wp:term":[{"taxonomy":"product_brand","embeddable":true,"href":"https:\/\/jinhuaceramic.com\/fr\/wp-json\/wp\/v2\/product_brand?post=7563"},{"taxonomy":"product_cat","embeddable":true,"href":"https:\/\/jinhuaceramic.com\/fr\/wp-json\/wp\/v2\/product_cat?post=7563"},{"taxonomy":"product_tag","embeddable":true,"href":"https:\/\/jinhuaceramic.com\/fr\/wp-json\/wp\/v2\/product_tag?post=7563"}],"curies":[{"name":"wp","href":"https:\/\/api.w.org\/{rel}","templated":true}]}}