{"id":7576,"date":"2025-01-03T01:29:31","date_gmt":"2025-01-03T01:29:31","guid":{"rendered":"https:\/\/jinhuaceramic.com\/?post_type=product&#038;p=7576"},"modified":"2025-01-03T01:56:12","modified_gmt":"2025-01-03T01:56:12","slug":"candle-vessel-wholesale","status":"publish","type":"product","link":"https:\/\/jinhuaceramic.com\/fr\/product\/candle-vessel-wholesale\/","title":{"rendered":"Vase \u00e0 bougie en forme de conque Wholesale, Pots \u00e0 bougie vides Bulk"},"content":{"rendered":"<div class=\"wp-block-columns is-layout-flex wp-container-core-columns-is-layout-9d6595d7 wp-block-columns-is-layout-flex\">\n<div class=\"wp-block-column is-layout-flow wp-block-column-is-layout-flow\">\n<h3 class=\"wp-block-heading\">Vase \u00e0 bougie de premi\u00e8re qualit\u00e9 Caract\u00e9ristiques en gros :<\/h3>\n\n\n\n<ul class=\"wp-block-list\">\n<li><strong>Forme unique de conque :<\/strong> Ce r\u00e9cipient pour bougie imite en gros la forme d'une conque, y compris la forme en spirale, la texture de la surface et le bord ondul\u00e9 de l'ouverture. Il est tr\u00e8s r\u00e9aliste. Le design de l'\u00e9l\u00e9ment naturel repr\u00e9sent\u00e9 ici peut ajouter une saveur oc\u00e9anique \u00e0 la d\u00e9coration int\u00e9rieure et apporter un sentiment de fra\u00eecheur et de tranquillit\u00e9.<\/li>\n\n\n\n<li><strong>Mat\u00e9riau c\u00e9ramique durable : <\/strong>Ces pots \u00e0 bougie vides en vrac en forme de conque sont fabriqu\u00e9s en c\u00e9ramique de haute qualit\u00e9 en forme de conque, r\u00e9sistante \u00e0 la chaleur et appropri\u00e9e pour contenir des bougies. Pendant la combustion, le r\u00e9cipient en c\u00e9ramique isole bien et \u00e9vite la surchauffe, ce qui permet une utilisation s\u00fbre.<\/li>\n\n\n\n<li><strong>Diverses couleurs :<\/strong> Ce vase \u00e0 bougie en gros a deux couleurs - bleu fonc\u00e9 et blanc contrastant avec le bleu clair. Les tons blancs et bleus donnent une impression de calme et d'\u00e9l\u00e9gance. Ainsi, tous les styles de d\u00e9coration d'int\u00e9rieur peuvent s'appliquer. Qu'il s'agisse d'un style moderne minimaliste ou d'un style r\u00e9tro, ils peuvent tous \u00eatre parfaitement appliqu\u00e9s \u00e0 ces r\u00e9cipients.<\/li>\n\n\n\n<li><strong>Polyvalence :<\/strong> Outre leur utilisation comme photophores, ces photophores vides en forme de conque peuvent \u00eatre plac\u00e9s \u00e0 la maison comme d\u00e9corations une fois la bougie \u00e9teinte. Ils peuvent \u00eatre utilis\u00e9s pour ranger de petits objets tels que des bijoux ou des cl\u00e9s.<\/li>\n<\/ul>\n<\/div>\n\n\n\n<div class=\"wp-block-column is-layout-flow wp-block-column-is-layout-flow\">\n<figure class=\"wp-block-image size-full\"><img fetchpriority=\"high\" decoding=\"async\" width=\"1024\" height=\"1024\" src=\"https:\/\/jinhuaceramic.com\/wp-content\/uploads\/2025\/01\/Conch-Shape-Unique-Candle-Jars-Wholesale-Ceramic-Candle-Containers-6.webp\" alt=\"Vase \u00e0 bougie en forme de conque Wholesale, Vases \u00e0 bougie vides Bulk-1\" class=\"wp-image-7581\" srcset=\"https:\/\/jinhuaceramic.com\/wp-content\/uploads\/2025\/01\/Conch-Shape-Unique-Candle-Jars-Wholesale-Ceramic-Candle-Containers-6.webp 1024w, https:\/\/jinhuaceramic.com\/wp-content\/uploads\/2025\/01\/Conch-Shape-Unique-Candle-Jars-Wholesale-Ceramic-Candle-Containers-6-300x300.webp 300w, https:\/\/jinhuaceramic.com\/wp-content\/uploads\/2025\/01\/Conch-Shape-Unique-Candle-Jars-Wholesale-Ceramic-Candle-Containers-6-150x150.webp 150w, https:\/\/jinhuaceramic.com\/wp-content\/uploads\/2025\/01\/Conch-Shape-Unique-Candle-Jars-Wholesale-Ceramic-Candle-Containers-6-768x768.webp 768w, https:\/\/jinhuaceramic.com\/wp-content\/uploads\/2025\/01\/Conch-Shape-Unique-Candle-Jars-Wholesale-Ceramic-Candle-Containers-6-12x12.webp 12w, https:\/\/jinhuaceramic.com\/wp-content\/uploads\/2025\/01\/Conch-Shape-Unique-Candle-Jars-Wholesale-Ceramic-Candle-Containers-6-285x285.webp 285w, https:\/\/jinhuaceramic.com\/wp-content\/uploads\/2025\/01\/Conch-Shape-Unique-Candle-Jars-Wholesale-Ceramic-Candle-Containers-6-270x270.webp 270w, https:\/\/jinhuaceramic.com\/wp-content\/uploads\/2025\/01\/Conch-Shape-Unique-Candle-Jars-Wholesale-Ceramic-Candle-Containers-6-540x540.webp 540w, https:\/\/jinhuaceramic.com\/wp-content\/uploads\/2025\/01\/Conch-Shape-Unique-Candle-Jars-Wholesale-Ceramic-Candle-Containers-6-660x660.webp 660w\" sizes=\"(max-width: 1024px) 100vw, 1024px\" \/><\/figure>\n<\/div>\n<\/div>","protected":false},"excerpt":{"rendered":"<p>Bienvenue \u00e0 l'achat en gros de photophores vides. Ce photophore en forme de conque ajoute une touche oc\u00e9anique \u00e0 la d\u00e9coration int\u00e9rieure. Il est fabriqu\u00e9 en c\u00e9ramique, un mat\u00e9riau durable, s\u00fbr et de qualit\u00e9 sup\u00e9rieure. L'int\u00e9gration de la beaut\u00e9 et de la praticit\u00e9 peut faire de ce photophore en c\u00e9ramique en gros un choix fantastique pour la d\u00e9coration de la maison.<\/p>","protected":false},"featured_media":7577,"comment_status":"closed","ping_status":"closed","template":"","meta":{"_acf_changed":false},"product_brand":[],"product_cat":[52],"product_tag":[66],"class_list":{"0":"post-7576","1":"product","2":"type-product","3":"status-publish","4":"has-post-thumbnail","6":"product_cat-wholesale-candle-containers","7":"product_tag-candle-jars-wholesale","9":"first","10":"instock","11":"shipping-taxable","12":"product-type-simple"},"acf":[],"_links":{"self":[{"href":"https:\/\/jinhuaceramic.com\/fr\/wp-json\/wp\/v2\/product\/7576","targetHints":{"allow":["GET"]}}],"collection":[{"href":"https:\/\/jinhuaceramic.com\/fr\/wp-json\/wp\/v2\/product"}],"about":[{"href":"https:\/\/jinhuaceramic.com\/fr\/wp-json\/wp\/v2\/types\/product"}],"replies":[{"embeddable":true,"href":"https:\/\/jinhuaceramic.com\/fr\/wp-json\/wp\/v2\/comments?post=7576"}],"version-history":[{"count":0,"href":"https:\/\/jinhuaceramic.com\/fr\/wp-json\/wp\/v2\/product\/7576\/revisions"}],"wp:featuredmedia":[{"embeddable":true,"href":"https:\/\/jinhuaceramic.com\/fr\/wp-json\/wp\/v2\/media\/7577"}],"wp:attachment":[{"href":"https:\/\/jinhuaceramic.com\/fr\/wp-json\/wp\/v2\/media?parent=7576"}],"wp:term":[{"taxonomy":"product_brand","embeddable":true,"href":"https:\/\/jinhuaceramic.com\/fr\/wp-json\/wp\/v2\/product_brand?post=7576"},{"taxonomy":"product_cat","embeddable":true,"href":"https:\/\/jinhuaceramic.com\/fr\/wp-json\/wp\/v2\/product_cat?post=7576"},{"taxonomy":"product_tag","embeddable":true,"href":"https:\/\/jinhuaceramic.com\/fr\/wp-json\/wp\/v2\/product_tag?post=7576"}],"curies":[{"name":"wp","href":"https:\/\/api.w.org\/{rel}","templated":true}]}}