{"id":7587,"date":"2025-01-03T01:55:30","date_gmt":"2025-01-03T01:55:30","guid":{"rendered":"https:\/\/jinhuaceramic.com\/?post_type=product&#038;p=7587"},"modified":"2025-03-10T08:45:16","modified_gmt":"2025-03-10T08:45:16","slug":"custom-baking-pan","status":"publish","type":"product","link":"https:\/\/jinhuaceramic.com\/fr\/product\/custom-baking-pan\/","title":{"rendered":"3-Piece Custom Baking Pan, Wholesale Ceramic Baking Dishes (plats de cuisson en c\u00e9ramique)"},"content":{"rendered":"<div class=\"wp-block-columns is-layout-flex wp-container-core-columns-is-layout-9d6595d7 wp-block-columns-is-layout-flex\">\n<div class=\"wp-block-column is-layout-flow wp-block-column-is-layout-flow\">\n<h3 class=\"wp-block-heading\">Caract\u00e9ristiques du moule \u00e0 p\u00e2tisserie Premium Custom :<\/h3>\n\n\n\n<ul class=\"wp-block-list\">\n<li><strong>Design \u00e9l\u00e9gant : <\/strong>Ces moules \u00e0 p\u00e2tisserie personnalis\u00e9s sont d\u00e9clin\u00e9s en d\u00e9grad\u00e9 de bleu et de noir, avec une texture ray\u00e9e horizontale. Le bleu fonc\u00e9 d\u00e9gage une atmosph\u00e8re de calme qui convient \u00e0 tous les styles de cuisine. Il ajoute un sens du rituel, car ces magnifiques plats de cuisson passent directement du four \u00e0 la table.<\/li>\n\n\n\n<li><strong>Mat\u00e9riau c\u00e9ramique de haute qualit\u00e9 : <\/strong>Ces plats de cuisson en c\u00e9ramique sont fabriqu\u00e9s \u00e0 partir d'un mat\u00e9riau c\u00e9ramique de haute qualit\u00e9. Ce mat\u00e9riau est hautement conducteur de chaleur et permet un chauffage uniforme. En outre, les plats de cuisson en c\u00e9ramique ont de bonnes propri\u00e9t\u00e9s de conservation de la chaleur et d'anti-adh\u00e9rence.<\/li>\n\n\n\n<li><strong>Diff\u00e9rentes tailles :<\/strong> Ces moules \u00e0 p\u00e2tisserie personnalis\u00e9s sont disponibles en trois tailles pour r\u00e9pondre aux diff\u00e9rents besoins en mati\u00e8re de cuisson. Le grand plat de cuisson peut \u00eatre utilis\u00e9 pour r\u00f4tir du poulet, des lasagnes multi-portions, etc. et le petit plat de cuisson peut \u00eatre utilis\u00e9 pour cuire des aliments en portions. De plus, nos plats de cuisson en gros peuvent \u00eatre embo\u00eet\u00e9s les uns dans les autres, ce qui permet d'\u00e9conomiser de l'espace dans la cuisine lorsqu'ils ne sont pas utilis\u00e9s et est pratique pour le stockage.<\/li>\n\n\n\n<li><strong>Poign\u00e9es pratiques : <\/strong>Ces plats de cuisson en c\u00e9ramique sont dot\u00e9s de larges poign\u00e9es des deux c\u00f4t\u00e9s. Les larges poign\u00e9es assurent une meilleure prise lors de la sortie de la plaque du four, ce qui \u00e9vite de glisser.<\/li>\n<\/ul>\n<\/div>\n\n\n\n<div class=\"wp-block-column is-layout-flow wp-block-column-is-layout-flow\">\n<figure class=\"wp-block-image size-full\"><img fetchpriority=\"high\" decoding=\"async\" width=\"1600\" height=\"1600\" src=\"https:\/\/jinhuaceramic.com\/wp-content\/uploads\/2025\/01\/3-Piece-Ceramic-Custom-Baking-Dish-Set-Professional-Bakeware-Supplies-4.webp\" alt=\"3-Piece Custom Baking Pan, Wholesale Ceramic Baking Dishes-1\" class=\"wp-image-7590\" srcset=\"https:\/\/jinhuaceramic.com\/wp-content\/uploads\/2025\/01\/3-Piece-Ceramic-Custom-Baking-Dish-Set-Professional-Bakeware-Supplies-4.webp 1600w, https:\/\/jinhuaceramic.com\/wp-content\/uploads\/2025\/01\/3-Piece-Ceramic-Custom-Baking-Dish-Set-Professional-Bakeware-Supplies-4-300x300.webp 300w, https:\/\/jinhuaceramic.com\/wp-content\/uploads\/2025\/01\/3-Piece-Ceramic-Custom-Baking-Dish-Set-Professional-Bakeware-Supplies-4-150x150.webp 150w, https:\/\/jinhuaceramic.com\/wp-content\/uploads\/2025\/01\/3-Piece-Ceramic-Custom-Baking-Dish-Set-Professional-Bakeware-Supplies-4-768x768.webp 768w, https:\/\/jinhuaceramic.com\/wp-content\/uploads\/2025\/01\/3-Piece-Ceramic-Custom-Baking-Dish-Set-Professional-Bakeware-Supplies-4-12x12.webp 12w, https:\/\/jinhuaceramic.com\/wp-content\/uploads\/2025\/01\/3-Piece-Ceramic-Custom-Baking-Dish-Set-Professional-Bakeware-Supplies-4-285x285.webp 285w, https:\/\/jinhuaceramic.com\/wp-content\/uploads\/2025\/01\/3-Piece-Ceramic-Custom-Baking-Dish-Set-Professional-Bakeware-Supplies-4-270x270.webp 270w, https:\/\/jinhuaceramic.com\/wp-content\/uploads\/2025\/01\/3-Piece-Ceramic-Custom-Baking-Dish-Set-Professional-Bakeware-Supplies-4-540x540.webp 540w, https:\/\/jinhuaceramic.com\/wp-content\/uploads\/2025\/01\/3-Piece-Ceramic-Custom-Baking-Dish-Set-Professional-Bakeware-Supplies-4-660x660.webp 660w\" sizes=\"(max-width: 1600px) 100vw, 1600px\" \/><\/figure>\n<\/div>\n<\/div>","protected":false},"excerpt":{"rendered":"<p>Nous vous invitons \u00e0 commander des plats de cuisson personnalis\u00e9s. Avec leur design \u00e9l\u00e9gant, leur mat\u00e9riau c\u00e9ramique durable, leurs diff\u00e9rentes tailles et leurs poign\u00e9es pratiques, ces plats de cuisson en c\u00e9ramique en gros sont indispensables dans les cuisines. Ces plats de cuisson personnalis\u00e9s en c\u00e9ramique sont fonctionnels et beaux, ce qui les rend parfaits pour une utilisation \u00e0 la maison ou au restaurant.<\/p>","protected":false},"featured_media":7589,"comment_status":"closed","ping_status":"closed","template":"","meta":{"_acf_changed":false},"product_brand":[],"product_cat":[53],"product_tag":[71],"class_list":{"0":"post-7587","1":"product","2":"type-product","3":"status-publish","4":"has-post-thumbnail","6":"product_cat-bakeware-in-bulk","7":"product_tag-wholesale-baking-pans","9":"first","10":"instock","11":"shipping-taxable","12":"product-type-simple"},"acf":[],"_links":{"self":[{"href":"https:\/\/jinhuaceramic.com\/fr\/wp-json\/wp\/v2\/product\/7587","targetHints":{"allow":["GET"]}}],"collection":[{"href":"https:\/\/jinhuaceramic.com\/fr\/wp-json\/wp\/v2\/product"}],"about":[{"href":"https:\/\/jinhuaceramic.com\/fr\/wp-json\/wp\/v2\/types\/product"}],"replies":[{"embeddable":true,"href":"https:\/\/jinhuaceramic.com\/fr\/wp-json\/wp\/v2\/comments?post=7587"}],"version-history":[{"count":0,"href":"https:\/\/jinhuaceramic.com\/fr\/wp-json\/wp\/v2\/product\/7587\/revisions"}],"wp:featuredmedia":[{"embeddable":true,"href":"https:\/\/jinhuaceramic.com\/fr\/wp-json\/wp\/v2\/media\/7589"}],"wp:attachment":[{"href":"https:\/\/jinhuaceramic.com\/fr\/wp-json\/wp\/v2\/media?parent=7587"}],"wp:term":[{"taxonomy":"product_brand","embeddable":true,"href":"https:\/\/jinhuaceramic.com\/fr\/wp-json\/wp\/v2\/product_brand?post=7587"},{"taxonomy":"product_cat","embeddable":true,"href":"https:\/\/jinhuaceramic.com\/fr\/wp-json\/wp\/v2\/product_cat?post=7587"},{"taxonomy":"product_tag","embeddable":true,"href":"https:\/\/jinhuaceramic.com\/fr\/wp-json\/wp\/v2\/product_tag?post=7587"}],"curies":[{"name":"wp","href":"https:\/\/api.w.org\/{rel}","templated":true}]}}