{"id":7613,"date":"2025-01-09T03:42:49","date_gmt":"2025-01-09T03:42:49","guid":{"rendered":"https:\/\/jinhuaceramic.com\/?post_type=product&#038;p=7613"},"modified":"2025-01-09T03:42:53","modified_gmt":"2025-01-09T03:42:53","slug":"pillar-candle-holders-in-bulk","status":"publish","type":"product","link":"https:\/\/jinhuaceramic.com\/fr\/product\/pillar-candle-holders-in-bulk\/","title":{"rendered":"Bougeoirs de style en vrac, Bougeoirs en c\u00e9ramique en gros"},"content":{"rendered":"<div class=\"wp-block-columns is-layout-flex wp-container-core-columns-is-layout-9d6595d7 wp-block-columns-is-layout-flex\">\n<div class=\"wp-block-column is-layout-flow wp-block-column-is-layout-flow\">\n<h3 class=\"wp-block-heading\">Porte-bougies piliers de qualit\u00e9 sup\u00e9rieure en vrac Caract\u00e9ristiques :<\/h3>\n\n\n\n<ul class=\"wp-block-list\">\n<li><strong>Formes g\u00e9om\u00e9triques : <\/strong>Ces bougeoirs en c\u00e9ramique en vrac sont con\u00e7us en forme de cylindres, de c\u00f4nes et de poly\u00e8dres. Le m\u00e9lange de ces formes g\u00e9om\u00e9triques donne un aspect ordonn\u00e9 et int\u00e9ressant aux bougeoirs.<\/li>\n\n\n\n<li><strong>Design en couches : <\/strong>Chacun de ces grands chandeliers en gros pr\u00e9sente diff\u00e9rents types de motifs superpos\u00e9s. Certains d'entre eux contiennent des parties saillantes en forme d'anneau en nombre limit\u00e9, tandis que d'autres ont une structure en escalier. Ces couches renforcent \u00e9galement la stabilit\u00e9 du support de la bougie lors de son utilisation.<\/li>\n\n\n\n<li><strong>Tonalit\u00e9 uniforme des couleurs :<\/strong> Tous les bougeoirs en c\u00e9ramique en vrac sont de couleur blanche, tr\u00e8s harmonieuse, formant un effet d\u00e9coratif int\u00e9gral. Le blanc est polyvalent et convient \u00e0 plusieurs styles de d\u00e9coration int\u00e9rieure.<\/li>\n\n\n\n<li><strong>Texture de qualit\u00e9 sup\u00e9rieure : <\/strong>Le mat\u00e9riau utilis\u00e9 pour la fabrication de nos chandeliers hauts en gros est la c\u00e9ramique, qui a une texture chaleureuse. Ces chandeliers pr\u00e9sentent une beaut\u00e9 naturelle et simple en utilisant les mat\u00e9riaux de la c\u00e9ramique. En outre, la c\u00e9ramique est r\u00e9sistante aux temp\u00e9ratures \u00e9lev\u00e9es et peut contenir des bougies allum\u00e9es en toute s\u00e9curit\u00e9.<\/li>\n<\/ul>\n<\/div>\n\n\n\n<div class=\"wp-block-column is-layout-flow wp-block-column-is-layout-flow\">\n<figure class=\"wp-block-image size-full\"><img fetchpriority=\"high\" decoding=\"async\" width=\"800\" height=\"800\" src=\"https:\/\/jinhuaceramic.com\/wp-content\/uploads\/2025\/01\/Various-White-Candle-Stick-Holders-In-Bulk-Tall-Candlesticks-Wholesale-2.webp\" alt=\"Bougeoirs en c\u00e9ramique en vrac, Bougeoirs en c\u00e9ramique en vrac-1\" class=\"wp-image-7614\" srcset=\"https:\/\/jinhuaceramic.com\/wp-content\/uploads\/2025\/01\/Various-White-Candle-Stick-Holders-In-Bulk-Tall-Candlesticks-Wholesale-2.webp 800w, https:\/\/jinhuaceramic.com\/wp-content\/uploads\/2025\/01\/Various-White-Candle-Stick-Holders-In-Bulk-Tall-Candlesticks-Wholesale-2-300x300.webp 300w, https:\/\/jinhuaceramic.com\/wp-content\/uploads\/2025\/01\/Various-White-Candle-Stick-Holders-In-Bulk-Tall-Candlesticks-Wholesale-2-150x150.webp 150w, https:\/\/jinhuaceramic.com\/wp-content\/uploads\/2025\/01\/Various-White-Candle-Stick-Holders-In-Bulk-Tall-Candlesticks-Wholesale-2-768x768.webp 768w, https:\/\/jinhuaceramic.com\/wp-content\/uploads\/2025\/01\/Various-White-Candle-Stick-Holders-In-Bulk-Tall-Candlesticks-Wholesale-2-12x12.webp 12w, https:\/\/jinhuaceramic.com\/wp-content\/uploads\/2025\/01\/Various-White-Candle-Stick-Holders-In-Bulk-Tall-Candlesticks-Wholesale-2-285x285.webp 285w, https:\/\/jinhuaceramic.com\/wp-content\/uploads\/2025\/01\/Various-White-Candle-Stick-Holders-In-Bulk-Tall-Candlesticks-Wholesale-2-270x270.webp 270w, https:\/\/jinhuaceramic.com\/wp-content\/uploads\/2025\/01\/Various-White-Candle-Stick-Holders-In-Bulk-Tall-Candlesticks-Wholesale-2-540x540.webp 540w, https:\/\/jinhuaceramic.com\/wp-content\/uploads\/2025\/01\/Various-White-Candle-Stick-Holders-In-Bulk-Tall-Candlesticks-Wholesale-2-660x660.webp 660w\" sizes=\"(max-width: 800px) 100vw, 800px\" \/><\/figure>\n<\/div>\n<\/div>","protected":false},"excerpt":{"rendered":"<p>Bienvenue sur le site d'achat en gros de chandeliers hauts. Ces chandeliers en vrac pr\u00e9sentent un style distinctif dans la conception, adoptant la forme g\u00e9om\u00e9trique, la conception en couches, la tonalit\u00e9 de couleur unifi\u00e9e et la texture du mat\u00e9riau c\u00e9ramique ; ainsi, ils sont attrayants et pratiques pour la d\u00e9coration d'int\u00e9rieur et d'ext\u00e9rieur.<\/p>","protected":false},"featured_media":7620,"comment_status":"closed","ping_status":"closed","template":"","meta":{"_acf_changed":false},"product_brand":[],"product_cat":[52],"product_tag":[68],"class_list":{"0":"post-7613","1":"product","2":"type-product","3":"status-publish","4":"has-post-thumbnail","6":"product_cat-wholesale-candle-containers","7":"product_tag-ceramic-candlesticks-bulk","9":"first","10":"instock","11":"shipping-taxable","12":"product-type-simple"},"acf":[],"_links":{"self":[{"href":"https:\/\/jinhuaceramic.com\/fr\/wp-json\/wp\/v2\/product\/7613","targetHints":{"allow":["GET"]}}],"collection":[{"href":"https:\/\/jinhuaceramic.com\/fr\/wp-json\/wp\/v2\/product"}],"about":[{"href":"https:\/\/jinhuaceramic.com\/fr\/wp-json\/wp\/v2\/types\/product"}],"replies":[{"embeddable":true,"href":"https:\/\/jinhuaceramic.com\/fr\/wp-json\/wp\/v2\/comments?post=7613"}],"version-history":[{"count":0,"href":"https:\/\/jinhuaceramic.com\/fr\/wp-json\/wp\/v2\/product\/7613\/revisions"}],"wp:featuredmedia":[{"embeddable":true,"href":"https:\/\/jinhuaceramic.com\/fr\/wp-json\/wp\/v2\/media\/7620"}],"wp:attachment":[{"href":"https:\/\/jinhuaceramic.com\/fr\/wp-json\/wp\/v2\/media?parent=7613"}],"wp:term":[{"taxonomy":"product_brand","embeddable":true,"href":"https:\/\/jinhuaceramic.com\/fr\/wp-json\/wp\/v2\/product_brand?post=7613"},{"taxonomy":"product_cat","embeddable":true,"href":"https:\/\/jinhuaceramic.com\/fr\/wp-json\/wp\/v2\/product_cat?post=7613"},{"taxonomy":"product_tag","embeddable":true,"href":"https:\/\/jinhuaceramic.com\/fr\/wp-json\/wp\/v2\/product_tag?post=7613"}],"curies":[{"name":"wp","href":"https:\/\/api.w.org\/{rel}","templated":true}]}}