{"id":7623,"date":"2025-01-09T06:29:46","date_gmt":"2025-01-09T06:29:46","guid":{"rendered":"https:\/\/jinhuaceramic.com\/?post_type=product&#038;p=7623"},"modified":"2025-01-09T06:29:55","modified_gmt":"2025-01-09T06:29:55","slug":"ramekins-wholesale","status":"publish","type":"product","link":"https:\/\/jinhuaceramic.com\/fr\/product\/ramekins-wholesale\/","title":{"rendered":"Ramequins carr\u00e9s grossiste, Petits moules \u00e0 p\u00e2tisserie en c\u00e9ramique en vrac"},"content":{"rendered":"<div class=\"wp-block-columns is-layout-flex wp-container-core-columns-is-layout-9d6595d7 wp-block-columns-is-layout-flex\">\n<div class=\"wp-block-column is-layout-flow wp-block-column-is-layout-flow\">\n<h3 class=\"wp-block-heading\">Ramequins de qualit\u00e9 sup\u00e9rieure Caract\u00e9ristiques de gros :<\/h3>\n\n\n\n<ul class=\"wp-block-list\">\n<li><strong>Design minimaliste : <\/strong>Le design minimaliste des c\u00f4t\u00e9s de ces ramequins en c\u00e9ramique blanche comprend un motif de rayures verticales avec une ligne d\u00e9corative noire sur les bords. Cette ligne d\u00e9corative est simple et accrocheuse, ajoutant du raffinement et de la mode aux plats de cuisson, de sorte que les plats de cuisson peuvent \u00eatre simples mais d\u00e9taill\u00e9s, une d\u00e9coration \u00e9blouissante dans la cuisine.<\/li>\n\n\n\n<li><strong>Excellent Mat\u00e9riau c\u00e9ramique : <\/strong>Ces petits moules \u00e0 p\u00e2tisserie en gros sont fabriqu\u00e9s en c\u00e9ramique de qualit\u00e9 sup\u00e9rieure, excellente r\u00e9sistance \u00e0 la chaleur, et peuvent supporter des temp\u00e9ratures \u00e9lev\u00e9es sans se d\u00e9former ni se fissurer.<\/li>\n\n\n\n<li><strong>Polyvalence : <\/strong>Le volume de ces petits ramequins carr\u00e9s est de 350 ml, ce qui permet de cuire une seule portion de nourriture. Il serait agr\u00e9able d'utiliser le moule en c\u00e9ramique non seulement pour cuire des aliments, mais aussi pour contenir de nombreux d\u00e9lices, tels que des salades et des fruits, ajoutant ainsi de la couleur et de la beaut\u00e9 au plat principal sur la table \u00e0 manger.<\/li>\n\n\n\n<li><strong>Poign\u00e9es pratiques : <\/strong>Les poign\u00e9es de ces petits moules en c\u00e9ramique en vrac sont con\u00e7ues pour une prise en main facile, ce qui permet de mieux contr\u00f4ler le plat lorsqu'on le sort du four ou qu'on le d\u00e9place sur la table, l'emp\u00eachant ainsi de glisser et r\u00e9duisant le risque de br\u00fblures.<\/li>\n<\/ul>\n<\/div>\n\n\n\n<div class=\"wp-block-column is-layout-flow wp-block-column-is-layout-flow\">\n<figure class=\"wp-block-image size-full\"><img fetchpriority=\"high\" decoding=\"async\" width=\"1600\" height=\"1600\" src=\"https:\/\/jinhuaceramic.com\/wp-content\/uploads\/2025\/01\/Ceramic-Square-Small-Baking-Dish-Custom-Bakeware-Wholesale-8.webp\" alt=\"Ramequins carr\u00e9s grossiste, Petits moules \u00e0 p\u00e2tisserie en c\u00e9ramique en vrac-1\" class=\"wp-image-7630\" srcset=\"https:\/\/jinhuaceramic.com\/wp-content\/uploads\/2025\/01\/Ceramic-Square-Small-Baking-Dish-Custom-Bakeware-Wholesale-8.webp 1600w, https:\/\/jinhuaceramic.com\/wp-content\/uploads\/2025\/01\/Ceramic-Square-Small-Baking-Dish-Custom-Bakeware-Wholesale-8-300x300.webp 300w, https:\/\/jinhuaceramic.com\/wp-content\/uploads\/2025\/01\/Ceramic-Square-Small-Baking-Dish-Custom-Bakeware-Wholesale-8-150x150.webp 150w, https:\/\/jinhuaceramic.com\/wp-content\/uploads\/2025\/01\/Ceramic-Square-Small-Baking-Dish-Custom-Bakeware-Wholesale-8-768x768.webp 768w, https:\/\/jinhuaceramic.com\/wp-content\/uploads\/2025\/01\/Ceramic-Square-Small-Baking-Dish-Custom-Bakeware-Wholesale-8-12x12.webp 12w, https:\/\/jinhuaceramic.com\/wp-content\/uploads\/2025\/01\/Ceramic-Square-Small-Baking-Dish-Custom-Bakeware-Wholesale-8-285x285.webp 285w, https:\/\/jinhuaceramic.com\/wp-content\/uploads\/2025\/01\/Ceramic-Square-Small-Baking-Dish-Custom-Bakeware-Wholesale-8-270x270.webp 270w, https:\/\/jinhuaceramic.com\/wp-content\/uploads\/2025\/01\/Ceramic-Square-Small-Baking-Dish-Custom-Bakeware-Wholesale-8-540x540.webp 540w, https:\/\/jinhuaceramic.com\/wp-content\/uploads\/2025\/01\/Ceramic-Square-Small-Baking-Dish-Custom-Bakeware-Wholesale-8-660x660.webp 660w\" sizes=\"(max-width: 1600px) 100vw, 1600px\" \/><\/figure>\n<\/div>\n<\/div>","protected":false},"excerpt":{"rendered":"<p>Bienvenue sur le site de vente en gros de ramequins en c\u00e9ramique. Ces petits moules carr\u00e9s ne sont pas seulement d'un design minimaliste et \u00e9l\u00e9gant, mais pr\u00e9sentent \u00e9galement plusieurs avantages : ils sont r\u00e9sistants \u00e0 la chaleur, capables de conserver la temp\u00e9rature, sains et respectueux de l'environnement, polyvalents et durables. Ces avantages font de ce type de plat l'un des outils indispensables dans la cuisine.<\/p>","protected":false},"featured_media":7627,"comment_status":"closed","ping_status":"closed","template":"","meta":{"_acf_changed":false},"product_brand":[],"product_cat":[53],"product_tag":[69],"class_list":{"0":"post-7623","1":"product","2":"type-product","3":"status-publish","4":"has-post-thumbnail","6":"product_cat-bakeware-in-bulk","7":"product_tag-bulk-ramekins","9":"first","10":"instock","11":"shipping-taxable","12":"product-type-simple"},"acf":[],"_links":{"self":[{"href":"https:\/\/jinhuaceramic.com\/fr\/wp-json\/wp\/v2\/product\/7623","targetHints":{"allow":["GET"]}}],"collection":[{"href":"https:\/\/jinhuaceramic.com\/fr\/wp-json\/wp\/v2\/product"}],"about":[{"href":"https:\/\/jinhuaceramic.com\/fr\/wp-json\/wp\/v2\/types\/product"}],"replies":[{"embeddable":true,"href":"https:\/\/jinhuaceramic.com\/fr\/wp-json\/wp\/v2\/comments?post=7623"}],"version-history":[{"count":0,"href":"https:\/\/jinhuaceramic.com\/fr\/wp-json\/wp\/v2\/product\/7623\/revisions"}],"wp:featuredmedia":[{"embeddable":true,"href":"https:\/\/jinhuaceramic.com\/fr\/wp-json\/wp\/v2\/media\/7627"}],"wp:attachment":[{"href":"https:\/\/jinhuaceramic.com\/fr\/wp-json\/wp\/v2\/media?parent=7623"}],"wp:term":[{"taxonomy":"product_brand","embeddable":true,"href":"https:\/\/jinhuaceramic.com\/fr\/wp-json\/wp\/v2\/product_brand?post=7623"},{"taxonomy":"product_cat","embeddable":true,"href":"https:\/\/jinhuaceramic.com\/fr\/wp-json\/wp\/v2\/product_cat?post=7623"},{"taxonomy":"product_tag","embeddable":true,"href":"https:\/\/jinhuaceramic.com\/fr\/wp-json\/wp\/v2\/product_tag?post=7623"}],"curies":[{"name":"wp","href":"https:\/\/api.w.org\/{rel}","templated":true}]}}