{"id":7635,"date":"2025-01-09T04:03:42","date_gmt":"2025-01-09T04:03:42","guid":{"rendered":"https:\/\/jinhuaceramic.com\/?post_type=product&#038;p=7635"},"modified":"2025-01-09T04:03:44","modified_gmt":"2025-01-09T04:03:44","slug":"soap-dish-wholesale","status":"publish","type":"product","link":"https:\/\/jinhuaceramic.com\/fr\/product\/soap-dish-wholesale\/","title":{"rendered":"Porte-savon en c\u00e9ramique en gros, Porte-savon de salle de bain en vrac"},"content":{"rendered":"<div class=\"wp-block-columns is-layout-flex wp-container-core-columns-is-layout-9d6595d7 wp-block-columns-is-layout-flex\">\n<div class=\"wp-block-column is-layout-flow wp-block-column-is-layout-flow\">\n<h3 class=\"wp-block-heading\">Porte-savon de qualit\u00e9 sup\u00e9rieure Caract\u00e9ristiques en gros :<\/h3>\n\n\n\n<ul class=\"wp-block-list\">\n<li><strong>Forme ovale :<\/strong> Ces porte-savons en c\u00e9ramique sont de forme ovale avec des lignes douces, donnant une exp\u00e9rience visuelle douce et arrondie, et les bords sont pro\u00e9minents. Cette forme n'est pas seulement belle, elle permet aussi de mieux accueillir le savon et de le maintenir fermement en place.<\/li>\n\n\n\n<li><strong>Diverses couleurs :<\/strong> Ces porte-savons de qualit\u00e9 sup\u00e9rieure sont disponibles en gros dans des tons doux de beige, jaune p\u00e2le et blanc, ainsi que dans un blanc sp\u00e9cial avec des points noirs. Ces couleurs s'accordent avec n'importe quel d\u00e9cor de salle de bains et cr\u00e9ent une atmosph\u00e8re chaleureuse et naturelle.<\/li>\n\n\n\n<li><strong>Mat\u00e9riau de premi\u00e8re qualit\u00e9 :<\/strong> Ces mignons porte-savons en gros sont fabriqu\u00e9s en c\u00e9ramique de bonne qualit\u00e9, tr\u00e8s r\u00e9sistante et textur\u00e9e, avec une surface lisse et d\u00e9licate pour un nettoyage et un entretien faciles.<\/li>\n\n\n\n<li><strong>Conception d\u00e9taill\u00e9e :<\/strong> Ces porte-savons en c\u00e9ramique comportent 4 petits trous qui permettent d'\u00e9vacuer l'eau du savon \u00e0 temps, afin d'\u00e9viter que le savon ne ramollisse et ne fonde pendant une longue p\u00e9riode \u00e0 cause de l'eau, ce qui prolonge la dur\u00e9e de vie du savon.<\/li>\n<\/ul>\n<\/div>\n\n\n\n<div class=\"wp-block-column is-layout-flow wp-block-column-is-layout-flow\">\n<figure class=\"wp-block-image size-full\"><img fetchpriority=\"high\" decoding=\"async\" width=\"685\" height=\"644\" src=\"https:\/\/jinhuaceramic.com\/wp-content\/uploads\/2025\/01\/Wholesale-Ceramic-Soap-Dishes-Bulk-Soap-Holder-Custom.webp\" alt=\"Porte-savon mignon en c\u00e9ramique Wholesale, Porte-savon de salle de bain Bulk-7\" class=\"wp-image-7644\" srcset=\"https:\/\/jinhuaceramic.com\/wp-content\/uploads\/2025\/01\/Wholesale-Ceramic-Soap-Dishes-Bulk-Soap-Holder-Custom.webp 685w, https:\/\/jinhuaceramic.com\/wp-content\/uploads\/2025\/01\/Wholesale-Ceramic-Soap-Dishes-Bulk-Soap-Holder-Custom-300x282.webp 300w, https:\/\/jinhuaceramic.com\/wp-content\/uploads\/2025\/01\/Wholesale-Ceramic-Soap-Dishes-Bulk-Soap-Holder-Custom-13x12.webp 13w, https:\/\/jinhuaceramic.com\/wp-content\/uploads\/2025\/01\/Wholesale-Ceramic-Soap-Dishes-Bulk-Soap-Holder-Custom-285x268.webp 285w, https:\/\/jinhuaceramic.com\/wp-content\/uploads\/2025\/01\/Wholesale-Ceramic-Soap-Dishes-Bulk-Soap-Holder-Custom-660x620.webp 660w, https:\/\/jinhuaceramic.com\/wp-content\/uploads\/2025\/01\/Wholesale-Ceramic-Soap-Dishes-Bulk-Soap-Holder-Custom-150x141.webp 150w\" sizes=\"(max-width: 685px) 100vw, 685px\" \/><\/figure>\n<\/div>\n<\/div>","protected":false},"excerpt":{"rendered":"<p>Bienvenue sur notre site de vente en gros de porte-savon en c\u00e9ramique. Nos porte-savons en gros sont pratiques mais aussi d\u00e9coratifs gr\u00e2ce \u00e0 leurs formes distinctives, leurs teintes vari\u00e9es, leur design d\u00e9taill\u00e9 et les textures fines de leurs mat\u00e9riaux, ajoutant ainsi de l'\u00e9l\u00e9gance et de la gr\u00e2ce \u00e0 n'importe quelle salle de bain.<\/p>","protected":false},"featured_media":7636,"comment_status":"closed","ping_status":"closed","template":"","meta":{"_acf_changed":false},"product_brand":[],"product_cat":[51],"product_tag":[72],"class_list":{"0":"post-7635","1":"product","2":"type-product","3":"status-publish","4":"has-post-thumbnail","6":"product_cat-bathroom-accessories-wholesale","7":"product_tag-wholesale-soap-dishes","9":"first","10":"instock","11":"shipping-taxable","12":"product-type-simple"},"acf":[],"_links":{"self":[{"href":"https:\/\/jinhuaceramic.com\/fr\/wp-json\/wp\/v2\/product\/7635","targetHints":{"allow":["GET"]}}],"collection":[{"href":"https:\/\/jinhuaceramic.com\/fr\/wp-json\/wp\/v2\/product"}],"about":[{"href":"https:\/\/jinhuaceramic.com\/fr\/wp-json\/wp\/v2\/types\/product"}],"replies":[{"embeddable":true,"href":"https:\/\/jinhuaceramic.com\/fr\/wp-json\/wp\/v2\/comments?post=7635"}],"version-history":[{"count":0,"href":"https:\/\/jinhuaceramic.com\/fr\/wp-json\/wp\/v2\/product\/7635\/revisions"}],"wp:featuredmedia":[{"embeddable":true,"href":"https:\/\/jinhuaceramic.com\/fr\/wp-json\/wp\/v2\/media\/7636"}],"wp:attachment":[{"href":"https:\/\/jinhuaceramic.com\/fr\/wp-json\/wp\/v2\/media?parent=7635"}],"wp:term":[{"taxonomy":"product_brand","embeddable":true,"href":"https:\/\/jinhuaceramic.com\/fr\/wp-json\/wp\/v2\/product_brand?post=7635"},{"taxonomy":"product_cat","embeddable":true,"href":"https:\/\/jinhuaceramic.com\/fr\/wp-json\/wp\/v2\/product_cat?post=7635"},{"taxonomy":"product_tag","embeddable":true,"href":"https:\/\/jinhuaceramic.com\/fr\/wp-json\/wp\/v2\/product_tag?post=7635"}],"curies":[{"name":"wp","href":"https:\/\/api.w.org\/{rel}","templated":true}]}}