{"id":7647,"date":"2025-01-09T06:18:39","date_gmt":"2025-01-09T06:18:39","guid":{"rendered":"https:\/\/jinhuaceramic.com\/?post_type=product&#038;p=7647"},"modified":"2025-01-09T06:19:11","modified_gmt":"2025-01-09T06:19:11","slug":"custom-casserole-dishes","status":"publish","type":"product","link":"https:\/\/jinhuaceramic.com\/fr\/product\/custom-casserole-dishes\/","title":{"rendered":"Plats \u00e0 gratin ronds personnalis\u00e9s, plats de cuisson en c\u00e9ramique en vrac"},"content":{"rendered":"<div class=\"wp-block-columns is-layout-flex wp-container-core-columns-is-layout-9d6595d7 wp-block-columns-is-layout-flex\">\n<div class=\"wp-block-column is-layout-flow wp-block-column-is-layout-flow\">\n<h3 class=\"wp-block-heading\">Casseroles personnalis\u00e9es Premium Caract\u00e9ristiques :<\/h3>\n\n\n\n<ul class=\"wp-block-list\">\n<li><strong>Motif raffin\u00e9 : <\/strong>Ces plats \u00e0 gratin personnalis\u00e9s sont principalement de couleur verte, avec une paroi int\u00e9rieure blanc cass\u00e9 qui donne une impression de naturel et de fra\u00eecheur. Les motifs floraux blancs sur les parois ext\u00e9rieures et int\u00e9rieures des plats \u00e0 gratin sont tr\u00e8s artistiques.<\/li>\n\n\n\n<li><strong>D\u00e9coration des bords : <\/strong>Ces plats de cuisson en c\u00e9ramique sont orn\u00e9s d'un cercle de lignes d\u00e9coratives brunes sur les bords. Ces lignes sont en creux, ce qui renforce l'aspect tridimensionnel et stratifi\u00e9 des plats de cuisson et leur conf\u00e8re un aspect plus raffin\u00e9.<\/li>\n\n\n\n<li><strong>Poign\u00e9es pratiques : <\/strong>Ces plats \u00e0 gratin en c\u00e9ramique personnalis\u00e9s sont dot\u00e9s de poign\u00e9es marron des deux c\u00f4t\u00e9s pour une prise en main facile. Gr\u00e2ce \u00e0 cette conception, vous pouvez facilement enfourner et sortir le plat du four sans vous br\u00fbler les mains. Les poign\u00e9es marron s'harmonisent avec le corps vert, ce qui rend l'ensemble harmonieux et homog\u00e8ne.<\/li>\n\n\n\n<li><strong>Mat\u00e9riau c\u00e9ramique de haute qualit\u00e9 :<\/strong> Ce mat\u00e9riau c\u00e9ramique de haute qualit\u00e9 est utilis\u00e9 pour fabriquer des plats de cuisson en c\u00e9ramique haut de gamme. Ils offrent une bonne r\u00e9sistance \u00e0 la chaleur et une grande stabilit\u00e9 ; ils peuvent donc \u00eatre utilis\u00e9s pour cuire des aliments au four, comme des g\u00e2teaux, des pizzas, du riz, etc.<\/li>\n<\/ul>\n<\/div>\n\n\n\n<div class=\"wp-block-column is-layout-flow wp-block-column-is-layout-flow\">\n<figure class=\"wp-block-image size-full\"><img fetchpriority=\"high\" decoding=\"async\" width=\"1600\" height=\"1600\" src=\"https:\/\/jinhuaceramic.com\/wp-content\/uploads\/2025\/01\/Round-Custom-Casserole-Dish-Ceramic-Food-Service-Baking-Pans-Wholesale.webp\" alt=\"Plats \u00e0 gratin ronds personnalis\u00e9s, plats de cuisson en c\u00e9ramique en vrac-1\" class=\"wp-image-7653\" srcset=\"https:\/\/jinhuaceramic.com\/wp-content\/uploads\/2025\/01\/Round-Custom-Casserole-Dish-Ceramic-Food-Service-Baking-Pans-Wholesale.webp 1600w, https:\/\/jinhuaceramic.com\/wp-content\/uploads\/2025\/01\/Round-Custom-Casserole-Dish-Ceramic-Food-Service-Baking-Pans-Wholesale-300x300.webp 300w, https:\/\/jinhuaceramic.com\/wp-content\/uploads\/2025\/01\/Round-Custom-Casserole-Dish-Ceramic-Food-Service-Baking-Pans-Wholesale-150x150.webp 150w, https:\/\/jinhuaceramic.com\/wp-content\/uploads\/2025\/01\/Round-Custom-Casserole-Dish-Ceramic-Food-Service-Baking-Pans-Wholesale-768x768.webp 768w, https:\/\/jinhuaceramic.com\/wp-content\/uploads\/2025\/01\/Round-Custom-Casserole-Dish-Ceramic-Food-Service-Baking-Pans-Wholesale-12x12.webp 12w, https:\/\/jinhuaceramic.com\/wp-content\/uploads\/2025\/01\/Round-Custom-Casserole-Dish-Ceramic-Food-Service-Baking-Pans-Wholesale-285x285.webp 285w, https:\/\/jinhuaceramic.com\/wp-content\/uploads\/2025\/01\/Round-Custom-Casserole-Dish-Ceramic-Food-Service-Baking-Pans-Wholesale-270x270.webp 270w, https:\/\/jinhuaceramic.com\/wp-content\/uploads\/2025\/01\/Round-Custom-Casserole-Dish-Ceramic-Food-Service-Baking-Pans-Wholesale-540x540.webp 540w, https:\/\/jinhuaceramic.com\/wp-content\/uploads\/2025\/01\/Round-Custom-Casserole-Dish-Ceramic-Food-Service-Baking-Pans-Wholesale-660x660.webp 660w\" sizes=\"(max-width: 1600px) 100vw, 1600px\" \/><\/figure>\n<\/div>\n<\/div>","protected":false},"excerpt":{"rendered":"<p>Bienvenue pour acheter des plats de cuisson en c\u00e9ramique en vrac. Ces plats \u00e0 gratin personnalis\u00e9s sont disponibles en plusieurs couleurs, avec des motifs raffin\u00e9s, fabriqu\u00e9s \u00e0 partir de mati\u00e8res premi\u00e8res de haute qualit\u00e9 et \u00e9quip\u00e9s de poign\u00e9es pratiques : ils allient beaut\u00e9 et fonctionnalit\u00e9. Ces plats de cuisson en c\u00e9ramique r\u00e9pondent non seulement aux divers besoins culinaires, mais ils sont \u00e9galement agr\u00e9ables \u00e0 regarder et embellissent votre cuisine.<\/p>","protected":false},"featured_media":7652,"comment_status":"closed","ping_status":"closed","template":"","meta":{"_acf_changed":false},"product_brand":[],"product_cat":[53],"product_tag":[71],"class_list":{"0":"post-7647","1":"product","2":"type-product","3":"status-publish","4":"has-post-thumbnail","6":"product_cat-bakeware-in-bulk","7":"product_tag-wholesale-baking-pans","9":"first","10":"instock","11":"shipping-taxable","12":"product-type-simple"},"acf":[],"_links":{"self":[{"href":"https:\/\/jinhuaceramic.com\/fr\/wp-json\/wp\/v2\/product\/7647","targetHints":{"allow":["GET"]}}],"collection":[{"href":"https:\/\/jinhuaceramic.com\/fr\/wp-json\/wp\/v2\/product"}],"about":[{"href":"https:\/\/jinhuaceramic.com\/fr\/wp-json\/wp\/v2\/types\/product"}],"replies":[{"embeddable":true,"href":"https:\/\/jinhuaceramic.com\/fr\/wp-json\/wp\/v2\/comments?post=7647"}],"version-history":[{"count":0,"href":"https:\/\/jinhuaceramic.com\/fr\/wp-json\/wp\/v2\/product\/7647\/revisions"}],"wp:featuredmedia":[{"embeddable":true,"href":"https:\/\/jinhuaceramic.com\/fr\/wp-json\/wp\/v2\/media\/7652"}],"wp:attachment":[{"href":"https:\/\/jinhuaceramic.com\/fr\/wp-json\/wp\/v2\/media?parent=7647"}],"wp:term":[{"taxonomy":"product_brand","embeddable":true,"href":"https:\/\/jinhuaceramic.com\/fr\/wp-json\/wp\/v2\/product_brand?post=7647"},{"taxonomy":"product_cat","embeddable":true,"href":"https:\/\/jinhuaceramic.com\/fr\/wp-json\/wp\/v2\/product_cat?post=7647"},{"taxonomy":"product_tag","embeddable":true,"href":"https:\/\/jinhuaceramic.com\/fr\/wp-json\/wp\/v2\/product_tag?post=7647"}],"curies":[{"name":"wp","href":"https:\/\/api.w.org\/{rel}","templated":true}]}}