{"id":7672,"date":"2025-01-17T06:49:30","date_gmt":"2025-01-17T06:49:30","guid":{"rendered":"https:\/\/jinhuaceramic.com\/?post_type=product&#038;p=7672"},"modified":"2025-01-17T06:50:11","modified_gmt":"2025-01-17T06:50:11","slug":"wholesale-bathroom-vanity-sets","status":"publish","type":"product","link":"https:\/\/jinhuaceramic.com\/fr\/product\/wholesale-bathroom-vanity-sets\/","title":{"rendered":"Textured Wholesale Bathroom Vanity Sets, Ceramic Bath Accessories In Bulk"},"content":{"rendered":"<div class=\"wp-block-columns is-layout-flex wp-container-core-columns-is-layout-9d6595d7 wp-block-columns-is-layout-flex\">\n<div class=\"wp-block-column is-layout-flow wp-block-column-is-layout-flow\">\n<h3 class=\"wp-block-heading\">Premium Wholesale Bathroom Vanity Sets Caract\u00e9ristiques :<\/h3>\n\n\n\n<ul class=\"wp-block-list\">\n<li><strong>Forme unique :<\/strong> Ces meubles de salle de bains en c\u00e9ramique n'ont pas de formes r\u00e9guli\u00e8res traditionnelles, mais ont un aspect naturel et d\u00e9contract\u00e9. Les formes des flacons de savon, des porte-brosses \u00e0 dents et des porte-savons sont toutes irr\u00e9guli\u00e8res, avec de l\u00e9g\u00e8res mont\u00e9es et descentes, comme s'il s'agissait de formes rocheuses naturelles, ce qui donne aux gens un sentiment primitif de beaut\u00e9.<\/li>\n\n\n\n<li><strong>Texture de sculpture exquise :<\/strong> Les motifs floraux de ces accessoires de bain en c\u00e9ramique en vrac sont d\u00e9licatement sculpt\u00e9s et r\u00e9alistes. L'int\u00e9gration de ces \u00e9l\u00e9ments naturels fait que les accessoires de salle de bains ne sont plus monotones mais d\u00e9coratifs, rehaussant le style et le go\u00fbt de l'ensemble de la salle de bains.<\/li>\n\n\n\n<li><strong>Mat\u00e9riau durable : <\/strong>Ces meubles de salle de bains en gros sont fabriqu\u00e9s en c\u00e9ramique durable, con\u00e7ue pour r\u00e9sister \u00e0 l'usage quotidien et \u00e0 l'environnement humide d'une salle de bains, ce qui les rend moins susceptibles d'\u00eatre endommag\u00e9s et plus durables.<\/li>\n\n\n\n<li><strong>Ensemble complet : <\/strong>Ces accessoires de bain en c\u00e9ramique en vrac comprennent des articles de salle de bain courants tels que des flacons de savon \u00e0 main, des gobelets pour bain de bouche, des porte-brosses \u00e0 dents et des porte-savons, qui r\u00e9pondent \u00e0 des besoins de base tels que le lavage et la mise en place des articles de toilette.<\/li>\n<\/ul>\n<\/div>\n\n\n\n<div class=\"wp-block-column is-layout-flow wp-block-column-is-layout-flow\">\n<figure class=\"wp-block-image size-full\"><img fetchpriority=\"high\" decoding=\"async\" width=\"1600\" height=\"1600\" src=\"https:\/\/jinhuaceramic.com\/wp-content\/uploads\/2025\/01\/White-Wholesale-Bathroom-Sets-Custom-Made-Bathroom-Accessories-3.webp\" alt=\"Textured Wholesale Bathroom Vanity Sets, Ceramic Bath Accessories In Bulk-1\" class=\"wp-image-7674\" srcset=\"https:\/\/jinhuaceramic.com\/wp-content\/uploads\/2025\/01\/White-Wholesale-Bathroom-Sets-Custom-Made-Bathroom-Accessories-3.webp 1600w, https:\/\/jinhuaceramic.com\/wp-content\/uploads\/2025\/01\/White-Wholesale-Bathroom-Sets-Custom-Made-Bathroom-Accessories-3-300x300.webp 300w, https:\/\/jinhuaceramic.com\/wp-content\/uploads\/2025\/01\/White-Wholesale-Bathroom-Sets-Custom-Made-Bathroom-Accessories-3-150x150.webp 150w, https:\/\/jinhuaceramic.com\/wp-content\/uploads\/2025\/01\/White-Wholesale-Bathroom-Sets-Custom-Made-Bathroom-Accessories-3-768x768.webp 768w, https:\/\/jinhuaceramic.com\/wp-content\/uploads\/2025\/01\/White-Wholesale-Bathroom-Sets-Custom-Made-Bathroom-Accessories-3-12x12.webp 12w, https:\/\/jinhuaceramic.com\/wp-content\/uploads\/2025\/01\/White-Wholesale-Bathroom-Sets-Custom-Made-Bathroom-Accessories-3-285x285.webp 285w, https:\/\/jinhuaceramic.com\/wp-content\/uploads\/2025\/01\/White-Wholesale-Bathroom-Sets-Custom-Made-Bathroom-Accessories-3-270x270.webp 270w, https:\/\/jinhuaceramic.com\/wp-content\/uploads\/2025\/01\/White-Wholesale-Bathroom-Sets-Custom-Made-Bathroom-Accessories-3-540x540.webp 540w, https:\/\/jinhuaceramic.com\/wp-content\/uploads\/2025\/01\/White-Wholesale-Bathroom-Sets-Custom-Made-Bathroom-Accessories-3-660x660.webp 660w\" sizes=\"(max-width: 1600px) 100vw, 1600px\" \/><\/figure>\n<\/div>\n<\/div>\n\n\n\n<p><\/p>","protected":false},"excerpt":{"rendered":"<p>Bienvenue sur le site d'achat en gros d'ensembles de vanit\u00e9 de salle de bain. Ces accessoires de bain en c\u00e9ramique blanche en vrac combinent parfaitement l'aspect pratique et artistique gr\u00e2ce \u00e0 des designs uniques en termes de mat\u00e9riaux, de couleurs, de formes, de textures et de d\u00e9tails, ajoutant un charme unique et une atmosph\u00e8re chaleureuse \u00e0 la salle de bain.<\/p>","protected":false},"featured_media":7678,"comment_status":"closed","ping_status":"closed","template":"","meta":{"_acf_changed":false},"product_brand":[],"product_cat":[51],"product_tag":[74],"class_list":{"0":"post-7672","1":"product","2":"type-product","3":"status-publish","4":"has-post-thumbnail","6":"product_cat-bathroom-accessories-wholesale","7":"product_tag-ceramic-bath-accessories-wholesale","9":"first","10":"instock","11":"shipping-taxable","12":"product-type-simple"},"acf":[],"_links":{"self":[{"href":"https:\/\/jinhuaceramic.com\/fr\/wp-json\/wp\/v2\/product\/7672","targetHints":{"allow":["GET"]}}],"collection":[{"href":"https:\/\/jinhuaceramic.com\/fr\/wp-json\/wp\/v2\/product"}],"about":[{"href":"https:\/\/jinhuaceramic.com\/fr\/wp-json\/wp\/v2\/types\/product"}],"replies":[{"embeddable":true,"href":"https:\/\/jinhuaceramic.com\/fr\/wp-json\/wp\/v2\/comments?post=7672"}],"version-history":[{"count":0,"href":"https:\/\/jinhuaceramic.com\/fr\/wp-json\/wp\/v2\/product\/7672\/revisions"}],"wp:featuredmedia":[{"embeddable":true,"href":"https:\/\/jinhuaceramic.com\/fr\/wp-json\/wp\/v2\/media\/7678"}],"wp:attachment":[{"href":"https:\/\/jinhuaceramic.com\/fr\/wp-json\/wp\/v2\/media?parent=7672"}],"wp:term":[{"taxonomy":"product_brand","embeddable":true,"href":"https:\/\/jinhuaceramic.com\/fr\/wp-json\/wp\/v2\/product_brand?post=7672"},{"taxonomy":"product_cat","embeddable":true,"href":"https:\/\/jinhuaceramic.com\/fr\/wp-json\/wp\/v2\/product_cat?post=7672"},{"taxonomy":"product_tag","embeddable":true,"href":"https:\/\/jinhuaceramic.com\/fr\/wp-json\/wp\/v2\/product_tag?post=7672"}],"curies":[{"name":"wp","href":"https:\/\/api.w.org\/{rel}","templated":true}]}}