{"id":7681,"date":"2025-01-17T06:41:07","date_gmt":"2025-01-17T06:41:07","guid":{"rendered":"https:\/\/jinhuaceramic.com\/?post_type=product&#038;p=7681"},"modified":"2025-01-17T06:41:08","modified_gmt":"2025-01-17T06:41:08","slug":"wholesale-ceramic-baking-pans","status":"publish","type":"product","link":"https:\/\/jinhuaceramic.com\/fr\/product\/wholesale-ceramic-baking-pans\/","title":{"rendered":"Plaques \u00e0 p\u00e2tisserie en c\u00e9ramique, Plaques \u00e0 p\u00e2tisserie blanches personnalis\u00e9es"},"content":{"rendered":"<div class=\"wp-block-columns is-layout-flex wp-container-core-columns-is-layout-9d6595d7 wp-block-columns-is-layout-flex\">\n<div class=\"wp-block-column is-layout-flow wp-block-column-is-layout-flow\">\n<h3 class=\"wp-block-heading\">Plaques de cuisson en c\u00e9ramique Premium Wholesale Caract\u00e9ristiques :<\/h3>\n\n\n\n<ul class=\"wp-block-list\">\n<li><strong>Design \u00e9l\u00e9gant : <\/strong>Ces moules \u00e0 p\u00e2tisserie en gros en c\u00e9ramique ont un design \u00e9l\u00e9gant et simple et sont blancs, ce qui donne une impression de fra\u00eecheur qui peut s'adapter \u00e0 divers environnements de cuisine et \u00e0 diverses mani\u00e8res de table. La texture ondul\u00e9e sur le c\u00f4t\u00e9 du plat de cuisson renforce la superposition et le sens tridimensionnel des plats de cuisson, ce qui les rend plus textur\u00e9s et artistiques.<\/li>\n\n\n\n<li><strong>C\u00e9ramique de haute qualit\u00e9 Mat\u00e9riau : <\/strong>Le mat\u00e9riau c\u00e9ramique de haute qualit\u00e9 de ces moules \u00e0 p\u00e2tisserie personnalis\u00e9s en c\u00e9ramique offre une bonne conductivit\u00e9 thermique et est non toxique et inoffensif.<\/li>\n\n\n\n<li><strong>Polyvalence :<\/strong> Ces moules \u00e0 p\u00e2tisserie en c\u00e9ramique sont disponibles en deux tailles, ce qui permet de r\u00e9pondre aux besoins quotidiens en mati\u00e8re de cuisson, en utilisant la famille en petites quantit\u00e9s pour la cuisson des l\u00e9gumes ou de la viande, par exemple. Dans le m\u00eame temps, ces articles permettront de contenir les ingr\u00e9dients n\u00e9cessaires \u00e0 la pr\u00e9paration des plats lors de certains rassemblements.<\/li>\n\n\n\n<li><strong>Facile \u00e0 nettoyer : <\/strong>La surface de ces moules \u00e0 p\u00e2tisserie personnalis\u00e9s en c\u00e9ramique est lisse et les taches de nourriture ne s'y accrochent pas facilement. Il est donc plus facile de les nettoyer qu'un moule en m\u00e9tal. Ils ne se rayent pas, ne se tachent pas et conservent un bel aspect longtemps apr\u00e8s leur utilisation.<\/li>\n<\/ul>\n<\/div>\n\n\n\n<div class=\"wp-block-column is-layout-flow wp-block-column-is-layout-flow\">\n<figure class=\"wp-block-image size-full\"><img fetchpriority=\"high\" decoding=\"async\" width=\"2400\" height=\"2400\" src=\"https:\/\/jinhuaceramic.com\/wp-content\/uploads\/2025\/01\/White-Ceramic-Custom-Baking-Dish-Kitchen-Bakeware-Wholesale-5.webp\" alt=\"Plaques \u00e0 p\u00e2tisserie en c\u00e9ramique, Plaques \u00e0 p\u00e2tisserie blanches personnalis\u00e9es-1\" class=\"wp-image-7685\" srcset=\"https:\/\/jinhuaceramic.com\/wp-content\/uploads\/2025\/01\/White-Ceramic-Custom-Baking-Dish-Kitchen-Bakeware-Wholesale-5.webp 2400w, https:\/\/jinhuaceramic.com\/wp-content\/uploads\/2025\/01\/White-Ceramic-Custom-Baking-Dish-Kitchen-Bakeware-Wholesale-5-300x300.webp 300w, https:\/\/jinhuaceramic.com\/wp-content\/uploads\/2025\/01\/White-Ceramic-Custom-Baking-Dish-Kitchen-Bakeware-Wholesale-5-150x150.webp 150w, https:\/\/jinhuaceramic.com\/wp-content\/uploads\/2025\/01\/White-Ceramic-Custom-Baking-Dish-Kitchen-Bakeware-Wholesale-5-768x768.webp 768w, https:\/\/jinhuaceramic.com\/wp-content\/uploads\/2025\/01\/White-Ceramic-Custom-Baking-Dish-Kitchen-Bakeware-Wholesale-5-12x12.webp 12w, https:\/\/jinhuaceramic.com\/wp-content\/uploads\/2025\/01\/White-Ceramic-Custom-Baking-Dish-Kitchen-Bakeware-Wholesale-5-285x285.webp 285w, https:\/\/jinhuaceramic.com\/wp-content\/uploads\/2025\/01\/White-Ceramic-Custom-Baking-Dish-Kitchen-Bakeware-Wholesale-5-1600x1600.webp 1600w, https:\/\/jinhuaceramic.com\/wp-content\/uploads\/2025\/01\/White-Ceramic-Custom-Baking-Dish-Kitchen-Bakeware-Wholesale-5-270x270.webp 270w, https:\/\/jinhuaceramic.com\/wp-content\/uploads\/2025\/01\/White-Ceramic-Custom-Baking-Dish-Kitchen-Bakeware-Wholesale-5-540x540.webp 540w, https:\/\/jinhuaceramic.com\/wp-content\/uploads\/2025\/01\/White-Ceramic-Custom-Baking-Dish-Kitchen-Bakeware-Wholesale-5-660x660.webp 660w\" sizes=\"(max-width: 2400px) 100vw, 2400px\" \/><\/figure>\n<\/div>\n<\/div>","protected":false},"excerpt":{"rendered":"<p>Nous vous invitons \u00e0 acheter en gros des moules \u00e0 p\u00e2tisserie en c\u00e9ramique. Nos moules \u00e0 p\u00e2tisserie personnalis\u00e9s en c\u00e9ramique sont magnifiques et polyvalents, de couleur blanche, avec des textures uniques. La double poign\u00e9e facilite la prise en main et \u00e9vite les br\u00fblures. Alliant esth\u00e9tique et praticit\u00e9, ces plats de cuisson sont devenus un \u00e9l\u00e9ment indispensable dans la cuisine.<\/p>","protected":false},"featured_media":7682,"comment_status":"closed","ping_status":"closed","template":"","meta":{"_acf_changed":false},"product_brand":[],"product_cat":[53],"product_tag":[71],"class_list":{"0":"post-7681","1":"product","2":"type-product","3":"status-publish","4":"has-post-thumbnail","6":"product_cat-bakeware-in-bulk","7":"product_tag-wholesale-baking-pans","9":"first","10":"instock","11":"shipping-taxable","12":"product-type-simple"},"acf":[],"_links":{"self":[{"href":"https:\/\/jinhuaceramic.com\/fr\/wp-json\/wp\/v2\/product\/7681","targetHints":{"allow":["GET"]}}],"collection":[{"href":"https:\/\/jinhuaceramic.com\/fr\/wp-json\/wp\/v2\/product"}],"about":[{"href":"https:\/\/jinhuaceramic.com\/fr\/wp-json\/wp\/v2\/types\/product"}],"replies":[{"embeddable":true,"href":"https:\/\/jinhuaceramic.com\/fr\/wp-json\/wp\/v2\/comments?post=7681"}],"version-history":[{"count":0,"href":"https:\/\/jinhuaceramic.com\/fr\/wp-json\/wp\/v2\/product\/7681\/revisions"}],"wp:featuredmedia":[{"embeddable":true,"href":"https:\/\/jinhuaceramic.com\/fr\/wp-json\/wp\/v2\/media\/7682"}],"wp:attachment":[{"href":"https:\/\/jinhuaceramic.com\/fr\/wp-json\/wp\/v2\/media?parent=7681"}],"wp:term":[{"taxonomy":"product_brand","embeddable":true,"href":"https:\/\/jinhuaceramic.com\/fr\/wp-json\/wp\/v2\/product_brand?post=7681"},{"taxonomy":"product_cat","embeddable":true,"href":"https:\/\/jinhuaceramic.com\/fr\/wp-json\/wp\/v2\/product_cat?post=7681"},{"taxonomy":"product_tag","embeddable":true,"href":"https:\/\/jinhuaceramic.com\/fr\/wp-json\/wp\/v2\/product_tag?post=7681"}],"curies":[{"name":"wp","href":"https:\/\/api.w.org\/{rel}","templated":true}]}}