{"id":7690,"date":"2025-01-17T06:32:58","date_gmt":"2025-01-17T06:32:58","guid":{"rendered":"https:\/\/jinhuaceramic.com\/?post_type=product&#038;p=7690"},"modified":"2025-01-17T06:33:00","modified_gmt":"2025-01-17T06:33:00","slug":"restaurant-tableware-wholesale","status":"publish","type":"product","link":"https:\/\/jinhuaceramic.com\/fr\/product\/restaurant-tableware-wholesale\/","title":{"rendered":"Vaisselle de restaurant bleue en gros, vaisselle \u00e0 gla\u00e7ure r\u00e9active en vrac"},"content":{"rendered":"<div class=\"wp-block-columns is-layout-flex wp-container-core-columns-is-layout-9d6595d7 wp-block-columns-is-layout-flex\">\n<div class=\"wp-block-column is-layout-flow wp-block-column-is-layout-flow\">\n<h3 class=\"wp-block-heading\">Premium Restaurant Tableware Wholesale Caract\u00e9ristiques :<\/h3>\n\n\n\n<ul class=\"wp-block-list\">\n<li><strong>Design \u00e9l\u00e9gant : <\/strong>Cette vaisselle de restaurant en c\u00e9ramique est d'un bleu profond, ajoutant une valeur haut de gamme et un raffinement aux yeux des gens. Ils sont suffisamment beaux pour ajouter un peu de raffinement et de beaut\u00e9 \u00e0 la table \u00e0 manger, quel que soit le style de la maison.<\/li>\n\n\n\n<li><strong>Transmutation au four : <\/strong>La surface de ces sets de vaisselle en vrac pr\u00e9sente diff\u00e9rentes nuances de bleu avec de riches couches, un effet visuel unique obtenu par la technologie de la transmutation au four. Ces textures compl\u00e8tent les couleurs pour donner \u00e0 ce service un aspect tout \u00e0 fait diff\u00e9rent des autres.<\/li>\n\n\n\n<li><strong>C\u00e9ramique de haute qualit\u00e9 Mat\u00e9riau : <\/strong>Cette vaisselle de restaurant en c\u00e9ramique de haute qualit\u00e9 poss\u00e8de une bonne duret\u00e9 et une bonne r\u00e9sistance \u00e0 l'usure, peut supporter les chocs et les frottements lors d'une utilisation quotidienne, n'est pas facile \u00e0 endommager et a une longue dur\u00e9e de vie.<\/li>\n\n\n\n<li><strong>Pratique : <\/strong>Cette vaisselle en c\u00e9ramique comprend des bols de 5,6 pouces, des assiettes de 8 pouces et des assiettes de 10,8 pouces. Les grandes assiettes peuvent contenir les plats principaux, les petites assiettes les accompagnements ou les snacks, et les bols les soupes, le riz, etc., pour r\u00e9pondre aux besoins diversifi\u00e9s des repas quotidiens.<\/li>\n<\/ul>\n<\/div>\n\n\n\n<div class=\"wp-block-column is-layout-flow wp-block-column-is-layout-flow\">\n<figure class=\"wp-block-image size-full\"><img fetchpriority=\"high\" decoding=\"async\" width=\"1500\" height=\"1500\" src=\"https:\/\/jinhuaceramic.com\/wp-content\/uploads\/2025\/01\/Blue-Wholesale-Tableware-Set-Dinnerware-Kitchenware-Supplies-Custom.webp\" alt=\"Vaisselle de restaurant bleue en gros, vaisselle en vrac \u00e0 gla\u00e7ure r\u00e9active-1\" class=\"wp-image-7697\" srcset=\"https:\/\/jinhuaceramic.com\/wp-content\/uploads\/2025\/01\/Blue-Wholesale-Tableware-Set-Dinnerware-Kitchenware-Supplies-Custom.webp 1500w, https:\/\/jinhuaceramic.com\/wp-content\/uploads\/2025\/01\/Blue-Wholesale-Tableware-Set-Dinnerware-Kitchenware-Supplies-Custom-300x300.webp 300w, https:\/\/jinhuaceramic.com\/wp-content\/uploads\/2025\/01\/Blue-Wholesale-Tableware-Set-Dinnerware-Kitchenware-Supplies-Custom-150x150.webp 150w, https:\/\/jinhuaceramic.com\/wp-content\/uploads\/2025\/01\/Blue-Wholesale-Tableware-Set-Dinnerware-Kitchenware-Supplies-Custom-768x768.webp 768w, https:\/\/jinhuaceramic.com\/wp-content\/uploads\/2025\/01\/Blue-Wholesale-Tableware-Set-Dinnerware-Kitchenware-Supplies-Custom-12x12.webp 12w, https:\/\/jinhuaceramic.com\/wp-content\/uploads\/2025\/01\/Blue-Wholesale-Tableware-Set-Dinnerware-Kitchenware-Supplies-Custom-285x285.webp 285w, https:\/\/jinhuaceramic.com\/wp-content\/uploads\/2025\/01\/Blue-Wholesale-Tableware-Set-Dinnerware-Kitchenware-Supplies-Custom-270x270.webp 270w, https:\/\/jinhuaceramic.com\/wp-content\/uploads\/2025\/01\/Blue-Wholesale-Tableware-Set-Dinnerware-Kitchenware-Supplies-Custom-540x540.webp 540w, https:\/\/jinhuaceramic.com\/wp-content\/uploads\/2025\/01\/Blue-Wholesale-Tableware-Set-Dinnerware-Kitchenware-Supplies-Custom-660x660.webp 660w\" sizes=\"(max-width: 1500px) 100vw, 1500px\" \/><\/figure>\n<\/div>\n<\/div>","protected":false},"excerpt":{"rendered":"<p>Bienvenue pour l'achat de vaisselle en gros. Notre vaisselle de restaurant en gros \u00e0 gla\u00e7ure r\u00e9active bleue a des textures bleues uniques et une belle apparence, combinant sens esth\u00e9tique et pratique. Le mat\u00e9riau c\u00e9ramique de notre vaisselle en gros est non toxique, inoffensif, r\u00e9sistant aux temp\u00e9ratures \u00e9lev\u00e9es et s\u00fbr \u00e0 utiliser.<\/p>","protected":false},"featured_media":7693,"comment_status":"closed","ping_status":"closed","template":"","meta":{"_acf_changed":false},"product_brand":[],"product_cat":[83,54],"product_tag":[],"class_list":{"0":"post-7690","1":"product","2":"type-product","3":"status-publish","4":"has-post-thumbnail","6":"product_cat-wholesale-dinnerware-sets","7":"product_cat-tableware-wholesale","9":"first","10":"instock","11":"shipping-taxable","12":"product-type-simple"},"acf":[],"_links":{"self":[{"href":"https:\/\/jinhuaceramic.com\/fr\/wp-json\/wp\/v2\/product\/7690","targetHints":{"allow":["GET"]}}],"collection":[{"href":"https:\/\/jinhuaceramic.com\/fr\/wp-json\/wp\/v2\/product"}],"about":[{"href":"https:\/\/jinhuaceramic.com\/fr\/wp-json\/wp\/v2\/types\/product"}],"replies":[{"embeddable":true,"href":"https:\/\/jinhuaceramic.com\/fr\/wp-json\/wp\/v2\/comments?post=7690"}],"version-history":[{"count":0,"href":"https:\/\/jinhuaceramic.com\/fr\/wp-json\/wp\/v2\/product\/7690\/revisions"}],"wp:featuredmedia":[{"embeddable":true,"href":"https:\/\/jinhuaceramic.com\/fr\/wp-json\/wp\/v2\/media\/7693"}],"wp:attachment":[{"href":"https:\/\/jinhuaceramic.com\/fr\/wp-json\/wp\/v2\/media?parent=7690"}],"wp:term":[{"taxonomy":"product_brand","embeddable":true,"href":"https:\/\/jinhuaceramic.com\/fr\/wp-json\/wp\/v2\/product_brand?post=7690"},{"taxonomy":"product_cat","embeddable":true,"href":"https:\/\/jinhuaceramic.com\/fr\/wp-json\/wp\/v2\/product_cat?post=7690"},{"taxonomy":"product_tag","embeddable":true,"href":"https:\/\/jinhuaceramic.com\/fr\/wp-json\/wp\/v2\/product_tag?post=7690"}],"curies":[{"name":"wp","href":"https:\/\/api.w.org\/{rel}","templated":true}]}}