{"id":7714,"date":"2025-01-17T06:23:16","date_gmt":"2025-01-17T06:23:16","guid":{"rendered":"https:\/\/jinhuaceramic.com\/?post_type=product&#038;p=7714"},"modified":"2025-01-17T06:23:20","modified_gmt":"2025-01-17T06:23:20","slug":"dinner-set-wholesale","status":"publish","type":"product","link":"https:\/\/jinhuaceramic.com\/fr\/product\/dinner-set-wholesale\/","title":{"rendered":"Exquisite Dinner Set Wholesale, Luxury Restaurant Dishware Wholesale"},"content":{"rendered":"<div class=\"wp-block-columns is-layout-flex wp-container-core-columns-is-layout-9d6595d7 wp-block-columns-is-layout-flex\">\n<div class=\"wp-block-column is-layout-flow wp-block-column-is-layout-flow\">\n<h3 class=\"wp-block-heading\">Premium Dinner Set Wholesale Caract\u00e9ristiques :<\/h3>\n\n\n\n<ul class=\"wp-block-list\">\n<li><strong>D\u00e9coration de la texture des bords : <\/strong>Les bords de ce service de table en gros pr\u00e9sentent une texture en spirale unique, qui donne visuellement une impression de flux, comme les ondulations caus\u00e9es par une brise soufflant sur l'eau, ce qui ajoute \u00e0 la beaut\u00e9 dynamique et \u00e0 l'atmosph\u00e8re artistique de la vaisselle.<\/li>\n\n\n\n<li><strong>Correspondance des couleurs : <\/strong>La couleur g\u00e9n\u00e9rale de cette vaisselle de restaurant en gros est principalement blanc cass\u00e9, ce qui donne aux gens une impression de chaleur et de douceur. La d\u00e9coration dor\u00e9e sur le bord souligne le luxe et la d\u00e9licatesse de la vaisselle sans \u00eatre trop voyante, r\u00e9v\u00e9lant simplement le temp\u00e9rament \u00e9l\u00e9gant.<\/li>\n\n\n\n<li><strong>Mat\u00e9riau de premi\u00e8re qualit\u00e9 : <\/strong>Notre service de table en gros est fabriqu\u00e9 dans un mat\u00e9riau de haute qualit\u00e9 qui r\u00e9siste aux temp\u00e9ratures \u00e9lev\u00e9es et peut \u00eatre utilis\u00e9 avec des appareils de cuisine tels que les fours \u00e0 micro-ondes, les fours et les lave-vaisselle. De plus, ce type de vaisselle garantit une excellente conservation de la chaleur.<\/li>\n\n\n\n<li><strong>Vari\u00e9t\u00e9 de tailles : <\/strong>Cette collection de vaisselle de restaurant en gros contient des assiettes et des bols de diff\u00e9rentes tailles pour r\u00e9pondre \u00e0 de multiples besoins. Les assiettes de grande taille sont destin\u00e9es aux plats principaux, les assiettes de taille moyenne aux salades ou aux en-cas, et les bols aux soupes, au riz, etc.<\/li>\n<\/ul>\n<\/div>\n\n\n\n<div class=\"wp-block-column is-layout-flow wp-block-column-is-layout-flow\">\n<figure class=\"wp-block-image size-full\"><img fetchpriority=\"high\" decoding=\"async\" width=\"1500\" height=\"1500\" src=\"https:\/\/jinhuaceramic.com\/wp-content\/uploads\/2025\/01\/Luxury-Wholesale-Tableware-Set-Custom-Ceramic-Plate-Bowl-Dinnerware-Set.webp\" alt=\"Service de table exquis Wholesale, vaisselle de restaurant de luxe Wholesale-1\" class=\"wp-image-7721\" srcset=\"https:\/\/jinhuaceramic.com\/wp-content\/uploads\/2025\/01\/Luxury-Wholesale-Tableware-Set-Custom-Ceramic-Plate-Bowl-Dinnerware-Set.webp 1500w, https:\/\/jinhuaceramic.com\/wp-content\/uploads\/2025\/01\/Luxury-Wholesale-Tableware-Set-Custom-Ceramic-Plate-Bowl-Dinnerware-Set-300x300.webp 300w, https:\/\/jinhuaceramic.com\/wp-content\/uploads\/2025\/01\/Luxury-Wholesale-Tableware-Set-Custom-Ceramic-Plate-Bowl-Dinnerware-Set-150x150.webp 150w, https:\/\/jinhuaceramic.com\/wp-content\/uploads\/2025\/01\/Luxury-Wholesale-Tableware-Set-Custom-Ceramic-Plate-Bowl-Dinnerware-Set-768x768.webp 768w, https:\/\/jinhuaceramic.com\/wp-content\/uploads\/2025\/01\/Luxury-Wholesale-Tableware-Set-Custom-Ceramic-Plate-Bowl-Dinnerware-Set-12x12.webp 12w, https:\/\/jinhuaceramic.com\/wp-content\/uploads\/2025\/01\/Luxury-Wholesale-Tableware-Set-Custom-Ceramic-Plate-Bowl-Dinnerware-Set-285x285.webp 285w, https:\/\/jinhuaceramic.com\/wp-content\/uploads\/2025\/01\/Luxury-Wholesale-Tableware-Set-Custom-Ceramic-Plate-Bowl-Dinnerware-Set-270x270.webp 270w, https:\/\/jinhuaceramic.com\/wp-content\/uploads\/2025\/01\/Luxury-Wholesale-Tableware-Set-Custom-Ceramic-Plate-Bowl-Dinnerware-Set-540x540.webp 540w, https:\/\/jinhuaceramic.com\/wp-content\/uploads\/2025\/01\/Luxury-Wholesale-Tableware-Set-Custom-Ceramic-Plate-Bowl-Dinnerware-Set-660x660.webp 660w\" sizes=\"(max-width: 1500px) 100vw, 1500px\" \/><\/figure>\n<\/div>\n<\/div>","protected":false},"excerpt":{"rendered":"<p>Bienvenue sur le site d'achat de vaisselle de restaurant en gros. Ce service de table en c\u00e9ramique en gros pr\u00e9sente un charme unique gr\u00e2ce \u00e0 des formes uniques, des couleurs harmonieuses, des mat\u00e9riaux c\u00e9ramiques de qualit\u00e9 sup\u00e9rieure et des consid\u00e9rations de conception pratique, ce qui peut apporter aux gens une sensation agr\u00e9able \u00e0 la fois en termes de beaut\u00e9 visuelle et d'exp\u00e9rience d'utilisation.<\/p>","protected":false},"featured_media":7716,"comment_status":"closed","ping_status":"closed","template":"","meta":{"_acf_changed":false},"product_brand":[],"product_cat":[83,54],"product_tag":[],"class_list":{"0":"post-7714","1":"product","2":"type-product","3":"status-publish","4":"has-post-thumbnail","6":"product_cat-wholesale-dinnerware-sets","7":"product_cat-tableware-wholesale","9":"first","10":"instock","11":"shipping-taxable","12":"product-type-simple"},"acf":[],"_links":{"self":[{"href":"https:\/\/jinhuaceramic.com\/fr\/wp-json\/wp\/v2\/product\/7714","targetHints":{"allow":["GET"]}}],"collection":[{"href":"https:\/\/jinhuaceramic.com\/fr\/wp-json\/wp\/v2\/product"}],"about":[{"href":"https:\/\/jinhuaceramic.com\/fr\/wp-json\/wp\/v2\/types\/product"}],"replies":[{"embeddable":true,"href":"https:\/\/jinhuaceramic.com\/fr\/wp-json\/wp\/v2\/comments?post=7714"}],"version-history":[{"count":0,"href":"https:\/\/jinhuaceramic.com\/fr\/wp-json\/wp\/v2\/product\/7714\/revisions"}],"wp:featuredmedia":[{"embeddable":true,"href":"https:\/\/jinhuaceramic.com\/fr\/wp-json\/wp\/v2\/media\/7716"}],"wp:attachment":[{"href":"https:\/\/jinhuaceramic.com\/fr\/wp-json\/wp\/v2\/media?parent=7714"}],"wp:term":[{"taxonomy":"product_brand","embeddable":true,"href":"https:\/\/jinhuaceramic.com\/fr\/wp-json\/wp\/v2\/product_brand?post=7714"},{"taxonomy":"product_cat","embeddable":true,"href":"https:\/\/jinhuaceramic.com\/fr\/wp-json\/wp\/v2\/product_cat?post=7714"},{"taxonomy":"product_tag","embeddable":true,"href":"https:\/\/jinhuaceramic.com\/fr\/wp-json\/wp\/v2\/product_tag?post=7714"}],"curies":[{"name":"wp","href":"https:\/\/api.w.org\/{rel}","templated":true}]}}