{"id":7738,"date":"2025-01-18T06:20:43","date_gmt":"2025-01-18T06:20:43","guid":{"rendered":"https:\/\/jinhuaceramic.com\/?post_type=product&#038;p=7738"},"modified":"2025-01-18T06:20:46","modified_gmt":"2025-01-18T06:20:46","slug":"wholesale-dinnerware-sets","status":"publish","type":"product","link":"https:\/\/jinhuaceramic.com\/fr\/product\/wholesale-dinnerware-sets\/","title":{"rendered":"Service de vaisselle en gros Gradient, assiettes et bols en vrac pour la restauration"},"content":{"rendered":"<div class=\"wp-block-columns is-layout-flex wp-container-core-columns-is-layout-9d6595d7 wp-block-columns-is-layout-flex\">\n<div class=\"wp-block-column is-layout-flow wp-block-column-is-layout-flow\">\n<h3 class=\"wp-block-heading\">Premium Wholesale Dinnerware Sets Caract\u00e9ristiques :<\/h3>\n\n\n\n<ul class=\"wp-block-list\">\n<li><strong>Couleur d\u00e9grad\u00e9e : <\/strong>La couleur de ces services de vaisselle en gros est un d\u00e9grad\u00e9 bleu-noir, passant naturellement du bleu fonc\u00e9 au noir, ce qui donne un effet visuel \u00e9l\u00e9gant et superpos\u00e9. Il s'agit non seulement d'une couleur \u00e0 la mode, mais aussi d'un produit unique et sp\u00e9cial, qui ajoute du charme \u00e0 votre table \u00e0 manger.<\/li>\n\n\n\n<li><strong>Mat\u00e9riau c\u00e9ramique de haute qualit\u00e9 : <\/strong>Les m\u00e9rites de ces assiettes et bols en vrac fabriqu\u00e9s en c\u00e9ramique de haute qualit\u00e9 sont de pr\u00e9server la r\u00e9sistance \u00e0 la chaleur et aux hautes temp\u00e9ratures, ce qui est durable, et ils ne s'usent pas si facilement. Ils peuvent \u00eatre utilis\u00e9s dans les fours, les micro-ondes, les friteuses, les r\u00e9frig\u00e9rateurs, les lave-vaisselle, etc.<\/li>\n\n\n\n<li><strong>Gla\u00e7age lisse : <\/strong>L'\u00e9mail \u00e0 la surface de ces services de vaisselle en gros est lisse et d\u00e9licat, avec une bonne brillance. Cela n'am\u00e9liore pas seulement la beaut\u00e9 de la vaisselle, mais rend \u00e9galement les taches difficiles \u00e0 garder et \u00e0 coller, ce qui facilite le nettoyage.<\/li>\n\n\n\n<li><strong>Pratique : <\/strong>Ces assiettes et bols en vrac sont disponibles en deux tailles pour r\u00e9pondre aux diff\u00e9rents besoins des repas. Les grandes assiettes peuvent \u00eatre utilis\u00e9es pour les plats principaux, les petites assiettes pour les entr\u00e9es, les snacks ou les salades, et les bols pour les soupes, les c\u00e9r\u00e9ales, le riz, etc.<\/li>\n<\/ul>\n<\/div>\n\n\n\n<div class=\"wp-block-column is-layout-flow wp-block-column-is-layout-flow\">\n<figure class=\"wp-block-image size-full\"><img fetchpriority=\"high\" decoding=\"async\" width=\"1500\" height=\"1500\" src=\"https:\/\/jinhuaceramic.com\/wp-content\/uploads\/2025\/01\/Gradient-Wholesale-Dinnerware-Set-Custom-Tableware-Ceramic-Plates-Bulk-7.webp\" alt=\"Service de vaisselle en gros Gradient, assiettes et bols en vrac pour la restauration - 2\" class=\"wp-image-7744\" srcset=\"https:\/\/jinhuaceramic.com\/wp-content\/uploads\/2025\/01\/Gradient-Wholesale-Dinnerware-Set-Custom-Tableware-Ceramic-Plates-Bulk-7.webp 1500w, https:\/\/jinhuaceramic.com\/wp-content\/uploads\/2025\/01\/Gradient-Wholesale-Dinnerware-Set-Custom-Tableware-Ceramic-Plates-Bulk-7-300x300.webp 300w, https:\/\/jinhuaceramic.com\/wp-content\/uploads\/2025\/01\/Gradient-Wholesale-Dinnerware-Set-Custom-Tableware-Ceramic-Plates-Bulk-7-150x150.webp 150w, https:\/\/jinhuaceramic.com\/wp-content\/uploads\/2025\/01\/Gradient-Wholesale-Dinnerware-Set-Custom-Tableware-Ceramic-Plates-Bulk-7-768x768.webp 768w, https:\/\/jinhuaceramic.com\/wp-content\/uploads\/2025\/01\/Gradient-Wholesale-Dinnerware-Set-Custom-Tableware-Ceramic-Plates-Bulk-7-12x12.webp 12w, https:\/\/jinhuaceramic.com\/wp-content\/uploads\/2025\/01\/Gradient-Wholesale-Dinnerware-Set-Custom-Tableware-Ceramic-Plates-Bulk-7-285x285.webp 285w, https:\/\/jinhuaceramic.com\/wp-content\/uploads\/2025\/01\/Gradient-Wholesale-Dinnerware-Set-Custom-Tableware-Ceramic-Plates-Bulk-7-270x270.webp 270w, https:\/\/jinhuaceramic.com\/wp-content\/uploads\/2025\/01\/Gradient-Wholesale-Dinnerware-Set-Custom-Tableware-Ceramic-Plates-Bulk-7-540x540.webp 540w, https:\/\/jinhuaceramic.com\/wp-content\/uploads\/2025\/01\/Gradient-Wholesale-Dinnerware-Set-Custom-Tableware-Ceramic-Plates-Bulk-7-660x660.webp 660w\" sizes=\"(max-width: 1500px) 100vw, 1500px\" \/><\/figure>\n<\/div>\n<\/div>","protected":false},"excerpt":{"rendered":"<p>Nous vous invitons \u00e0 acheter des assiettes et des bols en gros. Ces services de vaisselle en gros sont propos\u00e9s dans des couleurs d\u00e9grad\u00e9es modernes et \u00e0 la mode pour ajouter de la couleur \u00e0 votre table. Fabriqu\u00e9s \u00e0 partir de mat\u00e9riaux c\u00e9ramiques r\u00e9sistants, ces services de vaisselle au design exquis seront \u00e9tonnants non seulement en termes d'apparence, mais aussi de fonctionnalit\u00e9 pour am\u00e9liorer la qualit\u00e9 des repas et apporter plus de bonheur.<\/p>","protected":false},"featured_media":7742,"comment_status":"closed","ping_status":"closed","template":"","meta":{"_acf_changed":false},"product_brand":[],"product_cat":[83,54],"product_tag":[],"class_list":{"0":"post-7738","1":"product","2":"type-product","3":"status-publish","4":"has-post-thumbnail","6":"product_cat-wholesale-dinnerware-sets","7":"product_cat-tableware-wholesale","9":"first","10":"instock","11":"shipping-taxable","12":"product-type-simple"},"acf":[],"_links":{"self":[{"href":"https:\/\/jinhuaceramic.com\/fr\/wp-json\/wp\/v2\/product\/7738","targetHints":{"allow":["GET"]}}],"collection":[{"href":"https:\/\/jinhuaceramic.com\/fr\/wp-json\/wp\/v2\/product"}],"about":[{"href":"https:\/\/jinhuaceramic.com\/fr\/wp-json\/wp\/v2\/types\/product"}],"replies":[{"embeddable":true,"href":"https:\/\/jinhuaceramic.com\/fr\/wp-json\/wp\/v2\/comments?post=7738"}],"version-history":[{"count":0,"href":"https:\/\/jinhuaceramic.com\/fr\/wp-json\/wp\/v2\/product\/7738\/revisions"}],"wp:featuredmedia":[{"embeddable":true,"href":"https:\/\/jinhuaceramic.com\/fr\/wp-json\/wp\/v2\/media\/7742"}],"wp:attachment":[{"href":"https:\/\/jinhuaceramic.com\/fr\/wp-json\/wp\/v2\/media?parent=7738"}],"wp:term":[{"taxonomy":"product_brand","embeddable":true,"href":"https:\/\/jinhuaceramic.com\/fr\/wp-json\/wp\/v2\/product_brand?post=7738"},{"taxonomy":"product_cat","embeddable":true,"href":"https:\/\/jinhuaceramic.com\/fr\/wp-json\/wp\/v2\/product_cat?post=7738"},{"taxonomy":"product_tag","embeddable":true,"href":"https:\/\/jinhuaceramic.com\/fr\/wp-json\/wp\/v2\/product_tag?post=7738"}],"curies":[{"name":"wp","href":"https:\/\/api.w.org\/{rel}","templated":true}]}}