{"id":7751,"date":"2025-01-21T02:34:31","date_gmt":"2025-01-21T02:34:31","guid":{"rendered":"https:\/\/jinhuaceramic.com\/?post_type=product&#038;p=7751"},"modified":"2025-01-21T02:34:34","modified_gmt":"2025-01-21T02:34:34","slug":"bulk-dinnerware","status":"publish","type":"product","link":"https:\/\/jinhuaceramic.com\/fr\/product\/bulk-dinnerware\/","title":{"rendered":"Vaisselle en vrac haut de gamme, vaisselle de restaurant exquise, vente en gros"},"content":{"rendered":"<div class=\"wp-block-columns is-layout-flex wp-container-core-columns-is-layout-9d6595d7 wp-block-columns-is-layout-flex\">\n<div class=\"wp-block-column is-layout-flow wp-block-column-is-layout-flow\">\n<h3 class=\"wp-block-heading\">Vaisselle en vrac de qualit\u00e9 sup\u00e9rieure Caract\u00e9ristiques :<\/h3>\n\n\n\n<ul class=\"wp-block-list\">\n<li><strong>Design \u00e9l\u00e9gant : <\/strong>La plupart des articles de vaisselle en vrac sont de couleur vert frais et orn\u00e9s de motifs floraux blancs, ce qui donne une impression de l\u00e9g\u00e8ret\u00e9 et de naturel, ajoute une atmosph\u00e8re artistique \u00e0 la table \u00e0 manger et embellit et stylise l'environnement de la salle \u00e0 manger.<\/li>\n\n\n\n<li><strong>Non toxique et inoffensif : <\/strong>Ces vaisselles de restaurant de haute qualit\u00e9 sont fabriqu\u00e9es en argile c\u00e9ramique naturelle et trait\u00e9es \u00e0 une temp\u00e9rature tr\u00e8s \u00e9lev\u00e9e pendant la cuisson. Il n'y a aucun risque de fuite, ils sont inoffensifs pour la sant\u00e9 humaine et tous les types d'aliments chauds peuvent \u00eatre conserv\u00e9s \u00e0 l'int\u00e9rieur.<\/li>\n\n\n\n<li><strong>Durable :<\/strong> Cette vaisselle en c\u00e9ramique en vrac pr\u00e9sente une duret\u00e9 et une r\u00e9sistance \u00e9lev\u00e9es, n'est pas facile \u00e0 user et \u00e0 rayer, peut r\u00e9sister aux chocs et aux frottements lors d'une utilisation quotidienne et a une longue dur\u00e9e de vie.<\/li>\n\n\n\n<li><strong>Pratique : <\/strong>Cette vaisselle de restaurant en gros comprend des bols et deux tailles d'assiettes. Les grandes assiettes peuvent contenir plus de plats, ce qui est plus facile \u00e0 partager lors d'une r\u00e9union de famille ou d'un banquet ; les petites assiettes peuvent \u00eatre utilis\u00e9es pour des en-cas, des desserts ou des plats d'accompagnement ; les bols conviennent pour la soupe, les c\u00e9r\u00e9ales et le riz.<\/li>\n<\/ul>\n<\/div>\n\n\n\n<div class=\"wp-block-column is-layout-flow wp-block-column-is-layout-flow\">\n<figure class=\"wp-block-image size-full\"><img fetchpriority=\"high\" decoding=\"async\" width=\"1500\" height=\"1500\" src=\"https:\/\/jinhuaceramic.com\/wp-content\/uploads\/2025\/01\/High-End-Wholesale-Tableware-Set-Dinner-Services-Custom-Ceramic-Plates-4.webp\" alt=\"Vaisselle en vrac haut de gamme, vaisselle de restaurant exquise Wholesale-5\" class=\"wp-image-7754\" srcset=\"https:\/\/jinhuaceramic.com\/wp-content\/uploads\/2025\/01\/High-End-Wholesale-Tableware-Set-Dinner-Services-Custom-Ceramic-Plates-4.webp 1500w, https:\/\/jinhuaceramic.com\/wp-content\/uploads\/2025\/01\/High-End-Wholesale-Tableware-Set-Dinner-Services-Custom-Ceramic-Plates-4-300x300.webp 300w, https:\/\/jinhuaceramic.com\/wp-content\/uploads\/2025\/01\/High-End-Wholesale-Tableware-Set-Dinner-Services-Custom-Ceramic-Plates-4-150x150.webp 150w, https:\/\/jinhuaceramic.com\/wp-content\/uploads\/2025\/01\/High-End-Wholesale-Tableware-Set-Dinner-Services-Custom-Ceramic-Plates-4-768x768.webp 768w, https:\/\/jinhuaceramic.com\/wp-content\/uploads\/2025\/01\/High-End-Wholesale-Tableware-Set-Dinner-Services-Custom-Ceramic-Plates-4-12x12.webp 12w, https:\/\/jinhuaceramic.com\/wp-content\/uploads\/2025\/01\/High-End-Wholesale-Tableware-Set-Dinner-Services-Custom-Ceramic-Plates-4-285x285.webp 285w, https:\/\/jinhuaceramic.com\/wp-content\/uploads\/2025\/01\/High-End-Wholesale-Tableware-Set-Dinner-Services-Custom-Ceramic-Plates-4-270x270.webp 270w, https:\/\/jinhuaceramic.com\/wp-content\/uploads\/2025\/01\/High-End-Wholesale-Tableware-Set-Dinner-Services-Custom-Ceramic-Plates-4-540x540.webp 540w, https:\/\/jinhuaceramic.com\/wp-content\/uploads\/2025\/01\/High-End-Wholesale-Tableware-Set-Dinner-Services-Custom-Ceramic-Plates-4-660x660.webp 660w\" sizes=\"(max-width: 1500px) 100vw, 1500px\" \/><\/figure>\n<\/div>\n<\/div>\n\n\n\n<p><\/p>","protected":false},"excerpt":{"rendered":"<p>Nous vous invitons \u00e0 acheter de la vaisselle de restaurant en gros. Notre vaisselle en vrac a une couleur verte rafra\u00eechissante, des motifs floraux exquis et un mat\u00e9riau c\u00e9ramique durable, non toxique et inoffensif. La beaut\u00e9 et la praticit\u00e9 de cette vaisselle personnalis\u00e9e am\u00e9lioreront l'atmosph\u00e8re et la qualit\u00e9 des repas.<\/p>","protected":false},"featured_media":7756,"comment_status":"closed","ping_status":"closed","template":"","meta":{"_acf_changed":false},"product_brand":[],"product_cat":[83,54],"product_tag":[],"class_list":{"0":"post-7751","1":"product","2":"type-product","3":"status-publish","4":"has-post-thumbnail","6":"product_cat-wholesale-dinnerware-sets","7":"product_cat-tableware-wholesale","9":"first","10":"instock","11":"shipping-taxable","12":"product-type-simple"},"acf":[],"_links":{"self":[{"href":"https:\/\/jinhuaceramic.com\/fr\/wp-json\/wp\/v2\/product\/7751","targetHints":{"allow":["GET"]}}],"collection":[{"href":"https:\/\/jinhuaceramic.com\/fr\/wp-json\/wp\/v2\/product"}],"about":[{"href":"https:\/\/jinhuaceramic.com\/fr\/wp-json\/wp\/v2\/types\/product"}],"replies":[{"embeddable":true,"href":"https:\/\/jinhuaceramic.com\/fr\/wp-json\/wp\/v2\/comments?post=7751"}],"version-history":[{"count":0,"href":"https:\/\/jinhuaceramic.com\/fr\/wp-json\/wp\/v2\/product\/7751\/revisions"}],"wp:featuredmedia":[{"embeddable":true,"href":"https:\/\/jinhuaceramic.com\/fr\/wp-json\/wp\/v2\/media\/7756"}],"wp:attachment":[{"href":"https:\/\/jinhuaceramic.com\/fr\/wp-json\/wp\/v2\/media?parent=7751"}],"wp:term":[{"taxonomy":"product_brand","embeddable":true,"href":"https:\/\/jinhuaceramic.com\/fr\/wp-json\/wp\/v2\/product_brand?post=7751"},{"taxonomy":"product_cat","embeddable":true,"href":"https:\/\/jinhuaceramic.com\/fr\/wp-json\/wp\/v2\/product_cat?post=7751"},{"taxonomy":"product_tag","embeddable":true,"href":"https:\/\/jinhuaceramic.com\/fr\/wp-json\/wp\/v2\/product_tag?post=7751"}],"curies":[{"name":"wp","href":"https:\/\/api.w.org\/{rel}","templated":true}]}}