{"id":7762,"date":"2025-01-21T02:18:36","date_gmt":"2025-01-21T02:18:36","guid":{"rendered":"https:\/\/jinhuaceramic.com\/?post_type=product&#038;p=7762"},"modified":"2025-01-21T02:18:38","modified_gmt":"2025-01-21T02:18:38","slug":"customize-bathroom-sets","status":"publish","type":"product","link":"https:\/\/jinhuaceramic.com\/fr\/product\/customize-bathroom-sets\/","title":{"rendered":"Ensemble de salle de bain personnalis\u00e9 4 pi\u00e8ces, accessoires de bain en c\u00e9ramique en vrac"},"content":{"rendered":"<div class=\"wp-block-columns is-layout-flex wp-container-core-columns-is-layout-9d6595d7 wp-block-columns-is-layout-flex\">\n<div class=\"wp-block-column is-layout-flow wp-block-column-is-layout-flow\">\n<h3 class=\"wp-block-heading\">Premium Customize Bathroom Sets Features :<\/h3>\n\n\n\n<ul class=\"wp-block-list\">\n<li><strong>Design \u00e9l\u00e9gant :<\/strong> Ces ensembles de salle de bains personnalis\u00e9s sont blancs et pr\u00e9sentent une d\u00e9coration hexagonale sur la surface. Le design peut \u00eatre assorti \u00e0 toutes sortes de styles d\u00e9coratifs, que votre salle de bains soit de style minimaliste, nordique ou m\u00eame moderne. Cela peut ajouter \u00e0 la beaut\u00e9 et au luxe de toute la salle de bains.<\/li>\n\n\n\n<li><strong>Mat\u00e9riau c\u00e9ramique de haute qualit\u00e9 : <\/strong>Ces accessoires de bain en c\u00e9ramique en vrac sont fabriqu\u00e9s dans un mat\u00e9riau de haute qualit\u00e9 qui les rend suffisamment robustes et durables pour r\u00e9sister \u00e0 l'usure et aux dommages et leur conf\u00e9rer une plus longue dur\u00e9e de vie. En outre, la surface ext\u00e9rieure de la c\u00e9ramique est lisse et facile \u00e0 nettoyer.<\/li>\n\n\n\n<li><strong>Ensemble complet : <\/strong>Comprenant un distributeur de savon, un porte-brosse \u00e0 dents, un rince-bouche et un porte-savon, ces ensembles de salle de bains personnalis\u00e9s en c\u00e9ramique 4 pi\u00e8ces r\u00e9pondent aux besoins de rangement et de lavage de la salle de bains et permettent de garder la salle de bains bien rang\u00e9e.<\/li>\n\n\n\n<li><strong>Conception d\u00e9taill\u00e9e : <\/strong>Le distributeur de savon en gros a une grande ouverture pour faciliter le remplissage. En outre, la t\u00eate est de taille consid\u00e9rable et donc tr\u00e8s facile \u00e0 presser. En outre, le porte-savon en gros a des pieds sur\u00e9lev\u00e9s sur le fond pour \u00e9viter de tremper, ce qui peut augmenter la stabilit\u00e9, des bandes sur\u00e9lev\u00e9es au milieu du porte-savon sont capables d'augmenter la friction pour \u00e9viter le glissement du savon.<\/li>\n<\/ul>\n<\/div>\n\n\n\n<div class=\"wp-block-column is-layout-flow wp-block-column-is-layout-flow\">\n<figure class=\"wp-block-image size-full\"><img fetchpriority=\"high\" decoding=\"async\" width=\"1600\" height=\"1600\" src=\"https:\/\/jinhuaceramic.com\/wp-content\/uploads\/2025\/01\/4-Piece-Designer-Bathroom-Sets-Wholesale-Ceramic-Bathroom-Supplies-3.webp\" alt=\"4-Piece Customize Bathroom Sets, Ceramic Bath Accessories Bulk-1 (Ensemble de salle de bain personnalis\u00e9 4 pi\u00e8ces, accessoires de salle de bain en c\u00e9ramique)\" class=\"wp-image-7764\" srcset=\"https:\/\/jinhuaceramic.com\/wp-content\/uploads\/2025\/01\/4-Piece-Designer-Bathroom-Sets-Wholesale-Ceramic-Bathroom-Supplies-3.webp 1600w, https:\/\/jinhuaceramic.com\/wp-content\/uploads\/2025\/01\/4-Piece-Designer-Bathroom-Sets-Wholesale-Ceramic-Bathroom-Supplies-3-300x300.webp 300w, https:\/\/jinhuaceramic.com\/wp-content\/uploads\/2025\/01\/4-Piece-Designer-Bathroom-Sets-Wholesale-Ceramic-Bathroom-Supplies-3-150x150.webp 150w, https:\/\/jinhuaceramic.com\/wp-content\/uploads\/2025\/01\/4-Piece-Designer-Bathroom-Sets-Wholesale-Ceramic-Bathroom-Supplies-3-768x768.webp 768w, https:\/\/jinhuaceramic.com\/wp-content\/uploads\/2025\/01\/4-Piece-Designer-Bathroom-Sets-Wholesale-Ceramic-Bathroom-Supplies-3-12x12.webp 12w, https:\/\/jinhuaceramic.com\/wp-content\/uploads\/2025\/01\/4-Piece-Designer-Bathroom-Sets-Wholesale-Ceramic-Bathroom-Supplies-3-285x285.webp 285w, https:\/\/jinhuaceramic.com\/wp-content\/uploads\/2025\/01\/4-Piece-Designer-Bathroom-Sets-Wholesale-Ceramic-Bathroom-Supplies-3-270x270.webp 270w, https:\/\/jinhuaceramic.com\/wp-content\/uploads\/2025\/01\/4-Piece-Designer-Bathroom-Sets-Wholesale-Ceramic-Bathroom-Supplies-3-540x540.webp 540w, https:\/\/jinhuaceramic.com\/wp-content\/uploads\/2025\/01\/4-Piece-Designer-Bathroom-Sets-Wholesale-Ceramic-Bathroom-Supplies-3-660x660.webp 660w\" sizes=\"(max-width: 1600px) 100vw, 1600px\" \/><\/figure>\n<\/div>\n<\/div>\n\n\n\n<p><\/p>","protected":false},"excerpt":{"rendered":"<p>Nous vous invitons \u00e0 acheter des accessoires de bain en c\u00e9ramique en vrac. Ces ensembles de salle de bain personnalis\u00e9s en c\u00e9ramique sont tr\u00e8s attrayants, la couleur blanche est facile \u00e0 int\u00e9grer dans tous les styles de d\u00e9coration de salle de bain, montrant pleinement l'\u00e9l\u00e9gance et ajoutant de la beaut\u00e9 \u00e0 la salle de bain. Le mat\u00e9riau c\u00e9ramique, durable et propre, accorde une grande attention aux d\u00e9tails. \u00c9l\u00e9gant et pratique, chaque ensemble ajoute de l'ordre et de la prestance \u00e0 la salle de bains.<\/p>","protected":false},"featured_media":7768,"comment_status":"closed","ping_status":"closed","template":"","meta":{"_acf_changed":false},"product_brand":[],"product_cat":[51],"product_tag":[74],"class_list":{"0":"post-7762","1":"product","2":"type-product","3":"status-publish","4":"has-post-thumbnail","6":"product_cat-bathroom-accessories-wholesale","7":"product_tag-ceramic-bath-accessories-wholesale","9":"first","10":"instock","11":"shipping-taxable","12":"product-type-simple"},"acf":[],"_links":{"self":[{"href":"https:\/\/jinhuaceramic.com\/fr\/wp-json\/wp\/v2\/product\/7762","targetHints":{"allow":["GET"]}}],"collection":[{"href":"https:\/\/jinhuaceramic.com\/fr\/wp-json\/wp\/v2\/product"}],"about":[{"href":"https:\/\/jinhuaceramic.com\/fr\/wp-json\/wp\/v2\/types\/product"}],"replies":[{"embeddable":true,"href":"https:\/\/jinhuaceramic.com\/fr\/wp-json\/wp\/v2\/comments?post=7762"}],"version-history":[{"count":0,"href":"https:\/\/jinhuaceramic.com\/fr\/wp-json\/wp\/v2\/product\/7762\/revisions"}],"wp:featuredmedia":[{"embeddable":true,"href":"https:\/\/jinhuaceramic.com\/fr\/wp-json\/wp\/v2\/media\/7768"}],"wp:attachment":[{"href":"https:\/\/jinhuaceramic.com\/fr\/wp-json\/wp\/v2\/media?parent=7762"}],"wp:term":[{"taxonomy":"product_brand","embeddable":true,"href":"https:\/\/jinhuaceramic.com\/fr\/wp-json\/wp\/v2\/product_brand?post=7762"},{"taxonomy":"product_cat","embeddable":true,"href":"https:\/\/jinhuaceramic.com\/fr\/wp-json\/wp\/v2\/product_cat?post=7762"},{"taxonomy":"product_tag","embeddable":true,"href":"https:\/\/jinhuaceramic.com\/fr\/wp-json\/wp\/v2\/product_tag?post=7762"}],"curies":[{"name":"wp","href":"https:\/\/api.w.org\/{rel}","templated":true}]}}